{"id":25658,"date":"2023-07-17T15:12:03","date_gmt":"2023-07-17T18:12:03","guid":{"rendered":"https:\/\/www.casadainjecao.com.br\/loja\/?post_type=product&#038;p=25658"},"modified":"2023-07-17T15:13:47","modified_gmt":"2023-07-17T18:13:47","slug":"bucha-braco-oscilante-suspensao-fiat-fiorino-7674701","status":"publish","type":"product","link":"https:\/\/www.casadainjecao.com.br\/loja\/autopecas\/suspencao\/bucha\/bucha-braco-oscilante-suspensao-fiat-fiorino-7674701\/","title":{"rendered":"Bucha Bra\u00e7o Oscilante Suspens\u00e3o Fiat Fiorino &#8211; 76747"},"content":{"rendered":"<h1>Bucha Bra\u00e7o Oscilante Suspens\u00e3o<br \/>\nAplica\u00e7\u00e3o:<\/h1>\n<h1>Uno &#8211; 91\/96<br \/>\nUno Mille &#8211; 91\/13<br \/>\nElba &#8211; 91\/96<br \/>\nFiorino Pick Up &#8211; 91\/96<br \/>\nFurg\u00e3o &#8211; 91\/13<br \/>\nPr\u00eamio &#8211; 91\/94<\/h1>\n","protected":false},"excerpt":{"rendered":"<h2>Bucha Bra\u00e7o Oscilante Suspens\u00e3o Fiat Fiorino &#8211; 7674701<\/h2>\n","protected":false},"featured_media":25656,"template":"","meta":{"_seopress_robots_primary_cat":"none","_seopress_titles_title":"","_seopress_titles_desc":"","_seopress_robots_index":"","_joinchat":[]},"product_cat":[1118,1104],"product_tag":[281,1856,1857,279,214,1814],"berocket_brand":[383],"_links":{"self":[{"href":"https:\/\/www.casadainjecao.com.br\/loja\/wp-json\/wp\/v2\/product\/25658"}],"collection":[{"href":"https:\/\/www.casadainjecao.com.br\/loja\/wp-json\/wp\/v2\/product"}],"about":[{"href":"https:\/\/www.casadainjecao.com.br\/loja\/wp-json\/wp\/v2\/types\/product"}],"wp:featuredmedia":[{"embeddable":true,"href":"https:\/\/www.casadainjecao.com.br\/loja\/wp-json\/wp\/v2\/media\/25656"}],"wp:attachment":[{"href":"https:\/\/www.casadainjecao.com.br\/loja\/wp-json\/wp\/v2\/media?parent=25658"}],"wp:term":[{"taxonomy":"product_cat","embeddable":true,"href":"https:\/\/www.casadainjecao.com.br\/loja\/wp-json\/wp\/v2\/product_cat?post=25658"},{"taxonomy":"product_tag","embeddable":true,"href":"https:\/\/www.casadainjecao.com.br\/loja\/wp-json\/wp\/v2\/product_tag?post=25658"},{"taxonomy":"berocket_brand","embeddable":true,"href":"https:\/\/www.casadainjecao.com.br\/loja\/wp-json\/wp\/v2\/berocket_brand?post=25658"}],"curies":[{"name":"wp","href":"https:\/\/api.w.org\/{rel}","templated":true}]}}