{"id":25670,"date":"2023-07-18T10:57:04","date_gmt":"2023-07-18T13:57:04","guid":{"rendered":"https:\/\/www.casadainjecao.com.br\/loja\/?post_type=product&#038;p=25670"},"modified":"2026-03-30T15:57:11","modified_gmt":"2026-03-30T18:57:11","slug":"moldura-paralama-dianteiro-direito-fiat-uno-way-100176755","status":"publish","type":"product","link":"https:\/\/www.casadainjecao.com.br\/loja\/autopecas\/exterior\/moldura-lateral\/moldura-paralama-dianteiro-direito-fiat-uno-way-100176755\/","title":{"rendered":"Moldura Paralama Dianteiro Direito Fiat Uno Way &#8211; 1001"},"content":{"rendered":"<h1>Moldura Paralama Dianteiro Direito Original<\/h1>\n<h3>Cor: Cinza Escuro<\/h3>\n<h3>Material: Plastico<\/h3>\n<h3>Sem Presilhas \/ Grampos de Fixacao<\/h3>\n<h3>Fiat<\/h3>\n<h3>UNO WAY 1.3 MPI FIRE 8V BZ 2P\u00a0 &#8211; 2009 &#8211; 2011<\/h3>\n<h3>UNO WAY 1.3 MPI FIRE 8V BZ 4P &#8211; 2009 &#8211; 2013<\/h3>\n<h3>UNO WAY 1.3 MPI FIRE 8V BZ 4P &#8211; 2007 &#8211; 2008<\/h3>\n<h3>MILLE WAY ECONOMY 1.0 MPI FIRE 8V FLEX 2P &#8211; 2009 &#8211; 2013<\/h3>\n<h3>MILLE WAY ECONOMY 1.0 MPI FIRE 8V FLEX 4P &#8211; 2009 &#8211; 2013<\/h3>\n<h3>C\u00f3digo: &#8211; 100176755 \/ 100165925<\/h3>\n<p>Condi\u00e7\u00f5es:<\/p>\n<p>Produto Novo Original<br \/>\nGarantia:<br \/>\n3 Meses<\/p>\n<p>ATEN\u00c7\u00c3O: Antes de efetuar a compra verifique o c\u00f3digo da sua pe\u00e7a que est\u00e1 instalado no seu ve\u00edculo.<br \/>\nA Casa da Inje\u00e7\u00e3o SP oferece total garantia nos produtos comprados em nosso site.<br \/>\nCada item \u00e9 rigorosamente inspecionado \u00a0antes do envio<br \/>\nSe os itens estiverem danificados ou parcialmente defeituosos, entre em contato conosco.<br \/>\nProcure um profissional devidamente licenciado para a instala\u00e7\u00e3o e fa\u00e7a revis\u00f5es periodicamente.<br \/>\nA empresa n\u00e3o se responsabiliza por problemas oriundos da m\u00e1 instala\u00e7\u00e3o ou com a falta de cuidados<br \/>\nperi\u00f3dicos dos componentes.<br \/>\nSe houver qualquer defeito, ficamos a disposi\u00e7\u00e3o para a substitui\u00e7\u00e3o ou devolvemos seu dinheiro.<br \/>\nTem alguma d\u00favida?<br \/>\nEntre em contato que podemos ajudar!<br \/>\nConfira as informa\u00e7\u00f5es adicionais abaixo:<br \/>\nTodos os produtos anunciados est\u00e3o dispon\u00edveis em estoque e s\u00e3o enviados com extrema rapidez .<br \/>\nO frete pode ser simulado antes de efetuar a compra, basta clicar em \u201cver custos de envio\u201d.<br \/>\nVerifique o endere\u00e7o de entrega cadastrado e atualize caso necess\u00e1rio.<br \/>\nConfirme se a pe\u00e7a \u00e9 correta para o seu modelo de ve\u00edculo.<br \/>\nPara pe\u00e7as automotivas, recomendamos a instala\u00e7\u00e3o por um profissional especializado.<br \/>\nCaso possua outras d\u00favidas, entre em contato.<\/p>\n<p>&nbsp;<\/p>\n","protected":false},"excerpt":{"rendered":"<h2>Moldura Paralama Dianteiro Direito Fiat Uno Way &#8211; 100176755<\/h2>\n","protected":false},"featured_media":44916,"template":"","meta":{"_seopress_robots_primary_cat":"none","_seopress_titles_title":"","_seopress_titles_desc":"","_seopress_robots_index":"","_seopress_analysis_target_kw":"","_kad_blocks_custom_css":"","_kad_blocks_head_custom_js":"","_kad_blocks_body_custom_js":"","_kad_blocks_footer_custom_js":"","_kadence_starter_templates_imported_post":false,"_joinchat":[]},"product_brand":[],"product_cat":[23,2163,1858],"product_tag":[1859],"berocket_brand":[383],"class_list":{"0":"post-25670","1":"product","2":"type-product","3":"status-publish","4":"has-post-thumbnail","6":"product_cat-exterior","7":"product_cat-moldura-lateral","8":"product_cat-paralama","9":"product_tag-uno-way","10":"berocket_brand-fiat","11":"thunk-woo-product-list","12":"big-store-woo-hover-zoom","13":"open-single-product-tab-horizontal","14":"open-shadow-","15":"open-shadow-hover-","17":"first","18":"instock","19":"sale","20":"taxable","21":"shipping-taxable","22":"purchasable","23":"product-type-simple"},"taxonomy_info":{"product_cat":[{"value":23,"label":"Exterior"},{"value":2163,"label":"Moldura Lateral"},{"value":1858,"label":"Paralama"}],"product_tag":[{"value":1859,"label":"Uno Way"}],"berocket_brand":[{"value":383,"label":"Fiat"}]},"featured_image_src_large":["https:\/\/www.casadainjecao.com.br\/loja\/wp-content\/uploads\/2023\/07\/moldura-paralama-dianteiro-direito-uno-way-cinza-escuro-original-100176755-1.jpg",331,331,false],"author_info":[],"comment_info":"","_links":{"self":[{"href":"https:\/\/www.casadainjecao.com.br\/loja\/wp-json\/wp\/v2\/product\/25670","targetHints":{"allow":["GET"]}}],"collection":[{"href":"https:\/\/www.casadainjecao.com.br\/loja\/wp-json\/wp\/v2\/product"}],"about":[{"href":"https:\/\/www.casadainjecao.com.br\/loja\/wp-json\/wp\/v2\/types\/product"}],"wp:featuredmedia":[{"embeddable":true,"href":"https:\/\/www.casadainjecao.com.br\/loja\/wp-json\/wp\/v2\/media\/44916"}],"wp:attachment":[{"href":"https:\/\/www.casadainjecao.com.br\/loja\/wp-json\/wp\/v2\/media?parent=25670"}],"wp:term":[{"taxonomy":"product_brand","embeddable":true,"href":"https:\/\/www.casadainjecao.com.br\/loja\/wp-json\/wp\/v2\/product_brand?post=25670"},{"taxonomy":"product_cat","embeddable":true,"href":"https:\/\/www.casadainjecao.com.br\/loja\/wp-json\/wp\/v2\/product_cat?post=25670"},{"taxonomy":"product_tag","embeddable":true,"href":"https:\/\/www.casadainjecao.com.br\/loja\/wp-json\/wp\/v2\/product_tag?post=25670"},{"taxonomy":"berocket_brand","embeddable":true,"href":"https:\/\/www.casadainjecao.com.br\/loja\/wp-json\/wp\/v2\/berocket_brand?post=25670"}],"curies":[{"name":"wp","href":"https:\/\/api.w.org\/{rel}","templated":true}]}}