{"id":25931,"date":"2023-07-30T19:54:27","date_gmt":"2023-07-30T22:54:27","guid":{"rendered":"https:\/\/www.casadainjecao.com.br\/loja\/?post_type=product&#038;p=25931"},"modified":"2026-04-13T11:58:34","modified_gmt":"2026-04-13T14:58:34","slug":"sonda-lambda-audi-gol-parati-santana-mi-0258005660-2","status":"publish","type":"product","link":"https:\/\/www.casadainjecao.com.br\/loja\/autopecas\/injecao-eletronica\/sonda-lambda\/sonda-lambda-audi-gol-parati-santana-mi-0258005660-2\/","title":{"rendered":"Sonda Lambda Audi Gol Parati Santana Mi &#8211;  0258005660"},"content":{"rendered":"<h2>Sonda Lambda\/Sensor de Oxig\u00eanio<\/h2>\n<p>&nbsp;<\/p>\n<p>&nbsp;<\/p>\n<p>Aplica\u00e7\u00e3o:<br \/>\nGOL 1.6 &#8211; 1981 EM DIANTE<br \/>\nGOL 1.8\u00a0 &#8211; 1985\u00a0 1986 1987 1988 1989 1990 1991 1992 1993 1994 1995 1996 1997 1998 1999 2000 2001 2002 2003 2004 2005 2006 2007 2008 2009<br \/>\nGOL 2.0 &#8211; 1989 1990 1991 1992 1993 1994 1995 1996 1997 1998 1999 2000 2001 2002<br \/>\nGOL 1.0 &#8211; 1994 EM DIANTE<br \/>\nGOL 1.0 16V &#8211; 1998 1999 2000 2001 2002 2003 2004\u00a0 2005<br \/>\nGOL 1.0 8V &#8211; 1998 1999 2000 2001 2002 2003 2004 2005 2006 2007 2008 2009 2010 2011 2012 2013 2014<br \/>\nPARATI 1.6 &#8211; 1985 EM DIANTE<br \/>\nPARATI 1.8 &#8211; 1986 1987 1988 1989 1990 1991 1992 1993 1994 1995 1996 1997 1998 1999 2000 2001 2002 2003 2004 2005 2006 2007 2008 2009<br \/>\nPARATI 2.0 &#8211; 1996 1997 1998 1999 2000 2001 2002 2003 2004 2005<br \/>\nPARATI 1.0 16V &#8211; 1998 1999 2000 2001 2002 2003\u00a0 2004<br \/>\nSAVEIRO 1.6 &#8211; 1985 EM DIANTE<br \/>\nSAVEIRO 1.8 &#8211; 1989 1990 1991 1992 1993 1994 1995 1996 1997 1998 1999 2000 2001 2002 2003 2004 2005 2006 2007 2008 2009<br \/>\nSAVEIRO 2.0 &#8211; 1998 1999 2000 2001 2002 2003 2004 2005<br \/>\nSANTANA 1.8 2.0 8V &#8211; 1996 1997 1998 1999 2000 2001 2002 2003 2004 2005 2006<\/p>\n<p>Especifica\u00e7\u00f5es T\u00e9cnicas:<br \/>\n&#8211; Marca: Torken<br \/>\n&#8211; Condi\u00e7\u00e3o do item: Novo<br \/>\n&#8211; Modelo: SONDA LAMBDA PR\u00c9 E P\u00d3S CATALISADOR<br \/>\n&#8211; C\u00f3digo Referencia: &#8211; Esl2651 , 0258005660, 377906265b , OZA660EE27, MRMK2929, 711060<br \/>\n&#8211; 1 preto \/ 2 BRANCO \/ 1 cinza escuro<\/p>\n<p>&#8211; Comprimento do cabo 25 cm ,\u00a0 4 Pinos<\/p>\n<div class=\"thunk-single-product-summary-wrap\">\n<div class=\"summary entry-summary\">\n<div class=\"woocommerce-tabs wc-tabs-wrapper\">\n<div id=\"tab-description\" class=\"woocommerce-Tabs-panel woocommerce-Tabs-panel--description panel entry-content wc-tab\" role=\"tabpanel\" aria-labelledby=\"tab-title-description\">\n<div class=\"thunk-single-product-summary-wrap\">\n<div class=\"summary entry-summary\">\n<div class=\"woocommerce-tabs wc-tabs-wrapper\">\n<div id=\"tab-description\" class=\"woocommerce-Tabs-panel woocommerce-Tabs-panel--description panel entry-content wc-tab\" role=\"tabpanel\" aria-labelledby=\"tab-title-description\">\n<h4><strong>Garantia:<\/strong><\/h4>\n<p>3 Meses<strong>\u00a0<\/strong><\/p>\n<\/div>\n<\/div>\n<\/div>\n<\/div>\n<\/div>\n<\/div>\n<\/div>\n<\/div>\n<h3>ATEN\u00c7\u00c3O: Antes de efetuar a compra verifique o c\u00f3digo da sua pe\u00e7a que est\u00e1 instalado no seu ve\u00edculo.<\/h3>\n<p>A Casa da Inje\u00e7\u00e3o oferece total garantia nos produtos comprados em nosso site.<\/p>\n<ol>\n<li>Cada item \u00e9 rigorosamente testado antes do envio<\/li>\n<li>Se os itens estiverem danificados ou parcialmente defeituosos, entre em contato conosco.<\/li>\n<\/ol>\n<p>Se houver qualquer defeito, n\u00f3s lhe enviaremos uma substitui\u00e7\u00e3o ap\u00f3s receber o pacote ou devolvemos seu dinheiro.<\/p>\n<p>Leia nossa <a href=\"https:\/\/www.casadainjecao.com.br\/loja\/politica-de-devolucao\">pol\u00edtica de devolu\u00e7\u00e3o aqui<\/a><\/p>\n<p>\u2014\u2014\u2014\u2014\u2014\u2014\u2014\u2014\u2014\u2014\u2014\u2014\u2014\u2014\u2014\u2014\u2014\u2014\u2014\u2013<\/p>\n<p>Tem alguma d\u00favida?<\/p>\n<p>Entre em contato que podemos ajudar!<\/p>\n<p>Confira as informa\u00e7\u00f5es adicionais abaixo:<\/p>\n<ul>\n<li>Todos os nossos produtos s\u00e3o novos, semi-novos, originais e paralelos possuem garantia.<\/li>\n<li>Todos os produtos anunciados est\u00e3o dispon\u00edveis em estoque e s\u00e3o enviados com extrema rapidez.<\/li>\n<li>O frete pode ser simulado antes de efetuar a compra, basta clicar em \u201cver custos de envio\u201d.<\/li>\n<li>Verifique o endere\u00e7o de entrega cadastrado e atualize caso necess\u00e1rio.<\/li>\n<li>Confirme se a pe\u00e7a \u00e9 correta para o seu modelo de ve\u00edculo.<\/li>\n<li>Para pe\u00e7as automotivas, recomendamos a instala\u00e7\u00e3o por um profissional especializado.<\/li>\n<\/ul>\n<p>Caso possua outras d\u00favidas, entre em contato.<\/p>\n","protected":false},"excerpt":{"rendered":"<h2>Sonda Lambda Audi Gol Parati Santana Mi &#8211; 0258005660<\/h2>\n","protected":false},"featured_media":35068,"template":"","meta":{"_seopress_robots_primary_cat":"none","_seopress_titles_title":"","_seopress_titles_desc":"","_seopress_robots_index":"","_joinchat":[]},"product_cat":[21,270],"product_tag":[59,232,60],"berocket_brand":[378,396],"_links":{"self":[{"href":"https:\/\/www.casadainjecao.com.br\/loja\/wp-json\/wp\/v2\/product\/25931"}],"collection":[{"href":"https:\/\/www.casadainjecao.com.br\/loja\/wp-json\/wp\/v2\/product"}],"about":[{"href":"https:\/\/www.casadainjecao.com.br\/loja\/wp-json\/wp\/v2\/types\/product"}],"wp:featuredmedia":[{"embeddable":true,"href":"https:\/\/www.casadainjecao.com.br\/loja\/wp-json\/wp\/v2\/media\/35068"}],"wp:attachment":[{"href":"https:\/\/www.casadainjecao.com.br\/loja\/wp-json\/wp\/v2\/media?parent=25931"}],"wp:term":[{"taxonomy":"product_cat","embeddable":true,"href":"https:\/\/www.casadainjecao.com.br\/loja\/wp-json\/wp\/v2\/product_cat?post=25931"},{"taxonomy":"product_tag","embeddable":true,"href":"https:\/\/www.casadainjecao.com.br\/loja\/wp-json\/wp\/v2\/product_tag?post=25931"},{"taxonomy":"berocket_brand","embeddable":true,"href":"https:\/\/www.casadainjecao.com.br\/loja\/wp-json\/wp\/v2\/berocket_brand?post=25931"}],"curies":[{"name":"wp","href":"https:\/\/api.w.org\/{rel}","templated":true}]}}