{"id":25956,"date":"2023-08-01T15:55:27","date_gmt":"2023-08-01T18:55:27","guid":{"rendered":"https:\/\/www.casadainjecao.com.br\/loja\/?post_type=product&#038;p=25956"},"modified":"2025-09-07T13:42:01","modified_gmt":"2025-09-07T16:42:01","slug":"sensor-rotacao-renault-clio-8200746497","status":"publish","type":"product","link":"https:\/\/www.casadainjecao.com.br\/loja\/autopecas\/injecao-eletronica\/sensor-de-rotacao\/sensor-rotacao-renault-clio-8200746497\/","title":{"rendered":"Sensor Rota\u00e7\u00e3o Renault Clio &#8211; 8200746497"},"content":{"rendered":"<h1>Sensor Rota\u00e7\u00e3o Renault Clio &#8211; 8200746497<br \/>\nAplica\u00e7\u00e3o:<\/h1>\n<h1>Renault<\/h1>\n<h1>Scenic 1.6 16V de 2008 em Diante<br \/>\nMegane 1.6 16V de 2008 em Diante<br \/>\nSandero 1.6 16V de 2008 em Diante<br \/>\nLogan 1.6 16V de 2008 em Diante<br \/>\nDuster 1.6 16V de 2008 em Diante<br \/>\nFluence 1.6 16V de 2008 em Diante<br \/>\nSymbol 1.6 16V de 2008 em Diante<br \/>\nClio 1.6 16V de 2008 em Diante<\/h1>\n","protected":false},"excerpt":{"rendered":"<h2>Sensor Rota\u00e7\u00e3o Renault Clio &#8211; 8200746497<\/h2>\n","protected":false},"featured_media":25959,"template":"","meta":{"_seopress_robots_primary_cat":"none","_seopress_titles_title":"","_seopress_titles_desc":"","_seopress_robots_index":"","_joinchat":[]},"product_cat":[21,1322],"product_tag":[49,52,139,66,50,91,51,89],"berocket_brand":[394],"_links":{"self":[{"href":"https:\/\/www.casadainjecao.com.br\/loja\/wp-json\/wp\/v2\/product\/25956"}],"collection":[{"href":"https:\/\/www.casadainjecao.com.br\/loja\/wp-json\/wp\/v2\/product"}],"about":[{"href":"https:\/\/www.casadainjecao.com.br\/loja\/wp-json\/wp\/v2\/types\/product"}],"wp:featuredmedia":[{"embeddable":true,"href":"https:\/\/www.casadainjecao.com.br\/loja\/wp-json\/wp\/v2\/media\/25959"}],"wp:attachment":[{"href":"https:\/\/www.casadainjecao.com.br\/loja\/wp-json\/wp\/v2\/media?parent=25956"}],"wp:term":[{"taxonomy":"product_cat","embeddable":true,"href":"https:\/\/www.casadainjecao.com.br\/loja\/wp-json\/wp\/v2\/product_cat?post=25956"},{"taxonomy":"product_tag","embeddable":true,"href":"https:\/\/www.casadainjecao.com.br\/loja\/wp-json\/wp\/v2\/product_tag?post=25956"},{"taxonomy":"berocket_brand","embeddable":true,"href":"https:\/\/www.casadainjecao.com.br\/loja\/wp-json\/wp\/v2\/berocket_brand?post=25956"}],"curies":[{"name":"wp","href":"https:\/\/api.w.org\/{rel}","templated":true}]}}