{"id":25990,"date":"2023-08-03T16:14:59","date_gmt":"2023-08-03T19:14:59","guid":{"rendered":"https:\/\/www.casadainjecao.com.br\/loja\/?post_type=product&#038;p=25990"},"modified":"2026-04-14T17:31:55","modified_gmt":"2026-04-14T20:31:55","slug":"sonda-lambda-renault-clio-scenic-trafic-7700107433","status":"publish","type":"product","link":"https:\/\/www.casadainjecao.com.br\/loja\/autopecas\/injecao-eletronica\/sonda-lambda\/sonda-lambda-renault-clio-scenic-trafic-7700107433\/","title":{"rendered":"Sonda Lambda Renault Clio Scenic Logan &#8211; 7700107433"},"content":{"rendered":"<h2>Torken do Brasil Refer\u00eancia em qualidade e Confian\u00e7a em Pe\u00e7as Automotivas.<\/h2>\n<h2>Sonda Lambda (Pr\u00e9 e P\u00f3s-Catalisador) \/ Sensor de Oxig\u00eanio<\/h2>\n<p>Aplica\u00e7\u00e3o<\/p>\n<p>Motores:<\/p>\n<p>1.6 16V (K4M)<br \/>\n2.0 16V (F4R)<\/p>\n<p>Linha Renault:<\/p>\n<p>Duster \u2013 2010 2011 2012 2013 2014 2015 2016 2017 2018 2019 2020 2021<\/p>\n<p>Symbol \u2013 2008 2009 2010 2011 2012 2013<br \/>\nGrand Sc\u00e9nic \u2013 2006 2007 2008 2009<\/p>\n<p>Logan \u2013 2007 2008 2010 2011 2012 2013<\/p>\n<p>Twingo \u2013 1994 1995 1996 1997 1998 1999 2000<\/p>\n<p>Captur \u2013 2017 2018 2019 2020 2021<\/p>\n<p>Clio II \u2013 1998 1999 2000 2001 2002 2003 2004 2005 2006 2007 2008 2009 2010<\/p>\n<p>Laguna \/ Laguna II \u2013 2007 2008 2009 2010 2011 2012 2013 2014 2015<\/p>\n<p>C\u00f3digos de Refer\u00eancia:<\/p>\n<p>7700107433 \/ 0258006046 \/ OZA277-R2 \/ 7700107541 \/ 7700107561 \/ 7700108027 \/ 8200551743 \/ 711020<\/p>\n<p>Descri\u00e7\u00e3o do Produto:<br \/>\nProduto novo<br \/>\nMarca: Torken<br \/>\nModelo: Sonda Lambda Pr\u00e9 e P\u00f3s-Catalisador<br \/>\nConector com 4 fios: 2 brancos, 1 preto e 1 cinza<br \/>\nConte\u00fado da Embalagem:<\/p>\n<p>01 Sonda Lambda (Pr\u00e9 ou P\u00f3s-Catalisador, conforme aplica\u00e7\u00e3o)<\/p>\n<p>Especifica\u00e7\u00f5es:<br \/>\nPosi\u00e7\u00e3o: Pr\u00e9 e P\u00f3s-Catalisador<br \/>\nComprimento do cabo: 49 cm<br \/>\nConector: 4 pinos<br \/>\nSistema com 4 fios<br \/>\n2 brancos<br \/>\n1 preto<br \/>\n1 cinza<\/p>\n<p>Garantia:<br \/>\n3 meses<\/p>\n<p>Importante:<\/p>\n<h3>Antes de efetuar a compra, verifique se o c\u00f3digo da pe\u00e7a \u00e9 compat\u00edvel com a pe\u00e7a instalada em seu ve\u00edculo.<\/h3>\n<h5>A Casa da Inje\u00e7\u00e3o oferece total garantia nos produtos comprados em nosso site.<\/h5>\n<ol>\n<li>\n<h5>Cada item \u00e9 rigorosamente testado antes do envio<\/h5>\n<\/li>\n<li>\n<h5>Se os itens estiverem danificados ou parcialmente defeituosos, entre em contato conosco.<\/h5>\n<\/li>\n<\/ol>\n<h5>Se houver qualquer defeito, n\u00f3s lhe enviaremos uma substitui\u00e7\u00e3o ap\u00f3s receber o pacote ou devolvemos seu dinheiro.<\/h5>\n<h5>Leia nossa<span style=\"color: #ff0000;\">\u00a0<a style=\"color: #ff0000;\" href=\"https:\/\/www.casadainjecao.com.br\/loja\/politica-de-devolucao\">pol\u00edtica de devolu\u00e7\u00e3o aqui<\/a><\/span><\/h5>\n<h5>\u2014\u2014\u2014\u2014\u2014\u2014\u2014\u2014\u2014\u2014\u2014\u2014\u2014\u2014\u2014\u2014\u2014\u2014\u2014\u2013<\/h5>\n<h5><strong>Tem alguma d\u00favida?<\/strong><\/h5>\n<h5>Entre em contato que podemos ajudar!<\/h5>\n<h5>Confira as informa\u00e7\u00f5es adicionais abaixo:<\/h5>\n<ul>\n<li>\n<h5>Todos os nossos produtos s\u00e3o novos, semi-novos, originais e paralelos possuem garantia.<\/h5>\n<\/li>\n<li>\n<h5>Todos os produtos anunciados est\u00e3o dispon\u00edveis em estoque e s\u00e3o enviados com extrema rapidez.<\/h5>\n<\/li>\n<li>\n<h5>O frete pode ser simulado antes de efetuar a compra, basta clicar em \u201cver custos de envio\u201d.<\/h5>\n<\/li>\n<li>\n<h5>Verifique o endere\u00e7o de entrega cadastrado e atualize caso necess\u00e1rio.<\/h5>\n<\/li>\n<li>\n<h5>Confirme se a pe\u00e7a \u00e9 correta para o seu modelo de ve\u00edculo.<\/h5>\n<\/li>\n<li>\n<h5>Para pe\u00e7as automotivas, recomendamos a instala\u00e7\u00e3o por um profissional especializado.<\/h5>\n<\/li>\n<\/ul>\n<h5>Caso possua outras d\u00favidas, entre em contato.<\/h5>\n","protected":false},"excerpt":{"rendered":"<h2>Sonda Lambda Renault Clio Scenic Logan &#8211; 7700107433<\/h2>\n<p>&nbsp;<\/p>\n","protected":false},"featured_media":44584,"template":"","meta":{"_seopress_robots_primary_cat":"none","_seopress_titles_title":"","_seopress_titles_desc":"","_seopress_robots_index":"","_joinchat":[]},"product_cat":[21,270,1104],"product_tag":[173,49,52,57,1886,128,66,50,91,1418,89,53],"berocket_brand":[392,394],"_links":{"self":[{"href":"https:\/\/www.casadainjecao.com.br\/loja\/wp-json\/wp\/v2\/product\/25990"}],"collection":[{"href":"https:\/\/www.casadainjecao.com.br\/loja\/wp-json\/wp\/v2\/product"}],"about":[{"href":"https:\/\/www.casadainjecao.com.br\/loja\/wp-json\/wp\/v2\/types\/product"}],"wp:featuredmedia":[{"embeddable":true,"href":"https:\/\/www.casadainjecao.com.br\/loja\/wp-json\/wp\/v2\/media\/44584"}],"wp:attachment":[{"href":"https:\/\/www.casadainjecao.com.br\/loja\/wp-json\/wp\/v2\/media?parent=25990"}],"wp:term":[{"taxonomy":"product_cat","embeddable":true,"href":"https:\/\/www.casadainjecao.com.br\/loja\/wp-json\/wp\/v2\/product_cat?post=25990"},{"taxonomy":"product_tag","embeddable":true,"href":"https:\/\/www.casadainjecao.com.br\/loja\/wp-json\/wp\/v2\/product_tag?post=25990"},{"taxonomy":"berocket_brand","embeddable":true,"href":"https:\/\/www.casadainjecao.com.br\/loja\/wp-json\/wp\/v2\/berocket_brand?post=25990"}],"curies":[{"name":"wp","href":"https:\/\/api.w.org\/{rel}","templated":true}]}}