{"id":25999,"date":"2023-08-03T17:36:13","date_gmt":"2023-08-03T20:36:13","guid":{"rendered":"https:\/\/www.casadainjecao.com.br\/loja\/?post_type=product&#038;p=25999"},"modified":"2026-04-13T22:51:47","modified_gmt":"2026-04-14T01:51:47","slug":"chave-de-seta-ford-ka-ecosport-com-limp-traseiro-1s6513335bb","status":"publish","type":"product","link":"https:\/\/www.casadainjecao.com.br\/loja\/autopecas\/eletrica\/chave-de-seta\/chave-de-seta-ford-ka-ecosport-com-limp-traseiro-1s6513335bb\/","title":{"rendered":"Chave Seta Ford Ka Fiesta C\/ Limpador Dianteiro\/Traseiro &#8"},"content":{"rendered":"<h1>Chave De Seta<\/h1>\n<h1>Ford<\/h1>\n<h1>Fiesta &#8211; 2001 at\u00e9 2014<\/h1>\n<h1>Ka &#8211; 2003 at\u00e9 2013<\/h1>\n<h1>Ecoesport &#8211; 2003 at\u00e9 2014<\/h1>\n<h1>Courrier &#8211; 2002 at\u00e9 2013<\/h1>\n<h1>Funcionalidade<br \/>\nAcionamento do Pisca Alerta.<br \/>\nAcionamento do Relampejo.<br \/>\nAcionamento do Farol (Alto e Baixo).<br \/>\nAcionamento do Pisca.<br \/>\nAcionamento do Limpador Dianteiro.<br \/>\nControle de Velocidade do Limpador Dianteiro.<br \/>\nAcionamento do Esguicho Dianteiro<br \/>\nCom Limpador Traseiro<\/h1>\n<h1>Com 11 pinos do lado esquerdo e mais 10 do lado direito<\/h1>\n<h1>C\u00f3digo &#8211; 1S6513335BB\/1S6513335BA\/1510530\/12108\/042104<\/h1>\n<h1>\/DITA60284\/DTC1158\/713001<\/h1>\n","protected":false},"excerpt":{"rendered":"<h2>Chave Seta Ford Ka Fiesta C\/ Limpador Dianteiro\/Traseiro &#8211; 1S6513335BB<\/h2>\n","protected":false},"featured_media":26005,"template":"","meta":{"_seopress_robots_primary_cat":"none","_seopress_titles_title":"","_seopress_titles_desc":"","_seopress_robots_index":"","_seopress_analysis_target_kw":"","_kad_blocks_custom_css":"","_kad_blocks_head_custom_js":"","_kad_blocks_body_custom_js":"","_kad_blocks_footer_custom_js":"","_kadence_starter_templates_imported_post":false,"_joinchat":[]},"product_brand":[],"product_cat":[130,17,1104],"product_tag":[1399,1860,276,429],"berocket_brand":[384],"class_list":{"0":"post-25999","1":"product","2":"type-product","3":"status-publish","4":"has-post-thumbnail","6":"product_cat-chave-de-seta","7":"product_cat-eletrica","8":"product_cat-suspencao","9":"product_tag-courrier","10":"product_tag-ecoesport","11":"product_tag-fiesta","12":"product_tag-ka","13":"berocket_brand-ford","14":"thunk-woo-product-list","15":"big-store-woo-hover-zoom","16":"open-single-product-tab-horizontal","17":"open-shadow-","18":"open-shadow-hover-","20":"first","21":"instock","22":"sale","23":"taxable","24":"shipping-taxable","25":"purchasable","26":"product-type-simple"},"taxonomy_info":{"product_cat":[{"value":130,"label":"Chave de Seta"},{"value":17,"label":"El\u00e9trica"},{"value":1104,"label":"Suspen\u00e7\u00e3o"}],"product_tag":[{"value":1399,"label":"Courrier"},{"value":1860,"label":"Ecoesport"},{"value":276,"label":"Fiesta"},{"value":429,"label":"K\u00e1"}],"berocket_brand":[{"value":384,"label":"Ford"}]},"featured_image_src_large":["https:\/\/www.casadainjecao.com.br\/loja\/wp-content\/uploads\/2023\/08\/1S6513335BB-3-900x266.jpg",640,189,true],"author_info":[],"comment_info":"","_links":{"self":[{"href":"https:\/\/www.casadainjecao.com.br\/loja\/wp-json\/wp\/v2\/product\/25999","targetHints":{"allow":["GET"]}}],"collection":[{"href":"https:\/\/www.casadainjecao.com.br\/loja\/wp-json\/wp\/v2\/product"}],"about":[{"href":"https:\/\/www.casadainjecao.com.br\/loja\/wp-json\/wp\/v2\/types\/product"}],"wp:featuredmedia":[{"embeddable":true,"href":"https:\/\/www.casadainjecao.com.br\/loja\/wp-json\/wp\/v2\/media\/26005"}],"wp:attachment":[{"href":"https:\/\/www.casadainjecao.com.br\/loja\/wp-json\/wp\/v2\/media?parent=25999"}],"wp:term":[{"taxonomy":"product_brand","embeddable":true,"href":"https:\/\/www.casadainjecao.com.br\/loja\/wp-json\/wp\/v2\/product_brand?post=25999"},{"taxonomy":"product_cat","embeddable":true,"href":"https:\/\/www.casadainjecao.com.br\/loja\/wp-json\/wp\/v2\/product_cat?post=25999"},{"taxonomy":"product_tag","embeddable":true,"href":"https:\/\/www.casadainjecao.com.br\/loja\/wp-json\/wp\/v2\/product_tag?post=25999"},{"taxonomy":"berocket_brand","embeddable":true,"href":"https:\/\/www.casadainjecao.com.br\/loja\/wp-json\/wp\/v2\/berocket_brand?post=25999"}],"curies":[{"name":"wp","href":"https:\/\/api.w.org\/{rel}","templated":true}]}}