{"id":26007,"date":"2023-08-03T18:27:24","date_gmt":"2023-08-03T21:27:24","guid":{"rendered":"https:\/\/www.casadainjecao.com.br\/loja\/?post_type=product&#038;p=26007"},"modified":"2026-05-02T16:48:58","modified_gmt":"2026-05-02T19:48:58","slug":"bobina-ignicao-hyundai-azera-3-0-v6-27301-3cea0","status":"publish","type":"product","link":"https:\/\/www.casadainjecao.com.br\/loja\/autopecas\/eletrica\/bobina-de-ignicao\/bobina-ignicao-hyundai-azera-3-0-v6-27301-3cea0\/","title":{"rendered":"Bobina Igni\u00e7\u00e3o  Azera 3.0 V6  &#8211; 27301-3CEA0"},"content":{"rendered":"<h1>Bobina de Igni\u00e7\u00e3o<\/h1>\n<h1>Aplica\u00e7\u00e3o:<\/h1>\n<h3 data-start=\"211\" data-end=\"237\">\u00a0Azera 3.0 V6<\/h3>\n<ul data-start=\"238\" data-end=\"291\">\n<li data-start=\"238\" data-end=\"246\">\n<p data-start=\"240\" data-end=\"246\">2012<\/p>\n<\/li>\n<li data-start=\"247\" data-end=\"255\">\n<p data-start=\"249\" data-end=\"255\">2013<\/p>\n<\/li>\n<li data-start=\"256\" data-end=\"264\">\n<p data-start=\"258\" data-end=\"264\">2014<\/p>\n<\/li>\n<li data-start=\"265\" data-end=\"273\">\n<p data-start=\"267\" data-end=\"273\">2015<\/p>\n<\/li>\n<li data-start=\"274\" data-end=\"282\">\n<p data-start=\"276\" data-end=\"282\">2016<\/p>\n<\/li>\n<li data-start=\"283\" data-end=\"291\">\n<p data-start=\"285\" data-end=\"291\">2017<\/p>\n<\/li>\n<\/ul>\n<p data-start=\"293\" data-end=\"338\">\ud83d\udccc Aplica\u00e7\u00e3o no motor <strong data-start=\"315\" data-end=\"337\">3.0 V6 (Lambda II)<\/strong>.<\/p>\n<h1>Conector: 2 Pinos<\/h1>\n<h2>Condi\u00e7\u00e3o do item: Novo<\/h2>\n<h1>C\u00f3digo:\u00a0 \u00a027301-3CEA0, 273013CEA0, ARB2206, GC4130, 7901090<\/h1>\n<p>&nbsp;<\/p>\n<h3>Marca: Torken<br \/>\ngarantia: 3 meses<\/h3>\n<h3>ATEN\u00c7\u00c3O: Antes de efetuar a compra verifique o c\u00f3digo da sua pe\u00e7a que est\u00e1 instalado no seu ve\u00edculo. e confirme se corresponde ao c\u00f3digo informado neste an\u00fancio.<br \/>\nEm caso de d\u00favida, utilize o campo de perguntas.<\/h3>\n<p>&nbsp;<\/p>\n<p>&nbsp;<\/p>\n<p>A Casa da Inje\u00e7\u00e3o oferece total garantia nos produtos comprados em nosso site.<br \/>\nCada item \u00e9 rigorosamente testado antes do envio<br \/>\nSe os itens estiverem danificados ou parcialmente defeituosos, entre em contato conosco.<br \/>\nProcure um profissional devidamente licenciado para a instala\u00e7\u00e3o e fa\u00e7a revis\u00f5es periodicamente. A empresa n\u00e3o se responsabiliza por problemas oriundos da m\u00e1 instala\u00e7\u00e3o ou com a falta de cuidados peri\u00f3dicos dos componentes.<br \/>\nSe houver qualquer defeito, n\u00f3s lhe enviaremos uma substitui\u00e7\u00e3o ap\u00f3s receber o pacote ou devolvemos seu dinheiro.<br \/>\nLeia nossa pol\u00edtica de devolu\u00e7\u00e3o aqui<br \/>\nTem alguma d\u00favida?<br \/>\nEntre em contato que podemos ajudar!<br \/>\nConfira as informa\u00e7\u00f5es adicionais abaixo:<br \/>\nTodos os nossos produtos s\u00e3o novos, semi-novos, originais e paralelos possuem garantia.<br \/>\nTodos os produtos anunciados est\u00e3o dispon\u00edveis em estoque e s\u00e3o enviados com extrema rapidez.<br \/>\nO frete pode ser simulado antes de efetuar a compra, basta clicar em \u201cver custos de envio\u201d.<br \/>\nVerifique o endere\u00e7o de entrega cadastrado e atualize caso necess\u00e1rio.<br \/>\nConfirme se a pe\u00e7a \u00e9 correta para o seu modelo de ve\u00edculo.<br \/>\nPara pe\u00e7as automotivas, recomendamos a instala\u00e7\u00e3o por um profissional especializado.<br \/>\nCaso possua outras d\u00favidas, entre em contato.<\/p>\n","protected":false},"excerpt":{"rendered":"<h2>Bobina Igni\u00e7\u00e3o\u00a0 Azera 3.0 V6 &#8211; 27301-3CEA0<\/h2>\n","protected":false},"featured_media":44181,"template":"","meta":{"_seopress_robots_primary_cat":"none","_seopress_titles_title":"","_seopress_titles_desc":"","_seopress_robots_index":"","_kad_blocks_custom_css":"","_kad_blocks_head_custom_js":"","_kad_blocks_body_custom_js":"","_kad_blocks_footer_custom_js":"","_joinchat":[]},"product_cat":[106,17],"product_tag":[288],"berocket_brand":[386],"taxonomy_info":{"product_cat":[{"value":106,"label":"Bobina de Igni\u00e7\u00e3o"},{"value":17,"label":"El\u00e9trica"}],"product_tag":[{"value":288,"label":"Azera"}],"berocket_brand":[{"value":386,"label":"Hyundai"}]},"featured_image_src_large":["https:\/\/www.casadainjecao.com.br\/loja\/wp-content\/uploads\/2023\/08\/27301-3CEA0-3-2-920x920.jpg",640,640,true],"author_info":[],"comment_info":"","_links":{"self":[{"href":"https:\/\/www.casadainjecao.com.br\/loja\/wp-json\/wp\/v2\/product\/26007"}],"collection":[{"href":"https:\/\/www.casadainjecao.com.br\/loja\/wp-json\/wp\/v2\/product"}],"about":[{"href":"https:\/\/www.casadainjecao.com.br\/loja\/wp-json\/wp\/v2\/types\/product"}],"wp:featuredmedia":[{"embeddable":true,"href":"https:\/\/www.casadainjecao.com.br\/loja\/wp-json\/wp\/v2\/media\/44181"}],"wp:attachment":[{"href":"https:\/\/www.casadainjecao.com.br\/loja\/wp-json\/wp\/v2\/media?parent=26007"}],"wp:term":[{"taxonomy":"product_cat","embeddable":true,"href":"https:\/\/www.casadainjecao.com.br\/loja\/wp-json\/wp\/v2\/product_cat?post=26007"},{"taxonomy":"product_tag","embeddable":true,"href":"https:\/\/www.casadainjecao.com.br\/loja\/wp-json\/wp\/v2\/product_tag?post=26007"},{"taxonomy":"berocket_brand","embeddable":true,"href":"https:\/\/www.casadainjecao.com.br\/loja\/wp-json\/wp\/v2\/berocket_brand?post=26007"}],"curies":[{"name":"wp","href":"https:\/\/api.w.org\/{rel}","templated":true}]}}