{"id":26037,"date":"2023-08-08T15:16:41","date_gmt":"2023-08-08T18:16:41","guid":{"rendered":"https:\/\/www.casadainjecao.com.br\/loja\/?post_type=product&#038;p=26037"},"modified":"2026-04-03T16:50:16","modified_gmt":"2026-04-03T19:50:16","slug":"macaneta-interna-diant-esquerda-fiat-palio-siena-original-735419986","status":"publish","type":"product","link":"https:\/\/www.casadainjecao.com.br\/loja\/autopecas\/interior\/macaneta-interior\/macaneta-interna-diant-esquerda-fiat-palio-siena-original-735419986\/","title":{"rendered":"Ma\u00e7aneta Interna Dianteira LE Fiat Strada &#8211; 735419986"},"content":{"rendered":"<h2 aria-level=\"1\"><strong>Ma\u00e7aneta Interna Gatilho Dianteira Lado Esquerdo<\/strong><span data-ccp-props=\"{&quot;134233117&quot;:false,&quot;134233118&quot;:false,&quot;134245418&quot;:true,&quot;134245529&quot;:true,&quot;335551550&quot;:0,&quot;335551620&quot;:0,&quot;335557856&quot;:16777215,&quot;335559685&quot;:0,&quot;335559737&quot;:420,&quot;335559738&quot;:0,&quot;335559739&quot;:0}\">\u00a0<\/span><\/h2>\n<p><span data-ccp-props=\"{}\">Palio &#8211; 2004 at\u00e9 2017<br \/>\n<\/span><\/p>\n<p><span data-ccp-props=\"{}\">Palio Weekend &#8211; 2004 at\u00e9 2020<br \/>\n<\/span><\/p>\n<p><span data-ccp-props=\"{}\">Siena &#8211; 2004 at\u00e9 2013<br \/>\n<\/span><\/p>\n<p><span data-ccp-props=\"{}\">Strada &#8211; 2008 at\u00e9 2012<br \/>\n<\/span><\/p>\n<h4><span data-contrast=\"auto\">C\u00f3digo de Refer\u00eancia:<\/span><span data-ccp-props=\"{}\">\u00a0<\/span><\/h4>\n<p><span data-contrast=\"auto\">735419986<\/span><br \/>\n<span data-ccp-props=\"{}\">\u00a0<\/span><\/p>\n<h4><span data-contrast=\"auto\">Condi\u00e7\u00f5es:<\/span><span data-ccp-props=\"{}\">\u00a0<\/span><\/h4>\n<p><span data-contrast=\"auto\">Novo Original \/Marca Mopar Fiat<\/span><\/p>\n<h4><span data-contrast=\"auto\">Especifica\u00e7\u00f5es:<\/span><\/h4>\n<p><span data-contrast=\"auto\">1 Ma\u00e7aneta Interna Dianteira Lado Esquerdo (lado do motorista)<\/span><\/p>\n<h4><span data-contrast=\"auto\">Garantia:<\/span><span data-ccp-props=\"{&quot;134233117&quot;:false,&quot;134233118&quot;:false,&quot;335559738&quot;:240,&quot;335559739&quot;:240}\">\u00a0<\/span><\/h4>\n<p><span data-contrast=\"auto\">3 Meses<\/span><span data-ccp-props=\"{&quot;134233117&quot;:false,&quot;134233118&quot;:false,&quot;335559738&quot;:240,&quot;335559739&quot;:240}\">\u00a0<\/span><\/p>\n<h3 aria-level=\"3\"><span data-contrast=\"none\">ATEN\u00c7\u00c3O: Antes de efetuar a compra verifique o c\u00f3digo da pe\u00e7a que est\u00e1 instalada no seu ve\u00edculo.<\/span><span data-ccp-props=\"{&quot;134233117&quot;:false,&quot;134233118&quot;:false,&quot;134245418&quot;:true,&quot;134245529&quot;:true,&quot;335559738&quot;:281,&quot;335559739&quot;:281}\">\u00a0<\/span><\/h3>\n","protected":false},"excerpt":{"rendered":"<h2>Ma\u00e7aneta Interna Gatilho Dianteira L\/E Fiat Strada 735419986<\/h2>\n","protected":false},"featured_media":38228,"template":"","meta":{"_seopress_robots_primary_cat":"none","_seopress_titles_title":"","_seopress_titles_desc":"","_seopress_robots_index":"","_joinchat":[]},"product_cat":[24,1865],"product_tag":[119,120,121],"berocket_brand":[383],"_links":{"self":[{"href":"https:\/\/www.casadainjecao.com.br\/loja\/wp-json\/wp\/v2\/product\/26037"}],"collection":[{"href":"https:\/\/www.casadainjecao.com.br\/loja\/wp-json\/wp\/v2\/product"}],"about":[{"href":"https:\/\/www.casadainjecao.com.br\/loja\/wp-json\/wp\/v2\/types\/product"}],"wp:featuredmedia":[{"embeddable":true,"href":"https:\/\/www.casadainjecao.com.br\/loja\/wp-json\/wp\/v2\/media\/38228"}],"wp:attachment":[{"href":"https:\/\/www.casadainjecao.com.br\/loja\/wp-json\/wp\/v2\/media?parent=26037"}],"wp:term":[{"taxonomy":"product_cat","embeddable":true,"href":"https:\/\/www.casadainjecao.com.br\/loja\/wp-json\/wp\/v2\/product_cat?post=26037"},{"taxonomy":"product_tag","embeddable":true,"href":"https:\/\/www.casadainjecao.com.br\/loja\/wp-json\/wp\/v2\/product_tag?post=26037"},{"taxonomy":"berocket_brand","embeddable":true,"href":"https:\/\/www.casadainjecao.com.br\/loja\/wp-json\/wp\/v2\/berocket_brand?post=26037"}],"curies":[{"name":"wp","href":"https:\/\/api.w.org\/{rel}","templated":true}]}}