{"id":26073,"date":"2023-08-08T19:32:27","date_gmt":"2023-08-08T22:32:27","guid":{"rendered":"https:\/\/www.casadainjecao.com.br\/loja\/?post_type=product&#038;p=26073"},"modified":"2026-02-23T09:42:09","modified_gmt":"2026-02-23T12:42:09","slug":"cano-tubo-agua-fiat-uno-palio-fiorino-siena-55254086","status":"publish","type":"product","link":"https:\/\/www.casadainjecao.com.br\/loja\/autopecas\/motor\/mangueiras-motor\/cano-tubo-agua-fiat-uno-palio-fiorino-siena-55254086\/","title":{"rendered":"Cano Tubo Agua Fiat Uno Palio Fiorino Siena Original &#8211;"},"content":{"rendered":"<h2>Tubo Refrigera\u00e7\u00e3o<\/h2>\n<p>Tubo Refrigera\u00e7\u00e3o Motor Fiat Fire Original<\/p>\n<p>Aplic\u00e1vel nos seguintes ve\u00edculos:<\/p>\n<p>Montadora: Fiat;<br \/>\nVe\u00edculo: Palio;<br \/>\nMotor: 1.0 e 1.4 8V e 16V. (MOTOR FIRE)<\/p>\n<p>Montadora: Fiat;<br \/>\nVe\u00edculo: Siena;<br \/>\nMotor: 1.0 e 1.4 8V e 16V. (MOTOR FIRE)<\/p>\n<p>Montadora: Fiat;<br \/>\nVe\u00edculo: Strada;<br \/>\nMotor: 1.0 e 1.4 8V e 16V. (MOTOR FIRE)<\/p>\n<p>Montadora: Fiat;<br \/>\nVe\u00edculo: Fiorino;<br \/>\nMotor: 1.0 e 1.4 8V e 16V. (MOTOR FIRE)<\/p>\n<p>Montadora: Fiat;<br \/>\nVe\u00edculo: Idea;<br \/>\nMotor: 1.0 e 1.4 8V e 16V. (MOTOR FIRE)<\/p>\n<p>Montadora: Fiat;<br \/>\nVe\u00edculo: Doblo;<br \/>\nMotor: 1.0 e 1.4 8V e 16V. (MOTOR FIRE)<\/p>\n<p>Montadora: Fiat;<br \/>\nVe\u00edculo: Uno; (FIRE, EVO e VIVACE)<br \/>\nMotor: 1.0 e 1.4 8V e 16V. (MOTOR FIRE)<\/p>\n<p>Montadora: Fiat;<br \/>\nVe\u00edculo: Palio Weekend;<br \/>\nMotor: 1.0 e 1.4 8V e 16V. (MOTOR FIRE)<\/p>\n<p>Montadora: Fiat;<br \/>\nVe\u00edculo: Punto;<br \/>\nMotor: 1.0 e 1.4 8V e 16V. (MOTOR FIRE)<\/p>\n<p>C\u00f3digos de Refer\u00eancia: &#8211; 55254086<\/p>\n<p>Ficha T\u00e9cnica:<\/p>\n<ul>\n<li>Marca: FIAT MOPAR<\/li>\n<li>Produto Novo Original<\/li>\n<li>Conte\u00fado da embalagem:- 01 Cano Tubo<\/li>\n<\/ul>\n<p>TUBO D&#8217;\u00c1GUA ORIGINAL GENUINA!<br \/>\n(FOTOS REAIS DO PRODUTO)<\/p>\n<p>Garantia 3 Meses<\/p>\n<h3>GARANTIA DO PRODUTO<br \/>\nA troca ou desist\u00eancia deste item pode ser feita em at\u00e9 7 dias corridos a partir do recebimento do produto.<br \/>\nO fabricante oferece 3 meses de garantia.<\/h3>\n<ul>\n<li>\n<h3>Favor verificar o c\u00f3digo antes da compra<\/h3>\n<h3>Um carro do mesmo ano e modelo pode ter pe\u00e7as diferentes, por isso \u00e9 necess\u00e1rio confirmar o c\u00f3digo da pe\u00e7a com mec\u00e2nico ou ligar na concession\u00e1ria e informar o n\u00famero do chassi para identifica\u00e7\u00e3o do c\u00f3digo da pe\u00e7a original do ve\u00edculo.<br \/>\n\u2014\u2014\u2014\u2014\u2014\u2014\u2014\u2014\u2014\u2014\u2014\u2014\u2014\u2014\u2014\u2014\u2014\u2014\u2014\u2014\u2014\u2014\u2014\u2014\u2014\u2014\u2014\u2014\u2014\u2014\u2014\u2014\u2014\u2014\u2014\u2014-<\/h3>\n<\/li>\n<\/ul>\n<div id=\"A8hXZazDIve35OUP96KduAg__5\">\n<div class=\"wDYxhc\" data-md=\"61\">\n<div class=\"LGOjhe\" role=\"heading\" data-attrid=\"wa:\/description\" aria-level=\"3\" data-hveid=\"CBwQAA\">\n<div class=\"w-full pt-2 md:pt-0 border-t md:border-t-0 gizmo:border-t-0 dark:border-white\/20 md:border-transparent md:dark:border-transparent md:pl-2 gizmo:pl-0 gizmo:md:pl-0 md:w-[calc(100%-.5rem)]\">\n<div class=\"relative flex h-full flex-1 items-stretch md:flex-col\"><\/div>\n<div>A Casa da Inje\u00e7\u00e3o oferece total garantia nos produtos comprados em nosso site.<\/div>\n<\/div>\n<\/div>\n<\/div>\n<\/div>\n<ol>\n<li>Cada item \u00e9 rigorosamente testado antes do envio<\/li>\n<li>Se os itens estiverem danificados ou parcialmente defeituosos, entre em contato conosco.<\/li>\n<\/ol>\n<p>Se houver qualquer defeito, n\u00f3s lhe enviaremos uma substitui\u00e7\u00e3o ap\u00f3s receber o pacote ou devolvemos seu dinheiro.<\/p>\n<p>Leia nossa\u00a0<a href=\"https:\/\/www.casadainjecao.com.br\/loja\/politica-de-devolucao\">pol\u00edtica de devolu\u00e7\u00e3o aqui<\/a><\/p>\n<p>\u2014\u2014\u2014\u2014\u2014\u2014\u2014\u2014\u2014\u2014\u2014\u2014\u2014\u2014\u2014\u2014\u2014\u2014\u2014\u2013<\/p>\n<h4>Tem alguma d\u00favida?<\/h4>\n<p>Entre em contato que podemos ajudar!<\/p>\n<p>Confira as informa\u00e7\u00f5es adicionais abaixo:<\/p>\n<ul>\n<li>Todos os nossos produtos s\u00e3o novos, semi-novos, originais e paralelos possuem garantia.<\/li>\n<li>Todos os produtos anunciados est\u00e3o dispon\u00edveis em estoque e s\u00e3o enviados com extrema rapidez.<\/li>\n<li>O frete pode ser simulado antes de efetuar a compra, basta clicar em \u201cver custos de envio\u201d.<\/li>\n<li>Verifique o endere\u00e7o de entrega cadastrado e atualize caso necess\u00e1rio.<\/li>\n<li>Confirme se a pe\u00e7a \u00e9 correta para o seu modelo de ve\u00edculo.<\/li>\n<li>Para pe\u00e7as automotivas, recomendamos a instala\u00e7\u00e3o por um profissional especializado.<\/li>\n<\/ul>\n<p>Caso possua outras d\u00favidas, entre em contato.<\/p>\n","protected":false},"excerpt":{"rendered":"<h2>Cano Tubo Agua Fiat Uno Palio Fiorino Siena &#8211; 55254086<\/h2>\n<p>Tubo Refrigera\u00e7\u00e3o Motor Fiat Fire Original<\/p>\n","protected":false},"featured_media":26152,"template":"","meta":{"_seopress_robots_primary_cat":"none","_seopress_titles_title":"","_seopress_titles_desc":"","_seopress_robots_index":"","_joinchat":[]},"product_cat":[223,22],"product_tag":[247,280,709,1600,119,120,121],"berocket_brand":[383],"_links":{"self":[{"href":"https:\/\/www.casadainjecao.com.br\/loja\/wp-json\/wp\/v2\/product\/26073"}],"collection":[{"href":"https:\/\/www.casadainjecao.com.br\/loja\/wp-json\/wp\/v2\/product"}],"about":[{"href":"https:\/\/www.casadainjecao.com.br\/loja\/wp-json\/wp\/v2\/types\/product"}],"wp:featuredmedia":[{"embeddable":true,"href":"https:\/\/www.casadainjecao.com.br\/loja\/wp-json\/wp\/v2\/media\/26152"}],"wp:attachment":[{"href":"https:\/\/www.casadainjecao.com.br\/loja\/wp-json\/wp\/v2\/media?parent=26073"}],"wp:term":[{"taxonomy":"product_cat","embeddable":true,"href":"https:\/\/www.casadainjecao.com.br\/loja\/wp-json\/wp\/v2\/product_cat?post=26073"},{"taxonomy":"product_tag","embeddable":true,"href":"https:\/\/www.casadainjecao.com.br\/loja\/wp-json\/wp\/v2\/product_tag?post=26073"},{"taxonomy":"berocket_brand","embeddable":true,"href":"https:\/\/www.casadainjecao.com.br\/loja\/wp-json\/wp\/v2\/berocket_brand?post=26073"}],"curies":[{"name":"wp","href":"https:\/\/api.w.org\/{rel}","templated":true}]}}