{"id":26080,"date":"2023-08-08T19:58:13","date_gmt":"2023-08-08T22:58:13","guid":{"rendered":"https:\/\/www.casadainjecao.com.br\/loja\/?post_type=product&#038;p=26080"},"modified":"2025-04-30T17:11:55","modified_gmt":"2025-04-30T20:11:55","slug":"brucutu-esguicho-da-agua-capo-citroen-c3-original-6438y3","status":"publish","type":"product","link":"https:\/\/www.casadainjecao.com.br\/loja\/autopecas\/carroceria\/brucutu-esguicho-da-agua-capo-citroen-c3-original-6438y3\/","title":{"rendered":"Brucutu Esguicho Da \u00c1gua Capo Citroen C3 Original &#8211; 6"},"content":{"rendered":"<h1>Brucutu Esguicho Da \u00c1gua Capo Original<\/h1>\n<p><strong>PEUGEOT<\/strong><\/p>\n<p>Peugeot 206<\/p>\n<p>Peugeot 207<\/p>\n<p>Peugeot 307<\/p>\n<p>Peugeot 308<\/p>\n<p>Peugeot 408<\/p>\n<p>Peugeot 3008<\/p>\n<p><strong>CITROEN<\/strong><\/p>\n<p>Citroen C3<\/p>\n<h4>C\u00f3digo de Refer\u00eancia:<\/h4>\n<p>6438Y3<\/p>\n<p><strong>Condi\u00e7\u00f5es:<\/strong><\/p>\n<p>Novo Paralelo \/ Marca Torken<\/p>\n<h4><strong>Garantia:<\/strong><\/h4>\n<p>3 Meses<strong> \u00a0<\/strong><\/p>\n<h3>ATEN\u00c7\u00c3O: Antes de efetuar a compra verifique o c\u00f3digo da sua pe\u00e7a que est\u00e1 instalada no seu ve\u00edculo.<\/h3>\n<h3><strong>APLICA\u00c7\u00c3O:<\/strong><\/h3>\n<p>Linha Peugeot\/ Citroen<\/p>\n<h4>O que \u00e9 e para que serve Brucutu Esguicho?<\/h4>\n<p>&nbsp;<\/p>\n<p>&nbsp;<\/p>\n<p>A Casa da Inje\u00e7\u00e3o oferece total garantia nos produtos comprados em nosso site.<\/p>\n<ol>\n<li>Cada item \u00e9 rigorosamente testado antes do envio<\/li>\n<li>Se os itens estiverem danificados ou parcialmente defeituosos, entre em contato conosco.<\/li>\n<\/ol>\n<p>Se houver qualquer defeito, n\u00f3s lhe enviaremos uma substitui\u00e7\u00e3o ap\u00f3s receber o pacote ou devolvemos seu dinheiro.<\/p>\n<p>Leia nossa\u00a0<span style=\"color: #ff0000;\"><a style=\"color: #ff0000;\" href=\"https:\/\/www.casadainjecao.com.br\/loja\/politica-de-devolucao\">pol\u00edtica de devolu\u00e7\u00e3o aqui<\/a><\/span><\/p>\n<p>\u2014\u2014\u2014\u2014\u2014\u2014\u2014\u2014\u2014\u2014\u2014\u2014\u2014\u2014\u2014\u2014\u2014\u2014\u2014\u2013<\/p>\n<p><strong>Tem alguma d\u00favida?<\/strong><\/p>\n<p>Entre em contato que podemos ajudar!<\/p>\n<p>Confira as informa\u00e7\u00f5es adicionais abaixo:<\/p>\n<ul>\n<li>Todos os nossos produtos s\u00e3o novos, semi-novos, originais e paralelos possuem garantia.<\/li>\n<li>Todos os produtos anunciados est\u00e3o dispon\u00edveis em estoque e s\u00e3o enviados com extrema rapidez.<\/li>\n<li>O frete pode ser simulado antes de efetuar a compra, basta clicar em \u201cver custos de envio\u201d.<\/li>\n<li>Verifique o endere\u00e7o de entrega cadastrado e atualize caso necess\u00e1rio.<\/li>\n<li>Confirme se a pe\u00e7a \u00e9 correta para o seu modelo de ve\u00edculo.<\/li>\n<li>Para pe\u00e7as automotivas, recomendamos a instala\u00e7\u00e3o por um profissional especializado.<\/li>\n<\/ul>\n<p>Caso possua outras d\u00favidas, entre em contato.<\/p>\n<p>&nbsp;<\/p>\n","protected":false},"excerpt":{"rendered":"<h2>Brucutu Esguicho Da \u00c1gua Capo Citroen C3 Original &#8211; 6438Y3<\/h2>\n","protected":false},"featured_media":26154,"template":"","meta":{"_seopress_robots_primary_cat":"none","_seopress_titles_title":"","_seopress_titles_desc":"","_seopress_robots_index":"","_seopress_analysis_target_kw":"","_kad_blocks_custom_css":"","_kad_blocks_head_custom_js":"","_kad_blocks_body_custom_js":"","_kad_blocks_footer_custom_js":"","_kadence_starter_templates_imported_post":false,"_joinchat":[]},"product_brand":[],"product_cat":[83,23],"product_tag":[784,785,782],"berocket_brand":[382,393],"class_list":{"0":"post-26080","1":"product","2":"type-product","3":"status-publish","4":"has-post-thumbnail","6":"product_cat-carroceria","7":"product_cat-exterior","8":"product_tag-784","9":"product_tag-785","10":"product_tag-c3","11":"berocket_brand-citroen","12":"berocket_brand-peugeot","13":"thunk-woo-product-list","14":"big-store-woo-hover-zoom","15":"open-single-product-tab-horizontal","16":"open-shadow-","17":"open-shadow-hover-","19":"first","20":"outofstock","21":"sale","22":"taxable","23":"shipping-taxable","24":"purchasable","25":"product-type-simple"},"taxonomy_info":{"product_cat":[{"value":83,"label":"Carroceria"},{"value":23,"label":"Exterior"}],"product_tag":[{"value":784,"label":"206"},{"value":785,"label":"207"},{"value":782,"label":"C3"}],"berocket_brand":[{"value":382,"label":"Citroen"},{"value":393,"label":"Peugeot"}]},"featured_image_src_large":["https:\/\/www.casadainjecao.com.br\/loja\/wp-content\/uploads\/2023\/08\/6438Y3-703x780.jpg",640,710,true],"author_info":[],"comment_info":"","_links":{"self":[{"href":"https:\/\/www.casadainjecao.com.br\/loja\/wp-json\/wp\/v2\/product\/26080","targetHints":{"allow":["GET"]}}],"collection":[{"href":"https:\/\/www.casadainjecao.com.br\/loja\/wp-json\/wp\/v2\/product"}],"about":[{"href":"https:\/\/www.casadainjecao.com.br\/loja\/wp-json\/wp\/v2\/types\/product"}],"wp:featuredmedia":[{"embeddable":true,"href":"https:\/\/www.casadainjecao.com.br\/loja\/wp-json\/wp\/v2\/media\/26154"}],"wp:attachment":[{"href":"https:\/\/www.casadainjecao.com.br\/loja\/wp-json\/wp\/v2\/media?parent=26080"}],"wp:term":[{"taxonomy":"product_brand","embeddable":true,"href":"https:\/\/www.casadainjecao.com.br\/loja\/wp-json\/wp\/v2\/product_brand?post=26080"},{"taxonomy":"product_cat","embeddable":true,"href":"https:\/\/www.casadainjecao.com.br\/loja\/wp-json\/wp\/v2\/product_cat?post=26080"},{"taxonomy":"product_tag","embeddable":true,"href":"https:\/\/www.casadainjecao.com.br\/loja\/wp-json\/wp\/v2\/product_tag?post=26080"},{"taxonomy":"berocket_brand","embeddable":true,"href":"https:\/\/www.casadainjecao.com.br\/loja\/wp-json\/wp\/v2\/berocket_brand?post=26080"}],"curies":[{"name":"wp","href":"https:\/\/api.w.org\/{rel}","templated":true}]}}