{"id":26179,"date":"2023-08-15T16:22:42","date_gmt":"2023-08-15T19:22:42","guid":{"rendered":"https:\/\/www.casadainjecao.com.br\/loja\/?post_type=product&#038;p=26179"},"modified":"2025-05-12T12:07:30","modified_gmt":"2025-05-12T15:07:30","slug":"mangueira-ar-condicionado-fiat-uno-palio-original-51963627","status":"publish","type":"product","link":"https:\/\/www.casadainjecao.com.br\/loja\/autopecas\/ar-condicionado\/mangueiras\/mangueira-ar-condicionado-fiat-uno-palio-original-51963627\/","title":{"rendered":"Mangueira Ar Condicionado Fiat Uno Palio Original &#8211; 51"},"content":{"rendered":"<h2>Mangueira Ar Condicionado Original<\/h2>\n<p><strong>Fiat<\/strong><\/p>\n<p>Fiat Grand Siena Attractive 1.4 Fire 8v &#8211; 2013 a 2015<\/p>\n<p>Fiat Grand Siena Attractive 1.4 Fire 8v &#8211; 2013 a 2020<\/p>\n<p>Fiat Novo Fiorino &#8211; 2011 a 2020<\/p>\n<p>Fiat Novo Palio Attractive 1.0 Fire Evo 8v &#8211; 2012 a 2015<\/p>\n<p>Fiat Novo Palio Attractive 1.4 8v &#8211; 2012 a 2015<\/p>\n<p>Fiat Novo Palio Attractive 1.4 Fire 8v &#8211; 2012 a 2020<\/p>\n<p>Fiat Novo Uno Fase 1 &#8211; 2015 a 2016<\/p>\n<p>Fiat Novo Uno Furgoneta &#8211; 2011 a 2016<\/p>\n<p>Fiat Uno Attractive 1.4 8v &#8211; 2012 a 2012<\/p>\n<p>Fiat Uno Attractive 1.4 Fire Evo 8v &#8211; 2011 a 2012<\/p>\n<p>Fiat Uno Attractive 1.4 Fire Evo 8v &#8211; 2012 a 2012<\/p>\n<p>Fiat Uno Economy 1.4 Fire Evo 8v &#8211; 2012 a 2013<\/p>\n<p>Fiat Uno Economy 1.4 Fire Evo 8v &#8211; 2012 a 2014<\/p>\n<p>Fiat Uno Sporting 1.4 8v &#8211; 2011 a 2014<\/p>\n<p>Fiat Uno Sporting 1.4 8v &#8211; 2012 a 2012<\/p>\n<p>Fiat Uno Sporting 1.4 Fire Evo 8v &#8211; 2011 a 2014<\/p>\n<p>Fiat Uno Sporting 1.4 Fire Evo 8v &#8211; 2012 a 2012<\/p>\n<p>Fiat Uno Vivace 1.0 Fire Evo 8v &#8211; 2011 a 2015<\/p>\n<p>Fiat Uno Vivace 1.0 Fire Evo 8v &#8211; 2012 a 2015<\/p>\n<p>Fiat Uno Vivace 1.4 8v &#8211; 2011 a 2020<\/p>\n<p>Fiat Uno Vivace 1.4 8v &#8211; 2012 a 2020<\/p>\n<p>Fiat Uno Vivace 1.4 Fire 8v &#8211; 2013 a 2020<\/p>\n<p>Fiat Uno Way 1.0 Fire Evo 8v &#8211; 2011 a 2014<\/p>\n<p>Fiat Uno Way 1.0 Fire Evo 8v &#8211; 2012 a 2012<\/p>\n<p>Fiat Uno Way 1.4 8v &#8211; 2011 a 2014<\/p>\n<p>Fiat Uno Way 1.4 8v &#8211; 2012 a 2012<\/p>\n<p>Fiat Uno Way 1.4 Fire Evo 8v &#8211; 2011 a 2014<\/p>\n<p>Fiat Uno Way 1.4 Fire Evo 8v &#8211; 2012 a 2012<\/p>\n<h4>C\u00f3digo de Refer\u00eancia:<\/h4>\n<p>51963627<\/p>\n<p><strong>Condi\u00e7\u00f5es:<\/strong><\/p>\n<p>Novo Original \/ Marca Fiat Mopar<\/p>\n<h4><strong>Garantia:<\/strong><\/h4>\n<p>3 Meses<strong>\u00a0<\/strong><\/p>\n<h3>ATEN\u00c7\u00c3O: Antes de efetuar a compra verifique o c\u00f3digo da sua pe\u00e7a que est\u00e1 instalada no seu ve\u00edculo.<\/h3>\n<h3><strong>APLICA\u00c7\u00c3O:<\/strong><\/h3>\n<p>Linha Renault<\/p>\n<h4><strong>O que \u00e9 e para que serve a Mangueira Ar Condicionado?<\/strong><\/h4>\n<p>A Mangueira do sistema de ar-condicionado em um ve\u00edculo \u00e9 parte integrante do sistema de refrigera\u00e7\u00e3o, que permite a circula\u00e7\u00e3o do refrigerante para proporcionar resfriamento no interior do ve\u00edculo. O refrigerante \u00e9 um fluido que passa por diferentes estados (gasoso e l\u00edquido) no ciclo de refrigera\u00e7\u00e3o para absorver e dissipar calor, proporcionando resfriamento.<\/p>\n<p>&nbsp;<\/p>\n<p>A Casa da Inje\u00e7\u00e3o oferece total garantia nos produtos comprados em nosso site.<\/p>\n<ol>\n<li>Cada item \u00e9 rigorosamente testado antes do envio<\/li>\n<li>Se os itens estiverem danificados ou parcialmente defeituosos, entre em contato conosco.<\/li>\n<\/ol>\n<p>Se houver qualquer defeito, n\u00f3s lhe enviaremos uma substitui\u00e7\u00e3o ap\u00f3s receber o pacote ou devolvemos seu dinheiro.<\/p>\n<p>Leia nossa\u00a0<span style=\"color: #ff0000;\"><a style=\"color: #ff0000;\" href=\"https:\/\/www.casadainjecao.com.br\/loja\/politica-de-devolucao\">pol\u00edtica de devolu\u00e7\u00e3o aqui<\/a><\/span><\/p>\n<p>\u2014\u2014\u2014\u2014\u2014\u2014\u2014\u2014\u2014\u2014\u2014\u2014\u2014\u2014\u2014\u2014\u2014\u2014\u2014\u2013<\/p>\n<p><strong>Tem alguma d\u00favida?<\/strong><\/p>\n<p>Entre em contato que podemos ajudar!<\/p>\n<p>Confira as informa\u00e7\u00f5es adicionais abaixo:<\/p>\n<ul>\n<li>Todos os nossos produtos s\u00e3o novos, semi-novos, originais e paralelos possuem garantia.<\/li>\n<li>Todos os produtos anunciados est\u00e3o dispon\u00edveis em estoque e s\u00e3o enviados com extrema rapidez.<\/li>\n<li>O frete pode ser simulado antes de efetuar a compra, basta clicar em \u201cver custos de envio\u201d.<\/li>\n<li>Verifique o endere\u00e7o de entrega cadastrado e atualize caso necess\u00e1rio.<\/li>\n<li>Confirme se a pe\u00e7a \u00e9 correta para o seu modelo de ve\u00edculo.<\/li>\n<li>Para pe\u00e7as automotivas, recomendamos a instala\u00e7\u00e3o por um profissional especializado.<\/li>\n<\/ul>\n<p>Caso possua outras d\u00favidas, entre em contato.<\/p>\n","protected":false},"excerpt":{"rendered":"<h2>Mangueira Ar Condicionado Fiat Uno Palio Original &#8211; 51963627<\/h2>\n","protected":false},"featured_media":26184,"template":"","meta":{"_seopress_robots_primary_cat":"none","_seopress_titles_title":"","_seopress_titles_desc":"","_seopress_robots_index":"","_joinchat":[]},"product_cat":[16,72,1104],"product_tag":[1392,1871,1855,1600,1395,1859],"berocket_brand":[383],"_links":{"self":[{"href":"https:\/\/www.casadainjecao.com.br\/loja\/wp-json\/wp\/v2\/product\/26179"}],"collection":[{"href":"https:\/\/www.casadainjecao.com.br\/loja\/wp-json\/wp\/v2\/product"}],"about":[{"href":"https:\/\/www.casadainjecao.com.br\/loja\/wp-json\/wp\/v2\/types\/product"}],"wp:featuredmedia":[{"embeddable":true,"href":"https:\/\/www.casadainjecao.com.br\/loja\/wp-json\/wp\/v2\/media\/26184"}],"wp:attachment":[{"href":"https:\/\/www.casadainjecao.com.br\/loja\/wp-json\/wp\/v2\/media?parent=26179"}],"wp:term":[{"taxonomy":"product_cat","embeddable":true,"href":"https:\/\/www.casadainjecao.com.br\/loja\/wp-json\/wp\/v2\/product_cat?post=26179"},{"taxonomy":"product_tag","embeddable":true,"href":"https:\/\/www.casadainjecao.com.br\/loja\/wp-json\/wp\/v2\/product_tag?post=26179"},{"taxonomy":"berocket_brand","embeddable":true,"href":"https:\/\/www.casadainjecao.com.br\/loja\/wp-json\/wp\/v2\/berocket_brand?post=26179"}],"curies":[{"name":"wp","href":"https:\/\/api.w.org\/{rel}","templated":true}]}}