{"id":26206,"date":"2023-08-15T19:16:24","date_gmt":"2023-08-15T22:16:24","guid":{"rendered":"https:\/\/www.casadainjecao.com.br\/loja\/?post_type=product&#038;p=26206"},"modified":"2026-04-14T21:46:17","modified_gmt":"2026-04-15T00:46:17","slug":"macaneta-interna-porta-direita-novo-uno-way-vivace-100185743","status":"publish","type":"product","link":"https:\/\/www.casadainjecao.com.br\/loja\/autopecas\/interior\/macaneta-interior\/macaneta-interna-porta-direita-novo-uno-way-vivace-100185743\/","title":{"rendered":"Ma\u00e7aneta Interna Porta Direita Novo Uno Way Vivace -1001857"},"content":{"rendered":"<h1>Ma\u00e7aneta Interna Porta Dianteira Direita<\/h1>\n<h3>Mobi 2017 em diante<\/h3>\n<h3>Novo Fiorino 2011 em diante<\/h3>\n<h3>Novo Uno 2011 a 2016<\/h3>\n<h3>C\u00f3digo de\u00a0 Refer\u00eancia:<\/h3>\n<h3>100185743, 100180497<\/h3>\n<h5>Condi\u00e7\u00f5es:<\/h5>\n<h5>Produto Novo Original \/ Marca Fiat<\/h5>\n<h5>Garantia:<\/h5>\n<h5>3 meses<\/h5>\n<ul>\n<li>\n<h5>MOPAR\u00ae \u00e9 a marca de pe\u00e7as de reposi\u00e7\u00e3o genu\u00ednas do Grupo Stellantis, respons\u00e1vel pelas marcas Fiat, Jeep, Peugeot, Citro\u00ebn e RAM. As pe\u00e7as e acess\u00f3rios MOPAR\u00ae s\u00e3o criadas pelas mesmas equipes que projetaram seu ve\u00edculo, atendendo a todos os padr\u00f5es de f\u00e1brica, que garantem excelente desempenho.<\/h5>\n<\/li>\n<\/ul>\n<h5><strong>ATEN\u00c7\u00c3O: Antes de efetuar a compra verifique o c\u00f3digo da sua pe\u00e7a que est\u00e1 instalada no seu ve\u00edculo.<\/strong><\/h5>\n<h5><strong>A Casa da Inje\u00e7\u00e3o oferece total garantia nos produtos comprados em nosso site.<\/strong><\/h5>\n<h5><strong>Cada item \u00e9 rigorosamente testado antes do envio<\/strong><\/h5>\n<h5><strong>Se os itens estiverem danificados ou parcialmente defeituosos, entre em contato conosco.<\/strong><\/h5>\n<h5><strong>Procure um profissional devidamente licenciado para a instala\u00e7\u00e3o e fa\u00e7a revis\u00f5es periodicamente. A empresa n\u00e3o se responsabiliza por problemas oriundos da m\u00e1 instala\u00e7\u00e3o ou com a falta de cuidados peri\u00f3dicos dos componentes.<\/strong><\/h5>\n<h5><strong>Se houver qualquer defeito, n\u00f3s lhe enviaremos uma substitui\u00e7\u00e3o ap\u00f3s receber o pacote ou devolvemos seu dinheiro.<\/strong><\/h5>\n<h5><strong>Leia nossa <\/strong><a href=\"https:\/\/www.casadainjecao.com.br\/loja\/politica-de-devolucao\">pol\u00edtica de devolu\u00e7\u00e3o aqui<\/a><\/h5>\n<h5><strong>\u2014\u2014\u2014\u2014\u2014\u2014\u2014\u2014\u2014\u2014\u2014\u2014\u2014\u2014\u2014\u2014\u2014\u2014\u2014\u2013<\/strong><\/h5>\n<h5><strong>Tem alguma d\u00favida?<\/strong><\/h5>\n<h5><strong>Entre em contato que podemos ajudar!<\/strong><\/h5>\n<h5><strong>Confira as informa\u00e7\u00f5es adicionais abaixo:<\/strong><\/h5>\n<h5><strong>Todos os nossos produtos s\u00e3o novos, semi-novos, originais e paralelos possuem garantia.<\/strong><\/h5>\n<h5><strong>Todos os produtos anunciados est\u00e3o dispon\u00edveis em estoque e s\u00e3o enviados com extrema rapidez.<\/strong><\/h5>\n<h5><strong>O frete pode ser simulado antes de efetuar a compra, basta clicar em \u201cver custos de envio\u201d.<\/strong><\/h5>\n<h5><strong>Verifique o endere\u00e7o de entrega cadastrado e atualize caso necess\u00e1rio.<\/strong><\/h5>\n<h5><strong>Confirme se a pe\u00e7a \u00e9 correta para o seu modelo de ve\u00edculo.<\/strong><\/h5>\n<h5><strong>Para pe\u00e7as automotivas, recomendamos a instala\u00e7\u00e3o por um profissional especializado.<\/strong><\/h5>\n<h5><strong>Caso possua outras d\u00favidas, entre em contato.<\/strong><\/h5>\n","protected":false},"excerpt":{"rendered":"<h2>Ma\u00e7aneta Interna Porta Dianteira Direita Novo Uno Way Vivace\u00a0 Original &#8211; 100185743<\/h2>\n","protected":false},"featured_media":36855,"template":"","meta":{"_seopress_robots_primary_cat":"none","_seopress_titles_title":"","_seopress_titles_desc":"","_seopress_robots_index":"","_joinchat":[]},"product_cat":[24,309,1865],"product_tag":[298,1871,1600],"berocket_brand":[383],"_links":{"self":[{"href":"https:\/\/www.casadainjecao.com.br\/loja\/wp-json\/wp\/v2\/product\/26206"}],"collection":[{"href":"https:\/\/www.casadainjecao.com.br\/loja\/wp-json\/wp\/v2\/product"}],"about":[{"href":"https:\/\/www.casadainjecao.com.br\/loja\/wp-json\/wp\/v2\/types\/product"}],"wp:featuredmedia":[{"embeddable":true,"href":"https:\/\/www.casadainjecao.com.br\/loja\/wp-json\/wp\/v2\/media\/36855"}],"wp:attachment":[{"href":"https:\/\/www.casadainjecao.com.br\/loja\/wp-json\/wp\/v2\/media?parent=26206"}],"wp:term":[{"taxonomy":"product_cat","embeddable":true,"href":"https:\/\/www.casadainjecao.com.br\/loja\/wp-json\/wp\/v2\/product_cat?post=26206"},{"taxonomy":"product_tag","embeddable":true,"href":"https:\/\/www.casadainjecao.com.br\/loja\/wp-json\/wp\/v2\/product_tag?post=26206"},{"taxonomy":"berocket_brand","embeddable":true,"href":"https:\/\/www.casadainjecao.com.br\/loja\/wp-json\/wp\/v2\/berocket_brand?post=26206"}],"curies":[{"name":"wp","href":"https:\/\/api.w.org\/{rel}","templated":true}]}}