{"id":26272,"date":"2023-08-22T11:45:08","date_gmt":"2023-08-22T14:45:08","guid":{"rendered":"https:\/\/www.casadainjecao.com.br\/loja\/?post_type=product&#038;p=26272"},"modified":"2026-03-02T11:24:32","modified_gmt":"2026-03-02T14:24:32","slug":"bobina-ignicao-volkswagen-passat-jetta-2-0-fsi-tsi-077905115k","status":"publish","type":"product","link":"https:\/\/www.casadainjecao.com.br\/loja\/autopecas\/eletrica\/bobina-de-ignicao\/bobina-ignicao-volkswagen-passat-jetta-2-0-fsi-tsi-077905115k\/","title":{"rendered":"Bobina Igni\u00e7\u00e3o Volkswagen Passat Jetta 2.0 Fsi Tsi &#8211;"},"content":{"rendered":"<h2>Bobina Igni\u00e7\u00e3o<\/h2>\n<p>&nbsp;<\/p>\n<h3><\/h3>\n<h3>Aplica\u00e7\u00f5es:<\/h3>\n<h3>Volkswagen<\/h3>\n<h3>Jetta 2.0t Tsi &#8211; 2012 2013 2014<\/h3>\n<h3>Jetta 2.5 &#8211; 2006 2007 2008 2009 2010 2011 2012<\/h3>\n<h3>Passat 2.0 Fsi Tsi &#8211; 2006 2007 2008 2009 2010<\/h3>\n<h3>Tiguan 2.0t Tsi &#8211; 2009 2010 2011 2012 2013 2014 2015 2016<\/h3>\n<h3>Touareg 4.2 32v V8 &#8211; 2011 2012 2013 2014 2015 2016 2017 2018<\/h3>\n<h3><\/h3>\n<p>&nbsp;<\/p>\n<p>&nbsp;<\/p>\n<h3>Audi<\/h3>\n<h3>A4 3.0 30v V6 &#8211; 2002 2003 2004 | Gera\u00e7\u00e3o Ii &#8211; B6<\/h3>\n<h3>A5 3.2 24v V6 &#8211; 2009 2010 2011 | Gera\u00e7\u00e3o I Ii &#8211; T8 F5<\/h3>\n<h3>A6 3.0 24v V6 Supercharger &#8211; 2009 2010 2011 | S\u00e9rie 4b<\/h3>\n<h3>A6 4.2 40v V8 &#8211; 2005 2006 2007 2008 2009 2010 2011 2012 2013 2014 2015 | S\u00e9rie 4f<\/h3>\n<h3>A8 3.0 30v V6 Tfsi &#8211; 2015 2016 | Gera\u00e7\u00e3o Iii<\/h3>\n<h3>A8 4.2 40v V8 Fsi &#8211; 2015 2016 2017 | Gera\u00e7\u00e3o Iii<\/h3>\n<h3>Q7 3.0 24v V6 Tfsi &#8211; 2011 2012 2013 2014 2015 | Gera\u00e7\u00e3o I &#8211; 4l<\/h3>\n<h3>Q7 4.2 32v V8 Fsi &#8211; 2007 2008 2009 2010 | Gera\u00e7\u00e3o I &#8211; 4l<\/h3>\n<h3>R8 4.2 32v V8 &#8211; 2010 2011 2012 | Gera\u00e7\u00e3o I<\/h3>\n<h3>R8 5.2 40v V10 Fsi &#8211; 2010 2011 2012 2013 2014 2015 | Gera\u00e7\u00e3o I<\/h3>\n<h3>Rs6 5.0 40v V10 Tfsi &#8211; 2010 2011 | Gera\u00e7\u00e3o Iii &#8211; C6<\/h3>\n<h3><\/h3>\n<p>&nbsp;<\/p>\n<p>&nbsp;<\/p>\n<p>&nbsp;<\/p>\n<h3>Porsche<\/h3>\n<h3>Cayenne 3.0s &#8211; 2011 em diante<\/h3>\n<h3>Cayenne 3.0s &#8211; E-Hybrid 2010 em diante<\/h3>\n<h3>Panamera 3.0s &#8211; E-Hybrid 2011 em diante<\/h3>\n<h3><\/h3>\n<h3><\/h3>\n<p>&nbsp;<\/p>\n<p>&nbsp;<\/p>\n<h3>C\u00f3digo: 077905115k\/06E905115E\/06E905115G\/<\/h3>\n<h3>\/0986221052\/78231014<\/h3>\n<h3>Conector: 4 Pinos<\/h3>\n<h3>Condi\u00e7\u00e3o do item: Novo<\/h3>\n<h3>Marca: Torken<\/h3>\n<h3>garantia: 3 meses<\/h3>\n<h3><\/h3>\n<p>&nbsp;<\/p>\n<p>&nbsp;<\/p>\n<h3><\/h3>\n<h3><\/h3>\n<h3>ATEN\u00c7\u00c3O: Antes de efetuar a compra verifique o c\u00f3digo da sua pe\u00e7a que est\u00e1 instalado no seu ve\u00edculo. e confirme se corresponde ao c\u00f3digo informado neste an\u00fancio.<br \/>\nEm caso de d\u00favida, utilize o campo de perguntas.<\/h3>\n<p>&nbsp;<\/p>\n<p>&nbsp;<\/p>\n<p>&nbsp;<\/p>\n<p>A Casa da Inje\u00e7\u00e3o oferece total garantia nos produtos comprados em nosso site.<br \/>\nCada item \u00e9 rigorosamente testado antes do envio<br \/>\nSe os itens estiverem danificados ou parcialmente defeituosos, entre em contato conosco.<br \/>\nProcure um profissional devidamente licenciado para a instala\u00e7\u00e3o e fa\u00e7a revis\u00f5es periodicamente. A empresa n\u00e3o se responsabiliza por problemas oriundos da m\u00e1 instala\u00e7\u00e3o ou com a falta de cuidados peri\u00f3dicos dos componentes.<br \/>\nSe houver qualquer defeito, n\u00f3s lhe enviaremos uma substitui\u00e7\u00e3o ap\u00f3s receber o pacote ou devolvemos seu dinheiro.<br \/>\nLeia nossa pol\u00edtica de devolu\u00e7\u00e3o aqui<br \/>\nTem alguma d\u00favida?<br \/>\nEntre em contato que podemos ajudar!<br \/>\nConfira as informa\u00e7\u00f5es adicionais abaixo:<br \/>\nTodos os nossos produtos s\u00e3o novos, semi-novos, originais e paralelos possuem garantia.<br \/>\nTodos os produtos anunciados est\u00e3o dispon\u00edveis em estoque e s\u00e3o enviados com extrema rapidez.<br \/>\nO frete pode ser simulado antes de efetuar a compra, basta clicar em \u201cver custos de envio\u201d.<br \/>\nVerifique o endere\u00e7o de entrega cadastrado e atualize caso necess\u00e1rio.<br \/>\nConfirme se a pe\u00e7a \u00e9 correta para o seu modelo de ve\u00edculo.<br \/>\nPara pe\u00e7as automotivas, recomendamos a instala\u00e7\u00e3o por um profissional especializado.<br \/>\nCaso possua outras d\u00favidas, entre em contato.<\/p>\n<p>&nbsp;<\/p>\n","protected":false},"excerpt":{"rendered":"<h2>Bobina Igni\u00e7\u00e3o Jetta Passat Tiguan Cayenne A4 &#8211; 077905115k<\/h2>\n","protected":false},"featured_media":44505,"template":"","meta":{"_seopress_robots_primary_cat":"none","_seopress_titles_title":"","_seopress_titles_desc":"","_seopress_robots_index":"","_kad_blocks_custom_css":"","_kad_blocks_head_custom_js":"","_kad_blocks_body_custom_js":"","_kad_blocks_footer_custom_js":"","_joinchat":[]},"product_cat":[106,17],"product_tag":[1874,1875,1877,1876,1881,848,1882,1475,1878,1879,1880,1497,1417],"berocket_brand":[378,1873,396],"taxonomy_info":{"product_cat":[{"value":106,"label":"Bobina de Igni\u00e7\u00e3o"},{"value":17,"label":"El\u00e9trica"}],"product_tag":[{"value":1874,"label":"A4"},{"value":1875,"label":"A5"},{"value":1877,"label":"A6"},{"value":1876,"label":"A8"},{"value":1881,"label":"Cayenne"},{"value":848,"label":"Jetta"},{"value":1882,"label":"Panamera"},{"value":1475,"label":"Passat"},{"value":1878,"label":"Q7"},{"value":1879,"label":"R8"},{"value":1880,"label":"RS6"},{"value":1497,"label":"Tiguan"},{"value":1417,"label":"Touareg"}],"berocket_brand":[{"value":378,"label":"Audi"},{"value":1873,"label":"Porsche"},{"value":396,"label":"Volkswagen"}]},"featured_image_src_large":["https:\/\/www.casadainjecao.com.br\/loja\/wp-content\/uploads\/2023\/08\/077905115k-1-1-920x920.jpg",640,640,true],"author_info":[],"comment_info":"","_links":{"self":[{"href":"https:\/\/www.casadainjecao.com.br\/loja\/wp-json\/wp\/v2\/product\/26272"}],"collection":[{"href":"https:\/\/www.casadainjecao.com.br\/loja\/wp-json\/wp\/v2\/product"}],"about":[{"href":"https:\/\/www.casadainjecao.com.br\/loja\/wp-json\/wp\/v2\/types\/product"}],"wp:featuredmedia":[{"embeddable":true,"href":"https:\/\/www.casadainjecao.com.br\/loja\/wp-json\/wp\/v2\/media\/44505"}],"wp:attachment":[{"href":"https:\/\/www.casadainjecao.com.br\/loja\/wp-json\/wp\/v2\/media?parent=26272"}],"wp:term":[{"taxonomy":"product_cat","embeddable":true,"href":"https:\/\/www.casadainjecao.com.br\/loja\/wp-json\/wp\/v2\/product_cat?post=26272"},{"taxonomy":"product_tag","embeddable":true,"href":"https:\/\/www.casadainjecao.com.br\/loja\/wp-json\/wp\/v2\/product_tag?post=26272"},{"taxonomy":"berocket_brand","embeddable":true,"href":"https:\/\/www.casadainjecao.com.br\/loja\/wp-json\/wp\/v2\/berocket_brand?post=26272"}],"curies":[{"name":"wp","href":"https:\/\/api.w.org\/{rel}","templated":true}]}}