{"id":26281,"date":"2023-08-22T14:01:54","date_gmt":"2023-08-22T17:01:54","guid":{"rendered":"https:\/\/www.casadainjecao.com.br\/loja\/?post_type=product&#038;p=26281"},"modified":"2023-09-14T17:45:37","modified_gmt":"2023-09-14T20:45:37","slug":"tensor-da-correia-dentada-jac-j6-t6-2-0-16v-1023400gd150","status":"publish","type":"product","link":"https:\/\/www.casadainjecao.com.br\/loja\/autopecas\/motor\/correias\/tensor-da-correia-dentada-jac-j6-t6-2-0-16v-1023400gd150\/","title":{"rendered":"Tensor Da Correia Dentada Jac J6 T6 2.0 16v &#8211; 1023400G"},"content":{"rendered":"<h1>Tensor da Correia Dentada Jac<\/h1>\n<h3>Serve Para Jac modelos J6, T6 (flex)<\/h3>\n<p>O Tensor Correia Dentada est\u00e1 vinculado com sistema <a href=\"https:\/\/www.casadainjecao.com.br\/loja\/?s=motor&amp;product_cat=motor&amp;post_type=product\">motor<\/a>.<\/p>\n<h2>Aplica\u00e7\u00e3o:<\/h2>\n<ul>\n<li><strong>JAC<\/strong><\/li>\n<li>J6 (flex) 2.0 16v &#8211; 2014 a 2016<\/li>\n<li>T6 (flex) 2.0 16v &#8211; 2014 a 2016<\/li>\n<\/ul>\n<h3><span style=\"font-size: 16px;\">O que \u00e9<\/span> e para que serve Tensor Correia Dentada?<\/h3>\n<p>A correia dentada tamb\u00e9m conhecida como correia de distribui\u00e7\u00e3o, \u00e9 uma parte essencial do motor de um ve\u00edculo. Ela \u00e9 respons\u00e1vel por sincronizar o movimento dos componentes do motor, como o virabrequim e o comando de v\u00e1lvulas, para garantir que o motor funcione corretamente.<\/p>\n<p><strong>C\u00f3digo refer\u00eancia<\/strong>:<br \/>\n1023400GD150<\/p>\n<h4>Condi\u00e7\u00f5es:<\/h4>\n<p>Novo Original \/ Marca Litens<\/p>\n<ul>\n<li>\n<h2><strong>Original com pequenas avarias<\/strong><\/h2>\n<\/li>\n<\/ul>\n<h4>Garantia:<\/h4>\n<p>3 Meses<\/p>\n<p>A Casa da Inje\u00e7\u00e3o oferece total garantia nos produtos comprados em nosso site.<\/p>\n<ol>\n<li>Cada item \u00e9 rigorosamente testado antes do envio<\/li>\n<li>Se os itens estiverem danificados ou parcialmente defeituosos, entre em contato conosco.<\/li>\n<\/ol>\n<p>Se houver qualquer defeito, n\u00f3s lhe enviaremos uma substitui\u00e7\u00e3o ap\u00f3s receber o pacote ou devolvemos seu dinheiro.<\/p>\n<p>Leia nossa <a href=\"https:\/\/www.casadainjecao.com.br\/loja\/politica-de-devolucao\">pol\u00edtica de devolu\u00e7\u00e3o aqui<\/a><\/p>\n<p>&#8212;&#8212;&#8212;&#8212;&#8212;&#8212;&#8212;&#8212;&#8212;&#8212;&#8212;&#8212;&#8212;&#8212;&#8212;&#8212;&#8212;&#8212;&#8212;&#8211;<\/p>\n<p><strong>ATEN\u00c7\u00c3O<\/strong>: Antes de efetuar a compra verifique o c\u00f3digo do Tensor Correia Dentada\u00a0que est\u00e1 instalado no seu ve\u00edculo.<\/p>\n<p>O Tensor Correia Dentada \u00e9 compat\u00edvel com as marcas Jac J6 T6<\/p>\n<p>&#8212;&#8212;&#8212;&#8212;&#8212;&#8212;&#8212;&#8212;&#8212;&#8212;&#8212;&#8212;&#8212;&#8212;&#8212;&#8212;&#8212;&#8212;&#8212;&#8212;-<\/p>\n<h4>Tem alguma d\u00favida?<\/h4>\n<p>Entre em contato que podemos ajudar!<\/p>\n<p>Confira as informa\u00e7\u00f5es adicionais abaixo:<\/p>\n<ul>\n<li>Todos os nossos produtos s\u00e3o novos, semi-novos, originais, paralelos e possuem garantia.<\/li>\n<li>Todos os produtos anunciados est\u00e3o dispon\u00edveis em estoque e s\u00e3o enviados com extrema rapidez.<\/li>\n<li>O frete pode ser simulado antes de efetuar a compra, basta clicar em \u201cver custos de envio\u201d.<\/li>\n<li>Verifique o endere\u00e7o de entrega cadastrado e atualize caso necess\u00e1rio.<\/li>\n<li>Confirme se a pe\u00e7a \u00e9 correta para o seu modelo de ve\u00edculo.<\/li>\n<li>Para pe\u00e7as automotivas, recomendamos a instala\u00e7\u00e3o por um profissional especializado.<\/li>\n<\/ul>\n<p>Caso possua outras d\u00favidas, entre em contato.<\/p>\n<p>&nbsp;<\/p>\n<p>&nbsp;<\/p>\n<p>&nbsp;<\/p>\n<h1><\/h1>\n","protected":false},"excerpt":{"rendered":"<h1>Tensor Correia Dentada Jac J6 T6 2.0 16v Flex &#8211; 1023400GD150<\/h1>\n","protected":false},"featured_media":26284,"template":"","meta":{"_seopress_robots_primary_cat":"none","_seopress_titles_title":"","_seopress_titles_desc":"","_seopress_robots_index":"","_seopress_analysis_target_kw":"","_kad_blocks_custom_css":"","_kad_blocks_head_custom_js":"","_kad_blocks_body_custom_js":"","_kad_blocks_footer_custom_js":"","_kadence_starter_templates_imported_post":false,"_joinchat":[]},"product_brand":[],"product_cat":[213,22,1523],"product_tag":[1883],"berocket_brand":[1134],"class_list":{"0":"post-26281","1":"product","2":"type-product","3":"status-publish","4":"has-post-thumbnail","6":"product_cat-correias","7":"product_cat-motor","8":"product_cat-tensor-correia-dentada","9":"product_tag-jac-j6","10":"berocket_brand-jac","11":"thunk-woo-product-list","12":"big-store-woo-hover-zoom","13":"open-single-product-tab-horizontal","14":"open-shadow-","15":"open-shadow-hover-","17":"first","18":"outofstock","19":"sale","20":"taxable","21":"shipping-taxable","22":"purchasable","23":"product-type-simple"},"taxonomy_info":{"product_cat":[{"value":213,"label":"Correias"},{"value":22,"label":"Motor"},{"value":1523,"label":"Tensor Correia"}],"product_tag":[{"value":1883,"label":"Jac J6"}],"berocket_brand":[{"value":1134,"label":"Jac"}]},"featured_image_src_large":["https:\/\/www.casadainjecao.com.br\/loja\/wp-content\/uploads\/2023\/08\/Tensor-Da-Correia-Dentada-Jac-J6-T6-2.0-16v-1023400GD150-622x780.jpg",622,780,true],"author_info":[],"comment_info":"","_links":{"self":[{"href":"https:\/\/www.casadainjecao.com.br\/loja\/wp-json\/wp\/v2\/product\/26281","targetHints":{"allow":["GET"]}}],"collection":[{"href":"https:\/\/www.casadainjecao.com.br\/loja\/wp-json\/wp\/v2\/product"}],"about":[{"href":"https:\/\/www.casadainjecao.com.br\/loja\/wp-json\/wp\/v2\/types\/product"}],"wp:featuredmedia":[{"embeddable":true,"href":"https:\/\/www.casadainjecao.com.br\/loja\/wp-json\/wp\/v2\/media\/26284"}],"wp:attachment":[{"href":"https:\/\/www.casadainjecao.com.br\/loja\/wp-json\/wp\/v2\/media?parent=26281"}],"wp:term":[{"taxonomy":"product_brand","embeddable":true,"href":"https:\/\/www.casadainjecao.com.br\/loja\/wp-json\/wp\/v2\/product_brand?post=26281"},{"taxonomy":"product_cat","embeddable":true,"href":"https:\/\/www.casadainjecao.com.br\/loja\/wp-json\/wp\/v2\/product_cat?post=26281"},{"taxonomy":"product_tag","embeddable":true,"href":"https:\/\/www.casadainjecao.com.br\/loja\/wp-json\/wp\/v2\/product_tag?post=26281"},{"taxonomy":"berocket_brand","embeddable":true,"href":"https:\/\/www.casadainjecao.com.br\/loja\/wp-json\/wp\/v2\/berocket_brand?post=26281"}],"curies":[{"name":"wp","href":"https:\/\/api.w.org\/{rel}","templated":true}]}}