{"id":26295,"date":"2023-08-23T11:49:55","date_gmt":"2023-08-23T14:49:55","guid":{"rendered":"https:\/\/www.casadainjecao.com.br\/loja\/?post_type=product&#038;p=26295"},"modified":"2023-10-02T14:49:48","modified_gmt":"2023-10-02T17:49:48","slug":"regulador-de-voltagem-bosch-gol-g5-polo-fox-bosch-1275105101","status":"publish","type":"product","link":"https:\/\/www.casadainjecao.com.br\/loja\/autopecas\/eletrica\/regulador-voltagem-alternador\/regulador-de-voltagem-bosch-gol-g5-polo-fox-bosch-1275105101\/","title":{"rendered":"Regulador Voltagem Bosch Gol G5 Polo Fox Bosch -1275105101"},"content":{"rendered":"<h1>Regulador de Voltagem<\/h1>\n<p><strong>Serve para Volskwagen modelos: Cross Fox, Fox, Gol, Golf, Parati, Polo, Space Fox, Saveiro, Voyage<\/strong><\/p>\n<p>O Regulador de Voltagem est\u00e1 vinculado ao sistema <a href=\"https:\/\/www.casadainjecao.com.br\/loja\/?s=1275105101&amp;product_cat=0&amp;post_type=product\">el\u00e9trico.<\/a><\/p>\n<h2><strong>APLICA\u00c7\u00c3O:\u00a0<\/strong><\/h2>\n<p><strong>VOLKSWAGEN:<\/strong><\/p>\n<ul>\n<li>Volkswagen Cross Fox (Fase I) 1.6 Total Flex &#8211; 2008 a 2009<\/li>\n<li>Volkswagen (Fase II) 1.6 Total Flex &#8211; 2009<\/li>\n<li>Volkswagen Fox (Fase I) 1.6 Total Flex &#8211; 2008 a 2009<\/li>\n<li>Volkswagen Fox (Fase II) 1.0 Total Flex &#8211; 2009 a 2014<\/li>\n<li>Volkswagen Fox 1.6 I Motion Total Flex &#8211; 2009<\/li>\n<li>Volkswagen Fox 1.6 Total Flex &#8211; 2009<\/li>\n<li>Volkswagen Gol II 1.0Mi 8v &#8211; 1996 a 1999<\/li>\n<li>Volkswagen Gol II Special 1.0Mi 8v &#8211; 1999 a 2005<\/li>\n<li>Volkswagen Gol III 1.0Mi &#8211; 1999 a 2005<\/li>\n<li>Volkswagen Gol III 1.0Mi 16v &#8211; 1999 a 2005<\/li>\n<li>Volkswagen Gol III 1.0Mi 16v &#8211; 2000 a 2003<\/li>\n<li>Volkswagen Gol III 1.0Mi Total Flex 2005<\/li>\n<li>Volkswagen Gol IV 1.0 2005 a 2008<\/li>\n<li>Volkswagen Gol IV 1.0 Total Flex &#8211; 2005 a 2013<\/li>\n<li>Volkswagen Gol IV 1.0 Ecomotion &#8211; 2010 a 2013<\/li>\n<li>Volkswagen Gol V 1.0 1.6 Total Flex &#8211; 2008 a 2012<\/li>\n<li>Volkswagen VI 1.0 Total Flex &#8211; 2012<\/li>\n<li>Volkswagen Gol VI 1.6 I-Motion Total Flex &#8211; 2012<\/li>\n<li>Volkswagen Gol VI 1.6 Total Flex &#8211; 2012<\/li>\n<li>Volkswagen Golf III 2.0Mi &#8211; 1994 a 1998<\/li>\n<li>Volkswagen Parati II 1.0Mi 16v &#8211; 1997 a 1999<\/li>\n<li>Volkswagen Parati III 1.0Mi 16v &#8211; 1999 a 2003<\/li>\n<li>Volkswagen Parati III 1.0Mi 16v &#8211; Turbo 2000 a 2004<\/li>\n<li>Volkswagen Polo 1.6 Total Flex &#8211; 2008<\/li>\n<li>Volkswagen Polo Sedan 1.6 Total Flex &#8211; 2008<\/li>\n<li>Volkswagen Saveiro V 1.6 Total Flex &#8211; 2009<\/li>\n<li>Volkswagen Space Cross 1.6 Total Flex &#8211; 2011<\/li>\n<li>Volkswagen Space Fox (Fase I) 1.6 Total Flex &#8211; 2008 a 2010<\/li>\n<li>Volkswagen Space Fox (Fase II) 1.6 Total Flex &#8211; 2010<\/li>\n<li>Volkswagen Voyage (Fase I) 1.6 &#8211; 1989 a 1993<\/li>\n<li>Volkswagen Voyage (Fase II) 1.0 Flex &#8211; 2012<\/li>\n<li>Volkswagen Voyage 1.0 Total Flex &#8211; 2008 a 2012<\/li>\n<li>Volkswagen Voyage 1.6 Flex &#8211; 2012<\/li>\n<li>Volkswagen Voyage 1.6 I Motion Flex &#8211; 2012<\/li>\n<li>Volkswagen Voyage 1.6 Total Flex &#8211; 2008 a 2012<\/li>\n<\/ul>\n<p>&nbsp;<\/p>\n<ul>\n<li><strong>IVECO:<\/strong><\/li>\n<li>Iveco Daily IV &#8211; 2006 a 2011<\/li>\n<li>Iveco Daily V &#8211; 2011 a 2014<\/li>\n<li>Iveco Daily VI &#8211; 2014<\/li>\n<\/ul>\n<p>&nbsp;<\/p>\n<ul>\n<li><strong>FIAT:<\/strong><\/li>\n<li>Fiat Uno (Fase III)<\/li>\n<li>Fiat Uno 1.4 Flex Start Stop 2014<\/li>\n<\/ul>\n<h3>O que \u00e9 e para que serve o Regulador de Voltagem?<\/h3>\n<p>O Regulador de Voltagem \u00e9 um componente el\u00e9trico que controla e mant\u00e9m a voltagem gerada pelo sistema de carga do ve\u00edculo, geralmente associado ao alternador. Sua fun\u00e7\u00e3o principal \u00e9 garantir que a voltagem fornecida ao sistema el\u00e9trico do ve\u00edculo seja mantida em um n\u00edvel adequado e constante, independentemente das varia\u00e7\u00f5es na velocidade do motor ou nas demandas el\u00e9tricas.<\/p>\n<h4>C\u00f3digo de refer\u00eancia:<\/h4>\n<p>1275105101<\/p>\n<h4>Condi\u00e7\u00f5es:<\/h4>\n<p>Novo Original \/ Marca Bosch<\/p>\n<h4>Garantia:<\/h4>\n<p>3 Meses<\/p>\n<p>A Casa da Inje\u00e7\u00e3o oferece total garantia nos produtos comprados em nosso site.<\/p>\n<ol>\n<li>Cada item \u00e9 rigorosamente testado antes do envio<\/li>\n<li>Se os itens estiverem danificados ou parcialmente defeituosos, entre em contato conosco.<\/li>\n<\/ol>\n<p>Se houver qualquer defeito, n\u00f3s lhe enviaremos uma substitui\u00e7\u00e3o ap\u00f3s receber o pacote ou devolvemos seu dinheiro.<\/p>\n<p>Leia nossa <a href=\"https:\/\/www.casadainjecao.com.br\/loja\/politica-de-devolucao\">pol\u00edtica de devolu\u00e7\u00e3o aqui<\/a><\/p>\n<p>&#8212;&#8212;&#8212;&#8212;&#8212;&#8212;&#8212;&#8212;&#8212;&#8212;&#8212;&#8212;&#8212;&#8212;&#8212;&#8212;&#8212;&#8212;&#8212;&#8211;<\/p>\n<p><strong>ATEN\u00c7\u00c3O<\/strong>: Antes de efetuar a compra verifique o c\u00f3digo do Regulador de Voltagem que est\u00e1 instalado no seu ve\u00edculo.<\/p>\n<p>O Regulador de Voltagem \u00e9 compat\u00edvel com as marcas: Cross Fox, Fox, Gol, Golf, Parati, Polo, Space Fox, Saveiro, Voyage, Daily, Uno.<\/p>\n<p>&#8212;&#8212;&#8212;&#8212;&#8212;&#8212;&#8212;&#8212;&#8212;&#8212;&#8212;&#8212;&#8212;&#8212;&#8212;&#8212;&#8212;&#8212;&#8212;&#8212;-<\/p>\n<h4>Tem alguma d\u00favida?<\/h4>\n<p>Entre em contato que podemos ajudar!<\/p>\n<p>Confira as informa\u00e7\u00f5es adicionais abaixo:<\/p>\n<ul>\n<li>Todos os nossos produtos s\u00e3o novos, semi-novos, originais, paralelos e possuem garantia.<\/li>\n<li>Todos os produtos anunciados est\u00e3o dispon\u00edveis em estoque e s\u00e3o enviados com extrema rapidez.<\/li>\n<li>O frete pode ser simulado antes de efetuar a compra, basta clicar em \u201cver custos de envio\u201d.<\/li>\n<li>Verifique o endere\u00e7o de entrega cadastrado e atualize caso necess\u00e1rio.<\/li>\n<li>Confirme se a pe\u00e7a \u00e9 correta para o seu modelo de ve\u00edculo.<\/li>\n<li>Para pe\u00e7as automotivas, recomendamos a instala\u00e7\u00e3o por um profissional especializado.<\/li>\n<\/ul>\n<p>Caso possua outras d\u00favidas, entre em contato.<\/p>\n<p>&nbsp;<\/p>\n<h1><\/h1>\n","protected":false},"excerpt":{"rendered":"<h1 class=\"ui-pdp-title\">Regulador Voltagem Bosch<\/h1>\n<h1 class=\"ui-pdp-title\">Volkswagen <strong>Cross Fox, Fox, Gol, Golf, Parati, Polo, Space Fox, Saveiro, Voyage<\/strong><\/h1>\n<h1 class=\"ui-pdp-title\"><strong>Iveco Daily<\/strong><\/h1>\n<h1>Fiat Uno<\/h1>\n<h1>Codigo: 1275105101<\/h1>\n","protected":false},"featured_media":26298,"template":"","meta":{"_seopress_robots_primary_cat":"none","_seopress_titles_title":"","_seopress_titles_desc":"","_seopress_robots_index":"","_joinchat":[]},"product_cat":[17,1522],"product_tag":[76,59,698,75,60],"berocket_brand":[396],"_links":{"self":[{"href":"https:\/\/www.casadainjecao.com.br\/loja\/wp-json\/wp\/v2\/product\/26295"}],"collection":[{"href":"https:\/\/www.casadainjecao.com.br\/loja\/wp-json\/wp\/v2\/product"}],"about":[{"href":"https:\/\/www.casadainjecao.com.br\/loja\/wp-json\/wp\/v2\/types\/product"}],"wp:featuredmedia":[{"embeddable":true,"href":"https:\/\/www.casadainjecao.com.br\/loja\/wp-json\/wp\/v2\/media\/26298"}],"wp:attachment":[{"href":"https:\/\/www.casadainjecao.com.br\/loja\/wp-json\/wp\/v2\/media?parent=26295"}],"wp:term":[{"taxonomy":"product_cat","embeddable":true,"href":"https:\/\/www.casadainjecao.com.br\/loja\/wp-json\/wp\/v2\/product_cat?post=26295"},{"taxonomy":"product_tag","embeddable":true,"href":"https:\/\/www.casadainjecao.com.br\/loja\/wp-json\/wp\/v2\/product_tag?post=26295"},{"taxonomy":"berocket_brand","embeddable":true,"href":"https:\/\/www.casadainjecao.com.br\/loja\/wp-json\/wp\/v2\/berocket_brand?post=26295"}],"curies":[{"name":"wp","href":"https:\/\/api.w.org\/{rel}","templated":true}]}}