{"id":26324,"date":"2023-08-25T17:06:13","date_gmt":"2023-08-25T20:06:13","guid":{"rendered":"https:\/\/www.casadainjecao.com.br\/loja\/?post_type=product&#038;p=26324"},"modified":"2026-03-11T13:45:03","modified_gmt":"2026-03-11T16:45:03","slug":"sonda-lambda-pos-chevrolet-cruze-1-8-flex-0258010065","status":"publish","type":"product","link":"https:\/\/www.casadainjecao.com.br\/loja\/autopecas\/injecao-eletronica\/sonda-lambda\/sonda-lambda-pos-chevrolet-cruze-1-8-flex-0258010065\/","title":{"rendered":"Sonda Lambda P\u00f3s Chevrolet Cruze Tracker &#8211; 0258010065"},"content":{"rendered":"<h2>SONDA LAMBDA \/ SENSOR DE OXIG\u00caNIO<\/h2>\n<p>P\u00d3S CATALISADOR<br \/>\nTIPO PLANAR<br \/>\nCONECTOR 4 PINOS<br \/>\nCOMPRIMENTO TOTAL DO 57CM<\/p>\n<p>Tipo de inje\u00e7\u00e3o: Eletr\u00f4nica<\/p>\n<p>Aplica\u00e7\u00e3o:<br \/>\nCRUZE 1.8 16V &#8211; 2012 2013 2014 2015 2016<br \/>\nSONIC 1.6 16V &#8211; 2012 2013 2014<br \/>\nTRACKER 1.8 16V &#8211; 2014 2015 2016<\/p>\n<p>Especifica\u00e7\u00f5es T\u00e9cnicas:<br \/>\n\u2013 Marca: TORKEN<br \/>\n\u2013 Condi\u00e7\u00e3o do item: N O V O<br \/>\n\u2013 Modelo: SONDA LAMBDA<br \/>\n\u2013 Cont\u00e9m\u00a0 1 sonda p\u00f3s catalisador<br \/>\n\u2013 Comprimento total do cabo 57cm<br \/>\n\u2013 4 pinos<br \/>\n\u2013 4 cabos<br \/>\n\u2013 4 fios (2 brancos, 1 preto, 1 cinza)<\/p>\n<h3>C\u00f3digo de Refer\u00eancia: &#8211; ESL065, MRMK2906, 55562206, 0258986729, 0258010065, 0258010067<\/h3>\n<h4><strong>Garantia:<\/strong><\/h4>\n<p>3 Meses<strong>\u00a0<\/strong><\/p>\n<h3>ATEN\u00c7\u00c3O: Antes de efetuar a compra verifique o c\u00f3digo da sua pe\u00e7a que est\u00e1 instalada no seu ve\u00edculo.<\/h3>\n<p>A Casa da Inje\u00e7\u00e3o oferece total garantia nos produtos comprados em nosso site.<\/p>\n<ol>\n<li>Cada item \u00e9 rigorosamente testado antes do envio<\/li>\n<li>Se os itens estiverem danificados ou parcialmente defeituosos, entre em contato conosco.<\/li>\n<\/ol>\n<p>Se houver qualquer defeito, n\u00f3s lhe enviaremos uma substitui\u00e7\u00e3o ap\u00f3s receber o pacote ou devolvemos seu dinheiro.<\/p>\n<p>Leia nossa\u00a0<a href=\"https:\/\/www.casadainjecao.com.br\/loja\/politica-de-devolucao\">pol\u00edtica de devolu\u00e7\u00e3o aqui<\/a><\/p>\n<p>\u2014\u2014\u2014\u2014\u2014\u2014\u2014\u2014\u2014\u2014\u2014\u2014\u2014\u2014\u2014\u2014\u2014\u2014\u2014\u2013<\/p>\n<p><strong>Tem alguma d\u00favida?<\/strong><\/p>\n<p>Entre em contato que podemos ajudar!<\/p>\n<p>Confira as informa\u00e7\u00f5es adicionais abaixo:<\/p>\n<ul>\n<li>Todos os nossos produtos s\u00e3o novos, semi-novos, originais e paralelos possuem garantia.<\/li>\n<li>Todos os produtos anunciados est\u00e3o dispon\u00edveis em estoque e s\u00e3o enviados com extrema rapidez.<\/li>\n<li>O frete pode ser simulado antes de efetuar a compra, basta clicar em \u201cver custos de envio\u201d.<\/li>\n<li>Verifique o endere\u00e7o de entrega cadastrado e atualize caso necess\u00e1rio.<\/li>\n<li>Confirme se a pe\u00e7a \u00e9 correta para o seu modelo de ve\u00edculo.<\/li>\n<li>Para pe\u00e7as automotivas, recomendamos a instala\u00e7\u00e3o por um profissional especializado.<\/li>\n<\/ul>\n<p>Caso possua outras d\u00favidas, entre em contato.<\/p>\n<p>&nbsp;<\/p>\n","protected":false},"excerpt":{"rendered":"<h2>Sonda Lambda P\u00f3s Chevrolet Cruze Tracker 1.8 16V- 0258010065<\/h2>\n<p>&nbsp;<\/p>\n","protected":false},"featured_media":28329,"template":"","meta":{"_seopress_robots_primary_cat":"none","_seopress_titles_title":"","_seopress_titles_desc":"","_seopress_robots_index":"","_joinchat":[]},"product_cat":[21,270],"product_tag":[847,110],"berocket_brand":[381],"_links":{"self":[{"href":"https:\/\/www.casadainjecao.com.br\/loja\/wp-json\/wp\/v2\/product\/26324"}],"collection":[{"href":"https:\/\/www.casadainjecao.com.br\/loja\/wp-json\/wp\/v2\/product"}],"about":[{"href":"https:\/\/www.casadainjecao.com.br\/loja\/wp-json\/wp\/v2\/types\/product"}],"wp:featuredmedia":[{"embeddable":true,"href":"https:\/\/www.casadainjecao.com.br\/loja\/wp-json\/wp\/v2\/media\/28329"}],"wp:attachment":[{"href":"https:\/\/www.casadainjecao.com.br\/loja\/wp-json\/wp\/v2\/media?parent=26324"}],"wp:term":[{"taxonomy":"product_cat","embeddable":true,"href":"https:\/\/www.casadainjecao.com.br\/loja\/wp-json\/wp\/v2\/product_cat?post=26324"},{"taxonomy":"product_tag","embeddable":true,"href":"https:\/\/www.casadainjecao.com.br\/loja\/wp-json\/wp\/v2\/product_tag?post=26324"},{"taxonomy":"berocket_brand","embeddable":true,"href":"https:\/\/www.casadainjecao.com.br\/loja\/wp-json\/wp\/v2\/berocket_brand?post=26324"}],"curies":[{"name":"wp","href":"https:\/\/api.w.org\/{rel}","templated":true}]}}