{"id":26355,"date":"2023-08-29T12:14:39","date_gmt":"2023-08-29T15:14:39","guid":{"rendered":"https:\/\/www.casadainjecao.com.br\/loja\/?post_type=product&#038;p=26355"},"modified":"2024-06-24T11:55:07","modified_gmt":"2024-06-24T14:55:07","slug":"cinto-de-seguranca-renault-kangoo-8200139127","status":"publish","type":"product","link":"https:\/\/www.casadainjecao.com.br\/loja\/autopecas\/interior\/cinto-de-seguranca\/cinto-de-seguranca-renault-kangoo-8200139127\/","title":{"rendered":"Cinto de Seguran\u00e7a Dianteiro Esquerdo Renault Kangoo Expres"},"content":{"rendered":"<h2>Cinto de Seguran\u00e7a Dianteiro Esquerdo<\/h2>\n<h3>Serve Para Renault modelos Kangoo, Kangoo Express<\/h3>\n<p>O Cinto de Seguran\u00e7a Dianteiro Esquerdo est\u00e1 vinculado com sistema de <a href=\"https:\/\/www.casadainjecao.com.br\/loja\/?s=trava+cinto+de+seguran%C3%A7a&amp;product_cat=0&amp;post_type=product\">cinto de seguran\u00e7a<\/a> de um ve\u00edculo.<\/p>\n<ul>\n<li><strong>RENAULT<\/strong><\/li>\n<li>Kangoo RN, RT, RL, Sportway, Authentique, Expression, Sportway (flex) &#8211; 1.0 8v 1.0 16v 1.6 8v 1.6 16v &#8211; 1997 a 2018<\/li>\n<li>Kangoo Express RL,RL (hi flex), Authentique, Express (flex) &#8211; 1.0 8v 1.0 16v 1.6 8v 1.6 16v &#8211; 1997 a 2018<\/li>\n<\/ul>\n<h3><span style=\"font-size: 16px;\">O que \u00e9<\/span> e para que serve o Cinto de Seguran\u00e7a Dianteiro Esquerdo?<\/h3>\n<p>O cinto de seguran\u00e7a \u00e9 um dispositivo criado para proteger motoristas e passageiros de poss\u00edveis impactos violentos no interior do carro.<\/p>\n<h3><strong>C\u00f3digo refer\u00eancia<\/strong>:<\/h3>\n<h3>\u00a0868852779r, 8200139127<\/h3>\n<h4>Condi\u00e7\u00f5es:<\/h4>\n<p>Novo Original \/ Marca Renault<\/p>\n<h4>Garantia:<\/h4>\n<p>3 Meses<\/p>\n<p>A Casa da Inje\u00e7\u00e3o oferece total garantia nos produtos comprados em nosso site.<\/p>\n<ol>\n<li>Cada item \u00e9 rigorosamente testado antes do envio<\/li>\n<li>Se os itens estiverem danificados ou parcialmente defeituosos, entre em contato conosco.<\/li>\n<\/ol>\n<p>Se houver qualquer defeito, n\u00f3s lhe enviaremos uma substitui\u00e7\u00e3o ap\u00f3s receber o pacote ou devolvemos seu dinheiro.<\/p>\n<p>Leia nossa <a href=\"https:\/\/www.casadainjecao.com.br\/loja\/politica-de-devolucao\">pol\u00edtica de devolu\u00e7\u00e3o aqui<\/a><\/p>\n<p>&#8212;&#8212;&#8212;&#8212;&#8212;&#8212;&#8212;&#8212;&#8212;&#8212;&#8212;&#8212;&#8212;&#8212;&#8212;&#8212;&#8212;&#8212;&#8212;&#8211;<\/p>\n<p><strong>ATEN\u00c7\u00c3O<\/strong>: Antes de efetuar a compra verifique o c\u00f3digo do Cinto de Seguran\u00e7a Dianteiro Esquerdo que est\u00e1 instalado no seu ve\u00edculo.<\/p>\n<p>O Cinto de Seguran\u00e7a Dianteiro esquerdo \u00e9 compat\u00edvel com as marcas Renault Kagoo,\u00a0 Kangoo Express<\/p>\n<p>&#8212;&#8212;&#8212;&#8212;&#8212;&#8212;&#8212;&#8212;&#8212;&#8212;&#8212;&#8212;&#8212;&#8212;&#8212;&#8212;&#8212;&#8212;&#8212;&#8212;-<\/p>\n<h4>Tem alguma d\u00favida?<\/h4>\n<p>Entre em contato que podemos ajudar!<\/p>\n<p>Confira as informa\u00e7\u00f5es adicionais abaixo:<\/p>\n<ul>\n<li>Todos os nossos produtos s\u00e3o novos, semi-novos, originais, paralelos e possuem garantia.<\/li>\n<li>Todos os produtos anunciados est\u00e3o dispon\u00edveis em estoque e s\u00e3o enviados com extrema rapidez.<\/li>\n<li>O frete pode ser simulado antes de efetuar a compra, basta clicar em \u201cver custos de envio\u201d.<\/li>\n<li>Verifique o endere\u00e7o de entrega cadastrado e atualize caso necess\u00e1rio.<\/li>\n<li>Confirme se a pe\u00e7a \u00e9 correta para o seu modelo de ve\u00edculo.<\/li>\n<li>Para pe\u00e7as automotivas, recomendamos a instala\u00e7\u00e3o por um profissional especializado.<\/li>\n<\/ul>\n<p>Caso possua outras d\u00favidas, entre em contato.<\/p>\n<p>&nbsp;<\/p>\n<p>&nbsp;<\/p>\n","protected":false},"excerpt":{"rendered":"<h1>Cinto de Seguran\u00e7a Dianteiro Lado Esquerdo<\/h1>\n<h1>Renault Kangoo Express<\/h1>\n<h1>Renault Kangoo<\/h1>\n<h1>C\u00f3digo: 868852779r, 8200139127<\/h1>\n<h2><\/h2>\n<h2><\/h2>\n<h2><\/h2>\n","protected":false},"featured_media":26362,"template":"","meta":{"_seopress_robots_primary_cat":"none","_seopress_titles_title":"","_seopress_titles_desc":"","_seopress_robots_index":"","_joinchat":[]},"product_cat":[358,24],"product_tag":[1886,402],"berocket_brand":[394],"_links":{"self":[{"href":"https:\/\/www.casadainjecao.com.br\/loja\/wp-json\/wp\/v2\/product\/26355"}],"collection":[{"href":"https:\/\/www.casadainjecao.com.br\/loja\/wp-json\/wp\/v2\/product"}],"about":[{"href":"https:\/\/www.casadainjecao.com.br\/loja\/wp-json\/wp\/v2\/types\/product"}],"wp:featuredmedia":[{"embeddable":true,"href":"https:\/\/www.casadainjecao.com.br\/loja\/wp-json\/wp\/v2\/media\/26362"}],"wp:attachment":[{"href":"https:\/\/www.casadainjecao.com.br\/loja\/wp-json\/wp\/v2\/media?parent=26355"}],"wp:term":[{"taxonomy":"product_cat","embeddable":true,"href":"https:\/\/www.casadainjecao.com.br\/loja\/wp-json\/wp\/v2\/product_cat?post=26355"},{"taxonomy":"product_tag","embeddable":true,"href":"https:\/\/www.casadainjecao.com.br\/loja\/wp-json\/wp\/v2\/product_tag?post=26355"},{"taxonomy":"berocket_brand","embeddable":true,"href":"https:\/\/www.casadainjecao.com.br\/loja\/wp-json\/wp\/v2\/berocket_brand?post=26355"}],"curies":[{"name":"wp","href":"https:\/\/api.w.org\/{rel}","templated":true}]}}