{"id":26368,"date":"2023-08-30T14:18:46","date_gmt":"2023-08-30T17:18:46","guid":{"rendered":"https:\/\/www.casadainjecao.com.br\/loja\/?post_type=product&#038;p=26368"},"modified":"2025-08-22T11:03:56","modified_gmt":"2025-08-22T14:03:56","slug":"valvula-do-ar-quente-chevrolet-s10-blaser-087115","status":"publish","type":"product","link":"https:\/\/www.casadainjecao.com.br\/loja\/autopecas\/motor\/valvulas\/valvula-do-ar-quente-chevrolet-s10-blaser-087115\/","title":{"rendered":"V\u00e1lvula do Ar Quente Chevrolet S10 Blaser &#8211; 087115"},"content":{"rendered":"<h1 class=\"fbits-produto-nome prodTitle title\" data-componente-fbits-id=\"28\" data-componente-fbits-config=\"\">V\u00e1lvula do Ar Quente<\/h1>\n<h3>Serve Para Chevrolet modelos: Blazer, S10<\/h3>\n<p>A V\u00e1lvula do Ar Quente est\u00e1 vinculada com sistema de <a href=\"https:\/\/www.casadainjecao.com.br\/loja\/?s=valvula+de+ar+quente&amp;product_cat=0&amp;post_type=product\">motor<\/a> e <a href=\"https:\/\/www.casadainjecao.com.br\/loja\/?s=radiador&amp;product_cat=0&amp;post_type=product\">radiador.<\/a><\/p>\n<h2>Aplica\u00e7\u00e3o:<\/h2>\n<p class=\"fbits-produto-nome prodTitle title\" data-componente-fbits-id=\"28\"><strong>Chevrolet <\/strong><\/p>\n<ul>\n<li class=\"fbits-produto-nome prodTitle title\" data-componente-fbits-id=\"28\">Blazer 1995 a 2015<\/li>\n<li class=\"fbits-produto-nome prodTitle title\" data-componente-fbits-id=\"28\">Blazer 2.4 MPFI<\/li>\n<li class=\"fbits-produto-nome prodTitle title\" data-componente-fbits-id=\"28\">Blazer 4.3 SFI v6 12v\u00a0 &#8211; executive, jimmy 1993 a 1995<\/li>\n<li class=\"fbits-produto-nome prodTitle title\" data-componente-fbits-id=\"28\">Blazer 4.3 v6 DLX 1996<\/li>\n<li class=\"fbits-produto-nome prodTitle title\" data-componente-fbits-id=\"28\">Blazer 4.3 v6 executive 1997<\/li>\n<li class=\"fbits-produto-nome prodTitle title\" data-componente-fbits-id=\"28\">Blazer 2.5 DLX, STD &#8211; 1997 a 2000<\/li>\n<li class=\"fbits-produto-nome prodTitle title\" data-componente-fbits-id=\"28\">Blazer 2.8 Intercooler, DLX 2000<\/li>\n<\/ul>\n<div class=\"nectar-sticky-prod-wrap\">\n<div class=\"span_7 col col_last single-product-summary\">\n<div class=\"theiaStickySidebar\">\n<div class=\"woocommerce-tabs wc-tabs-wrapper \" data-tab-style=\"in_sidebar\">\n<div id=\"tab-description\" class=\"woocommerce-Tabs-panel woocommerce-Tabs-panel--description panel entry-content wc-tab\" role=\"tabpanel\" aria-labelledby=\"tab-title-description\">\n<p><strong>Chevrolet <\/strong><\/p>\n<ul>\n<li>S10 2.4 8v CD, Redeio &#8211; 2001<\/li>\n<li>S10 2.8 Intercooler, STD &#8211; 2000<\/li>\n<li>S10 4.3 v6 Luxe 1997 a 2000<\/li>\n<li>S10 8v CD 2001<\/li>\n<li>S10 HST, Luxe &#8211; 1996 a 2000<\/li>\n<li>S10 Intercooler Luxe, DLX &#8211; 1997 a 2000<\/li>\n<li>S10 2.8 Intercooler, STD &#8211; 2000<\/li>\n<li>S10 4.3 v6 Luxe &#8211; 1997 a 2000<\/li>\n<li>S10 2.5\u00a0 Maxion, HS, HST , Luxe, STD &#8211; 1996 a 2000<\/li>\n<li>S10 2.8 Intercooler<\/li>\n<\/ul>\n<\/div>\n<\/div>\n<\/div>\n<\/div>\n<\/div>\n<h3><span style=\"font-size: 16px;\">O que \u00e9<\/span> e para que serve a V\u00e1lvula Ar Quente?<\/h3>\n<p>A V\u00e1lvula de ar quente funciona como um interruptor, que libera e bloqueia a entrada do l\u00edquido de arrefecimento do motor ao radiador na caixa de ventila\u00e7\u00e3o.<\/p>\n<p class=\"fbits-produto-nome prodTitle title\" data-componente-fbits-id=\"28\"><strong>C\u00f3digo: <\/strong><\/p>\n<p class=\"fbits-produto-nome prodTitle title\" data-componente-fbits-id=\"28\">087115<\/p>\n<h4>Condi\u00e7\u00f5es:<\/h4>\n<p>Novo Original \/ Marca AJE<\/p>\n<h4>Garantia:<\/h4>\n<p>3 Meses<\/p>\n<p>A Casa da Inje\u00e7\u00e3o oferece total garantia nos produtos comprados em nosso site.<\/p>\n<ol>\n<li>Cada item \u00e9 rigorosamente testado antes do envio<\/li>\n<li>Se os itens estiverem danificados ou parcialmente defeituosos, entre em contato conosco.<\/li>\n<\/ol>\n<p>Se houver qualquer defeito, n\u00f3s lhe enviaremos uma substitui\u00e7\u00e3o ap\u00f3s receber o pacote ou devolvemos seu dinheiro.<\/p>\n<p>Leia nossa <a href=\"https:\/\/www.casadainjecao.com.br\/loja\/politica-de-devolucao\">pol\u00edtica de devolu\u00e7\u00e3o aqui<\/a><\/p>\n<p>&#8212;&#8212;&#8212;&#8212;&#8212;&#8212;&#8212;&#8212;&#8212;&#8212;&#8212;&#8212;&#8212;&#8212;&#8212;&#8212;&#8212;&#8212;&#8212;&#8211;<\/p>\n<p><strong>ATEN\u00c7\u00c3O<\/strong>: Antes de efetuar a compra verifique o c\u00f3digo da V\u00e1lvula de Ar Quente que est\u00e1 instalado no seu ve\u00edculo.<\/p>\n<p>A V\u00e1lvula de Ar Quente \u00e9 compat\u00edvel com as marcas Chevrolet Blazer e S10.<\/p>\n<p>&#8212;&#8212;&#8212;&#8212;&#8212;&#8212;&#8212;&#8212;&#8212;&#8212;&#8212;&#8212;&#8212;&#8212;&#8212;&#8212;&#8212;&#8212;&#8212;&#8212;-<\/p>\n<h4>Tem alguma d\u00favida?<\/h4>\n<p>Entre em contato que podemos ajudar!<\/p>\n<p>Confira as informa\u00e7\u00f5es adicionais abaixo:<\/p>\n<ul>\n<li>Todos os nossos produtos s\u00e3o novos, semi-novos, originais, paralelos e possuem garantia.<\/li>\n<li>Todos os produtos anunciados est\u00e3o dispon\u00edveis em estoque e s\u00e3o enviados com extrema rapidez.<\/li>\n<li>O frete pode ser simulado antes de efetuar a compra, basta clicar em \u201cver custos de envio\u201d.<\/li>\n<li>Verifique o endere\u00e7o de entrega cadastrado e atualize caso necess\u00e1rio.<\/li>\n<li>Confirme se a pe\u00e7a \u00e9 correta para o seu modelo de ve\u00edculo.<\/li>\n<li>Para pe\u00e7as automotivas, recomendamos a instala\u00e7\u00e3o por um profissional especializado.<\/li>\n<\/ul>\n<p>Caso possua outras d\u00favidas, entre em contato.<\/p>\n","protected":false},"excerpt":{"rendered":"<h2>V\u00e1lvula do Ar Quente Chevrolet &#8211; S10 Blazer<\/h2>\n<h2>c\u00f3digo refer\u00eancia:<\/h2>\n<h2>087115<\/h2>\n","protected":false},"featured_media":26372,"template":"","meta":{"_seopress_robots_primary_cat":"none","_seopress_titles_title":"","_seopress_titles_desc":"","_seopress_robots_index":"","_joinchat":[]},"product_cat":[22,244],"product_tag":[1641,1391],"berocket_brand":[381],"_links":{"self":[{"href":"https:\/\/www.casadainjecao.com.br\/loja\/wp-json\/wp\/v2\/product\/26368"}],"collection":[{"href":"https:\/\/www.casadainjecao.com.br\/loja\/wp-json\/wp\/v2\/product"}],"about":[{"href":"https:\/\/www.casadainjecao.com.br\/loja\/wp-json\/wp\/v2\/types\/product"}],"wp:featuredmedia":[{"embeddable":true,"href":"https:\/\/www.casadainjecao.com.br\/loja\/wp-json\/wp\/v2\/media\/26372"}],"wp:attachment":[{"href":"https:\/\/www.casadainjecao.com.br\/loja\/wp-json\/wp\/v2\/media?parent=26368"}],"wp:term":[{"taxonomy":"product_cat","embeddable":true,"href":"https:\/\/www.casadainjecao.com.br\/loja\/wp-json\/wp\/v2\/product_cat?post=26368"},{"taxonomy":"product_tag","embeddable":true,"href":"https:\/\/www.casadainjecao.com.br\/loja\/wp-json\/wp\/v2\/product_tag?post=26368"},{"taxonomy":"berocket_brand","embeddable":true,"href":"https:\/\/www.casadainjecao.com.br\/loja\/wp-json\/wp\/v2\/berocket_brand?post=26368"}],"curies":[{"name":"wp","href":"https:\/\/api.w.org\/{rel}","templated":true}]}}