{"id":26452,"date":"2023-09-06T15:31:13","date_gmt":"2023-09-06T18:31:13","guid":{"rendered":"https:\/\/www.casadainjecao.com.br\/loja\/?post_type=product&#038;p=26452"},"modified":"2023-09-15T09:25:22","modified_gmt":"2023-09-15T12:25:22","slug":"sensor-rotacao-kia-soul-cerato-hyundai-veloster-39180-2b000","status":"publish","type":"product","link":"https:\/\/www.casadainjecao.com.br\/loja\/autopecas\/motor\/sensores-motor\/sensor-rotacao-kia-soul-cerato-hyundai-veloster-39180-2b000\/","title":{"rendered":"Sensor Rota\u00e7\u00e3o Kia Soul Cerato Hyundai Veloster &#8211; 39"},"content":{"rendered":"<h2>Sensor Rota\u00e7\u00e3o<\/h2>\n<h3>Serve Para Hyundai, Kia,\u00a0 Soul, Cerato, Veloster, HB20<\/h3>\n<p>O Sensor de Rota\u00e7\u00e3o est\u00e1 vinculado com o sistema de\u00a0 <a href=\"https:\/\/www.casadainjecao.com.br\/loja\/categoria-autopecas\/injecao-eletronica\/sensor-de-rotacao\/\">Inje\u00e7\u00e3o Eletr\u00f4nica<\/a><\/p>\n<h3>APLICA\u00c7\u00c3O:<\/h3>\n<p>Sensor Rota\u00e7\u00e3o\u00a0\u00e9 compat\u00edvel com os seguintes ve\u00edculos<\/p>\n<p>Hyundai<\/p>\n<ol>\n<li>HB20 1.6 16V<\/li>\n<li>Hyundai\u00a0Accent 2012 \u00e0 2014<\/li>\n<li>Hyundai\u00a0Elantra 2011 \u00e0 2014<\/li>\n<li>Hyundai\u00a0Tucson 2014 \u00e0 2015<\/li>\n<li>Hyundai\u00a0Veloster 2012 \u00e0 2014<\/li>\n<\/ol>\n<p>Kia<\/p>\n<ul>\n<li>Kia Cerato 1.6 16V<\/li>\n<li>Kia Dodge Atitude 2011 \u00e0 2012<\/li>\n<li>Kia Forte 2014 em diante<\/li>\n<li>Kia Rio 2012 \u00e0 2014<\/li>\n<li>Kia Soul 2010 \u00e0 2014<\/li>\n<li>Kia Sportage 2.0 16V 2012 em diante<\/li>\n<\/ul>\n<h3>O que \u00e9 e para que serve o Sensor Rota\u00e7\u00e3o?<\/h3>\n<p>O sensor de rota\u00e7\u00e3o, tamb\u00e9m conhecido como sensor de posi\u00e7\u00e3o do virabrequim (ou CKP &#8211; Crankshaft Position Sensor em ingl\u00eas), est\u00e1 vinculado ao sistema de gerenciamento do motor de um carro. Esse sensor \u00e9 respons\u00e1vel por monitorar a rota\u00e7\u00e3o do virabrequim do motor, ou seja, ele determina a posi\u00e7\u00e3o e a velocidade de rota\u00e7\u00e3o do virabrequim.<\/p>\n<h4>C\u00f3digo de refer\u00eancia:<\/h4>\n<h4>39180-2B000, 391802b000, 706032<\/h4>\n<h4>Condi\u00e7\u00f5es:<\/h4>\n<p>Novo \/ Marca Torken<\/p>\n<ul>\n<li>Conector: 2 Pinos<\/li>\n<li>Cabo: 37 cm<\/li>\n<\/ul>\n<h4>Garantia:<\/h4>\n<p>3 Meses<\/p>\n<p>A Casa da Inje\u00e7\u00e3o oferece total garantia nos produtos comprados em nosso site.<\/p>\n<ol>\n<li>Cada item \u00e9 rigorosamente testado antes do envio<\/li>\n<li>Se os itens estiverem danificados ou parcialmente defeituosos, entre em contato conosco.<\/li>\n<\/ol>\n<p>Se houver qualquer defeito, n\u00f3s lhe enviaremos uma substitui\u00e7\u00e3o ap\u00f3s receber o pacote ou devolvemos seu dinheiro.<\/p>\n<p>Leia nossa\u00a0<a href=\"https:\/\/www.casadainjecao.com.br\/loja\/politica-de-devolucao\">pol\u00edtica de devolu\u00e7\u00e3o aqui<\/a><\/p>\n<p>\u2014\u2014\u2014\u2014\u2014\u2014\u2014\u2014\u2014\u2014\u2014\u2014\u2014\u2014\u2014\u2014\u2014\u2014\u2014\u2013<\/p>\n<p><strong>ATEN\u00c7\u00c3O<\/strong>: Antes de efetuar a compra verifique o c\u00f3digo do Sensor de Rota\u00e7\u00e3o que est\u00e1 instalado no seu ve\u00edculo.<\/p>\n<p>O sensor de Rota\u00e7\u00e3o \u00e9 compat\u00edvel com as marcas , Hyundai e Kia, entre eles HB20, Cerato, tucson, Soul<\/p>\n<p>\u2014\u2014\u2014\u2014\u2014\u2014\u2014\u2014\u2014\u2014\u2014\u2014\u2014\u2014\u2014\u2014\u2014\u2014\u2014\u2014-<\/p>\n<h4>Tem alguma d\u00favida?<\/h4>\n<p>Entre em contato que podemos ajudar!<\/p>\n<p>Confira as informa\u00e7\u00f5es adicionais abaixo:<\/p>\n<ul>\n<li>Todos os nossos produtos s\u00e3o novos, semi-novos, originais e paralelos possuem garantia.<\/li>\n<li>Todos os produtos anunciados est\u00e3o dispon\u00edveis em estoque e s\u00e3o enviados com extrema rapidez.<\/li>\n<li>O frete pode ser simulado antes de efetuar a compra, basta clicar em \u201cver custos de envio\u201d.<\/li>\n<li>Verifique o endere\u00e7o de entrega cadastrado e atualize caso necess\u00e1rio.<\/li>\n<li>Confirme se a pe\u00e7a \u00e9 correta para o seu modelo de ve\u00edculo.<\/li>\n<li>Para pe\u00e7as automotivas, recomendamos a instala\u00e7\u00e3o por um profissional especializado.<\/li>\n<\/ul>\n<p>Caso possua outras d\u00favidas, entre em contato.<\/p>\n","protected":false},"excerpt":{"rendered":"<h2>Sensor Rota\u00e7\u00e3o Kia Soul Cerato Hyundai Veloster &#8211; 39180-2B000<\/h2>\n","protected":false},"featured_media":26455,"template":"","meta":{"_seopress_robots_primary_cat":"none","_seopress_titles_title":"","_seopress_titles_desc":"","_seopress_robots_index":"","_joinchat":[]},"product_cat":[21,22,1322,241],"product_tag":[1342,758,1889,1890,316,759,696,1340,1891],"berocket_brand":[386,388],"_links":{"self":[{"href":"https:\/\/www.casadainjecao.com.br\/loja\/wp-json\/wp\/v2\/product\/26452"}],"collection":[{"href":"https:\/\/www.casadainjecao.com.br\/loja\/wp-json\/wp\/v2\/product"}],"about":[{"href":"https:\/\/www.casadainjecao.com.br\/loja\/wp-json\/wp\/v2\/types\/product"}],"wp:featuredmedia":[{"embeddable":true,"href":"https:\/\/www.casadainjecao.com.br\/loja\/wp-json\/wp\/v2\/media\/26455"}],"wp:attachment":[{"href":"https:\/\/www.casadainjecao.com.br\/loja\/wp-json\/wp\/v2\/media?parent=26452"}],"wp:term":[{"taxonomy":"product_cat","embeddable":true,"href":"https:\/\/www.casadainjecao.com.br\/loja\/wp-json\/wp\/v2\/product_cat?post=26452"},{"taxonomy":"product_tag","embeddable":true,"href":"https:\/\/www.casadainjecao.com.br\/loja\/wp-json\/wp\/v2\/product_tag?post=26452"},{"taxonomy":"berocket_brand","embeddable":true,"href":"https:\/\/www.casadainjecao.com.br\/loja\/wp-json\/wp\/v2\/berocket_brand?post=26452"}],"curies":[{"name":"wp","href":"https:\/\/api.w.org\/{rel}","templated":true}]}}