{"id":26498,"date":"2023-09-18T17:22:15","date_gmt":"2023-09-18T20:22:15","guid":{"rendered":"https:\/\/www.casadainjecao.com.br\/loja\/?post_type=product&#038;p=26498"},"modified":"2025-09-08T12:58:22","modified_gmt":"2025-09-08T15:58:22","slug":"valvula-pcv-cabecote-fiat-palio-idea-toro-e-torq-original-55224541","status":"publish","type":"product","link":"https:\/\/www.casadainjecao.com.br\/loja\/autopecas\/motor\/cabecotes\/valvula-pcv-cabecote-fiat-palio-idea-toro-e-torq-original-55224541\/","title":{"rendered":"V\u00e1lvula Pcv Cabe\u00e7ote Fiat Palio Idea Toro E-torq Original "},"content":{"rendered":"<h2>V\u00e1lvula Controle Cabe\u00e7ote<\/h2>\n<h3>Para Fiat, modelos Palio, Idea, Toro, Bravo,<\/h3>\n<p>A V\u00e1lvula Controle Cabe\u00e7ote\u00a0 est\u00e1 vinculado com o sistema de <a href=\"https:\/\/www.casadainjecao.com.br\/loja\/categoria-autopecas\/motor\/\">Motor<\/a><\/p>\n<p>&nbsp;<\/p>\n<ul>\n<li>\n<h3>APLICA\u00c7\u00c3O:<\/h3>\n<\/li>\n<li>FIAT<\/li>\n<li>Fiat BRAVO 2011 a\u00a0 2015<\/li>\n<li>Fiat BRAVO FASE 1 2016 a 2016<\/li>\n<li>Fiat GRAND SIENA 2012 Diante<\/li>\n<li>Fiat IDEA FASE 1 2011 a 2016<\/li>\n<li>Fiat LINEA 2009 a 2014<\/li>\n<li>Fiat\u00a0 LINEA FASE 1 2015 a 2016<\/li>\n<li>Fiat NOVO PALIO 2012 a 2017<\/li>\n<li>Fiat PALIO FASE 3 2008 a 2012<\/li>\n<li>Fiat PALIO WEEKEND FASE 3 2008 a 2012<\/li>\n<li>Fiat PALIO WEEKEND FASE 4 2013 Diante<\/li>\n<li>Fiat PUNTO 2008 a 2012<\/li>\n<li>Fiat PUNTO FASE 1 2013 a 2017<\/li>\n<li>Fiat SIENA FASE 3 2008 a 2012<\/li>\n<li>Fiat SIENA FASE 4 2013\u00a0 a\u00a0 2017<\/li>\n<li>Fiat STRADA FASE 3 2008 a 2012<\/li>\n<li>Fiat STRADA FASE 4 2013 Diante<\/li>\n<li>Fiat TORO 2016 Diante<\/li>\n<\/ul>\n<h3>A v\u00e1lvula PCV localizada no cabe\u00e7ote do motor \u00e9 um componente importante que regula a ventila\u00e7\u00e3o dos gases do c\u00e1rter, reduzindo a press\u00e3o interna, prevenindo a polui\u00e7\u00e3o do meio ambiente e contribuindo para a efici\u00eancia e durabilidade do motor de um ve\u00edculo.<\/h3>\n<h4>C\u00f3digo de refer\u00eancia:<\/h4>\n<p>55224541<\/p>\n<p>&nbsp;<\/p>\n<h4>Condi\u00e7\u00f5es:<\/h4>\n<p>Novo Original \/ Marca Fiat Mopar<\/p>\n<h4>Garantia:<\/h4>\n<p>3 Meses<\/p>\n<p>A Casa da Inje\u00e7\u00e3o oferece total garantia nos produtos comprados em nosso site.<\/p>\n<ol>\n<li>Cada item \u00e9 rigorosamente testado antes do envio<\/li>\n<li>Se os itens estiverem danificados ou parcialmente defeituosos, entre em contato conosco.<\/li>\n<\/ol>\n<p>Se houver qualquer defeito, n\u00f3s lhe enviaremos uma substitui\u00e7\u00e3o ap\u00f3s receber o pacote ou devolvemos seu dinheiro.<\/p>\n<p>Leia nossa <a href=\"https:\/\/www.casadainjecao.com.br\/loja\/politica-de-devolucao\">pol\u00edtica de devolu\u00e7\u00e3o aqui<\/a><\/p>\n<p>&#8212;&#8212;&#8212;&#8212;&#8212;&#8212;&#8212;&#8212;&#8212;&#8212;&#8212;&#8212;&#8212;&#8212;&#8212;&#8212;&#8212;&#8212;&#8212;&#8211;<\/p>\n<h4><strong>ATEN\u00c7\u00c3O<\/strong>: Antes de efetuar a compra verifique o c\u00f3digo da V\u00e1lvula Controle Cabe\u00e7ote que est\u00e1 instalado no seu ve\u00edculo.<\/h4>\n<p>V\u00e1lvula Controle Cabe\u00e7ote \u00e9 compat\u00edvel com as marcas Fiat, Toro,\u00a0 Punto, Strada,\u00a0 Bravo, Idea, Palio<\/p>\n<p>&#8212;&#8212;&#8212;&#8212;&#8212;&#8212;&#8212;&#8212;&#8212;&#8212;&#8212;&#8212;&#8212;&#8212;&#8212;&#8212;&#8212;&#8212;&#8212;&#8212;-<\/p>\n<h4>Tem alguma d\u00favida?<\/h4>\n<p>Entre em contato que podemos ajudar!<\/p>\n<p>Confira as informa\u00e7\u00f5es adicionais abaixo:<\/p>\n<ul>\n<li>Todos os nossos produtos s\u00e3o novos, originais e possuem garantia.<\/li>\n<li>Todos os produtos anunciados est\u00e3o dispon\u00edveis em estoque e s\u00e3o enviados com extrema rapidez.<\/li>\n<li>O frete pode ser simulado antes de efetuar a compra, basta clicar em \u201cver custos de envio\u201d.<\/li>\n<li>Verifique o endere\u00e7o de entrega cadastrado e atualize caso necess\u00e1rio.<\/li>\n<li>Confirme se a pe\u00e7a \u00e9 correta para o seu modelo de ve\u00edculo.<\/li>\n<li>Para pe\u00e7as automotivas, recomendamos a instala\u00e7\u00e3o por um profissional especializado.<\/li>\n<\/ul>\n<p>Caso possua outras d\u00favidas, entre em contato.<\/p>\n<p>&nbsp;<\/p>\n<p>&nbsp;<\/p>\n","protected":false},"excerpt":{"rendered":"<h2>V\u00e1lvula Pcv Cabe\u00e7ote Fiat Palio Idea Toro E-torq Original &#8211; 55224541<\/h2>\n","protected":false},"featured_media":26541,"template":"","meta":{"_seopress_robots_primary_cat":"none","_seopress_titles_title":"","_seopress_titles_desc":"","_seopress_robots_index":"","_joinchat":[]},"product_cat":[209,22,244],"product_tag":[1489,1713,709,1100,119,120,121,1041],"berocket_brand":[383],"_links":{"self":[{"href":"https:\/\/www.casadainjecao.com.br\/loja\/wp-json\/wp\/v2\/product\/26498"}],"collection":[{"href":"https:\/\/www.casadainjecao.com.br\/loja\/wp-json\/wp\/v2\/product"}],"about":[{"href":"https:\/\/www.casadainjecao.com.br\/loja\/wp-json\/wp\/v2\/types\/product"}],"wp:featuredmedia":[{"embeddable":true,"href":"https:\/\/www.casadainjecao.com.br\/loja\/wp-json\/wp\/v2\/media\/26541"}],"wp:attachment":[{"href":"https:\/\/www.casadainjecao.com.br\/loja\/wp-json\/wp\/v2\/media?parent=26498"}],"wp:term":[{"taxonomy":"product_cat","embeddable":true,"href":"https:\/\/www.casadainjecao.com.br\/loja\/wp-json\/wp\/v2\/product_cat?post=26498"},{"taxonomy":"product_tag","embeddable":true,"href":"https:\/\/www.casadainjecao.com.br\/loja\/wp-json\/wp\/v2\/product_tag?post=26498"},{"taxonomy":"berocket_brand","embeddable":true,"href":"https:\/\/www.casadainjecao.com.br\/loja\/wp-json\/wp\/v2\/berocket_brand?post=26498"}],"curies":[{"name":"wp","href":"https:\/\/api.w.org\/{rel}","templated":true}]}}