{"id":26555,"date":"2023-09-21T16:47:18","date_gmt":"2023-09-21T19:47:18","guid":{"rendered":"https:\/\/www.casadainjecao.com.br\/loja\/?post_type=product&#038;p=26555"},"modified":"2024-07-05T16:34:11","modified_gmt":"2024-07-05T19:34:11","slug":"capa-retrovisor-chevrolet-spin-ficosa-prata-original-272135087","status":"publish","type":"product","link":"https:\/\/www.casadainjecao.com.br\/loja\/autopecas\/exterior\/retrovisor\/capa-retrovisor-chevrolet-spin-ficosa-prata-original-272135087\/","title":{"rendered":"Capa Retrovisor Chevrolet Spin Ficosa Prata Original &#8211;"},"content":{"rendered":"<h2>Capa Retrovisor Chevrolet Spin Ficosa Prata Original\u00a0(Com avarias).<\/h2>\n<ul>\n<li>Capa do Retrovisor Externo:<\/li>\n<li>Modelo: Chevrolet Spin<\/li>\n<li>Anos: 2012 a 2022<\/li>\n<li>Lado Esquerdo (Motorista)<\/li>\n<li>Pre\u00e7o UNIT\u00c1RIO!<\/li>\n<li>Cor: Prata Switchblade (Met\u00e1lico)<\/li>\n<li>Produto ORIGINAL Chevrolet!<\/li>\n<li>Marca: Ficosa<\/li>\n<li>Fotos Reais das pe\u00e7as anunciadas!<\/li>\n<\/ul>\n<p>C\u00f3digo de referencia: 272135087, 2721.35.087 , 2721.35.088<\/p>\n<p>Fotos Reais da pe\u00e7a anunciada!<\/p>\n<h4>Garantia:<\/h4>\n<p>3 Meses<\/p>\n<p>A Casa da Inje\u00e7\u00e3o oferece total garantia nos produtos comprados em nosso site.<\/p>\n<ol>\n<li>Cada item \u00e9 rigorosamente testado antes do envio<\/li>\n<li>Se os itens estiverem danificados ou parcialmente defeituosos, entre em contato conosco.<\/li>\n<\/ol>\n<p>Se houver qualquer defeito, n\u00f3s lhe enviaremos uma substitui\u00e7\u00e3o ap\u00f3s receber o pacote ou devolvemos seu dinheiro.<\/p>\n<p>Leia nossa\u00a0<a href=\"https:\/\/www.casadainjecao.com.br\/loja\/politica-de-devolucao\">pol\u00edtica de devolu\u00e7\u00e3o aqui<\/a><\/p>\n<p><strong>ATEN\u00c7\u00c3O<\/strong>: <strong>Antes de efetuar a compra verifique o c\u00f3digo da Capa do Retrovisor que est\u00e1 instalado no seu ve\u00edculo.<\/strong><\/p>\n<p>\u2014\u2014\u2014\u2014\u2014\u2014\u2014\u2014\u2014\u2014\u2014\u2014\u2014\u2014\u2014\u2014\u2014\u2014\u2014\u2014-<\/p>\n<h4>Tem alguma d\u00favida?<\/h4>\n<p>Entre em contato que podemos ajudar!<\/p>\n<p>Confira as informa\u00e7\u00f5es adicionais abaixo:<\/p>\n<ul>\n<li>Todos os nossos produtos s\u00e3o novos, semi-novos, originais, paralelos e possuem garantia.<\/li>\n<li>Todos os produtos anunciados est\u00e3o dispon\u00edveis em estoque e s\u00e3o enviados com extrema rapidez.<\/li>\n<li>O frete pode ser simulado antes de efetuar a compra, basta clicar em \u201cver custos de envio\u201d.<\/li>\n<li>Verifique o endere\u00e7o de entrega cadastrado e atualize caso necess\u00e1rio.<\/li>\n<li>Confirme se a pe\u00e7a \u00e9 correta para o seu modelo de ve\u00edculo.<\/li>\n<li>Para pe\u00e7as automotivas, recomendamos a instala\u00e7\u00e3o por um profissional especializado.<\/li>\n<\/ul>\n","protected":false},"excerpt":{"rendered":"<h2>Capa Retrovisor Chevrolet Spin Ficosa Prata Original &#8211; 272135087<\/h2>\n","protected":false},"featured_media":26560,"template":"","meta":{"_seopress_robots_primary_cat":"none","_seopress_titles_title":"","_seopress_titles_desc":"","_seopress_robots_index":"","_joinchat":[]},"product_cat":[23,1126],"product_tag":[113],"berocket_brand":[381],"_links":{"self":[{"href":"https:\/\/www.casadainjecao.com.br\/loja\/wp-json\/wp\/v2\/product\/26555"}],"collection":[{"href":"https:\/\/www.casadainjecao.com.br\/loja\/wp-json\/wp\/v2\/product"}],"about":[{"href":"https:\/\/www.casadainjecao.com.br\/loja\/wp-json\/wp\/v2\/types\/product"}],"wp:featuredmedia":[{"embeddable":true,"href":"https:\/\/www.casadainjecao.com.br\/loja\/wp-json\/wp\/v2\/media\/26560"}],"wp:attachment":[{"href":"https:\/\/www.casadainjecao.com.br\/loja\/wp-json\/wp\/v2\/media?parent=26555"}],"wp:term":[{"taxonomy":"product_cat","embeddable":true,"href":"https:\/\/www.casadainjecao.com.br\/loja\/wp-json\/wp\/v2\/product_cat?post=26555"},{"taxonomy":"product_tag","embeddable":true,"href":"https:\/\/www.casadainjecao.com.br\/loja\/wp-json\/wp\/v2\/product_tag?post=26555"},{"taxonomy":"berocket_brand","embeddable":true,"href":"https:\/\/www.casadainjecao.com.br\/loja\/wp-json\/wp\/v2\/berocket_brand?post=26555"}],"curies":[{"name":"wp","href":"https:\/\/api.w.org\/{rel}","templated":true}]}}