{"id":26568,"date":"2023-09-22T11:08:53","date_gmt":"2023-09-22T14:08:53","guid":{"rendered":"https:\/\/www.casadainjecao.com.br\/loja\/?post_type=product&#038;p=26568"},"modified":"2025-10-10T15:26:17","modified_gmt":"2025-10-10T18:26:17","slug":"bico-injetor-valvula-dosadora-arla-32-volvo-vw-0280158701","status":"publish","type":"product","link":"https:\/\/www.casadainjecao.com.br\/loja\/autopecas\/injecao-eletronica\/bico-injetor\/bico-injetor-valvula-dosadora-arla-32-volvo-vw-0280158701\/","title":{"rendered":"Bico Injetor Valvula Dosadora Arla 32 Volvo VW &#8211; 02801"},"content":{"rendered":"<h1>Bico Injetor Valvula Dosadora Arla 32<\/h1>\n<h3><strong>VOLKSWAGEN<\/strong><\/h3>\n<h3>Volkswagen Volvo FH12<\/h3>\n<h3>Volkswagen Volvo\u00a0FH13<\/h3>\n<h3>Volkswagen Volvo\u00a0FH14<\/h3>\n<h3>Volkswagen Volvo\u00a0FH16<\/h3>\n<h3>Volkswagen Volvo\u00a0FMX<\/h3>\n<h3 class=\"ui-pdp-title\">C\u00f3digo de Refer\u00eancia:<\/h3>\n<h3>0280158701<\/h3>\n<h5>Condi\u00e7\u00f5es:<\/h5>\n<h5>Novo \/ Marca Torken<\/h5>\n<h5>Garantia:<\/h5>\n<h5>3 Meses<\/h5>\n<h5>O que \u00e9 e para que serve o Arla 32?<\/h5>\n<h5>Arla \u00e9 a sigla para Agente Redutor L\u00edquido Automotivo, uma subst\u00e2ncia composta por \u00e1gua e ureia utilizada em ve\u00edculos que t\u00eam a tecnologia do Sistema Redutor Catal\u00edtico (SCR). Nos ve\u00edculos a \u00f3leo diesel, como caminh\u00f5es e \u00f4nibus o SCR serve para limitar as emiss\u00f5es de gases t\u00f3xicos, conforme a fase P7 do Programa de Controle de Polui\u00e7\u00e3o do Ar por Ve\u00edculos Automotores (PROCONVE), que \u00e9 usada para reduzir a emiss\u00e3o de poluentes transformando os t\u00f3xicos \u00f3xidos de nitrog\u00eanio em materiais n\u00e3o-nocivos, como nitrog\u00eanio e \u00e1gua.<\/h5>\n<h5>A Casa da Inje\u00e7\u00e3o oferece total garantia nos produtos comprados em nosso site.<\/h5>\n<ol>\n<li>\n<h5>Cada item \u00e9 rigorosamente testado antes do envio<\/h5>\n<\/li>\n<li>\n<h5>Se os itens estiverem danificados ou parcialmente defeituosos, entre em contato conosco.<\/h5>\n<\/li>\n<\/ol>\n<h5>Se houver qualquer defeito, n\u00f3s lhe enviaremos uma substitui\u00e7\u00e3o ap\u00f3s receber o pacote ou devolvemos seu dinheiro.<\/h5>\n<h5>Leia nossa <a href=\"https:\/\/www.casadainjecao.com.br\/loja\/politica-de-devolucao\">pol\u00edtica de devolu\u00e7\u00e3o aqui<\/a><\/h5>\n<h5>&#8212;&#8212;&#8212;&#8212;&#8212;&#8212;&#8212;&#8212;&#8212;&#8212;&#8212;&#8212;&#8212;&#8212;&#8212;&#8212;&#8212;&#8212;&#8212;&#8211;<\/h5>\n<h5><strong>ATEN\u00c7\u00c3O<\/strong>: Antes de efetuar a compra verifique o c\u00f3digo do Bico Injetor da V\u00e1lvula Dosadora Arla 32 que est\u00e1 instalado no seu ve\u00edculo.<\/h5>\n<h5>O Bico Injetor da V\u00e1lvula Dosadora Arla 32\u00a0 \u00e9 compat\u00edvel com as marcas Volkswagen Volvo FH12 FH13 FH14 FH16 FMX<\/h5>\n<h5>&#8212;&#8212;&#8212;&#8212;&#8212;&#8212;&#8212;&#8212;&#8212;&#8212;&#8212;&#8212;&#8212;&#8212;&#8212;&#8212;&#8212;&#8212;&#8212;&#8212;-<\/h5>\n<h5>Tem alguma d\u00favida?<\/h5>\n<h5>Entre em contato que podemos ajudar!<\/h5>\n<h5>Confira as informa\u00e7\u00f5es adicionais abaixo:<\/h5>\n<ul>\n<li>\n<h5>Todos os nossos produtos s\u00e3o novos, semi-novos, originais, paralelos e possuem garantia.<\/h5>\n<\/li>\n<li>\n<h5>Todos os produtos anunciados est\u00e3o dispon\u00edveis em estoque e s\u00e3o enviados com extrema rapidez.<\/h5>\n<\/li>\n<li>\n<h5>O frete pode ser simulado antes de efetuar a compra, basta clicar em \u201cver custos de envio\u201d.<\/h5>\n<\/li>\n<li>\n<h5>Verifique o endere\u00e7o de entrega cadastrado e atualize caso necess\u00e1rio.<\/h5>\n<\/li>\n<li>\n<h5>Confirme se a pe\u00e7a \u00e9 correta para o seu modelo de ve\u00edculo.<\/h5>\n<\/li>\n<li>\n<h5>Para pe\u00e7as automotivas, recomendamos a instala\u00e7\u00e3o por um profissional especializado.<\/h5>\n<\/li>\n<\/ul>\n<h5>Caso possua outras d\u00favidas, entre em contato.<\/h5>\n","protected":false},"excerpt":{"rendered":"<h2>Bico Injetor Valvula Dosadora Arla 32 Volvo VW &#8211; 0280158701<\/h2>\n","protected":false},"featured_media":26572,"template":"","meta":{"_seopress_robots_primary_cat":"none","_seopress_titles_title":"","_seopress_titles_desc":"","_seopress_robots_index":"","_joinchat":[]},"product_cat":[256,21],"product_tag":[1893,1442],"berocket_brand":[396,397],"_links":{"self":[{"href":"https:\/\/www.casadainjecao.com.br\/loja\/wp-json\/wp\/v2\/product\/26568"}],"collection":[{"href":"https:\/\/www.casadainjecao.com.br\/loja\/wp-json\/wp\/v2\/product"}],"about":[{"href":"https:\/\/www.casadainjecao.com.br\/loja\/wp-json\/wp\/v2\/types\/product"}],"wp:featuredmedia":[{"embeddable":true,"href":"https:\/\/www.casadainjecao.com.br\/loja\/wp-json\/wp\/v2\/media\/26572"}],"wp:attachment":[{"href":"https:\/\/www.casadainjecao.com.br\/loja\/wp-json\/wp\/v2\/media?parent=26568"}],"wp:term":[{"taxonomy":"product_cat","embeddable":true,"href":"https:\/\/www.casadainjecao.com.br\/loja\/wp-json\/wp\/v2\/product_cat?post=26568"},{"taxonomy":"product_tag","embeddable":true,"href":"https:\/\/www.casadainjecao.com.br\/loja\/wp-json\/wp\/v2\/product_tag?post=26568"},{"taxonomy":"berocket_brand","embeddable":true,"href":"https:\/\/www.casadainjecao.com.br\/loja\/wp-json\/wp\/v2\/berocket_brand?post=26568"}],"curies":[{"name":"wp","href":"https:\/\/api.w.org\/{rel}","templated":true}]}}