{"id":26617,"date":"2023-09-27T15:22:30","date_gmt":"2023-09-27T18:22:30","guid":{"rendered":"https:\/\/www.casadainjecao.com.br\/loja\/?post_type=product&#038;p=26617"},"modified":"2026-02-20T17:00:10","modified_gmt":"2026-02-20T20:00:10","slug":"bobina-ignicao-volksvagen-fox-gol-g6-savero-030905110b","status":"publish","type":"product","link":"https:\/\/www.casadainjecao.com.br\/loja\/autopecas\/eletrica\/bobina-de-ignicao\/bobina-ignicao-volksvagen-fox-gol-g6-savero-030905110b\/","title":{"rendered":"Bobina Igni\u00e7\u00e3o Volksvagen Fox Gol G6 Savero &#8211; 030905"},"content":{"rendered":"<h1>Bobina de Igni\u00e7\u00e3o Volksvagen<\/h1>\n<p><strong>Serve para Volkswagen modelos: Gol G6, Fox, Savero, T-Cross, Golf, Jetta, Nivus, Polo, Spacefox, Taos, Tiguana, Up, Virtus, Voyage.<\/strong><\/p>\n<p>A Bobina de Igni\u00e7\u00e3o est\u00e1 vinculada ao sistema do <a href=\"https:\/\/www.casadainjecao.com.br\/loja\/?s=bobina+de+igni%C3%A7%C3%A3o&amp;product_cat=0&amp;post_type=product\">motor.<\/a><\/p>\n<h2>APLICA\u00c7\u00c3O:<\/h2>\n<p>A Bobina de Igni\u00e7\u00e3o \u00e9 compat\u00edvel com os seguintes ve\u00edculos:<\/p>\n<ul>\n<li><strong>VOLKSWAGEN<\/strong><\/li>\n<li>T-Cross 1.4 TSI &#8211; 2015 2016 2017 2018<\/li>\n<li>Gol G6 1.0 16v MI flex &#8211; 2013 em diante<\/li>\n<li>Gol G6 1.6 8v MI felx &#8211; 2013 em diante<\/li>\n<li>Golf 1.4 &#8211;\u00a0 2013 em diante<\/li>\n<li>Jetta 1.4 TSI &#8211; 2014 em diante<\/li>\n<li>Nivus 1.0 200 TSI &#8211; 2020 em diante<\/li>\n<li>Polo 1.4 GTS &#8211; 2019 em diante<\/li>\n<li>Saveiro G6 &#8211; 2013 em diante<\/li>\n<li>Spscefox 1.6-\u00a0 2014 a 2018<\/li>\n<li>Taos 1.4 250 TSI &#8211; 2021 em diante<\/li>\n<li>T-Cross 1.0 TSI &#8211; 2019 em diante<\/li>\n<li>Fox G6 1.0 16v MI flex &#8211; 2013 em diante<\/li>\n<li>Tiguan 1.4 TSI &#8211; 2015 2016 2017 2018<\/li>\n<li>UP 1.0 flex &#8211; 2013 em diante<\/li>\n<li>Virtus 1.0 TSI &#8211; 2018 em diante<\/li>\n<li>Virtus Sedan 1.4 GTS &#8211; 2019 em diante<\/li>\n<li>VIrtus Sedan 200 &#8211; 2018 em diante<\/li>\n<li>Voyage 1.6 G6 flex &#8211; 2013 em diante<\/li>\n<li>Fox G6 1.6 16v MI flex &#8211; 2013 em diante<\/li>\n<\/ul>\n<p>&nbsp;<\/p>\n<ul>\n<li><strong>AUDI<\/strong><\/li>\n<li>Audi A1 1.4 TSFI &#8211; 2013\u00a0 2014<\/li>\n<li>Audi Q3 1.4 TSFI &#8211; 2013\u00a0 2014<\/li>\n<li>Audi A3 1.4 TSFI &#8211; 2012 2013\u00a0 2014<\/li>\n<\/ul>\n<h3>O que \u00e9 e para que serve a Bobina de Igni\u00e7\u00e3o?<\/h3>\n<p>A bobina de igni\u00e7\u00e3o \u00e9 importante no sistema de igni\u00e7\u00e3o de um ve\u00edculo, sua principal fun\u00e7\u00e3o \u00e9 transformar a baixa voltagem da bateria do ve\u00edculo em uma alta voltagem necess\u00e1ria para criar uma fa\u00edsca el\u00e9trica na vela de igni\u00e7\u00e3o. Essa fa\u00edsca \u00e9 essencial para iniciar a combust\u00e3o do combust\u00edvel no motor.<\/p>\n<h4>C\u00f3digo de refer\u00eancia:<\/h4>\n<p>030905110A, 030905110B, 0986221057, 0986221074, 04E905110B, 04E905110M, 30626<\/p>\n<h4>Condi\u00e7\u00f5es:<\/h4>\n<p>Novo\/ Marca Torken<\/p>\n<ul>\n<li><strong>conector com 4 vias &#8211; uma para cada lado<\/strong><\/li>\n<\/ul>\n<h4>Garantia:<\/h4>\n<p>3 Meses<\/p>\n<p>A Casa da Inje\u00e7\u00e3o oferece total garantia nos produtos comprados em nosso site.<\/p>\n<ol>\n<li>Cada item \u00e9 rigorosamente testado antes do envio<\/li>\n<li>Se os itens estiverem danificados ou parcialmente defeituosos, entre em contato conosco.<\/li>\n<\/ol>\n<p>Se houver qualquer defeito, n\u00f3s lhe enviaremos uma substitui\u00e7\u00e3o ap\u00f3s receber o pacote ou devolvemos seu dinheiro.<\/p>\n<p>Leia nossa <a href=\"https:\/\/www.casadainjecao.com.br\/loja\/politica-de-devolucao\">pol\u00edtica de devolu\u00e7\u00e3o aqui<\/a><\/p>\n<p>&#8212;&#8212;&#8212;&#8212;&#8212;&#8212;&#8212;&#8212;&#8212;&#8212;&#8212;&#8212;&#8212;&#8212;&#8212;&#8212;&#8212;&#8212;&#8212;&#8211;<\/p>\n<p><strong>ATEN\u00c7\u00c3O<\/strong>: Antes de efetuar a compra verifique o c\u00f3digo da Bobina de Igni\u00e7\u00e3o que est\u00e1 instalado no seu ve\u00edculo.<\/p>\n<p>A Bobina de Igni\u00e7\u00e3o \u00e9 compat\u00edvel com as marcas Volkswagen Gol G6, Fox, Savero, T-Cross, Golf, Jetta, Nivus, Polo, Spacefox, Taos, Tiguana, Up, Virtus, Voyage.<\/p>\n<p>&#8212;&#8212;&#8212;&#8212;&#8212;&#8212;&#8212;&#8212;&#8212;&#8212;&#8212;&#8212;&#8212;&#8212;&#8212;&#8212;&#8212;&#8212;&#8212;&#8212;-<\/p>\n<h4>Tem alguma d\u00favida?<\/h4>\n<p>Entre em contato que podemos ajudar!<\/p>\n<p>Confira as informa\u00e7\u00f5es adicionais abaixo:<\/p>\n<ul>\n<li>Todos os nossos produtos s\u00e3o novos, semi-novos, originais, paralelos e possuem garantia.<\/li>\n<li>Todos os produtos anunciados est\u00e3o dispon\u00edveis em estoque e s\u00e3o enviados com extrema rapidez.<\/li>\n<li>O frete pode ser simulado antes de efetuar a compra, basta clicar em \u201cver custos de envio\u201d.<\/li>\n<li>Verifique o endere\u00e7o de entrega cadastrado e atualize caso necess\u00e1rio.<\/li>\n<li>Confirme se a pe\u00e7a \u00e9 correta para o seu modelo de ve\u00edculo.<\/li>\n<li>Para pe\u00e7as automotivas, recomendamos a instala\u00e7\u00e3o por um profissional especializado.<\/li>\n<\/ul>\n<p>Caso possua outras d\u00favidas, entre em contato.<\/p>\n<p>&nbsp;<\/p>\n<p>&nbsp;<\/p>\n","protected":false},"excerpt":{"rendered":"<h1>Bobina Igni\u00e7\u00e3o Volksvagen Fox Gol G6 Savero &#8211; 030905110B<\/h1>\n<p>&nbsp;<\/p>\n<p>&nbsp;<\/p>\n<p>&nbsp;<\/p>\n","protected":false},"featured_media":26622,"template":"","meta":{"_seopress_robots_primary_cat":"none","_seopress_titles_title":"","_seopress_titles_desc":"","_seopress_robots_index":"","_joinchat":[]},"product_cat":[106],"product_tag":[],"berocket_brand":[378,396],"_links":{"self":[{"href":"https:\/\/www.casadainjecao.com.br\/loja\/wp-json\/wp\/v2\/product\/26617"}],"collection":[{"href":"https:\/\/www.casadainjecao.com.br\/loja\/wp-json\/wp\/v2\/product"}],"about":[{"href":"https:\/\/www.casadainjecao.com.br\/loja\/wp-json\/wp\/v2\/types\/product"}],"wp:featuredmedia":[{"embeddable":true,"href":"https:\/\/www.casadainjecao.com.br\/loja\/wp-json\/wp\/v2\/media\/26622"}],"wp:attachment":[{"href":"https:\/\/www.casadainjecao.com.br\/loja\/wp-json\/wp\/v2\/media?parent=26617"}],"wp:term":[{"taxonomy":"product_cat","embeddable":true,"href":"https:\/\/www.casadainjecao.com.br\/loja\/wp-json\/wp\/v2\/product_cat?post=26617"},{"taxonomy":"product_tag","embeddable":true,"href":"https:\/\/www.casadainjecao.com.br\/loja\/wp-json\/wp\/v2\/product_tag?post=26617"},{"taxonomy":"berocket_brand","embeddable":true,"href":"https:\/\/www.casadainjecao.com.br\/loja\/wp-json\/wp\/v2\/berocket_brand?post=26617"}],"curies":[{"name":"wp","href":"https:\/\/api.w.org\/{rel}","templated":true}]}}