{"id":26644,"date":"2023-10-02T17:17:42","date_gmt":"2023-10-02T20:17:42","guid":{"rendered":"https:\/\/www.casadainjecao.com.br\/loja\/?post_type=product&#038;p=26644"},"modified":"2024-11-15T07:38:51","modified_gmt":"2024-11-15T10:38:51","slug":"kit-bicos-injetores-volkswagen-kombi-1-4-flex-0280157109","status":"publish","type":"product","link":"https:\/\/www.casadainjecao.com.br\/loja\/autopecas\/injecao-eletronica\/bico-injetor\/kit-bicos-injetores-volkswagen-kombi-1-4-flex-0280157109\/","title":{"rendered":"Kit 4 Bicos Injetores Volkswagen Kombi &#8211; 0280157109"},"content":{"rendered":"<h2>Kit 4 Bicos Injetores e V\u00e1lvula de Inje\u00e7\u00e3o<\/h2>\n<p><strong>Serve para Volkswagen modelos: Kombi<\/strong><\/p>\n<p>Bicos Injetores est\u00e1 vinculado ao sistema de <a href=\"https:\/\/www.casadainjecao.com.br\/loja\/?s=bico+injetor&amp;product_cat=0&amp;post_type=product\">inje\u00e7\u00e3o.<\/a><\/p>\n<ul>\n<li><strong>Kit composto por 4 Bicos Injetores<\/strong><\/li>\n<\/ul>\n<h3><strong>APLICA\u00c7\u00c3O:<\/strong><\/h3>\n<p>O kit de Bicos Injetores \u00e9 compat\u00edvel com os seguintes modelos:<\/p>\n<ul>\n<li><strong>VOLKSWAGEN<\/strong><\/li>\n<li>Volkswagen Kombi 1.4 Escolar Total Flex 3p &#8211; 2006 a 2013<\/li>\n<li>Volkswagen Kombi 1.4 Lota\u00e7\u00e3o Total Flex 3p &#8211; 2006 a 2013<\/li>\n<li>Volkswagen Kombi 1.4 Standard Total Flex 3p\u00a0 -2006 a 2013<\/li>\n<li>Volkswagen Kombi 1.4 Total Flex 1.4 &#8211; 2006 a 2013<\/li>\n<li>Volkswagen Kombi 1.4 Total Flex 3p &#8211; 2006 a 2013<\/li>\n<\/ul>\n<h4>C\u00f3digo de refer\u00eancia:<\/h4>\n<p>0280157109, 030906031aj<\/p>\n<h4>Condi\u00e7\u00f5es:<\/h4>\n<p>Marca: Torken<br \/>\nCondi\u00e7\u00e3o do item: Novo<br \/>\nModelo: Bico Injetor<br \/>\nN\u00famero de pe\u00e7a: 0280157109, 030906031aj<\/p>\n<p>Novo importado similar ao original<\/p>\n<h4>Garantia:<\/h4>\n<p>3 Meses<\/p>\n<p>A Casa da Inje\u00e7\u00e3o oferece total garantia nos produtos comprados em nosso site.<\/p>\n<ol>\n<li>Cada item \u00e9 rigorosamente testado antes do envio<\/li>\n<li>Se os itens estiverem danificados ou parcialmente defeituosos, entre em contato conosco.<\/li>\n<\/ol>\n<p>Se houver qualquer defeito, n\u00f3s lhe enviaremos uma substitui\u00e7\u00e3o ap\u00f3s receber o pacote ou devolvemos seu dinheiro.<\/p>\n<p>Leia nossa <a href=\"https:\/\/www.casadainjecao.com.br\/loja\/politica-de-devolucao\">pol\u00edtica de devolu\u00e7\u00e3o aqui<\/a><\/p>\n<p>&#8212;&#8212;&#8212;&#8212;&#8212;&#8212;&#8212;&#8212;&#8212;&#8212;&#8212;&#8212;&#8212;&#8212;&#8212;&#8212;&#8212;&#8212;&#8212;&#8211;<\/p>\n<h3>ATEN\u00c7\u00c3O: ATEN\u00c7\u00c3O<br \/>\n* IMPORTANTE confirmar a numera\u00e7\u00e3o antes da compra, e se a mesma bate com o c\u00f3digo original do carro. C\u00f3digo igual pe\u00e7a correta, caso seja diferente entre em contato conosco para confirma\u00e7\u00e3o do mesmo e para tirar suas duvidas.<\/h3>\n<p>&nbsp;<\/p>\n<p><strong>O que \u00e9 e para que serve o Bico Injetor?<\/strong><\/p>\n<p>O Bico Injetor \u00e9 componente do sistema de inje\u00e7\u00e3o de combust\u00edvel de um ve\u00edculo. Tem fun\u00e7\u00e3o crucial de pulverizar combust\u00edvel diretamente no coletor de admiss\u00e3o ou na c\u00e2mara de combust\u00e3o do motor. Isso ocorre em pequenas rajadas controladas eletronicamente, e a precis\u00e3o desse processo \u00e9 fundamental para o desempenho eficiente e limpo do motor.<\/p>\n<p>&#8212;&#8212;&#8212;&#8212;&#8212;&#8212;&#8212;&#8212;&#8212;&#8212;&#8212;&#8212;&#8212;&#8212;&#8212;&#8212;&#8212;&#8212;&#8212;&#8212;-<\/p>\n<h4>Tem alguma d\u00favida?<\/h4>\n<p>Entre em contato que podemos ajudar!<\/p>\n<p>Confira as informa\u00e7\u00f5es adicionais abaixo:<\/p>\n<ul>\n<li>Todos os nossos produtos s\u00e3o novos, semi-novos, originais, paralelos e possuem garantia.<\/li>\n<li>Todos os produtos anunciados est\u00e3o dispon\u00edveis em estoque e s\u00e3o enviados com extrema rapidez.<\/li>\n<li>O frete pode ser simulado antes de efetuar a compra, basta clicar em \u201cver custos de envio\u201d.<\/li>\n<li>Verifique o endere\u00e7o de entrega cadastrado e atualize caso necess\u00e1rio.<\/li>\n<li>Confirme se a pe\u00e7a \u00e9 correta para o seu modelo de ve\u00edculo.<\/li>\n<li>Para pe\u00e7as automotivas, recomendamos a instala\u00e7\u00e3o por um profissional especializado.<\/li>\n<\/ul>\n<p>Caso possua outras d\u00favidas, entre em contato.<\/p>\n<p>&nbsp;<\/p>\n<p>&nbsp;<\/p>\n","protected":false},"excerpt":{"rendered":"<h2>Kit 4 Bicos Injetores Volkswagen Kombi 1.4 Flex &#8211; 0280157109<\/h2>\n","protected":false},"featured_media":27772,"template":"","meta":{"_seopress_robots_primary_cat":"none","_seopress_titles_title":"","_seopress_titles_desc":"","_seopress_robots_index":"","_joinchat":[]},"product_cat":[256,21],"product_tag":[757],"berocket_brand":[396],"_links":{"self":[{"href":"https:\/\/www.casadainjecao.com.br\/loja\/wp-json\/wp\/v2\/product\/26644"}],"collection":[{"href":"https:\/\/www.casadainjecao.com.br\/loja\/wp-json\/wp\/v2\/product"}],"about":[{"href":"https:\/\/www.casadainjecao.com.br\/loja\/wp-json\/wp\/v2\/types\/product"}],"wp:featuredmedia":[{"embeddable":true,"href":"https:\/\/www.casadainjecao.com.br\/loja\/wp-json\/wp\/v2\/media\/27772"}],"wp:attachment":[{"href":"https:\/\/www.casadainjecao.com.br\/loja\/wp-json\/wp\/v2\/media?parent=26644"}],"wp:term":[{"taxonomy":"product_cat","embeddable":true,"href":"https:\/\/www.casadainjecao.com.br\/loja\/wp-json\/wp\/v2\/product_cat?post=26644"},{"taxonomy":"product_tag","embeddable":true,"href":"https:\/\/www.casadainjecao.com.br\/loja\/wp-json\/wp\/v2\/product_tag?post=26644"},{"taxonomy":"berocket_brand","embeddable":true,"href":"https:\/\/www.casadainjecao.com.br\/loja\/wp-json\/wp\/v2\/berocket_brand?post=26644"}],"curies":[{"name":"wp","href":"https:\/\/api.w.org\/{rel}","templated":true}]}}