{"id":26656,"date":"2023-10-03T14:52:00","date_gmt":"2023-10-03T17:52:00","guid":{"rendered":"https:\/\/www.casadainjecao.com.br\/loja\/?post_type=product&#038;p=26656"},"modified":"2023-12-15T11:46:30","modified_gmt":"2023-12-15T14:46:30","slug":"mangueira-entrada-ar-quente-original-renault-logan-sandero-6001547051","status":"publish","type":"product","link":"https:\/\/www.casadainjecao.com.br\/loja\/autopecas\/motor\/mangueiras-motor\/mangueira-entrada-ar-quente-original-renault-logan-sandero-6001547051\/","title":{"rendered":"Mangueira Entrada Ar Quente Original Renault Logan Sandero &"},"content":{"rendered":"<h1>Mangueira Entrada Ar Quente Tubagem Radiador Original Renault Logan Sandero &#8211; 6001547051, 924000807r<\/h1>\n<p><strong>Serve para Renault modelos: Logan, Sandero<\/strong><\/p>\n<p>A Mangueira de Entrada de Ar Quente est\u00e1 vinculada ao sistema de admiss\u00e3o do <a href=\"https:\/\/www.casadainjecao.com.br\/loja\/?s=mangueira+entrada+de+ar+quente&amp;product_cat=0&amp;post_type=product\">motor.<\/a><\/p>\n<h2>APLICA\u00c7\u00c3O:<\/h2>\n<p>A Mangueira de Entrada de Ar Quente \u00e9 compat\u00edvel com os seguintes modelos Renault: Logan, Sandero<\/p>\n<ul>\n<li><strong>RENAULT<\/strong><\/li>\n<li>Renault Logan Authentique, Expression, Privil\u00e9ge (flex) 1.0 16v 1.6 8v 1.6 16v &#8211; 2002 a 2013<\/li>\n<li>Renault Sandero Authentique, Expression, Privil\u00e9ge, Stepway, Vibe (flex),\u00a0 GT Line 1.016v 1.6 8v 1.6 16v &#8211; 2002 a 2013<\/li>\n<\/ul>\n<p><strong>O que \u00e9 e para que serve a Mangueira de Entrada de Ar Quente?<\/strong><\/p>\n<p>A mangueira de entrada de ar quente \u00e9 um componente do sistema de admiss\u00e3o de ar do motor de um ve\u00edculo. Sua fun\u00e7\u00e3o \u00e9 conduzir o ar aquecido do coletor de escape para o sistema de admiss\u00e3o de ar do motor, esse ar mais quente pode ajudar na efici\u00eancia da combust\u00e3o. A mangueira est\u00e1 associada a uma v\u00e1lvula de controle que regula o fluxo de ar quente com base nas condi\u00e7\u00f5es de opera\u00e7\u00e3o do ve\u00edculo, \u00e9 constru\u00edda com materiais resistentes ao calor para suportar as temperaturas elevadas associadas \u00e0 condu\u00e7\u00e3o do ar aquecido.<\/p>\n<h4>C\u00f3digo de refer\u00eancia:<\/h4>\n<p>6001547051, 924000807r<\/p>\n<h4>Condi\u00e7\u00f5es:<\/h4>\n<p>Novo Original\/ Marca Renault<\/p>\n<h4>Garantia:<\/h4>\n<p>3 Meses<\/p>\n<p>A Casa da Inje\u00e7\u00e3o oferece total garantia nos produtos comprados em nosso site.<\/p>\n<ol>\n<li>Cada item \u00e9 rigorosamente testado antes do envio<\/li>\n<li>Se os itens estiverem danificados ou parcialmente defeituosos, entre em contato conosco.<\/li>\n<\/ol>\n<p>Se houver qualquer defeito, n\u00f3s lhe enviaremos uma substitui\u00e7\u00e3o ap\u00f3s receber o pacote ou devolvemos seu dinheiro.<\/p>\n<p>Leia nossa <a href=\"https:\/\/www.casadainjecao.com.br\/loja\/politica-de-devolucao\">pol\u00edtica de devolu\u00e7\u00e3o aqui<\/a><\/p>\n<p>&#8212;&#8212;&#8212;&#8212;&#8212;&#8212;&#8212;&#8212;&#8212;&#8212;&#8212;&#8212;&#8212;&#8212;&#8212;&#8212;&#8212;&#8212;&#8212;&#8211;<\/p>\n<p><strong>ATEN\u00c7\u00c3O<\/strong>: Antes de efetuar a compra verifique o c\u00f3digo da Mangueira de Entrada de Ar Quente que est\u00e1 instalado no seu ve\u00edculo.<\/p>\n<p>A Mangueira de Entrada de Ar Quente \u00e9 compat\u00edvel com as marcas Renault Logan, Sandero<\/p>\n<p>&#8212;&#8212;&#8212;&#8212;&#8212;&#8212;&#8212;&#8212;&#8212;&#8212;&#8212;&#8212;&#8212;&#8212;&#8212;&#8212;&#8212;&#8212;&#8212;&#8212;-<\/p>\n<h4>Tem alguma d\u00favida?<\/h4>\n<p>Entre em contato que podemos ajudar!<\/p>\n<p>Confira as informa\u00e7\u00f5es adicionais abaixo:<\/p>\n<ul>\n<li>Todos os nossos produtos s\u00e3o novos, semi-novos, originais, paralelos e possuem garantia.<\/li>\n<li>Todos os produtos anunciados est\u00e3o dispon\u00edveis em estoque e s\u00e3o enviados com extrema rapidez.<\/li>\n<li>O frete pode ser simulado antes de efetuar a compra, basta clicar em \u201cver custos de envio\u201d.<\/li>\n<li>Verifique o endere\u00e7o de entrega cadastrado e atualize caso necess\u00e1rio.<\/li>\n<li>Confirme se a pe\u00e7a \u00e9 correta para o seu modelo de ve\u00edculo.<\/li>\n<li>Para pe\u00e7as automotivas, recomendamos a instala\u00e7\u00e3o por um profissional especializado.<\/li>\n<\/ul>\n<p>Caso possua outras d\u00favidas, entre em contato.<\/p>\n<p>&nbsp;<\/p>\n<p>&nbsp;<\/p>\n<p>&nbsp;<\/p>\n","protected":false},"excerpt":{"rendered":"<h1>Mangueira Entrada Ar Quente Original Renault Logan Sandero &#8211; 6001547051<\/h1>\n","protected":false},"featured_media":26661,"template":"","meta":{"_seopress_robots_primary_cat":"none","_seopress_titles_title":"","_seopress_titles_desc":"","_seopress_robots_index":"","_joinchat":[]},"product_cat":[223,22],"product_tag":[],"berocket_brand":[],"_links":{"self":[{"href":"https:\/\/www.casadainjecao.com.br\/loja\/wp-json\/wp\/v2\/product\/26656"}],"collection":[{"href":"https:\/\/www.casadainjecao.com.br\/loja\/wp-json\/wp\/v2\/product"}],"about":[{"href":"https:\/\/www.casadainjecao.com.br\/loja\/wp-json\/wp\/v2\/types\/product"}],"wp:featuredmedia":[{"embeddable":true,"href":"https:\/\/www.casadainjecao.com.br\/loja\/wp-json\/wp\/v2\/media\/26661"}],"wp:attachment":[{"href":"https:\/\/www.casadainjecao.com.br\/loja\/wp-json\/wp\/v2\/media?parent=26656"}],"wp:term":[{"taxonomy":"product_cat","embeddable":true,"href":"https:\/\/www.casadainjecao.com.br\/loja\/wp-json\/wp\/v2\/product_cat?post=26656"},{"taxonomy":"product_tag","embeddable":true,"href":"https:\/\/www.casadainjecao.com.br\/loja\/wp-json\/wp\/v2\/product_tag?post=26656"},{"taxonomy":"berocket_brand","embeddable":true,"href":"https:\/\/www.casadainjecao.com.br\/loja\/wp-json\/wp\/v2\/berocket_brand?post=26656"}],"curies":[{"name":"wp","href":"https:\/\/api.w.org\/{rel}","templated":true}]}}