{"id":26850,"date":"2023-10-19T07:34:18","date_gmt":"2023-10-19T10:34:18","guid":{"rendered":"https:\/\/www.casadainjecao.com.br\/loja\/?post_type=product&#038;p=26850"},"modified":"2023-11-27T17:43:34","modified_gmt":"2023-11-27T20:43:34","slug":"valvula-canister-vw-gol-1-0-1-6-8v-16v-377906291","status":"publish","type":"product","link":"https:\/\/www.casadainjecao.com.br\/loja\/autopecas\/injecao-eletronica\/valvula-canister\/valvula-canister-vw-gol-1-0-1-6-8v-16v-377906291\/","title":{"rendered":"V\u00e1lvula Canister Vw Gol 1.0 1.6 8v 16v &#8211; 377906291"},"content":{"rendered":"<h2>V\u00e1lvula Canister<\/h2>\n<h3>Vw Gol 1.0 1.6 8v 16v<\/h3>\n<p>Codigo Original Bosch:- 0280142300<br \/>\nCodigos Compativeis:- 0280142300 \/ 0280142310 \/ 377906291 \/ 2580086A \/ 051133517\/ 28910 \/ 22040 \/ 28910 22040\/ 2891022040\/ 1101100B3 \/ 058133517 \/ 17087069 \/ 93216081 \/ 162412 \/ 60611820 \/ 17087069 \/ 93216081 \/ 058133517 \/ 058133517A<\/p>\n<p>A v\u00e1lvula de purga\u00a0<b>mant\u00e9m os vapores no filtro canister quando o motor est\u00e1 desligado e enquanto a PCM n\u00e3o determina quando os vapores devem ser reaproveitados<\/b>.<\/p>\n<p>O c\u00e2nister\u00a0<b>\u00e9 um filtro que tem a finalidade de coletar o vapor gerado no tanque do carro e diminuir suas impurezas para, em seguida, liberar a vers\u00e3o limpa para o sistema de admiss\u00e3o do motor do ve\u00edculo<\/b>.<\/p>\n<p>APLICA\u00c7\u00c3O:<\/p>\n<p>ALFA ROMEO 145 1.8 1996 1997 1998<br \/>\nALFA ROMEO 145 2.0 1996 1997 1998 1999<br \/>\nALFA ROMEO 155 2.0 1996 1997<br \/>\nALFA ROMEO SPIDER 2.0 1995 1996 1997 1998<br \/>\nALFA ROMEO SPIDER 3.0 V6 1995 1996 1997 1998<\/p>\n<p>AUDI A4 1.8 20V 1994 1995 1996 1997 1998 1999<br \/>\nAUDI A4 1.8T 20V 1994 1995 1996 1997 1998 1999 2000<br \/>\nAUDI TT 1.8T 20V 1998 1999 2000<\/p>\n<p>BLAZER 2.2 EFI 1995 1996 1997 1998<br \/>\nBLAZER 2.4 MPFI 2000 2001 2002 2003 2004 2005 2006 2007 2008 2009 2010 2011 2012<br \/>\nCHEVROLET\u00a0 C20 4.1 MPFI 1996<br \/>\nCORSA 1.0 MPFI 1996 1997 1998 1999 2000 2001 2002<br \/>\nCORSA 1.0 16V MPFI 1999 2000<br \/>\nCORSA 1.6 MPFI 1996 1997 1998 1999 2000 2001 2002<br \/>\nCORSA 1.6 16V MPFI 1997 1998 1999 2000 2001<br \/>\nPICAPE CORSA 1.6 1996 1997 1998 1999 2000 2001 2002 2003<br \/>\nGRAND BLAZER 4.1 MPFI 1998 1999<br \/>\nIPANEMA 1.8 EFI 1991 1992 1993 1994 1995 1996 1997<br \/>\nIPANEMA 2.0 1991 1992 1993 1994 1995 1996 1997<br \/>\nKADETT 1.8 EFI 1991 1992 1993 1994 1995 1996 1997<br \/>\nKADETT 2.0 EFI 1991 1992 1993 1994 1995 1996 1997<br \/>\nMONZA 2.0 MPFI 1989 1990 1991 1992 1993<br \/>\nOMEGA 4.1 MPFI 1995 1996 1997 1998<br \/>\nOMEGA SUPREMA 4.1 MPFI 1995 1996 1997 1998<br \/>\nS10 2.2 EFI 1995 1996 1997 1998<br \/>\nS10 2.4 MPFI 2000 2001 2002 2003 2004 2005 2006 2007 2008 2009 2010 2011<br \/>\nSILVERADO 4.1 MPFI 1997 1998 1999 2000 2001<br \/>\nVECTRA 2.0 MPFI 1996 1997 1998 1999 2000 2001 2002 2003 2004 2005 2006<br \/>\nVECTRA 2.2 MPFI 1 1998 1999 2000 2001 2002<\/p>\n<p>FERRARI 456 V12 1996 1997 1998 1999 2000 2001 2002 2003 2004<br \/>\nFERRARI 550 MARANELLO 1996 1997 1998 1999 2000 2001 2002 2003<br \/>\nFERRARI 599 GTB Fiorano 2006 2007 2008 2009 2010 2011 2012<br \/>\nFERRARI 612 Scaglietti 2004 2005 2006 2007 2008 2009 2010 2011 2012<br \/>\nFERRARI Enzo 6.0 2002 2003 20045 2005<br \/>\nFERRARI F355 Spider 1995 1996 1997 1998 1999 2000 2001 2002 2003 2004 2005 2006 2007 2008 2009 2010<br \/>\nFERRARI F360 Modena 1999 2000 2001 2002 2003 2004<br \/>\nFERRARI F430 Coupe 2005 2006 2007 2008 2009<\/p>\n<p>MAREA 2.0 MPI 20V 1998 1999 2000<\/p>\n<p>FOX 1.0 8V FLEX 2004 2005 2006 2007 2008 2009 2010<br \/>\nGOL 1.0 8V AT 1995 1996 1997 1998 1999 2000 2001 2002 2003 2005 2005<br \/>\nGOL 1.0 16V 1997 1998 1999 2000 2001 2002<br \/>\nGOL 1.0 8V FLEX 2005 2006 2007 2008 2009 2010 2011 2012 2013<br \/>\nGOL 1.6 EA111 2008 2009 2010 2011 2012 2013<br \/>\nSAVEIRO 1.6 EA111 2008 2009 2010 2011 2012 2013 2014<br \/>\nVOYAGE 1.0 8V FLEX 2008 2009 2010 2011 2012 2013<br \/>\nVOYAGE 1.6 EA111 2008 2009 2010 2011 2012 2013<br \/>\nPASSAT 1.8 125CV 1996 1997 1998 1999<br \/>\nPASSAT 1.8 150CV 1996 1997 1998 1999 2000<br \/>\nPASSAT 2.0 115CV 2000 2001 2002 2003 2004 2005<\/p>\n<h3>APLICA\u00c7\u00c3O:<\/h3>\n<p>Fiat\/Chevrolet\/Volkswagem\/<\/p>\n<p>Garantia:<\/p>\n<p><strong> 3 Meses<\/strong><\/p>\n<p><span id=\"tl_17\" data-spm-anchor-id=\"a2g0o.detail.1000023.i1.30a079aeLEUutq\">1. Cada item \u00e9 rigorosamente testado antes do envio.<\/span><\/p>\n<p><span id=\"tl_18\">2. Se os itens estiverem danificados ou parcialmente defeituosos, entre em contato conosco.<\/span><\/p>\n<p><span id=\"tl_19\">Voc\u00ea deve enviar os itens de volta para n\u00f3s e pagar a taxa de devolu\u00e7\u00e3o.<\/span><\/p>\n<p><span id=\"tl_20\">N\u00f3s lhe enviaremos uma substitui\u00e7\u00e3o ap\u00f3s receber o pacote.\u00a0<\/span><\/p>\n<p>Leia nossa <a href=\"https:\/\/www.casadainjecao.com.br\/loja\/politica-de-devolucao\/\">pol\u00edtica de devolu\u00e7\u00e3o aqui<\/a>.<\/p>\n<hr \/>\n<p><strong>ATEN\u00c7\u00c3O<\/strong>: Antes de efetuar a compra verifique o c\u00f3digo da pe\u00e7a que est\u00e1 instalado no seu ve\u00edculo.<\/p>\n<hr \/>\n<h4>Tem alguma d\u00favida?<\/h4>\n<p>Entre em contato que podemos ajudar!<\/p>\n<p>Confira as informa\u00e7\u00f5es abaixo:<\/p>\n<ul>\n<li>Todos os nossos produtos s\u00e3o novos, originais e possuem garantia.<\/li>\n<li>Todos os produtos anunciados est\u00e3o dispon\u00edveis em estoque e s\u00e3o enviados com extrema rapidez.<\/li>\n<li>O frete pode ser simulado antes de efetuar a compra, basta clicar em \u201cver custos de envio\u201d.<\/li>\n<li>A NF \u00e9 emitida automaticamente com os mesmos dados cadastrados em sua conta. PARA CNPJ FORA DO ESTADO DE SP O RECOLHIMENTO E PAGAMENTO DA ST \u00c9 OBRIGAT\u00d3RIO POR PARTE DO CLIENTE ANTES DO ENVIO).<\/li>\n<li>Verifique o endere\u00e7o de entrega cadastrado e atualize caso necess\u00e1rio.<\/li>\n<li>Confirme se a pe\u00e7a \u00e9 correta para o seu modelo de ve\u00edculo.<\/li>\n<li>Para pe\u00e7as automotivas, recomendamos a instala\u00e7\u00e3o por um profissional especializado.<\/li>\n<\/ul>\n<p>Caso possua outras d\u00favidas, entre em contato.<\/p>\n<p>&nbsp;<\/p>\n","protected":false},"excerpt":{"rendered":"<h2>V\u00e1lvula Canister Vw Gol 1.0 1.6 8v 16v &#8211; 377906291<\/h2>\n","protected":false},"featured_media":26855,"template":"","meta":{"_seopress_robots_primary_cat":"none","_seopress_titles_title":"","_seopress_titles_desc":"","_seopress_robots_index":"","_joinchat":[]},"product_cat":[21,271],"product_tag":[77,1641,1904,115,1903,76,59,1647,1525,1469,1526,1475,60,1405,1086],"berocket_brand":[381,383,396],"_links":{"self":[{"href":"https:\/\/www.casadainjecao.com.br\/loja\/wp-json\/wp\/v2\/product\/26850"}],"collection":[{"href":"https:\/\/www.casadainjecao.com.br\/loja\/wp-json\/wp\/v2\/product"}],"about":[{"href":"https:\/\/www.casadainjecao.com.br\/loja\/wp-json\/wp\/v2\/types\/product"}],"wp:featuredmedia":[{"embeddable":true,"href":"https:\/\/www.casadainjecao.com.br\/loja\/wp-json\/wp\/v2\/media\/26855"}],"wp:attachment":[{"href":"https:\/\/www.casadainjecao.com.br\/loja\/wp-json\/wp\/v2\/media?parent=26850"}],"wp:term":[{"taxonomy":"product_cat","embeddable":true,"href":"https:\/\/www.casadainjecao.com.br\/loja\/wp-json\/wp\/v2\/product_cat?post=26850"},{"taxonomy":"product_tag","embeddable":true,"href":"https:\/\/www.casadainjecao.com.br\/loja\/wp-json\/wp\/v2\/product_tag?post=26850"},{"taxonomy":"berocket_brand","embeddable":true,"href":"https:\/\/www.casadainjecao.com.br\/loja\/wp-json\/wp\/v2\/berocket_brand?post=26850"}],"curies":[{"name":"wp","href":"https:\/\/api.w.org\/{rel}","templated":true}]}}