{"id":26858,"date":"2023-10-19T08:31:42","date_gmt":"2023-10-19T11:31:42","guid":{"rendered":"https:\/\/www.casadainjecao.com.br\/loja\/?post_type=product&#038;p=26858"},"modified":"2024-11-15T08:34:11","modified_gmt":"2024-11-15T11:34:11","slug":"regulador-de-pressao-3-5bar-350kpa-original-weber-inzi-29706003501","status":"publish","type":"product","link":"https:\/\/www.casadainjecao.com.br\/loja\/autopecas\/injecao-eletronica\/regulador-de-pressao\/regulador-de-pressao-3-5bar-350kpa-original-weber-inzi-29706003501\/","title":{"rendered":"Regulador de Pressao 3.5Bar 350KPA Original Weber-Inzi &#821"},"content":{"rendered":"<h2>Regulador de Press\u00e3o<\/h2>\n<p><strong>CITROEN<\/strong><br \/>\nCitro\u00ebn C3 1.6 4Cil 16v Flex 2001 a 2005<br \/>\nCitro\u00ebn Xsara Picasso 2.0 4Cil 16v Gasolina 2001 em Diante<\/p>\n<p><strong>FIAT<\/strong><\/p>\n<p>Fiat Dobl\u00f4 1.3 4Cil 16v Gasolina 2001 a 2006 MPI<br \/>\nFiat Dobl\u00f4 1.6 4Cil 16v Gasolina 2001 a 2003<br \/>\nFiat Dobl\u00f4 1.8 4Cil 8v Flex 2006 em Diante<br \/>\nFiat Dobl\u00f4 1.8 4Cil 8v Gasolina 2003 a 2006<br \/>\nFiat Idea 1.4 4Cil 8v Flex 2006 a 2010 MPI<br \/>\nFiat Idea 1.8 4Cil 8v Flex 2006 a 2010 MPI<br \/>\nFiat Palio 1.0 4Cil 16v Gasolina 2000 a 2003 MPI<br \/>\nFiat Palio 1.0 4Cil 8v Flex 2005 a 2015 MPI<br \/>\nFiat Palio 1.0 4Cil 8v Gasolina 2000 a 2006 MPI<br \/>\nFiat Palio 1.3 4Cil 16v Gasolina 2000 a 2003 MPI<br \/>\nFiat Palio 1.3 4Cil 8v Flex 2003 a 2005 MPI<br \/>\nFiat Palio 1.3 4Cil 8v Gasolina 2002 a 2003 MPI<br \/>\nFiat Palio 1.4 4Cil 8v Flex 2006 a 2012 MPI<br \/>\nFiat Palio 1.6 4Cil 16v Gasolina 2001 a 2003 MPI<br \/>\nFiat Palio 1.8 4Cil 8v Flex 2004 a 2010 MPI<br \/>\nFiat Palio 1.8 4Cil 8v Gasolina 2003 a 2004 MPI<br \/>\nFiat Palio Weekend 1.0 4Cil 16v Gasolina 2000 a 2003 MPI<br \/>\nFiat Palio Weekend 1.3 4Cil 16v Gasolina 2000 a 2003 MPI<br \/>\nFiat Palio Weekend 1.3 4Cil 8v Flex 2004 em Diante MPI<br \/>\nFiat Palio Weekend 1.3 4Cil 8v Gasolina 2002 a 2004 MPI<br \/>\nFiat Palio Weekend 1.8 4Cil 8v Flex 2004 em Diante MPI<br \/>\nFiat Palio Weekend 1.8 4Cil 8v Gasolina 2004 em Diante MPI<br \/>\nFiat Siena 1.0 4Cil 16v Gasolina 2000 a 2003 MPI<br \/>\nFiat Siena 1.0 4Cil 8v Flex 2005 a 2012 MPI<br \/>\nFiat Siena 1.0 4Cil 8v Gasolina 2002 a 2005 MPI<br \/>\nFiat Siena 1.3 4Cil 16v Gasolina 2000 a 2004 MPI<br \/>\nFiat Siena 1.3 4Cil 8v Flex 2004 a 2005 MPI<br \/>\nFiat Siena 1.3 4Cil 8v Gasolina 2002 a 2003 MPI<br \/>\nFiat Siena 1.4 4Cil 8v Flex 2005 a 2007 MPI<br \/>\nFiat Siena 1.4 4Cil 8v Tetrafuel 2006 em Diante MPI<br \/>\nFiat Siena 1.8 4Cil 8v Flex 2004 a 2008 MPI<br \/>\nFiat Siena 1.8 4Cil 8v Gasolina 2003 a 2004 MPI<br \/>\nFiat Strada 1.3 4Cil 8v Flex 2002 a 2005 MPI<br \/>\nFiat Strada 1.3 4Cil 8v Gasolina 2002 a 2005 MPI<br \/>\nFiat Strada 1.8 4Cil 8v Flex 2004 em Diante MPI<br \/>\nFiat Strada 1.8 4Cil 8v Gasolina 2003 a 2004 MPI<br \/>\nFiat Uno 1.0 4Cil 8v Flex 2005 em Diante MPI<br \/>\nFiat Uno 1.0 4Cil 8v Gasolina 2001 em Diante MPI<\/p>\n<p><strong>GM<\/strong><\/p>\n<p>GM Celta 1.0 4Cil 8v Gasolina 2000 a 2002<br \/>\nGM Celta 1.4 4Cil 8v Gasolina 2003 a 2006<\/p>\n<p><strong>PEUGEOT<\/strong><\/p>\n<p>Peugeot 206 1.0 4Cil 12v Gasolina 1998 em Diante<br \/>\nPeugeot 206 1.4 4Cil 8v Gasolina 1998 em Diante<br \/>\nPeugeot 206 1.6 4Cil 16v Gasolina 1998 em Diante<br \/>\nPeugeot 206 1.6 4Cil 8v Gasolina 1998 em Diante<br \/>\nPeugeot 307 1.6I 16V 2004 a 2006<\/p>\n<p><strong>RENAULT<\/strong><\/p>\n<p>Renault Fluence 2.0 4Cil 16v Flex 2011 em Diante<br \/>\nRenault Logan 2012 em diante<br \/>\nRenault Sandero 2012 em diante<br \/>\nRenault Duster 2012 em diante<br \/>\nRenault Oroch 2012 em diante<br \/>\nRenault Clio 1.0 4Cil 16v Gasolina 2000 em Diante<br \/>\nRenault Clio 1.6 4Cil 16v Gasolina 2000 em Diante<br \/>\nRenault Megane 1.6 4Cil 16v Gasolina 2000 a 2005<br \/>\nRenault Megane 2.0 4Cil 16v Gasolina 2000 a 2005<br \/>\nRenault Scenic 1.6 4Cil 16v Gasolina 2000 em Diante<br \/>\nRenault Scenic 2.0 4Cil 16v Gasolina 2000 a 2005<br \/>\nRenault Twingo 1.0 4Cil 16v Gasolina 2000 a 2001<\/p>\n<p><strong>TOYOTA<\/strong><\/p>\n<p>Toyota Corolla 1.8 4Cil 16v Flex 2007 a 2008<\/p>\n<h4>C\u00f3digo de Refer\u00eancia:<\/h4>\n<p>F000dr0221, 29706003501<\/p>\n<h4><strong>Condi\u00e7\u00f5es:<\/strong><\/h4>\n<p>Novo Original \/ Marca INZI<\/p>\n<h4><strong>Garantia:<\/strong><\/h4>\n<p>3 Meses<\/p>\n<h4>Caracter\u00edsticas\u00a0 do Produto:<\/h4>\n<p>350KPA &#8211; 3,5 Bar<\/p>\n<h4>ITENS INCLUSOS:<\/h4>\n<p>1 Regulador de Press\u00e3o 3,5 bar<\/p>\n<h3>ATEN\u00c7\u00c3O: Antes de efetuar a compra verifique o c\u00f3digo da sua pe\u00e7a que est\u00e1 instalada no seu ve\u00edculo.<\/h3>\n<h3>APLICA\u00c7\u00c3O:<\/h3>\n<p>Linha Citroen, Fiat, GM, Peugeot, Renault, Toyota<\/p>\n<h4>O que \u00e9 e para que serve o Regulador de Press\u00e3o?<\/h4>\n<p>O Regulador de Press\u00e3o controla a press\u00e3o do combust\u00edvel no sistema de inje\u00e7\u00e3o ele mant\u00e9m a press\u00e3o do combust\u00edvel em um n\u00edvel constante, garantindo uma entrega precisa e consistente de combust\u00edvel para os injetores do motor, garantindo que a press\u00e3o do combust\u00edvel seja mantida dentro dos limites necess\u00e1rios para uma opera\u00e7\u00e3o eficiente e segura do motor.<\/p>\n<p>&nbsp;<\/p>\n<p>A Casa da Inje\u00e7\u00e3o oferece total garantia nos produtos comprados em nosso site.<\/p>\n<ol>\n<li>Cada item \u00e9 rigorosamente testado antes do envio<\/li>\n<li>Se os itens estiverem danificados ou parcialmente defeituosos, entre em contato conosco.<\/li>\n<\/ol>\n<p>Se houver qualquer defeito, n\u00f3s lhe enviaremos uma substitui\u00e7\u00e3o ap\u00f3s receber o pacote ou devolvemos seu dinheiro.<\/p>\n<p>Leia nossa<span style=\"color: #ff0000;\">\u00a0<a style=\"color: #ff0000;\" href=\"https:\/\/www.casadainjecao.com.br\/loja\/politica-de-devolucao\">pol\u00edtica de devolu\u00e7\u00e3o aqui<\/a><\/span><\/p>\n<p>\u2014\u2014\u2014\u2014\u2014\u2014\u2014\u2014\u2014\u2014\u2014\u2014\u2014\u2014\u2014\u2014\u2014\u2014\u2014\u2013<\/p>\n<p><strong>Tem alguma d\u00favida?<\/strong><\/p>\n<p>Entre em contato que podemos ajudar!<\/p>\n<p>Confira as informa\u00e7\u00f5es adicionais abaixo:<\/p>\n<ul>\n<li>Todos os nossos produtos s\u00e3o novos, semi-novos, originais e paralelos possuem garantia.<\/li>\n<li>Todos os produtos anunciados est\u00e3o dispon\u00edveis em estoque e s\u00e3o enviados com extrema rapidez.<\/li>\n<li>O frete pode ser simulado antes de efetuar a compra, basta clicar em \u201cver custos de envio\u201d.<\/li>\n<li>Verifique o endere\u00e7o de entrega cadastrado e atualize caso necess\u00e1rio.<\/li>\n<li>Confirme se a pe\u00e7a \u00e9 correta para o seu modelo de ve\u00edculo.<\/li>\n<li>Para pe\u00e7as automotivas, recomendamos a instala\u00e7\u00e3o por um profissional especializado.<\/li>\n<\/ul>\n<p>Caso possua outras d\u00favidas, entre em contato.<\/p>\n","protected":false},"excerpt":{"rendered":"<h2>Regulador De Pressao 3.5Bar 350KPA &#8211; 29706003501<\/h2>\n<h2><\/h2>\n<p>&nbsp;<\/p>\n","protected":false},"featured_media":27466,"template":"","meta":{"_seopress_robots_primary_cat":"none","_seopress_titles_title":"","_seopress_titles_desc":"","_seopress_robots_index":"","_joinchat":[]},"product_cat":[21,267],"product_tag":[49,52,139,709,50,119,414,51,120,121],"berocket_brand":[383,391,393,394,395],"_links":{"self":[{"href":"https:\/\/www.casadainjecao.com.br\/loja\/wp-json\/wp\/v2\/product\/26858"}],"collection":[{"href":"https:\/\/www.casadainjecao.com.br\/loja\/wp-json\/wp\/v2\/product"}],"about":[{"href":"https:\/\/www.casadainjecao.com.br\/loja\/wp-json\/wp\/v2\/types\/product"}],"wp:featuredmedia":[{"embeddable":true,"href":"https:\/\/www.casadainjecao.com.br\/loja\/wp-json\/wp\/v2\/media\/27466"}],"wp:attachment":[{"href":"https:\/\/www.casadainjecao.com.br\/loja\/wp-json\/wp\/v2\/media?parent=26858"}],"wp:term":[{"taxonomy":"product_cat","embeddable":true,"href":"https:\/\/www.casadainjecao.com.br\/loja\/wp-json\/wp\/v2\/product_cat?post=26858"},{"taxonomy":"product_tag","embeddable":true,"href":"https:\/\/www.casadainjecao.com.br\/loja\/wp-json\/wp\/v2\/product_tag?post=26858"},{"taxonomy":"berocket_brand","embeddable":true,"href":"https:\/\/www.casadainjecao.com.br\/loja\/wp-json\/wp\/v2\/berocket_brand?post=26858"}],"curies":[{"name":"wp","href":"https:\/\/api.w.org\/{rel}","templated":true}]}}