{"id":26859,"date":"2023-10-19T14:08:04","date_gmt":"2023-10-19T17:08:04","guid":{"rendered":"https:\/\/www.casadainjecao.com.br\/loja\/?post_type=product&#038;p=26859"},"modified":"2026-04-15T12:39:13","modified_gmt":"2026-04-15T15:39:13","slug":"bico-injetor-renault-sandero-ii-2-0-16v-166009398r","status":"publish","type":"product","link":"https:\/\/www.casadainjecao.com.br\/loja\/autopecas\/injecao-eletronica\/bico-injetor\/bico-injetor-renault-sandero-ii-2-0-16v-166009398r\/","title":{"rendered":"Bico Injetor Renault Sandero II 2.0 16v -166009398R"},"content":{"rendered":"<h2>Bico Injetor Renault<\/h2>\n<h3>Motores F4r E K4m 1.6 E 2.0 16v CAPTUR &#8211; 2.0 16V F4R &#8211; 2016 A &#8230;.<\/h3>\n<p>Renault Duster\u00a0 &#8211; 2.0 16V F4R &#8211; 2011 A &#8230;.<br \/>\nRenault Oroch &#8211; 2.0 16V F4R &#8211; 2015 A &#8230;.<br \/>\nRenault Sandero II &#8211; 2.0 16V F4R &#8211; 2016 A &#8230;.<\/p>\n<p>Codigo:- 166009398R<\/p>\n<p><strong>Condi\u00e7\u00f5es:<\/strong><\/p>\n<p>Novo Importado\/ Marca Torken<\/p>\n<h3>APLICA\u00c7\u00c3O:<\/h3>\n<p>Linha Renault<\/p>\n<p>Montagem Motor<\/p>\n<p>Portanto, a fun\u00e7\u00e3o do <b>bico injetor<\/b>\u00a0\u00e9 fazer com que o combust\u00edvel se espalhe e se misture com o ar de forma r\u00e1pida, pulverizando de acordo com intervalos espec\u00edficos, de modo a garantir que a queima de combust\u00edvel aconte\u00e7a o mais pr\u00f3ximo do ideal, otimizando o funcionamento do motor do ve\u00edculo.<\/p>\n<h4>Garantia:<\/h4>\n<p><strong> 3 Meses<\/strong><\/p>\n<p><span id=\"tl_17\" data-spm-anchor-id=\"a2g0o.detail.1000023.i1.30a079aeLEUutq\">1. Cada item \u00e9 rigorosamente testado antes do envio.<\/span><\/p>\n<p><span id=\"tl_18\">2. Se os itens estiverem danificados ou parcialmente defeituosos, entre em contato conosco.<\/span><\/p>\n<p><span id=\"tl_19\">Voc\u00ea deve enviar os itens de volta para n\u00f3s e pagar a taxa de devolu\u00e7\u00e3o.<\/span><\/p>\n<p><span id=\"tl_20\">N\u00f3s lhe enviaremos uma substitui\u00e7\u00e3o ap\u00f3s receber o pacote.\u00a0<\/span><\/p>\n<p>Leia nossa <a href=\"https:\/\/www.casadainjecao.com.br\/loja\/politica-de-devolucao\/\">pol\u00edtica de devolu\u00e7\u00e3o aqui<\/a>.<\/p>\n<hr \/>\n<p><strong>ATEN\u00c7\u00c3O<\/strong>: Antes de efetuar a compra verifique o c\u00f3digo da pe\u00e7a que est\u00e1 instalado no seu ve\u00edculo.<\/p>\n<hr \/>\n<h4>Tem alguma d\u00favida?<\/h4>\n<p>Entre em contato que podemos ajudar!<\/p>\n<p>Confira as informa\u00e7\u00f5es abaixo:<\/p>\n<ul>\n<li>Todos os nossos produtos s\u00e3o novos, originais e possuem garantia.<\/li>\n<li>Todos os produtos anunciados est\u00e3o dispon\u00edveis em estoque e s\u00e3o enviados com extrema rapidez.<\/li>\n<li>O frete pode ser simulado antes de efetuar a compra, basta clicar em \u201cver custos de envio\u201d.<\/li>\n<li>A NF \u00e9 emitida automaticamente com os mesmos dados cadastrados em sua conta. PARA CNPJ FORA DO ESTADO DE SP O RECOLHIMENTO E PAGAMENTO DA ST \u00c9 OBRIGAT\u00d3RIO POR PARTE DO CLIENTE ANTES DO ENVIO).<\/li>\n<li>Verifique o endere\u00e7o de entrega cadastrado e atualize caso necess\u00e1rio.<\/li>\n<li>Confirme se a pe\u00e7a \u00e9 correta para o seu modelo de ve\u00edculo.<\/li>\n<li>Para pe\u00e7as automotivas, recomendamos a instala\u00e7\u00e3o por um profissional especializado.<\/li>\n<\/ul>\n<p>Caso possua outras d\u00favidas, entre em contato.<\/p>\n<p>&nbsp;<\/p>\n","protected":false},"excerpt":{"rendered":"<h2>Bico Injetor Renault Motores F4r E K4m 2.0 16v &#8211; 166009398R<\/h2>\n","protected":false},"featured_media":26913,"template":"","meta":{"_seopress_robots_primary_cat":"none","_seopress_titles_title":"","_seopress_titles_desc":"","_seopress_robots_index":"","_seopress_analysis_target_kw":"","_kad_blocks_custom_css":"","_kad_blocks_head_custom_js":"","_kad_blocks_body_custom_js":"","_kad_blocks_footer_custom_js":"","_kadence_starter_templates_imported_post":false,"_joinchat":[]},"product_brand":[],"product_cat":[256,21],"product_tag":[52,1203,1728],"berocket_brand":[394],"class_list":{"0":"post-26859","1":"product","2":"type-product","3":"status-publish","4":"has-post-thumbnail","6":"product_cat-bico-injetor","7":"product_cat-injecao-eletronica","8":"product_tag-duster","9":"product_tag-oroch","10":"product_tag-sandero-ii","11":"berocket_brand-renault","12":"thunk-woo-product-list","13":"big-store-woo-hover-zoom","14":"open-single-product-tab-horizontal","15":"open-shadow-","16":"open-shadow-hover-","18":"first","19":"instock","20":"sale","21":"taxable","22":"shipping-taxable","23":"purchasable","24":"product-type-simple"},"taxonomy_info":{"product_cat":[{"value":256,"label":"Bico Injetor"},{"value":21,"label":"Inje\u00e7\u00e3o Eletr\u00f4nica"}],"product_tag":[{"value":52,"label":"Duster"},{"value":1203,"label":"Oroch"},{"value":1728,"label":"Sandero II"}],"berocket_brand":[{"value":394,"label":"Renault"}]},"featured_image_src_large":["https:\/\/www.casadainjecao.com.br\/loja\/wp-content\/uploads\/2023\/10\/bico-injetor-renault-fluence-584x780.jpg",584,780,true],"author_info":[],"comment_info":"","_links":{"self":[{"href":"https:\/\/www.casadainjecao.com.br\/loja\/wp-json\/wp\/v2\/product\/26859","targetHints":{"allow":["GET"]}}],"collection":[{"href":"https:\/\/www.casadainjecao.com.br\/loja\/wp-json\/wp\/v2\/product"}],"about":[{"href":"https:\/\/www.casadainjecao.com.br\/loja\/wp-json\/wp\/v2\/types\/product"}],"wp:featuredmedia":[{"embeddable":true,"href":"https:\/\/www.casadainjecao.com.br\/loja\/wp-json\/wp\/v2\/media\/26913"}],"wp:attachment":[{"href":"https:\/\/www.casadainjecao.com.br\/loja\/wp-json\/wp\/v2\/media?parent=26859"}],"wp:term":[{"taxonomy":"product_brand","embeddable":true,"href":"https:\/\/www.casadainjecao.com.br\/loja\/wp-json\/wp\/v2\/product_brand?post=26859"},{"taxonomy":"product_cat","embeddable":true,"href":"https:\/\/www.casadainjecao.com.br\/loja\/wp-json\/wp\/v2\/product_cat?post=26859"},{"taxonomy":"product_tag","embeddable":true,"href":"https:\/\/www.casadainjecao.com.br\/loja\/wp-json\/wp\/v2\/product_tag?post=26859"},{"taxonomy":"berocket_brand","embeddable":true,"href":"https:\/\/www.casadainjecao.com.br\/loja\/wp-json\/wp\/v2\/berocket_brand?post=26859"}],"curies":[{"name":"wp","href":"https:\/\/api.w.org\/{rel}","templated":true}]}}