{"id":26966,"date":"2023-10-21T08:11:00","date_gmt":"2023-10-21T11:11:00","guid":{"rendered":"https:\/\/www.casadainjecao.com.br\/loja\/?post_type=product&#038;p=26966"},"modified":"2026-05-09T11:43:19","modified_gmt":"2026-05-09T14:43:19","slug":"sensor-temperatura-externa-kia-hyundai-968583x000","status":"publish","type":"product","link":"https:\/\/www.casadainjecao.com.br\/loja\/autopecas\/injecao-eletronica\/sensores-injecao-eletronica\/sensor-temperatura-externa-kia-hyundai-968583x000\/","title":{"rendered":"Sensor Temperatura Externa Hyundai Sonata Azera Ix35 &#8211;"},"content":{"rendered":"<h2>Sensor Temperatura Externa Kia Hyundai<\/h2>\n<p>&nbsp;<\/p>\n<h5><\/h5>\n<h5>CODIGO DE APLICA\u00c7\u00c3O<\/h5>\n<p>969853X000<br \/>\n96985-3X000<br \/>\n969852D000<br \/>\n96985-2D000<\/p>\n<p><strong>Condi\u00e7\u00f5es:<\/strong><\/p>\n<p>Novo Original<\/p>\n<p><strong>Garantia:<\/strong><\/p>\n<p>3 Meses<\/p>\n<p>&nbsp;<\/p>\n<hr \/>\n<p>&nbsp;<\/p>\n<p>HYUNDAI ACCENT 1.6 L 1599 CC L4 DOHC<\/p>\n<p>HYUNDAI AZERA 3.3L 3342CC V6 DOHC<\/p>\n<p>HYUNDAI ELANTRA 1.4L 1353CC 83CU. IN. L4 DOHC TURBOCHARGED<\/p>\n<p>HYUNDAI ELANTRA 1.6L 1591CC 97CU. IN. L4 DOHC TURBOCHARGED<\/p>\n<p>HYUNDAI ELANTRA 1.8L 1797CC 110CU. IN. L4 DOHC<\/p>\n<p>HYUNDAI ELANTRA 1.8L 1797CC L4 DOHC<\/p>\n<p>HYUNDAI ELANTRA 2.0L 1975CC L4 DOHC<\/p>\n<p>HYUNDAI ELANTRA 2.0L 1999CC 122CU. IN. L4<\/p>\n<p>HYUNDAI ELANTRA 2.0L 1999CC 122CU. IN. L4 DOHC<\/p>\n<p>HYUNDAI ELANTRA GT 1.8L 1797CC L4 DOHC<\/p>\n<p>HYUNDAI ELANTRA GT 2.0L 1999CC L4 DOHC<\/p>\n<p>HYUNDAI EQUUS 4.6L 4627CC V8 DOHC<\/p>\n<p>HYUNDAI EQUUS 5.0L 5038CC V8 DOHC<\/p>\n<p>HYUNDAI GENESIS 3.8L 3778CC V6 DOHC<\/p>\n<p>HYUNDAI GENESIS 4.6L 4627CC V8 DOHC<\/p>\n<p>HYUNDAI GENESIS 5.0L 5038CC V8 DOHC<\/p>\n<p>HYUNDAI SANTA FE 2.0L 1998CC 122CU. IN. L4 DOHC TURBOCHARGED<\/p>\n<p>HYUNDAI SANTA FE 2.4L 2359CC L4 DOHC<\/p>\n<p>HYUNDAI SANTA FE 2.7L 2656CC V6 DOHC<\/p>\n<p>HYUNDAI SANTA FE 3.3L 3342CC V6 DOHC<\/p>\n<p>HYUNDAI SANTA FE 3.3L 3342CC V6 DOHC<\/p>\n<p>HYUNDAI SANTA FE XL 3.3L 3342CC V6 DOHC<\/p>\n<p>HYUNDAI SONATA 2.0L 1998CC 122CU. IN. L4 DOHC TURBOCHARGED<\/p>\n<p>HYUNDAI SONATA 2.0L 1999CC L4 ELECTRIC\/ DOHC<\/p>\n<p>HYUNDAI SONATA 2.4L 2359CC L4 DOHC<\/p>\n<p>HYUNDAI SONATA 2.4L 2359CC L4 ELECTRIC\/ DOHC<\/p>\n<p>HYUNDAI SONATA 3.3L 3342CC V6 DOHC<\/p>\n<p>HYUNDAI TUCSON 2.0L 1975CC L4 DOHC<\/p>\n<p>HYUNDAI TUCSON 2.0L 1999CC L4 DOHC<\/p>\n<p>HYUNDAI TUCSON 2.4L 2359CC L4 DOHC<\/p>\n<p>HYUNDAI TUCSON ELECTRIC\/HYDROGEN<\/p>\n<p>HYUNDAI VERACRUZ 3.8L 3778CC V6 DOHC<\/p>\n<p>KIA CADENZA 3.3L 3342CC V6 DOHC<\/p>\n<p>KIA FORTE 1.8L 1797CC L4 DOHC<\/p>\n<p>KIA FORTE 2.0L 1998CC 122CU. IN. L4 DOHC<\/p>\n<p>KIA FORTE 2.0L 1999CC 122CU. IN. L4 DOHC<\/p>\n<p>KIA FORTE 2.0L 2000CC 122CU. IN. L4 DOHC<\/p>\n<p>KIA FORTE 2.4L 2359CC L4 DOHC<\/p>\n<p>KIA FORTE5 1.6L 1591CC 97CU. IN. L4 DOHC TURBOCHARGED<\/p>\n<p>KIA FORTE5 2.0L 1999CC 122CU. IN. L4 DOHC<\/p>\n<p>KIA NIRO 1.6L 1580CC 96CU. IN. L4 ELECTRIC\/ DOHC<\/p>\n<p>KIA OPTIMA 2.0L 1998CC 122CU. IN. L4 DOHC TURBOCHARGED<\/p>\n<p>KIA OPTIMA 2.0L 1999CC 122CU. IN. L4 ELECTRIC\/ DOHC<\/p>\n<p>KIA OPTIMA 2.4L 2359CC L4 DOHC<\/p>\n<p>KIA OPTIMA 2.4L 2359CC L4 ELECTRIC\/ DOHC<\/p>\n<p>KIA SEDONA 3.3L 3342CC V6 DOHC<\/p>\n<p>KIA SEDONA 3.5L 3470CC V6 DOHC<\/p>\n<p>KIA SEDONA 3.8L 3778CC V6 DOHC<\/p>\n<p>KIA SORENTO 2.0L 1998CC 122CU. IN. L4 DOHC TURBOCHARGED<\/p>\n<p>KIA SORENTO 2.4L 2359CC L4 DOHC<\/p>\n<p>KIA SORENTO 3.3L 3342CC V6 DOHC<\/p>\n<p>KIA SOUL 1.6L 1591CC L4 DOHC<\/p>\n<p>KIA SOUL 1.6L 1591CC L4 DOHC TURBOCHARGED<\/p>\n<p>KIA SOUL 2.0L 1975CC L4 DOHC<\/p>\n<p>KIA SOUL 2.0L 1999CC 122CU. IN. L4 DOHC<\/p>\n<p>&nbsp;<\/p>\n<div data-hveid=\"CBgQAQ\">\n<div class=\"dnXCYb\" tabindex=\"0\" role=\"button\" aria-controls=\"_grEzZbPYBPTK1sQPiP2Q4AU_35\" aria-expanded=\"true\">\n<div class=\"JlqpRe\"><strong><span class=\"JCzEY ZwRhJd\"><span class=\"CSkcDe\">Para que serve o sensor de temperatura externa?<\/span><\/span><\/strong><\/div>\n<\/div>\n<div><\/div>\n<div class=\"dnXCYb\" tabindex=\"0\" role=\"button\" aria-controls=\"_grEzZbPYBPTK1sQPiP2Q4AU_35\" aria-expanded=\"true\">\n<div class=\"L3Ezfd\" data-ved=\"2ahUKEwizoby6gIeCAxV0pZUCHYg-BFwQuk56BAgYEAI\"><\/div>\n<\/div>\n<\/div>\n<div id=\"_grEzZbPYBPTK1sQPiP2Q4AU_35\" class=\"bCOlv\" data-ved=\"2ahUKEwizoby6gIeCAxV0pZUCHYg-BFwQ7NUEegQIGBAE\">\n<div class=\"IZE3Td\">\n<div class=\"t0bRye r2fjmd\" data-hveid=\"CBgQBQ\" data-ved=\"2ahUKEwizoby6gIeCAxV0pZUCHYg-BFwQu04oAHoECBgQBQ\">\n<div id=\"grEzZbPYBPTK1sQPiP2Q4AU__4\">\n<div class=\"wDYxhc\" data-md=\"61\">\n<div class=\"LGOjhe\" role=\"heading\" data-attrid=\"wa:\/description\" aria-level=\"3\" data-hveid=\"CBYQAA\"><span class=\"ILfuVd\" lang=\"pt\"><span class=\"hgKElc\">O sensor de temperatura tem por fun\u00e7\u00e3o\u00a0<b>medir o calor tanto do motor quanto do l\u00edquido em circula\u00e7\u00e3o<\/b>.<\/span><\/span><\/div>\n<div role=\"heading\" data-attrid=\"wa:\/description\" aria-level=\"3\" data-hveid=\"CBYQAA\"><\/div>\n<\/div>\n<\/div>\n<\/div>\n<\/div>\n<\/div>\n<p>comprados em nosso site.<\/p>\n<ol>\n<li>Cada item \u00e9 rigorosamente testado antes do envio<\/li>\n<li>Se os itens estiverem danificados ou parcialmente defeituosos, entre em contato conosco.<\/li>\n<\/ol>\n<p>Se houver qualquer defeito, n\u00f3s lhe enviaremos uma substitui\u00e7\u00e3o ap\u00f3s receber o pacote ou devolvemos seu dinheiro.<\/p>\n<p>Leia nossa <a href=\"https:\/\/www.casadainjecao.com.br\/loja\/politica-de-devolucao\">pol\u00edtica de devolu\u00e7\u00e3o aqui<\/a><\/p>\n<p>&#8212;&#8212;&#8212;&#8212;&#8212;&#8212;&#8212;&#8212;&#8212;&#8212;&#8212;&#8212;&#8212;&#8212;&#8212;&#8212;&#8212;&#8212;&#8212;&#8211;<\/p>\n<p><strong>ATEN\u00c7\u00c3O<\/strong>: Antes de efetuar a compra verifique o c\u00f3digo da sua pe\u00e7a que est\u00e1 instalado no seu ve\u00edculo.<\/p>\n<p>&nbsp;<\/p>\n<p><strong>Tem alguma d\u00favida?<\/strong><\/p>\n<p>Entre em contato que podemos ajudar!<\/p>\n<p>Confira as informa\u00e7\u00f5es adicionais abaixo:<\/p>\n<ul>\n<li>Todos os nossos produtos s\u00e3o novos, originais e possuem garantia.<\/li>\n<li>Todos os produtos anunciados est\u00e3o dispon\u00edveis em estoque e s\u00e3o enviados com extrema rapidez.<\/li>\n<li>O frete pode ser simulado antes de efetuar a compra, basta clicar em \u201cver custos de envio\u201d.<\/li>\n<li>Verifique o endere\u00e7o de entrega cadastrado e atualize caso necess\u00e1rio.<\/li>\n<li>Confirme se a pe\u00e7a \u00e9 correta para o seu modelo de ve\u00edculo.<\/li>\n<li>Para pe\u00e7as automotivas, recomendamos a instala\u00e7\u00e3o por um profissional especializado.<\/li>\n<\/ul>\n<p>Caso possua outras d\u00favidas, entre em contato.<\/p>\n<p>&nbsp;<\/p>\n","protected":false},"excerpt":{"rendered":"<h2><em>Sensor Temperatura Externa Kia Hyundai &#8211; 968583&#215;000<\/em><\/h2>\n","protected":false},"featured_media":26969,"template":"","meta":{"_seopress_robots_primary_cat":"none","_seopress_titles_title":"","_seopress_titles_desc":"","_seopress_robots_index":"","_kad_blocks_custom_css":"","_kad_blocks_head_custom_js":"","_kad_blocks_body_custom_js":"","_kad_blocks_footer_custom_js":"","_joinchat":[]},"product_cat":[133,17,21,269],"product_tag":[1342,697,297,1736,759,1340,1491],"berocket_brand":[386,388],"taxonomy_info":{"product_cat":[{"value":133,"label":"Chicotes"},{"value":17,"label":"El\u00e9trica"},{"value":21,"label":"Inje\u00e7\u00e3o Eletr\u00f4nica"},{"value":269,"label":"Sensores"}],"product_tag":[{"value":1342,"label":"Accent"},{"value":697,"label":"Elantra"},{"value":297,"label":"Sonata"},{"value":1736,"label":"Sorento"},{"value":759,"label":"Soul"},{"value":1340,"label":"Tucson"},{"value":1491,"label":"Vera Cruz"}],"berocket_brand":[{"value":386,"label":"Hyundai"},{"value":388,"label":"Kia"}]},"featured_image_src_large":["https:\/\/www.casadainjecao.com.br\/loja\/wp-content\/uploads\/2023\/10\/Sensor-Temperatura-Externa-Hyundai-Sonata-Azera-Creta-Ix35-968583x000-1-900x658.jpg",640,468,true],"author_info":[],"comment_info":"","_links":{"self":[{"href":"https:\/\/www.casadainjecao.com.br\/loja\/wp-json\/wp\/v2\/product\/26966"}],"collection":[{"href":"https:\/\/www.casadainjecao.com.br\/loja\/wp-json\/wp\/v2\/product"}],"about":[{"href":"https:\/\/www.casadainjecao.com.br\/loja\/wp-json\/wp\/v2\/types\/product"}],"wp:featuredmedia":[{"embeddable":true,"href":"https:\/\/www.casadainjecao.com.br\/loja\/wp-json\/wp\/v2\/media\/26969"}],"wp:attachment":[{"href":"https:\/\/www.casadainjecao.com.br\/loja\/wp-json\/wp\/v2\/media?parent=26966"}],"wp:term":[{"taxonomy":"product_cat","embeddable":true,"href":"https:\/\/www.casadainjecao.com.br\/loja\/wp-json\/wp\/v2\/product_cat?post=26966"},{"taxonomy":"product_tag","embeddable":true,"href":"https:\/\/www.casadainjecao.com.br\/loja\/wp-json\/wp\/v2\/product_tag?post=26966"},{"taxonomy":"berocket_brand","embeddable":true,"href":"https:\/\/www.casadainjecao.com.br\/loja\/wp-json\/wp\/v2\/berocket_brand?post=26966"}],"curies":[{"name":"wp","href":"https:\/\/api.w.org\/{rel}","templated":true}]}}