{"id":27018,"date":"2023-10-24T07:24:27","date_gmt":"2023-10-24T10:24:27","guid":{"rendered":"https:\/\/www.casadainjecao.com.br\/loja\/?post_type=product&#038;p=27018"},"modified":"2025-03-20T17:55:35","modified_gmt":"2025-03-20T20:55:35","slug":"brucutu-spray-de-agua-bico-pulverizador-parabrisa-renault-clio","status":"publish","type":"product","link":"https:\/\/www.casadainjecao.com.br\/loja\/autopecas\/eletrica\/bomba-eletrica-limpador\/brucutu-spray-de-agua-bico-pulverizador-parabrisa-renault-clio\/","title":{"rendered":"Kit Brucutu Spray Bico Pulverizador de \u00c1gua Parabrisa Renau"},"content":{"rendered":"<div class=\"title--wrap--wDzGayX description--title--ZsqjrTd\">\n<div class=\"title--text--Lx66GPw\">\n<h2 class=\"title--title--RN9Pt03\" data-spm-anchor-id=\"a2g0o.detail.0.i8.439059dbaitgde\">Kit Brucutu Spray Bico Pulverizador de \u00c1gua<span style=\"font-size: 16px;\">\u00a0<\/span>\u00a0Parabrisa (2Pe\u00e7as)<\/h2>\n<p class=\"title--title--RN9Pt03\" data-spm-anchor-id=\"a2g0o.detail.0.i8.439059dbaitgde\">Renault Clio<\/p>\n<p class=\"title--title--RN9Pt03\" data-spm-anchor-id=\"a2g0o.detail.0.i8.439059dbaitgde\">Renault Logan<\/p>\n<p class=\"title--title--RN9Pt03\" data-spm-anchor-id=\"a2g0o.detail.0.i8.439059dbaitgde\">Renault Megane<\/p>\n<p class=\"title--title--RN9Pt03\" data-spm-anchor-id=\"a2g0o.detail.0.i8.439059dbaitgde\">Renault Duster<\/p>\n<p class=\"title--title--RN9Pt03\" data-spm-anchor-id=\"a2g0o.detail.0.i8.439059dbaitgde\">Renault Scenic<\/p>\n<p class=\"title--title--RN9Pt03\" data-spm-anchor-id=\"a2g0o.detail.0.i8.439059dbaitgde\">Renault Captur<\/p>\n<h3 class=\"title--title--RN9Pt03\" data-spm-anchor-id=\"a2g0o.detail.0.i8.439059dbaitgde\">Informa\u00e7\u00f5es Gerais<\/h3>\n<\/div>\n<\/div>\n<div>\n<div class=\"extend--content--DlnAngg\">\n<div id=\"product-description\" class=\"description--product-description--nxRv0lW\" data-spm=\"1000023\" data-pl=\"product-description\">\n<div class=\"description--origin-part--SsZJoGC\">\n<div class=\"detailmodule_html\">\n<div class=\"detail-desc-decorate-richtext\">\n<div>\n<div>\n<div>\n<h4><strong id=\"tl_1\" data-spm-anchor-id=\"a2g0o.detail.1000023.i0.2bde6b85z2aq9M\">Caracter\u00edsticas:<\/strong><br \/>\n<span id=\"tl_2\"><\/span><\/h4>\n<div><\/div>\n<div><span id=\"tl_2\">1. Excelente qualidade: Feito de materiais de alta qualidade, seguro e dur\u00e1vel.<\/span><br \/>\n<span id=\"tl_3\"><\/span><\/div>\n<div><\/div>\n<div><span id=\"tl_3\">2. Instala\u00e7\u00e3o simples: tamanho pequeno, f\u00e1cil de instalar e usar.<\/span><br \/>\n<span id=\"tl_4\"><\/span><\/div>\n<div><\/div>\n<div><span id=\"tl_4\">3. Ajust\u00e1vel: 360 graus ajust\u00e1vel, flex\u00edvel e livre<\/span><\/div>\n<h4><strong id=\"tl_5\">Especifica\u00e7\u00f5es:<\/strong><\/h4>\n<p><span id=\"tl_6\"><\/span><span id=\"tl_6\">Cor: preto<\/span><\/p>\n<p><span id=\"tl_7\"><\/span><span id=\"tl_7\">Material: metal + ABS<\/span><br \/>\n<span id=\"tl_8\"><\/span><\/p>\n<p><span id=\"tl_8\">Tamanho: cerca de 27x5mm\/1,06&#215;1,37<\/span><br \/>\n<span id=\"tl_9\"><\/span><\/p>\n<p><span id=\"tl_9\">Quantidade: 2 pe\u00e7as<\/span><\/p>\n<\/div>\n<\/div>\n<\/div>\n<\/div>\n<div>\n<h4><strong>Condi\u00e7\u00f5es:<\/strong><\/h4>\n<p>Novo Importado \/ Marca Torken<\/p>\n<h4><strong>Garantia:<\/strong><\/h4>\n<p>3 Meses<\/p>\n<h3><strong>APLICA\u00c7\u00c3O:<\/strong><\/h3>\n<p>Linha Renault<\/p>\n<h4>O que \u00e9 e para que serve Brucutu Spray Limpador Parabrisa?<\/h4>\n<p>O Brucutu do parabrisa \u00e9 uma pequena pe\u00e7a de pl\u00e1stico que \u00e9 ligada a um sistema de \u00e1gua que pode ajudar em situa\u00e7\u00f5es em que o carro passa por estradas que joguem sujeira como terra ou poeira, impedindo a vis\u00e3o do motorista.<\/p>\n<p>&nbsp;<\/p>\n<p>A Casa da Inje\u00e7\u00e3o oferece total garantia nos produtos comprados em nosso site.<\/p>\n<ol>\n<li>Cada item \u00e9 rigorosamente testado antes do envio<\/li>\n<li>Se os itens estiverem danificados ou parcialmente defeituosos, entre em contato conosco.<\/li>\n<\/ol>\n<p>Se houver qualquer defeito, n\u00f3s lhe enviaremos uma substitui\u00e7\u00e3o ap\u00f3s receber o pacote ou devolvemos seu dinheiro.<\/p>\n<p>Leia nossa <span style=\"color: #ff0000;\"><a style=\"color: #ff0000;\" href=\"https:\/\/www.casadainjecao.com.br\/loja\/politica-de-devolucao\">pol\u00edtica de devolu\u00e7\u00e3o aqui<\/a><\/span><\/p>\n<p>&#8212;&#8212;&#8212;&#8212;&#8212;&#8212;&#8212;&#8212;&#8212;&#8212;&#8212;&#8212;&#8212;&#8212;&#8212;&#8212;&#8212;&#8212;&#8212;&#8211;<\/p>\n<p><strong>ATEN\u00c7\u00c3O<\/strong>: Antes de efetuar a compra verifique o c\u00f3digo do Kit Brucutu Spray Bico Pulverizador de \u00c1gua Parabrisa que est\u00e1 instalado no seu ve\u00edculo.<\/p>\n<p>O Kit Brucutu Spray Bico Pulverizador de \u00c1gua Parabrisa \u00e9 compat\u00edvel com, Renault Clio, Logan, Megane, Duster, Scenic, Captur<\/p>\n<p><strong>Tem alguma d\u00favida?<\/strong><\/p>\n<p>Entre em contato que podemos ajudar!<\/p>\n<p>Confira as informa\u00e7\u00f5es adicionais abaixo:<\/p>\n<ul>\n<li>Todos os nossos produtos s\u00e3o novos, originais e possuem garantia.<\/li>\n<li>Todos os produtos anunciados est\u00e3o dispon\u00edveis em estoque e s\u00e3o enviados com extrema rapidez.<\/li>\n<li>O frete pode ser simulado antes de efetuar a compra, basta clicar em \u201cver custos de envio\u201d.<\/li>\n<li>Verifique o endere\u00e7o de entrega cadastrado e atualize caso necess\u00e1rio.<\/li>\n<li>Confirme se a pe\u00e7a \u00e9 correta para o seu modelo de ve\u00edculo.<\/li>\n<li>Para pe\u00e7as automotivas, recomendamos a instala\u00e7\u00e3o por um profissional especializado.<\/li>\n<\/ul>\n<p>Caso possua outras d\u00favidas, entre em contato.<\/p>\n<p>&nbsp;<\/p>\n<p>&nbsp;<\/p>\n<\/div>\n<\/div>\n<\/div>\n<\/div>\n<\/div>\n<\/div>\n","protected":false},"excerpt":{"rendered":"<h2>Kit Brucutu Spray Pulverizador de \u00c1gua Parabrisa Renault Clio<\/h2>\n","protected":false},"featured_media":27024,"template":"","meta":{"_seopress_robots_primary_cat":"none","_seopress_titles_title":"","_seopress_titles_desc":"","_seopress_robots_index":"","_kad_blocks_custom_css":"","_kad_blocks_head_custom_js":"","_kad_blocks_body_custom_js":"","_kad_blocks_footer_custom_js":"","_joinchat":[]},"product_cat":[107,17,1390,1104],"product_tag":[173,49,52,1907,50,51],"berocket_brand":[],"taxonomy_info":{"product_cat":[{"value":107,"label":"Bomba Eletrica Limpador"},{"value":17,"label":"El\u00e9trica"},{"value":1390,"label":"Esguicho do Farol"},{"value":1104,"label":"Suspen\u00e7\u00e3o"}],"product_tag":[{"value":173,"label":"Captur"},{"value":49,"label":"Clio"},{"value":52,"label":"Duster"},{"value":1907,"label":"Lgoan"},{"value":50,"label":"Megane"},{"value":51,"label":"Scenic"}]},"featured_image_src_large":["https:\/\/www.casadainjecao.com.br\/loja\/wp-content\/uploads\/2023\/10\/Bico-Pulverizador-Parabrisa-Renault-Clio-sandero-776x780.jpg",640,643,true],"author_info":[],"comment_info":"","_links":{"self":[{"href":"https:\/\/www.casadainjecao.com.br\/loja\/wp-json\/wp\/v2\/product\/27018"}],"collection":[{"href":"https:\/\/www.casadainjecao.com.br\/loja\/wp-json\/wp\/v2\/product"}],"about":[{"href":"https:\/\/www.casadainjecao.com.br\/loja\/wp-json\/wp\/v2\/types\/product"}],"wp:featuredmedia":[{"embeddable":true,"href":"https:\/\/www.casadainjecao.com.br\/loja\/wp-json\/wp\/v2\/media\/27024"}],"wp:attachment":[{"href":"https:\/\/www.casadainjecao.com.br\/loja\/wp-json\/wp\/v2\/media?parent=27018"}],"wp:term":[{"taxonomy":"product_cat","embeddable":true,"href":"https:\/\/www.casadainjecao.com.br\/loja\/wp-json\/wp\/v2\/product_cat?post=27018"},{"taxonomy":"product_tag","embeddable":true,"href":"https:\/\/www.casadainjecao.com.br\/loja\/wp-json\/wp\/v2\/product_tag?post=27018"},{"taxonomy":"berocket_brand","embeddable":true,"href":"https:\/\/www.casadainjecao.com.br\/loja\/wp-json\/wp\/v2\/berocket_brand?post=27018"}],"curies":[{"name":"wp","href":"https:\/\/api.w.org\/{rel}","templated":true}]}}