{"id":27108,"date":"2023-10-31T15:16:12","date_gmt":"2023-10-31T18:16:12","guid":{"rendered":"https:\/\/www.casadainjecao.com.br\/loja\/?post_type=product&#038;p=27108"},"modified":"2026-03-25T21:34:15","modified_gmt":"2026-03-26T00:34:15","slug":"clipe-de-revestimento-para-capo-renault-laguna-kangoo-7703081179","status":"publish","type":"product","link":"https:\/\/www.casadainjecao.com.br\/loja\/autopecas\/suspencao\/bucha\/clipe-de-revestimento-para-capo-renault-laguna-kangoo-7703081179\/","title":{"rendered":"Clipe de Revestimento para Cap\u00f4 Renault Laguna &#8211; 7703"},"content":{"rendered":"<h2>Clipe de Revestimento para Cap\u00f4<\/h2>\n<p><strong>RENAULT<\/strong><\/p>\n<p>Renault M\u00e9gane I RN, RT, RXE, Alize, Egeus, Expression 1.6 8v 1.6 16v 2.0 8v (1995\u00a0 2016)<\/p>\n<p>Renault M\u00e9gane I sedan Egeus, RT, RXE, Alize, Privil\u00e9ge 1.6 16v 2.0 8v 2.0 16v (1996 a 2017)<\/p>\n<p>Renault Laguna II Expression, Privil\u00e9ge v6 2.0 16v 3.0 24v (2000 a 2016)<\/p>\n<p>Renault Kangoo Express RL, RL hiflex, Authentique flex, Expression flex 1.0 8v 1.0 16v 1.6 8v 1.6 16v (1997 a 2018)<\/p>\n<p>Renault Kangoo RN, RT, RL, Sportway, Authentique, Expression 1.0 8v 1.0 16v 1.6 8v 1.6 16v (1997 a 2018)<\/p>\n<p>Renault Sc\u00e9nic RT, RXE, RN, Alize, Authentique, Egeus, Expression, Privil\u00e9ge flex, Sportway 1.6 16v 2.0 8v 2.0 16v (1996 a 2017)<\/p>\n<h4><strong>C\u00f3digo de refer\u00eancia:<\/strong><\/h4>\n<p>7703081179<\/p>\n<p><strong>Condi\u00e7\u00f5es:<\/strong><\/p>\n<p>Novo Original \/ Marca Renault<\/p>\n<p><strong>Garantia:<\/strong><\/p>\n<p>3 Meses<strong>\u00a0<\/strong><\/p>\n<h3><strong>APLICA\u00c7\u00c3O:<\/strong><\/h3>\n<p>Linha Renault<\/p>\n<h4><strong>\u00a0O que \u00e9 e para que serve o Clipe de Revestimento para Cap\u00f4<\/strong><strong>?<\/strong><\/h4>\n<p>O clipe de revestimento para cap\u00f4 tamb\u00e9m conhecido como presilha, grampo ou fixador, \u00e9 uma pe\u00e7a utilizada para fixar e manter o revestimento nterno do cap\u00f4 do ve\u00edculo. Este revestimento muitas vezes possui um papel na absor\u00e7\u00e3o de ru\u00eddos do motor, isolamento t\u00e9rmico e est\u00e9tico.<\/p>\n<p>A Casa da Inje\u00e7\u00e3o oferece total garantia nos produtos comprados em nosso site.<\/p>\n<ol>\n<li>Cada item \u00e9 rigorosamente testado antes do envio<\/li>\n<li>Se os itens estiverem danificados ou parcialmente defeituosos, entre em contato conosco.<\/li>\n<\/ol>\n<p>Se houver qualquer defeito, n\u00f3s lhe enviaremos uma substitui\u00e7\u00e3o ap\u00f3s receber o pacote ou devolvemos seu dinheiro.<\/p>\n<p>Leia nossa <span style=\"color: #ff0000;\"><a style=\"color: #ff0000;\" href=\"https:\/\/www.casadainjecao.com.br\/loja\/politica-de-devolucao\">pol\u00edtica de devolu\u00e7\u00e3o aqui<\/a><\/span><\/p>\n<p>&#8212;&#8212;&#8212;&#8212;&#8212;&#8212;&#8212;&#8212;&#8212;&#8212;&#8212;&#8212;&#8212;&#8212;&#8212;&#8212;&#8212;&#8212;&#8212;&#8211;<\/p>\n<p><strong>ATEN\u00c7\u00c3O<\/strong>: Antes de efetuar a compra verifique o c\u00f3digo do clipe de revestimento para cap\u00f4\u00a0que est\u00e1 instalado no seu ve\u00edculo.<\/p>\n<p>O clipe de revestimento para cap\u00f4 \u00e9 compat\u00edvel com as marcas, Renault M\u00e9gane, Laguna, Kangoo, Kangoo Express, Sc\u00e9nic<\/p>\n<p>&#8212;&#8212;&#8212;&#8212;&#8212;&#8212;&#8212;&#8212;&#8212;&#8212;&#8212;&#8212;&#8212;&#8212;&#8212;&#8212;&#8212;&#8212;&#8212;&#8212;-<\/p>\n<p><strong>Tem alguma d\u00favida?<\/strong><\/p>\n<p>Entre em contato que podemos ajudar!<\/p>\n<p>Confira as informa\u00e7\u00f5es adicionais abaixo:<\/p>\n<ul>\n<li>Todos os nossos produtos s\u00e3o novos, semi-novos, originais e paralelos possuem garantia.<\/li>\n<li>Todos os produtos anunciados est\u00e3o dispon\u00edveis em estoque e s\u00e3o enviados com extrema rapidez.<\/li>\n<li>O frete pode ser simulado antes de efetuar a compra, basta clicar em \u201cver custos de envio\u201d.<\/li>\n<li>Verifique o endere\u00e7o de entrega cadastrado e atualize caso necess\u00e1rio.<\/li>\n<li>Confirme se a pe\u00e7a \u00e9 correta para o seu modelo de ve\u00edculo.<\/li>\n<li>Para pe\u00e7as automotivas, recomendamos a instala\u00e7\u00e3o por um profissional especializado.<\/li>\n<\/ul>\n<p>Caso possua outras d\u00favidas, entre em contato.<\/p>\n<p>&nbsp;<\/p>\n<p>&nbsp;<\/p>\n","protected":false},"excerpt":{"rendered":"<h2>Clipe de Revestimento para Cap\u00f4 Renault Laguna Kangoo, Kangoo Express, M\u00e9gane, Sc\u00e9nic &#8211; 7703081179<\/h2>\n","protected":false},"featured_media":27115,"template":"","meta":{"_seopress_robots_primary_cat":"none","_seopress_titles_title":"","_seopress_titles_desc":"","_seopress_robots_index":"","_joinchat":[]},"product_cat":[1118,87,83],"product_tag":[1886,150,1844,402,51],"berocket_brand":[394],"_links":{"self":[{"href":"https:\/\/www.casadainjecao.com.br\/loja\/wp-json\/wp\/v2\/product\/27108"}],"collection":[{"href":"https:\/\/www.casadainjecao.com.br\/loja\/wp-json\/wp\/v2\/product"}],"about":[{"href":"https:\/\/www.casadainjecao.com.br\/loja\/wp-json\/wp\/v2\/types\/product"}],"wp:featuredmedia":[{"embeddable":true,"href":"https:\/\/www.casadainjecao.com.br\/loja\/wp-json\/wp\/v2\/media\/27115"}],"wp:attachment":[{"href":"https:\/\/www.casadainjecao.com.br\/loja\/wp-json\/wp\/v2\/media?parent=27108"}],"wp:term":[{"taxonomy":"product_cat","embeddable":true,"href":"https:\/\/www.casadainjecao.com.br\/loja\/wp-json\/wp\/v2\/product_cat?post=27108"},{"taxonomy":"product_tag","embeddable":true,"href":"https:\/\/www.casadainjecao.com.br\/loja\/wp-json\/wp\/v2\/product_tag?post=27108"},{"taxonomy":"berocket_brand","embeddable":true,"href":"https:\/\/www.casadainjecao.com.br\/loja\/wp-json\/wp\/v2\/berocket_brand?post=27108"}],"curies":[{"name":"wp","href":"https:\/\/api.w.org\/{rel}","templated":true}]}}