{"id":27121,"date":"2023-10-31T15:39:31","date_gmt":"2023-10-31T18:39:31","guid":{"rendered":"https:\/\/www.casadainjecao.com.br\/loja\/?post_type=product&#038;p=27121"},"modified":"2026-01-13T12:05:39","modified_gmt":"2026-01-13T15:05:39","slug":"27121","status":"publish","type":"product","link":"https:\/\/www.casadainjecao.com.br\/loja\/autopecas\/exterior\/27121\/","title":{"rendered":"Emblema 2.8 DTI Renault Master &#8211; 7700353574"},"content":{"rendered":"<h2>Emblema Logotipo 2.8 DTI<\/h2>\n<p style=\"font-size: 14px;font-weight: 400\"><strong>RENAULT<\/strong><\/p>\n<p style=\"font-size: 14px;font-weight: 400\">Renault Mater II L1H1, L2H2, L3H2, L1H2, Furg\u00e3o 2.5 16v 2.8 8v (1997 a 2018)<\/p>\n<p style=\"font-size: 14px;font-weight: 400\">\u00a0<\/p>\n<p style=\"font-size: 14px;font-weight: 400\"><strong>C\u00f3digo de refer\u00eancia:<\/strong><\/p>\n<p style=\"font-size: 14px;font-weight: 400\">7700353574, 7700352224<\/p>\n<p style=\"font-size: 14px;font-weight: 400\">\u00a0<\/p>\n<p style=\"font-size: 14px;font-weight: 400\"><strong>Condi\u00e7\u00f5es:<\/strong><\/p>\n<p style=\"font-size: 14px;font-weight: 400\">Novo Original\/ Marca Renault<\/p>\n<h4>Garantia:<\/h4>\n<p style=\"font-size: 14px;font-weight: 400\">3 Meses<\/p>\n<h3><\/h3>\n<h3><strong>ATEN\u00c7\u00c3O<\/strong>: Antes de efetuar a compra verifique o c\u00f3digo da pe\u00e7a que est\u00e1 instalada no seu ve\u00edculo.<\/h3>\n<h3><\/h3>\n<h3>APLICA\u00c7\u00c3O:<\/h3>\n<p style=\"font-size: 14px;font-weight: 400\">Linha Renault<\/p>\n<h4><strong>O que \u00e9 e para que serve o Emblema Logotipo 2.8 DTI?<\/strong><\/h4>\n<p style=\"font-size: 14px;font-weight: 400\">O Emblema Logotipo serve principalmente para fins est\u00e9ticos e identifica\u00e7\u00e3o da marca. Muitas vezes cont\u00e9m o logotipo ou nome do fabricante do ve\u00edculo, e \u00e9 uma forma visual de identificar a marca do carro.<\/p>\n","protected":false},"excerpt":{"rendered":"<h2>Emblema 2.8 DTI Renault Master \u2013 7700353574, 7700352224<\/h2>\n<p>\u00a0<\/p>\n","protected":false},"featured_media":43470,"template":"","meta":{"_seopress_robots_primary_cat":"none","_seopress_titles_title":"","_seopress_titles_desc":"","_seopress_robots_index":"","_joinchat":[]},"product_cat":[23],"product_tag":[193],"berocket_brand":[394],"_links":{"self":[{"href":"https:\/\/www.casadainjecao.com.br\/loja\/wp-json\/wp\/v2\/product\/27121"}],"collection":[{"href":"https:\/\/www.casadainjecao.com.br\/loja\/wp-json\/wp\/v2\/product"}],"about":[{"href":"https:\/\/www.casadainjecao.com.br\/loja\/wp-json\/wp\/v2\/types\/product"}],"wp:featuredmedia":[{"embeddable":true,"href":"https:\/\/www.casadainjecao.com.br\/loja\/wp-json\/wp\/v2\/media\/43470"}],"wp:attachment":[{"href":"https:\/\/www.casadainjecao.com.br\/loja\/wp-json\/wp\/v2\/media?parent=27121"}],"wp:term":[{"taxonomy":"product_cat","embeddable":true,"href":"https:\/\/www.casadainjecao.com.br\/loja\/wp-json\/wp\/v2\/product_cat?post=27121"},{"taxonomy":"product_tag","embeddable":true,"href":"https:\/\/www.casadainjecao.com.br\/loja\/wp-json\/wp\/v2\/product_tag?post=27121"},{"taxonomy":"berocket_brand","embeddable":true,"href":"https:\/\/www.casadainjecao.com.br\/loja\/wp-json\/wp\/v2\/berocket_brand?post=27121"}],"curies":[{"name":"wp","href":"https:\/\/api.w.org\/{rel}","templated":true}]}}