{"id":27189,"date":"2023-11-01T17:30:40","date_gmt":"2023-11-01T20:30:40","guid":{"rendered":"https:\/\/www.casadainjecao.com.br\/loja\/?post_type=product&#038;p=27189"},"modified":"2025-08-05T14:40:22","modified_gmt":"2025-08-05T17:40:22","slug":"tampao-plastico-carroceria-renault-megane-laguna-7703074489","status":"publish","type":"product","link":"https:\/\/www.casadainjecao.com.br\/loja\/autopecas\/carroceria\/tampa-de-vedacao\/tampao-plastico-carroceria-renault-megane-laguna-7703074489\/","title":{"rendered":"Tamp\u00e3o Pl\u00e1stico Carroceria Renault M\u00e9gane Laguna &#8211; "},"content":{"rendered":"<h2>Tamp\u00e3o Pl\u00e1stico Carroceria<\/h2>\n<p><strong>RENAULT<\/strong><\/p>\n<p>Renault M\u00e9gane I RN, RT, RXE, Alize, egeus, Expression 1.6 8v 1.6 16v 2.0 8v (1995 a 2016)<\/p>\n<p>Renault M\u00e9gane I sedan Egeus, RT, RXE, Alize, Privil\u00e9ge 1.6 16v 2.0 8v 2.0 16v (1996 a 2017)<\/p>\n<p>Renault M\u00e9gane II Dynamique flex, Expression, Extreme, Privil\u00e9ge 1.6 16v (2001 a 2016)<\/p>\n<p>Renault Laguna RT, RXE, V6, Executive 2.0 8v 2.0 16v 3.0 12v (1993 a 2011)<\/p>\n<p>Renault Laguna Nevada Expression, Privil\u00e9ge v6 2.0 16v 3.0 24v (2000 a 2016)<\/p>\n<h4><strong>C\u00f3digo de refer\u00eancia:<\/strong><\/h4>\n<p>7703074489<\/p>\n<h4><strong>Condi\u00e7\u00f5es:<\/strong><\/h4>\n<p>Novo Original \/ Marca Renault<\/p>\n<h4><strong>Garantia:<\/strong><\/h4>\n<p>3 Meses<strong>\u00a0<\/strong><\/p>\n<h3><strong>ATEN\u00c7\u00c3O<\/strong>: Antes de efetuar a compra verifique o c\u00f3digo da pe\u00e7a que est\u00e1 instalada no seu ve\u00edculo.<\/h3>\n<h3><strong>APLICA\u00c7\u00c3O:<\/strong><\/h3>\n<p>Linha Renault<\/p>\n<h4><strong>O que \u00e9 e para que serve a Tamp\u00e3o Pl\u00e1stico?<\/strong><\/h4>\n<p>O Tamp\u00e3o Pl\u00e1stico tem fun\u00e7\u00e3o de vedar e ou proteger algumas \u00e1reas da carroceria, especialmente nas laterais ou no piso, sua localiza\u00e7\u00e3o espec\u00edfica no ve\u00edculo depender\u00e1 do projeto do fabricante.<\/p>\n<p>&nbsp;<\/p>\n<p>A Casa da Inje\u00e7\u00e3o oferece total garantia nos produtos comprados em nosso site.<\/p>\n<ol>\n<li>Cada item \u00e9 rigorosamente testado antes do envio<\/li>\n<li>Se os itens estiverem danificados ou parcialmente defeituosos, entre em contato conosco.<\/li>\n<\/ol>\n<p>Se houver qualquer defeito, n\u00f3s lhe enviaremos uma substitui\u00e7\u00e3o ap\u00f3s receber o pacote ou devolvemos seu dinheiro.<\/p>\n<p>Leia nossa <span style=\"color: #ff0000;\"><a style=\"color: #ff0000;\" href=\"https:\/\/www.casadainjecao.com.br\/loja\/politica-de-devolucao\">pol\u00edtica de devolu\u00e7\u00e3o aqui<\/a><\/span><\/p>\n<p>&#8212;&#8212;&#8212;&#8212;&#8212;&#8212;&#8212;&#8212;&#8212;&#8212;&#8212;&#8212;&#8212;&#8212;&#8212;&#8212;&#8212;&#8212;&#8212;&#8211;<\/p>\n<p><strong>Tem alguma d\u00favida?<\/strong><\/p>\n<p>Entre em contato que podemos ajudar!<\/p>\n<p>Confira as informa\u00e7\u00f5es adicionais abaixo:<\/p>\n<ul>\n<li>Todos os nossos produtos s\u00e3o novos, semi-novos, originais e paralelos possuem garantia.<\/li>\n<li>Todos os produtos anunciados est\u00e3o dispon\u00edveis em estoque e s\u00e3o enviados com extrema rapidez.<\/li>\n<li>O frete pode ser simulado antes de efetuar a compra, basta clicar em \u201cver custos de envio\u201d.<\/li>\n<li>Verifique o endere\u00e7o de entrega cadastrado e atualize caso necess\u00e1rio.<\/li>\n<li>Confirme se a pe\u00e7a \u00e9 correta para o seu modelo de ve\u00edculo.<\/li>\n<li>Para pe\u00e7as automotivas, recomendamos a instala\u00e7\u00e3o por um profissional especializado.<\/li>\n<\/ul>\n<p>Caso possua outras d\u00favidas, entre em contato.<\/p>\n","protected":false},"excerpt":{"rendered":"<h2>Tamp\u00e3o de Pl\u00e1stico da Carroceria Renault M\u00e9gane Laguna M\u00e9gane &#8211; 7703074489<\/h2>\n","protected":false},"featured_media":27196,"template":"","meta":{"_seopress_robots_primary_cat":"none","_seopress_titles_title":"","_seopress_titles_desc":"","_seopress_robots_index":"","_joinchat":[]},"product_cat":[83,1729],"product_tag":[128,1910,50,1844,147],"berocket_brand":[394],"_links":{"self":[{"href":"https:\/\/www.casadainjecao.com.br\/loja\/wp-json\/wp\/v2\/product\/27189"}],"collection":[{"href":"https:\/\/www.casadainjecao.com.br\/loja\/wp-json\/wp\/v2\/product"}],"about":[{"href":"https:\/\/www.casadainjecao.com.br\/loja\/wp-json\/wp\/v2\/types\/product"}],"wp:featuredmedia":[{"embeddable":true,"href":"https:\/\/www.casadainjecao.com.br\/loja\/wp-json\/wp\/v2\/media\/27196"}],"wp:attachment":[{"href":"https:\/\/www.casadainjecao.com.br\/loja\/wp-json\/wp\/v2\/media?parent=27189"}],"wp:term":[{"taxonomy":"product_cat","embeddable":true,"href":"https:\/\/www.casadainjecao.com.br\/loja\/wp-json\/wp\/v2\/product_cat?post=27189"},{"taxonomy":"product_tag","embeddable":true,"href":"https:\/\/www.casadainjecao.com.br\/loja\/wp-json\/wp\/v2\/product_tag?post=27189"},{"taxonomy":"berocket_brand","embeddable":true,"href":"https:\/\/www.casadainjecao.com.br\/loja\/wp-json\/wp\/v2\/berocket_brand?post=27189"}],"curies":[{"name":"wp","href":"https:\/\/api.w.org\/{rel}","templated":true}]}}