{"id":273,"date":"2020-07-27T10:07:24","date_gmt":"2020-07-27T13:07:24","guid":{"rendered":"http:\/\/casadainjecao.com.br\/loja\/?post_type=product&#038;p=273"},"modified":"2023-07-02T07:54:04","modified_gmt":"2023-07-02T10:54:04","slug":"botao-ventilacao-interna-ford-focus-98aw18578af","status":"publish","type":"product","link":"https:\/\/www.casadainjecao.com.br\/loja\/autopecas\/eletrica\/botoes\/botao-ventilacao-interna-ford-focus-98aw18578af\/","title":{"rendered":"Bot\u00e3o Ventila\u00e7\u00e3o Comando Ar Ford Fiesta Focus &#8211; 98a"},"content":{"rendered":"<h1>Bot\u00e3o Ventila\u00e7\u00e3o Comando Ar Ford Focus Fiesta &#8211; 98aw18578af<\/h1>\n","protected":false},"excerpt":{"rendered":"<h2>Bot\u00e3o Ventila\u00e7\u00e3o Comando Ar<\/h2>\n<h2>Ford Focus Fiesta 2000&gt;2018<br \/>\nCodigo:- 98aw18578af\u00a0 c=148<\/h2>\n","protected":false},"featured_media":1599,"template":"","meta":{"_seopress_robots_primary_cat":"none","_seopress_titles_title":"","_seopress_titles_desc":"","_seopress_robots_index":"","_seopress_analysis_target_kw":"","_kad_blocks_custom_css":"","_kad_blocks_head_custom_js":"","_kad_blocks_body_custom_js":"","_kad_blocks_footer_custom_js":"","_kadence_starter_templates_imported_post":false,"_joinchat":[]},"product_brand":[],"product_cat":[16,118,58,17],"product_tag":[276,122],"berocket_brand":[384],"class_list":{"0":"post-273","1":"product","2":"type-product","3":"status-publish","4":"has-post-thumbnail","6":"product_cat-ar-condicionado","7":"product_cat-botoes","8":"product_cat-comando-do-ar","9":"product_cat-eletrica","10":"product_tag-fiesta","11":"product_tag-focus","12":"berocket_brand-ford","13":"thunk-woo-product-list","14":"big-store-woo-hover-zoom","15":"open-single-product-tab-horizontal","16":"open-shadow-","17":"open-shadow-hover-","19":"first","20":"outofstock","21":"sale","22":"taxable","23":"shipping-taxable","24":"purchasable","25":"product-type-simple"},"taxonomy_info":{"product_cat":[{"value":16,"label":"Ar Condicionado"},{"value":118,"label":"Bot\u00f5es"},{"value":58,"label":"Comando do Ar"},{"value":17,"label":"El\u00e9trica"}],"product_tag":[{"value":276,"label":"Fiesta"},{"value":122,"label":"Focus"}],"berocket_brand":[{"value":384,"label":"Ford"}]},"featured_image_src_large":["https:\/\/www.casadainjecao.com.br\/loja\/wp-content\/uploads\/2020\/07\/Botao-Ventilacao-Interna-Ford-Focus.png",600,600,false],"author_info":[],"comment_info":"","_links":{"self":[{"href":"https:\/\/www.casadainjecao.com.br\/loja\/wp-json\/wp\/v2\/product\/273","targetHints":{"allow":["GET"]}}],"collection":[{"href":"https:\/\/www.casadainjecao.com.br\/loja\/wp-json\/wp\/v2\/product"}],"about":[{"href":"https:\/\/www.casadainjecao.com.br\/loja\/wp-json\/wp\/v2\/types\/product"}],"wp:featuredmedia":[{"embeddable":true,"href":"https:\/\/www.casadainjecao.com.br\/loja\/wp-json\/wp\/v2\/media\/1599"}],"wp:attachment":[{"href":"https:\/\/www.casadainjecao.com.br\/loja\/wp-json\/wp\/v2\/media?parent=273"}],"wp:term":[{"taxonomy":"product_brand","embeddable":true,"href":"https:\/\/www.casadainjecao.com.br\/loja\/wp-json\/wp\/v2\/product_brand?post=273"},{"taxonomy":"product_cat","embeddable":true,"href":"https:\/\/www.casadainjecao.com.br\/loja\/wp-json\/wp\/v2\/product_cat?post=273"},{"taxonomy":"product_tag","embeddable":true,"href":"https:\/\/www.casadainjecao.com.br\/loja\/wp-json\/wp\/v2\/product_tag?post=273"},{"taxonomy":"berocket_brand","embeddable":true,"href":"https:\/\/www.casadainjecao.com.br\/loja\/wp-json\/wp\/v2\/berocket_brand?post=273"}],"curies":[{"name":"wp","href":"https:\/\/api.w.org\/{rel}","templated":true}]}}