{"id":27391,"date":"2023-11-08T16:59:19","date_gmt":"2023-11-08T19:59:19","guid":{"rendered":"https:\/\/www.casadainjecao.com.br\/loja\/?post_type=product&#038;p=27391"},"modified":"2026-03-22T08:55:30","modified_gmt":"2026-03-22T11:55:30","slug":"valvula-esguicho-limpador-para-brisa-fiat-punto-7667888","status":"publish","type":"product","link":"https:\/\/www.casadainjecao.com.br\/loja\/autopecas\/exterior\/esguicho-limpador-para-brisa\/valvula-esguicho-limpador-para-brisa-fiat-punto-7667888\/","title":{"rendered":"V\u00e1lvula Esguicho Limpador Para-brisa Fiat Punto &#8211; 766"},"content":{"rendered":"<h2>V\u00e1lvula Esguicho do Limpador Para-brisa Original ( V\u00e1lvula 3 vias )<\/h2>\n<h3>Ve\u00edculos Compat\u00edveis:<\/h3>\n<ul>\n<li>CITROEN JUMPER de 2006 a 2016<\/li>\n<li>Fiat DUCATO de 1998 a 2017<\/li>\n<li>Fiat PALIO de 1996 a 2017<\/li>\n<li>Fiat PUNTO de 2008 a 2017<\/li>\n<li>Fiat GRAND SIENA de 2012 a 2012<\/li>\n<li>Fiat NOVO PALIO de 2012 a 2017<\/li>\n<li>Fiat MOBI de 2017 a 2019<\/li>\n<li>Fiat STRADA de 1996 a 2020<\/li>\n<li>Fiat SIENA de 1996 a 2017<\/li>\n<li>Fiat NOVO UNO de 2011 a 2011<\/li>\n<li>Fiat IDEA de 2006 a 2016<\/li>\n<li>Fiat LINEA de 2009 a 2016<\/li>\n<li>Fiat DOBLO de 2002 a 2002<\/li>\n<li>Fiat PALIO WEEKEND de 1996 a 2020<\/li>\n<li>Fiat STILO de 2003 a 2011<\/li>\n<li>Fiat BRAVO de 2011 a 2016<\/li>\n<li>Fiat NOVO FIORINO de 2011 a 2011<\/li>\n<li>Fiat TEMPRA de 1992 a 1999<\/li>\n<li>Fiat\u00a0 500 de 2010 a 2010<\/li>\n<li>Fiat MAREA de 1999 a 2007<\/li>\n<li>Fiat TIPO de 1996 a 2007<\/li>\n<li>Fiat\u00a0 COUPE de 1995 a 1997<\/li>\n<li>Fiat NOVA STRADA de 2020 a 2020<\/li>\n<li>Fiat Alfa Romeo de 1995 a 2007<\/li>\n<li>Peugeot BOXER de 2006 a 2016<\/li>\n<\/ul>\n<h4><strong>C\u00f3digo de refer\u00eancia:<\/strong><\/h4>\n<p>7667888<\/p>\n<h4><strong>Condi\u00e7\u00f5es:<\/strong><\/h4>\n<p>Novo Original \/ Marca Fiat Mopar<\/p>\n<h4><strong>Garantia:<\/strong><\/h4>\n<p>3 Meses<\/p>\n<h3>ATEN\u00c7\u00c3O: Antes de efetuar a compra verifique o c\u00f3digo da sua pe\u00e7a que est\u00e1 instalada no seu ve\u00edculo.<\/h3>\n<h3>APLICA\u00c7\u00c3O:<\/h3>\n<p>Linha Fiat\/ Citroen\/ Peugeot<\/p>\n<h4>O que \u00e9 e para que serve a V\u00e1lvula Esguicho do Limpador Para-brisa?<\/h4>\n<p>A V\u00e1lvula Esguicho do limpador de para-brisa faz parte do sistema de lavagem do para-brisa, sua fun\u00e7\u00e3o \u00e9 controlar o fluxo de \u00e1gua que \u00e9 direcionado para o para-brisa quando o sistema de lavagem \u00e9 acionado.<\/p>\n<p>&nbsp;<\/p>\n<p>A Casa da Inje\u00e7\u00e3o oferece total garantia nos produtos comprados em nosso site.<\/p>\n<ol>\n<li>Cada item \u00e9 rigorosamente testado antes do envio<\/li>\n<li>Se os itens estiverem danificados ou parcialmente defeituosos, entre em contato conosco.<\/li>\n<\/ol>\n<p>Se houver qualquer defeito, n\u00f3s lhe enviaremos uma substitui\u00e7\u00e3o ap\u00f3s receber o pacote ou devolvemos seu dinheiro.<\/p>\n<p>Leia nossa<span style=\"color: #ff0000;\">\u00a0<a style=\"color: #ff0000;\" href=\"https:\/\/www.casadainjecao.com.br\/loja\/politica-de-devolucao\">pol\u00edtica de devolu\u00e7\u00e3o aqui<\/a><\/span><\/p>\n<p>\u2014\u2014\u2014\u2014\u2014\u2014\u2014\u2014\u2014\u2014\u2014\u2014\u2014\u2014\u2014\u2014\u2014\u2014\u2014\u2013<\/p>\n<p><strong>Tem alguma d\u00favida?<\/strong><\/p>\n<p>Entre em contato que podemos ajudar!<\/p>\n<p>Confira as informa\u00e7\u00f5es adicionais abaixo:<\/p>\n<ul>\n<li>Todos os nossos produtos s\u00e3o novos, semi-novos, originais e paralelos possuem garantia.<\/li>\n<li>Todos os produtos anunciados est\u00e3o dispon\u00edveis em estoque e s\u00e3o enviados com extrema rapidez.<\/li>\n<li>O frete pode ser simulado antes de efetuar a compra, basta clicar em \u201cver custos de envio\u201d.<\/li>\n<li>Verifique o endere\u00e7o de entrega cadastrado e atualize caso necess\u00e1rio.<\/li>\n<li>Confirme se a pe\u00e7a \u00e9 correta para o seu modelo de ve\u00edculo.<\/li>\n<li>Para pe\u00e7as automotivas, recomendamos a instala\u00e7\u00e3o por um profissional especializado.<\/li>\n<\/ul>\n<p>Caso possua outras d\u00favidas, entre em contato.<\/p>\n","protected":false},"excerpt":{"rendered":"<h2 class=\"ui-pdp-title\">V\u00e1lvula Esguicho Limpador Para-brisa Fiat Punto 2008\/2017 &#8211; 7667888<\/h2>\n","protected":false},"featured_media":27416,"template":"","meta":{"_seopress_robots_primary_cat":"none","_seopress_titles_title":"","_seopress_titles_desc":"","_seopress_robots_index":"","_joinchat":[]},"product_cat":[1914,23],"product_tag":[1915,1864,1489,1837,247,1093,1713,709,1863,1100,1871,119,108,1613,1521],"berocket_brand":[382,383,393],"_links":{"self":[{"href":"https:\/\/www.casadainjecao.com.br\/loja\/wp-json\/wp\/v2\/product\/27391"}],"collection":[{"href":"https:\/\/www.casadainjecao.com.br\/loja\/wp-json\/wp\/v2\/product"}],"about":[{"href":"https:\/\/www.casadainjecao.com.br\/loja\/wp-json\/wp\/v2\/types\/product"}],"wp:featuredmedia":[{"embeddable":true,"href":"https:\/\/www.casadainjecao.com.br\/loja\/wp-json\/wp\/v2\/media\/27416"}],"wp:attachment":[{"href":"https:\/\/www.casadainjecao.com.br\/loja\/wp-json\/wp\/v2\/media?parent=27391"}],"wp:term":[{"taxonomy":"product_cat","embeddable":true,"href":"https:\/\/www.casadainjecao.com.br\/loja\/wp-json\/wp\/v2\/product_cat?post=27391"},{"taxonomy":"product_tag","embeddable":true,"href":"https:\/\/www.casadainjecao.com.br\/loja\/wp-json\/wp\/v2\/product_tag?post=27391"},{"taxonomy":"berocket_brand","embeddable":true,"href":"https:\/\/www.casadainjecao.com.br\/loja\/wp-json\/wp\/v2\/berocket_brand?post=27391"}],"curies":[{"name":"wp","href":"https:\/\/api.w.org\/{rel}","templated":true}]}}