{"id":27403,"date":"2023-11-08T17:58:47","date_gmt":"2023-11-08T20:58:47","guid":{"rendered":"https:\/\/www.casadainjecao.com.br\/loja\/?post_type=product&#038;p=27403"},"modified":"2024-10-10T17:31:21","modified_gmt":"2024-10-10T20:31:21","slug":"valvula-termostatica-fiat-argo-cronos-toro-55247743","status":"publish","type":"product","link":"https:\/\/www.casadainjecao.com.br\/loja\/autopecas\/motor\/valvula-termostatica-motor\/valvula-termostatica-fiat-argo-cronos-toro-55247743\/","title":{"rendered":"V\u00e1lvula Termost\u00e1tica Fiat Argo Cronos Toro &#8211; 5524774"},"content":{"rendered":"<h2>V\u00e1lvula Termost\u00e1tica Original<\/h2>\n<p><strong>FIAT<\/strong><\/p>\n<p>FIAT &#8211; ARGO 1.8 E-TORK (2017 em diante)<br \/>\nFIAT &#8211; CRONOS 1.8 E-TORK (2018 em diante)<br \/>\nFIAT &#8211; TORO 1.8 E-TORK (2015 em diante)<\/p>\n<p><strong>JEEP<\/strong><\/p>\n<p>JEEP &#8211; RENEGADE 1.8 E-TORK (2016 em diante)<\/p>\n<h4><strong>C\u00f3digo de refer\u00eancia:<\/strong><\/h4>\n<p>55247743<\/p>\n<h4>Ficha T\u00e9cnica:<\/h4>\n<p>Temperatura de abertura 90\u00b0C<\/p>\n<h4>Conte\u00fado:<\/h4>\n<p>1 &#8211; V\u00e1lvula Termost\u00e1tica c\/ sensor<\/p>\n<h4><strong>Condi\u00e7\u00f5es:<\/strong><\/h4>\n<p>Novo Original\/\u00a0 Fiat Mopar<\/p>\n<h4><strong>Garantia:<\/strong><\/h4>\n<p>3 Meses<\/p>\n<h3>ATEN\u00c7\u00c3O: Antes de efetuar a compra verifique o c\u00f3digo da sua pe\u00e7a que est\u00e1 instalada no seu ve\u00edculo.<\/h3>\n<h3>APLICA\u00c7\u00c3O:<\/h3>\n<p>Linha Fiat\/ Jeep<\/p>\n<h4>O que \u00e9 e para que serve\u00a0 V\u00e1lvula Termost\u00e1tica?<\/h4>\n<p>A V\u00e1lvula Termost\u00e1tica \u00e9 uma parte importante do sistema de arrefecimento do motor, sua principal fun\u00e7\u00e3o \u00e9 manter a temperatura do motor dentro de uma faixa ideal de opera\u00e7\u00e3o. Ela faz isso regulando o fluxo de l\u00edquido de arrefecimento para o radiador, ajudando a manter o motor em uma temperatura eficiente e segura.<\/p>\n<p>&nbsp;<\/p>\n<p>A Casa da Inje\u00e7\u00e3o oferece total garantia nos produtos comprados em nosso site.<\/p>\n<ol>\n<li>Cada item \u00e9 rigorosamente testado antes do envio<\/li>\n<li>Se os itens estiverem danificados ou parcialmente defeituosos, entre em contato conosco.<\/li>\n<\/ol>\n<p>Se houver qualquer defeito, n\u00f3s lhe enviaremos uma substitui\u00e7\u00e3o ap\u00f3s receber o pacote ou devolvemos seu dinheiro.<\/p>\n<p>Leia nossa<span style=\"color: #ff0000;\">\u00a0<a style=\"color: #ff0000;\" href=\"https:\/\/www.casadainjecao.com.br\/loja\/politica-de-devolucao\">pol\u00edtica de devolu\u00e7\u00e3o aqui<\/a><\/span><\/p>\n<p>\u2014\u2014\u2014\u2014\u2014\u2014\u2014\u2014\u2014\u2014\u2014\u2014\u2014\u2014\u2014\u2014\u2014\u2014\u2014\u2013<\/p>\n<p><strong>Tem alguma d\u00favida?<\/strong><\/p>\n<p>Entre em contato que podemos ajudar!<\/p>\n<p>Confira as informa\u00e7\u00f5es adicionais abaixo:<\/p>\n<ul>\n<li>Todos os nossos produtos s\u00e3o novos, semi-novos, originais e paralelos possuem garantia.<\/li>\n<li>Todos os produtos anunciados est\u00e3o dispon\u00edveis em estoque e s\u00e3o enviados com extrema rapidez.<\/li>\n<li>O frete pode ser simulado antes de efetuar a compra, basta clicar em \u201cver custos de envio\u201d.<\/li>\n<li>Verifique o endere\u00e7o de entrega cadastrado e atualize caso necess\u00e1rio.<\/li>\n<li>Confirme se a pe\u00e7a \u00e9 correta para o seu modelo de ve\u00edculo.<\/li>\n<li>Para pe\u00e7as automotivas, recomendamos a instala\u00e7\u00e3o por um profissional especializado.<\/li>\n<\/ul>\n<p>Caso possua outras d\u00favidas, entre em contato.<\/p>\n","protected":false},"excerpt":{"rendered":"<h2 class=\"ui-pdp-title\">V\u00e1lvula Termost\u00e1tica Fiat Argo Cronos Renegade Toro Original &#8211; 55247743<\/h2>\n","protected":false},"featured_media":27423,"template":"","meta":{"_seopress_robots_primary_cat":"none","_seopress_titles_title":"","_seopress_titles_desc":"","_seopress_robots_index":"","_seopress_analysis_target_kw":"","_kad_blocks_custom_css":"","_kad_blocks_head_custom_js":"","_kad_blocks_body_custom_js":"","_kad_blocks_footer_custom_js":"","_kadence_starter_templates_imported_post":false,"_joinchat":[]},"product_brand":[],"product_cat":[22,1813],"product_tag":[289,1635,1324,1041],"berocket_brand":[383,387],"class_list":{"0":"post-27403","1":"product","2":"type-product","3":"status-publish","4":"has-post-thumbnail","6":"product_cat-motor","7":"product_cat-valvula-termostatica-motor","8":"product_tag-argo","9":"product_tag-cronos","10":"product_tag-renegade","11":"product_tag-toro","12":"berocket_brand-fiat","13":"berocket_brand-jeep","14":"thunk-woo-product-list","15":"big-store-woo-hover-zoom","16":"open-single-product-tab-horizontal","17":"open-shadow-","18":"open-shadow-hover-","20":"first","21":"instock","22":"sale","23":"taxable","24":"shipping-taxable","25":"purchasable","26":"product-type-simple"},"taxonomy_info":{"product_cat":[{"value":22,"label":"Motor"},{"value":1813,"label":"V\u00e1lvula Termost\u00e1tica"}],"product_tag":[{"value":289,"label":"Argo"},{"value":1635,"label":"Cronos"},{"value":1324,"label":"Renegade"},{"value":1041,"label":"Toro"}],"berocket_brand":[{"value":383,"label":"Fiat"},{"value":387,"label":"Jeep"}]},"featured_image_src_large":["https:\/\/www.casadainjecao.com.br\/loja\/wp-content\/uploads\/2023\/11\/55247743-900x645.jpg",640,459,true],"author_info":[],"comment_info":"","_links":{"self":[{"href":"https:\/\/www.casadainjecao.com.br\/loja\/wp-json\/wp\/v2\/product\/27403","targetHints":{"allow":["GET"]}}],"collection":[{"href":"https:\/\/www.casadainjecao.com.br\/loja\/wp-json\/wp\/v2\/product"}],"about":[{"href":"https:\/\/www.casadainjecao.com.br\/loja\/wp-json\/wp\/v2\/types\/product"}],"wp:featuredmedia":[{"embeddable":true,"href":"https:\/\/www.casadainjecao.com.br\/loja\/wp-json\/wp\/v2\/media\/27423"}],"wp:attachment":[{"href":"https:\/\/www.casadainjecao.com.br\/loja\/wp-json\/wp\/v2\/media?parent=27403"}],"wp:term":[{"taxonomy":"product_brand","embeddable":true,"href":"https:\/\/www.casadainjecao.com.br\/loja\/wp-json\/wp\/v2\/product_brand?post=27403"},{"taxonomy":"product_cat","embeddable":true,"href":"https:\/\/www.casadainjecao.com.br\/loja\/wp-json\/wp\/v2\/product_cat?post=27403"},{"taxonomy":"product_tag","embeddable":true,"href":"https:\/\/www.casadainjecao.com.br\/loja\/wp-json\/wp\/v2\/product_tag?post=27403"},{"taxonomy":"berocket_brand","embeddable":true,"href":"https:\/\/www.casadainjecao.com.br\/loja\/wp-json\/wp\/v2\/berocket_brand?post=27403"}],"curies":[{"name":"wp","href":"https:\/\/api.w.org\/{rel}","templated":true}]}}