{"id":27407,"date":"2023-11-08T18:17:37","date_gmt":"2023-11-08T21:17:37","guid":{"rendered":"https:\/\/www.casadainjecao.com.br\/loja\/?post_type=product&#038;p=27407"},"modified":"2026-03-11T21:47:09","modified_gmt":"2026-03-12T00:47:09","slug":"sensor-de-fase-fiat-compass-freemont-journey-toro-46350800","status":"publish","type":"product","link":"https:\/\/www.casadainjecao.com.br\/loja\/autopecas\/injecao-eletronica\/sensor-de-virabrequim\/sensor-de-fase-fiat-compass-freemont-journey-toro-46350800\/","title":{"rendered":"Sensor De Fase Fiat Jeep  &#8211; 46350800"},"content":{"rendered":"<h2>Sensor De Fase<\/h2>\n<p>Fiat Argo 2017&#8230;<br \/>\nFiat Cronos 2018&#8230;<br \/>\nFiat Freemont 2012 a 2016<br \/>\nFiat Mobi 2017&#8230;<br \/>\nFiat Nova Strada 2020&#8230;<br \/>\nFiat Novo Uno Fase 2 2016 a 2021<br \/>\nFiat Pulse<br \/>\nFiat Toro 2016 a 2021<br \/>\nFiat Toro MCA 2022..<br \/>\nJeep Comander<br \/>\nJeep Compass 2017&#8230;<br \/>\nJeep Renegade 2015 a 2021<br \/>\nJeep Renegade MCA 2022&#8230;<br \/>\nDodge Ram 92 Nueva Ram 700<\/p>\n<p>C\u00f3digo de refer\u00eancia:<br \/>\n46350800,\u00a0 46357164<\/p>\n<p>Condi\u00e7\u00f5es:<\/p>\n<p>Novo Original \/ Marca Fiat Mopar \/ Motor Firefly<\/p>\n<p>Garantia:<\/p>\n<p>3 Meses<\/p>\n<h3>ATEN\u00c7\u00c3O: Antes de efetuar a compra verifique o c\u00f3digo da sua pe\u00e7a que est\u00e1 instalada no seu ve\u00edculo.<\/h3>\n<p>&nbsp;<\/p>\n<p>MOPAR \u00e9 a marca de pe\u00e7as de reposi\u00e7\u00e3o genu\u00ednas do Grupo Stellantis, respons\u00e1vel pelas marcas Fiat, Jeep, Peugeot, Citro\u00ebn e RAM. As pe\u00e7as e acess\u00f3rios MOPAR\u00a0 s\u00e3o criadas pelas mesmas equipes que projetaram seu ve\u00edculo, atendendo a todos os padr\u00f5es de f\u00e1brica, que garantem excelente desempenho.<\/p>\n<p>Procure um profissional devidamente licenciado para a instala\u00e7\u00e3o e fa\u00e7a revis\u00f5es periodicamente. A empresa n\u00e3o se responsabiliza por problemas oriundos da m\u00e1 instala\u00e7\u00e3o ou com a falta de cuidados peri\u00f3dicos dos componentes.<\/p>\n<h4><strong>C\u00f3digo de refer\u00eancia:<\/strong><\/h4>\n<p>46350800, 46357164, 05033308AB, 05033308AC, 5033308AB, 5033308AC<\/p>\n<h3><span style=\"font-size: 16px;\">O que \u00e9 e para que serve o Sensor de Fase?<\/span><\/h3>\n<p>O Sensor de Fase \u00e9 essencial para sincronizar a inje\u00e7\u00e3o de combust\u00edvel, a igni\u00e7\u00e3o e o momento de abertura e fechamento das v\u00e1lvulas em um motor. Isso garante que o motor funcione de maneira eficiente e produza pot\u00eancia adequada.<\/p>\n<p>A Casa da Inje\u00e7\u00e3o oferece total garantia nos produtos comprados em nosso site.<\/p>\n<ol>\n<li>Cada item \u00e9 rigorosamente testado antes do envio<\/li>\n<li>Se os itens estiverem danificados ou parcialmente defeituosos, entre em contato conosco.<\/li>\n<\/ol>\n<p>Se houver qualquer defeito, n\u00f3s lhe enviaremos uma substitui\u00e7\u00e3o ap\u00f3s receber o pacote ou devolvemos seu dinheiro.<\/p>\n<p>Leia nossa<span style=\"color: #ff0000;\">\u00a0<a style=\"color: #ff0000;\" href=\"https:\/\/www.casadainjecao.com.br\/loja\/politica-de-devolucao\">pol\u00edtica de devolu\u00e7\u00e3o aqui<\/a><\/span><\/p>\n<p>\u2014\u2014\u2014\u2014\u2014\u2014\u2014\u2014\u2014\u2014\u2014\u2014\u2014\u2014\u2014\u2014\u2014\u2014\u2014\u2013<\/p>\n<p><strong>Tem alguma d\u00favida?<\/strong><\/p>\n<p>Entre em contato que podemos ajudar!<\/p>\n<p>Confira as informa\u00e7\u00f5es adicionais abaixo:<\/p>\n<ul>\n<li>Todos os nossos produtos s\u00e3o novos, semi-novos, originais e paralelos possuem garantia.<\/li>\n<li>Todos os produtos anunciados est\u00e3o dispon\u00edveis em estoque e s\u00e3o enviados com extrema rapidez.<\/li>\n<li>O frete pode ser simulado antes de efetuar a compra, basta clicar em \u201cver custos de envio\u201d.<\/li>\n<li>Verifique o endere\u00e7o de entrega cadastrado e atualize caso necess\u00e1rio.<\/li>\n<li>Confirme se a pe\u00e7a \u00e9 correta para o seu modelo de ve\u00edculo.<\/li>\n<li>Para pe\u00e7as automotivas, recomendamos a instala\u00e7\u00e3o por um profissional especializado.<\/li>\n<\/ul>\n<p>Caso possua outras d\u00favidas, entre em contato.<\/p>\n","protected":false},"excerpt":{"rendered":"<h2 class=\"ui-pdp-title\">Sensor De Fase Fiat Jeep Novo Original &#8211; 46350800<\/h2>\n","protected":false},"featured_media":27431,"template":"","meta":{"_seopress_robots_primary_cat":"none","_seopress_titles_title":"","_seopress_titles_desc":"","_seopress_robots_index":"","_joinchat":[]},"product_cat":[21,1510],"product_tag":[289,1635,1495,2068,1383,298,1715,1916,1324,1041],"berocket_brand":[383,387],"_links":{"self":[{"href":"https:\/\/www.casadainjecao.com.br\/loja\/wp-json\/wp\/v2\/product\/27407"}],"collection":[{"href":"https:\/\/www.casadainjecao.com.br\/loja\/wp-json\/wp\/v2\/product"}],"about":[{"href":"https:\/\/www.casadainjecao.com.br\/loja\/wp-json\/wp\/v2\/types\/product"}],"wp:featuredmedia":[{"embeddable":true,"href":"https:\/\/www.casadainjecao.com.br\/loja\/wp-json\/wp\/v2\/media\/27431"}],"wp:attachment":[{"href":"https:\/\/www.casadainjecao.com.br\/loja\/wp-json\/wp\/v2\/media?parent=27407"}],"wp:term":[{"taxonomy":"product_cat","embeddable":true,"href":"https:\/\/www.casadainjecao.com.br\/loja\/wp-json\/wp\/v2\/product_cat?post=27407"},{"taxonomy":"product_tag","embeddable":true,"href":"https:\/\/www.casadainjecao.com.br\/loja\/wp-json\/wp\/v2\/product_tag?post=27407"},{"taxonomy":"berocket_brand","embeddable":true,"href":"https:\/\/www.casadainjecao.com.br\/loja\/wp-json\/wp\/v2\/berocket_brand?post=27407"}],"curies":[{"name":"wp","href":"https:\/\/api.w.org\/{rel}","templated":true}]}}