{"id":27789,"date":"2023-12-08T08:45:18","date_gmt":"2023-12-08T11:45:18","guid":{"rendered":"https:\/\/www.casadainjecao.com.br\/loja\/?post_type=product&#038;p=27789"},"modified":"2026-05-04T12:35:07","modified_gmt":"2026-05-04T15:35:07","slug":"interruptor-cebolinha-oleo-fox-spacefox-crossfox-036919081c","status":"publish","type":"product","link":"https:\/\/www.casadainjecao.com.br\/loja\/autopecas\/motor\/interruptor-cebolinha\/interruptor-cebolinha-oleo-fox-spacefox-crossfox-036919081c\/","title":{"rendered":"Interruptor Cebolinha \u00d3leo Vw Fox Spacefox Crossfox &#8211;"},"content":{"rendered":"<h2>Interruptor Cebolinha de Press\u00e3o de \u00d3leo<\/h2>\n<p><span style=\"font-size: 16px;\">Volkswagen\u00a0 Fox 1.0 (2004 a 2014)<\/span><\/p>\n<p>Volkswagen\u00a0 Fox 1.6 (2004 a 2014)<\/p>\n<p>Volkswagen\u00a0 Gol G5 1.0 (2006 a 2016)<\/p>\n<p>Volkswagen\u00a0 Gol G6 1.6 (2006 a 2016)<\/p>\n<p>Volkswagen Voyage Novo 1.0 (2009 a 2016)<\/p>\n<p>Volkswagen Voyage Novo 1.6 (2009 a 2016)<\/p>\n<p>Volkswagen Saveiro G5<\/p>\n<p>Volkswagen Saveiro G6<\/p>\n<p>Volkswagen Spacefox (2006 a 2016)<\/p>\n<p>Volkswagen Crossfox Todos<\/p>\n<p>Volkswagen Golf 1.6 Todos com Motor EA111 (2000 a 2016)<\/p>\n<p>Volkswagen Kombi 1.4 (2006 a 2014)<\/p>\n<p>Volkswagen Amarok 2010 em diante<\/p>\n<p>Volkswagen Up! 2014 em diante<\/p>\n<p>Volkswagen Polo 2003 em diante<\/p>\n<p>Volkswagen\u00a0 Jetta (2010 a 2016)<\/p>\n<p>Volkswagen\u00a0 Passat (2006 a 2016)<\/p>\n<p>Volkswagen\u00a0 Tiguan (2009 a 2016)<\/p>\n<p>Volkswagen\u00a0 Eos (2009 a 2011)<\/p>\n<h4>C\u00f3digo de Refer\u00eancia:<\/h4>\n<p>036919081C , 036919081D , 036.919.081.C , 036.919.081.D<\/p>\n<h4>Condi\u00e7\u00f5es:<\/h4>\n<p>Novo \/ Marca Torken<\/p>\n<h4>Especifica\u00e7\u00f5es:<\/h4>\n<p>0,3 \/ 0,6 Bar<\/p>\n<h4>\u00a0Garantia:<\/h4>\n<p>3 Meses<\/p>\n<h3>APLICA\u00c7\u00c3O:<\/h3>\n<p>Linha Volkswagen<\/p>\n<h3>ATEN\u00c7\u00c3O: Antes de efetuar a compra verifique o c\u00f3digo da sua pe\u00e7a que est\u00e1 instalado no seu ve\u00edculo.<\/h3>\n<h4>O que \u00e9 e para que serve o interruptor de press\u00e3o de \u00f3leo?<\/h4>\n<div id=\"A8hXZazDIve35OUP96KduAg__5\">\n<div class=\"wDYxhc\" data-md=\"61\">\n<div class=\"LGOjhe\" role=\"heading\" data-attrid=\"wa:\/description\" aria-level=\"3\" data-hveid=\"CBwQAA\">\n<div class=\"w-full pt-2 md:pt-0 border-t md:border-t-0 gizmo:border-t-0 dark:border-white\/20 md:border-transparent md:dark:border-transparent md:pl-2 gizmo:pl-0 gizmo:md:pl-0 md:w-[calc(100%-.5rem)]\">\n<form class=\"stretch mx-2 flex flex-row gap-3 last:mb-2 md:mx-4 md:last:mb-6 lg:mx-auto lg:max-w-2xl xl:max-w-3xl\">\n<div class=\"relative flex h-full flex-1 items-stretch md:flex-col\">\n<div class=\"flex w-full items-center\">\n<p>O Interruptor de Press\u00e3o de \u00d3leo em um ve\u00edculo monitora a press\u00e3o do \u00f3leo no motor. Ele atua como um sensor de seguran\u00e7a, alertando sobre quedas na press\u00e3o do \u00f3leo para evitar danos ao motor por falta de lubrifica\u00e7\u00e3o. Em resumo, sua fun\u00e7\u00e3o principal \u00e9 garantir o adequado funcionamento do sistema de lubrifica\u00e7\u00e3o.<\/p>\n<\/div>\n<\/div>\n<div>A Casa da Inje\u00e7\u00e3o oferece total garantia nos produtos comprados em nosso site.<\/div>\n<\/form>\n<\/div>\n<\/div>\n<\/div>\n<\/div>\n<ol>\n<li>Cada item \u00e9 rigorosamente testado antes do envio<\/li>\n<li>Se os itens estiverem danificados ou parcialmente defeituosos, entre em contato conosco.<\/li>\n<\/ol>\n<p>Se houver qualquer defeito, n\u00f3s lhe enviaremos uma substitui\u00e7\u00e3o ap\u00f3s receber o pacote ou devolvemos seu dinheiro.<\/p>\n<p>Leia nossa<span style=\"color: #ff0000;\">\u00a0<a style=\"color: #ff0000;\" href=\"https:\/\/www.casadainjecao.com.br\/loja\/politica-de-devolucao\">pol\u00edtica de devolu\u00e7\u00e3o aqui<\/a><\/span><\/p>\n<p>\u2014\u2014\u2014\u2014\u2014\u2014\u2014\u2014\u2014\u2014\u2014\u2014\u2014\u2014\u2014\u2014\u2014\u2014\u2014\u2013<\/p>\n<h4>Tem alguma d\u00favida?<\/h4>\n<p>Entre em contato que podemos ajudar!<\/p>\n<p>Confira as informa\u00e7\u00f5es adicionais abaixo:<\/p>\n<ul>\n<li>Todos os nossos produtos s\u00e3o novos, semi-novos, originais e paralelos possuem garantia.<\/li>\n<li>Todos os produtos anunciados est\u00e3o dispon\u00edveis em estoque e s\u00e3o enviados com extrema rapidez.<\/li>\n<li>O frete pode ser simulado antes de efetuar a compra, basta clicar em \u201cver custos de envio\u201d.<\/li>\n<li>Verifique o endere\u00e7o de entrega cadastrado e atualize caso necess\u00e1rio.<\/li>\n<li>Confirme se a pe\u00e7a \u00e9 correta para o seu modelo de ve\u00edculo.<\/li>\n<li>Para pe\u00e7as automotivas, recomendamos a instala\u00e7\u00e3o por um profissional especializado.<\/li>\n<\/ul>\n<p>Caso possua outras d\u00favidas, entre em contato.<\/p>\n","protected":false},"excerpt":{"rendered":"<h2>Interruptor Cebolinha \u00d3leo Vw Fox Spacefox Crossfox &#8211; 036919081C<\/h2>\n","protected":false},"featured_media":27849,"template":"","meta":{"_seopress_robots_primary_cat":"none","_seopress_titles_title":"","_seopress_titles_desc":"","_seopress_robots_index":"","_joinchat":[]},"product_cat":[1926,22],"product_tag":[],"berocket_brand":[396],"_links":{"self":[{"href":"https:\/\/www.casadainjecao.com.br\/loja\/wp-json\/wp\/v2\/product\/27789"}],"collection":[{"href":"https:\/\/www.casadainjecao.com.br\/loja\/wp-json\/wp\/v2\/product"}],"about":[{"href":"https:\/\/www.casadainjecao.com.br\/loja\/wp-json\/wp\/v2\/types\/product"}],"wp:featuredmedia":[{"embeddable":true,"href":"https:\/\/www.casadainjecao.com.br\/loja\/wp-json\/wp\/v2\/media\/27849"}],"wp:attachment":[{"href":"https:\/\/www.casadainjecao.com.br\/loja\/wp-json\/wp\/v2\/media?parent=27789"}],"wp:term":[{"taxonomy":"product_cat","embeddable":true,"href":"https:\/\/www.casadainjecao.com.br\/loja\/wp-json\/wp\/v2\/product_cat?post=27789"},{"taxonomy":"product_tag","embeddable":true,"href":"https:\/\/www.casadainjecao.com.br\/loja\/wp-json\/wp\/v2\/product_tag?post=27789"},{"taxonomy":"berocket_brand","embeddable":true,"href":"https:\/\/www.casadainjecao.com.br\/loja\/wp-json\/wp\/v2\/berocket_brand?post=27789"}],"curies":[{"name":"wp","href":"https:\/\/api.w.org\/{rel}","templated":true}]}}