{"id":27859,"date":"2023-12-12T17:01:32","date_gmt":"2023-12-12T20:01:32","guid":{"rendered":"https:\/\/www.casadainjecao.com.br\/loja\/produto\/sonda-lambda-new-civic-1-8-16v-flex-2112003510\/"},"modified":"2026-03-10T14:13:25","modified_gmt":"2026-03-10T17:13:25","slug":"sonda-lambda-new-civic-1-8-16v-flex-2112003510","status":"publish","type":"product","link":"https:\/\/www.casadainjecao.com.br\/loja\/autopecas\/injecao-eletronica\/sonda-lambda-new-civic-1-8-16v-flex-2112003510\/","title":{"rendered":"Sonda Lambda New Civic 1.8 16v Flex &#8211; 2112003510"},"content":{"rendered":"<h2>Sonda Lambda Pr\u00e9 Honda New Civic<\/h2>\n<p>&nbsp;<\/p>\n<p>&nbsp;<\/p>\n<p><strong>HONDA<\/strong><\/p>\n<p>Honda New Civic 1.8 16v 2.0 16v flex &#8211; 2012 2013 2014 2015 2016<\/p>\n<p>HRV 1.8 16v &#8211; 2015 2016 2017 2018 2019 2020<\/p>\n<h4><span style=\"margin: 0px; padding: 0px; font-weight: inherit;\">C\u00f3digo de Refer\u00eancia:<\/span><\/h4>\n<p style=\"margin-bottom: 25px; padding: 0px; line-height: 1.8;\"><span style=\"color: #1c1d1e; font-family: Roboto-Regular, sans-serif;\"><span style=\"font-size: 16px; letter-spacing: 0.8px;\">2112003510,\u00a0211200-3510<\/span><\/span><\/p>\n<h4><span style=\"margin: 0px; padding: 0px; font-weight: inherit;\">Condi\u00e7\u00f5es:<\/span><\/h4>\n<p style=\"margin-bottom: 25px; padding: 0px; line-height: 1.8; color: #1c1d1e; font-family: Roboto-Regular, sans-serif; font-size: 16px; letter-spacing: 0.8px;\">Novo Paralela \/ Marca Torken<\/p>\n<h4><strong>Especifica\u00e7\u00f5es:<\/strong><\/h4>\n<p>Comprimento total da sonda (incluindo ponteira e chicote 34cm) 4 pinos 4 fios (2 pretos, 1 branco, 1 azul)<\/p>\n<h4><span style=\"margin: 0px; padding: 0px; font-weight: inherit;\">Garantia:<\/span><\/h4>\n<p style=\"margin-bottom: 25px; padding: 0px; line-height: 1.8; color: #1c1d1e; font-family: Roboto-Regular, sans-serif; font-size: 16px; letter-spacing: 0.8px;\">3 Meses<span style=\"margin: 0px; padding: 0px; font-weight: inherit; font-family: Roboto-Bold, sans-serif;\">\u00a0<\/span><\/p>\n<h3>ATEN\u00c7\u00c3O: Antes de efetuar a compra verifique o c\u00f3digo da sua pe\u00e7a que est\u00e1 instalada no seu ve\u00edculo.<\/h3>\n<h3><span style=\"margin: 0px; padding: 0px; font-weight: inherit;\">APLICA\u00c7\u00c3O:<\/span><\/h3>\n<p style=\"margin-bottom: 25px; padding: 0px; line-height: 1.8; color: #1c1d1e; font-family: Roboto-Regular, sans-serif; font-size: 16px; letter-spacing: 0.8px;\">Linha Honda<\/p>\n<h4><span style=\"margin: 0px; padding: 0px; font-weight: inherit;\">O que \u00e9 e para que serve a Sonda Lambda?<\/span><\/h4>\n<p><span style=\"margin: 0px; padding: 0px; font-weight: inherit;\"><span style=\"color: #374151; font-family: S\u00f6hne, ui-sans-serif, system-ui, -apple-system, 'Segoe UI', Roboto, Ubuntu, Cantarell, 'Noto Sans', sans-serif, 'Helvetica Neue', Arial, 'Apple Color Emoji', 'Segoe UI Emoji', 'Segoe UI Symbol', 'Noto Color Emoji'; font-size: 16px;\">A Sonda Lambda \u00e9 um componente importante em sistemas de controle de emiss\u00f5es de ve\u00edculos a combust\u00e3o interna, como carros a gasolina e diesel. Seu principal objetivo \u00e9 medir a quantidade de oxig\u00eanio nos gases de escape do motor. Essa informa\u00e7\u00e3o \u00e9 crucial para otimizar a mistura ar\/combust\u00edvel, garantindo uma combust\u00e3o mais eficiente e reduzindo as emiss\u00f5es de poluentes.<\/span><\/span><\/p>\n<p>&nbsp;<\/p>\n<p style=\"margin-bottom: 25px; padding: 0px; line-height: 1.8; color: #1c1d1e; font-family: Roboto-Regular, sans-serif; font-size: 16px; letter-spacing: 0.8px;\">A Casa da Inje\u00e7\u00e3o oferece total garantia nos produtos comprados em nosso site.<\/p>\n<ol style=\"margin: 0px 0px 1.5em 3em; padding: 0px; color: #1c1d1e; font-family: Roboto-Regular, sans-serif; font-size: 16px; letter-spacing: 0.8px;\">\n<li style=\"margin: 0px; padding: 0px;\">Cada item \u00e9 rigorosamente testado antes do envio<\/li>\n<li style=\"margin: 0px; padding: 0px;\">Se os itens estiverem danificados ou parcialmente defeituosos, entre em contato conosco.<\/li>\n<\/ol>\n<p style=\"margin-bottom: 25px; padding: 0px; line-height: 1.8; color: #1c1d1e; font-family: Roboto-Regular, sans-serif; font-size: 16px; letter-spacing: 0.8px;\">Se houver qualquer defeito, n\u00f3s lhe enviaremos uma substitui\u00e7\u00e3o ap\u00f3s receber o pacote ou devolvemos seu dinheiro.<\/p>\n<p style=\"margin-bottom: 25px; padding: 0px; line-height: 1.8; color: #1c1d1e; font-family: Roboto-Regular, sans-serif; font-size: 16px; letter-spacing: 0.8px;\">Leia nossa\u00a0<span style=\"margin: 0px; padding: 0px; color: #ff0000;\"><a style=\"margin: 0px; padding: 0px; cursor: pointer; background-color: transparent; color: #ff0000;\" href=\"https:\/\/www.casadainjecao.com.br\/loja\/politica-de-devolucao\">pol\u00edtica de devolu\u00e7\u00e3o aqui<\/a><\/span><\/p>\n<p style=\"margin-bottom: 25px; padding: 0px; line-height: 1.8; color: #1c1d1e; font-family: Roboto-Regular, sans-serif; font-size: 16px; letter-spacing: 0.8px;\">\u2014\u2014\u2014\u2014\u2014\u2014\u2014\u2014\u2014\u2014\u2014\u2014\u2014\u2014\u2014\u2014\u2014\u2014\u2014\u2013<\/p>\n<p style=\"margin-bottom: 25px; padding: 0px; line-height: 1.8; color: #1c1d1e; font-family: Roboto-Regular, sans-serif; font-size: 16px; letter-spacing: 0.8px;\"><span style=\"margin: 0px; padding: 0px; font-weight: inherit; font-family: Roboto-Bold, sans-serif;\">Tem alguma d\u00favida?<\/span><\/p>\n<p style=\"margin-bottom: 25px; padding: 0px; line-height: 1.8; color: #1c1d1e; font-family: Roboto-Regular, sans-serif; font-size: 16px; letter-spacing: 0.8px;\">Entre em contato que podemos ajudar!<\/p>\n<p style=\"margin-bottom: 25px; padding: 0px; line-height: 1.8; color: #1c1d1e; font-family: Roboto-Regular, sans-serif; font-size: 16px; letter-spacing: 0.8px;\">Confira as informa\u00e7\u00f5es adicionais abaixo:<\/p>\n<ul style=\"margin: 0px 0px 1.5em 3em; padding: 0px; color: #1c1d1e; font-family: Roboto-Regular, sans-serif; font-size: 16px; letter-spacing: 0.8px;\">\n<li style=\"margin: 0px; padding: 0px;\">Todos os nossos produtos s\u00e3o novos, semi-novos, originais e paralelos possuem garantia.<\/li>\n<li style=\"margin: 0px; padding: 0px;\">Todos os produtos anunciados est\u00e3o dispon\u00edveis em estoque e s\u00e3o enviados com extrema rapidez.<\/li>\n<li style=\"margin: 0px; padding: 0px;\">O frete pode ser simulado antes de efetuar a compra, basta clicar em \u201cver custos de envio\u201d.<\/li>\n<li style=\"margin: 0px; padding: 0px;\">Verifique o endere\u00e7o de entrega cadastrado e atualize caso necess\u00e1rio.<\/li>\n<li style=\"margin: 0px; padding: 0px;\">Confirme se a pe\u00e7a \u00e9 correta para o seu modelo de ve\u00edculo.<\/li>\n<li style=\"margin: 0px; padding: 0px;\">Para pe\u00e7as automotivas, recomendamos a instala\u00e7\u00e3o por um profissional especializado.<\/li>\n<\/ul>\n<p style=\"margin-bottom: 25px; padding: 0px; line-height: 1.8; color: #1c1d1e; font-family: Roboto-Regular, sans-serif; font-size: 16px; letter-spacing: 0.8px;\">Caso possua outras d\u00favidas, entre em contato.<\/p>\n","protected":false},"excerpt":{"rendered":"<h2>Sonda Lambda Pr\u00e9 Honda New Civic 1.8 16v Flex &#8211; 2112003510<\/h2>\n","protected":false},"featured_media":44696,"template":"","meta":{"_seopress_robots_primary_cat":"none","_seopress_titles_title":"","_seopress_titles_desc":"","_seopress_robots_index":"","_joinchat":[]},"product_cat":[21],"product_tag":[],"berocket_brand":[],"_links":{"self":[{"href":"https:\/\/www.casadainjecao.com.br\/loja\/wp-json\/wp\/v2\/product\/27859"}],"collection":[{"href":"https:\/\/www.casadainjecao.com.br\/loja\/wp-json\/wp\/v2\/product"}],"about":[{"href":"https:\/\/www.casadainjecao.com.br\/loja\/wp-json\/wp\/v2\/types\/product"}],"wp:featuredmedia":[{"embeddable":true,"href":"https:\/\/www.casadainjecao.com.br\/loja\/wp-json\/wp\/v2\/media\/44696"}],"wp:attachment":[{"href":"https:\/\/www.casadainjecao.com.br\/loja\/wp-json\/wp\/v2\/media?parent=27859"}],"wp:term":[{"taxonomy":"product_cat","embeddable":true,"href":"https:\/\/www.casadainjecao.com.br\/loja\/wp-json\/wp\/v2\/product_cat?post=27859"},{"taxonomy":"product_tag","embeddable":true,"href":"https:\/\/www.casadainjecao.com.br\/loja\/wp-json\/wp\/v2\/product_tag?post=27859"},{"taxonomy":"berocket_brand","embeddable":true,"href":"https:\/\/www.casadainjecao.com.br\/loja\/wp-json\/wp\/v2\/berocket_brand?post=27859"}],"curies":[{"name":"wp","href":"https:\/\/api.w.org\/{rel}","templated":true}]}}