{"id":27940,"date":"2023-12-14T19:52:05","date_gmt":"2023-12-14T22:52:05","guid":{"rendered":"https:\/\/www.casadainjecao.com.br\/loja\/?post_type=product&#038;p=27940"},"modified":"2026-05-11T17:47:37","modified_gmt":"2026-05-11T20:47:37","slug":"sensor-de-rotacao-renault-clio-1-6-16v-2000-a-2008-7700101970","status":"publish","type":"product","link":"https:\/\/www.casadainjecao.com.br\/loja\/autopecas\/injecao-eletronica\/sensor-de-rotacao\/sensor-de-rotacao-renault-clio-1-6-16v-2000-a-2008-7700101970\/","title":{"rendered":"Sensor De Rota\u00e7\u00e3o Renault Clio Logan &#8211; 7700101970"},"content":{"rendered":"<h2>Sensor De Rota\u00e7\u00e3o<\/h2>\n<h2>Com saida para Lado Esquerdo<\/h2>\n<h3>Aplica\u00e7\u00e3o:<\/h3>\n<p>RENAULT<\/p>\n<ul>\n<li>Clio 1.4 16V de 1999 at\u00e9 2004<\/li>\n<li>Clio 1.6 16V de 2000 at\u00e9 2006<\/li>\n<li>Clio 1.6 16V de 1998 em diante<\/li>\n<li>Grand Sc\u00e9nio 1.6 16V de 2006 em diante<\/li>\n<li>Kangoo 1.6 16V de 1997 at\u00e9 2003<\/li>\n<li>Laguna 1.6 16V de 1997 at\u00e9 2001<\/li>\n<li>Laguna 1.8 16V de 1998 at\u00e9 2001<\/li>\n<li>Logan 1.6 de 2007 em diante<\/li>\n<li>Megane 1.4 16V de 1999 at\u00e9 2003<\/li>\n<li>Megane 1.6 16V de 1999 at\u00e9 2008<\/li>\n<li>Megane 1.8 16V de 2001 at\u00e9 2003<\/li>\n<li>Megane 2.0 16V de 1999 at\u00e9 2003<\/li>\n<li>Sandero 1.6 de 2007 em diante<\/li>\n<li>Scenic 1.4 16V de 1999 ate 2003<\/li>\n<li>Scenic 1.6 16V de 2001 ate 2006<\/li>\n<li>Scenic 1.8 16V de 2000 ate 2001<\/li>\n<li>Scenic 2.0 16V de 2000 ate 2003<\/li>\n<li>Symbol 1.4 16V de 2000 em diante<\/li>\n<li>Symbol 1.6 16V de 2002 em diante<\/li>\n<\/ul>\n<p>&nbsp;<\/p>\n<ul>\n<li>Marca: Torken<\/li>\n<li>Lado Esquerdo<\/li>\n<li>Cont\u00e9m: 1 Pe\u00e7a na Embalagem<\/li>\n<li>Conector: 2 Pinos<\/li>\n<li>C\u00f3digo de referencia: &#8211; 7700101970, 7700103069A, 8200468647, 706022, 791970<\/li>\n<\/ul>\n<p>Garantia 3 Meses<\/p>\n<h3>GARANTIA DO PRODUTO<br \/>\nA troca ou desist\u00eancia deste item pode ser feita em at\u00e9 7 dias corridos a partir do recebimento do produto.<br \/>\nO fabricante oferece 3 meses de garantia.<\/h3>\n<ul>\n<li>\n<h3>Favor verificar o c\u00f3digo antes da compra<\/h3>\n<h3>Um carro do mesmo ano e modelo pode ter pe\u00e7as diferentes, por isso \u00e9 necess\u00e1rio confirmar o c\u00f3digo da pe\u00e7a com mec\u00e2nico ou ligar na concession\u00e1ria e informar o n\u00famero do chassi para identifica\u00e7\u00e3o do c\u00f3digo da pe\u00e7a original do ve\u00edculo.<br \/>\n\u2014\u2014\u2014\u2014\u2014\u2014\u2014\u2014\u2014\u2014\u2014\u2014\u2014\u2014\u2014\u2014\u2014\u2014\u2014\u2014\u2014\u2014\u2014\u2014\u2014\u2014\u2014\u2014\u2014\u2014\u2014\u2014\u2014\u2014\u2014\u2014-<\/h3>\n<\/li>\n<\/ul>\n<div id=\"A8hXZazDIve35OUP96KduAg__5\">\n<div class=\"wDYxhc\" data-md=\"61\">\n<div class=\"LGOjhe\" role=\"heading\" data-attrid=\"wa:\/description\" aria-level=\"3\" data-hveid=\"CBwQAA\">\n<div class=\"w-full pt-2 md:pt-0 border-t md:border-t-0 gizmo:border-t-0 dark:border-white\/20 md:border-transparent md:dark:border-transparent md:pl-2 gizmo:pl-0 gizmo:md:pl-0 md:w-[calc(100%-.5rem)]\">\n<form class=\"stretch mx-2 flex flex-row gap-3 last:mb-2 md:mx-4 md:last:mb-6 lg:mx-auto lg:max-w-2xl xl:max-w-3xl\">\n<div class=\"relative flex h-full flex-1 items-stretch md:flex-col\"><\/div>\n<div>A Casa da Inje\u00e7\u00e3o oferece total garantia nos produtos comprados em nosso site.<\/div>\n<\/form>\n<\/div>\n<\/div>\n<\/div>\n<\/div>\n<ol>\n<li>Cada item \u00e9 rigorosamente testado antes do envio<\/li>\n<li>Se os itens estiverem danificados ou parcialmente defeituosos, entre em contato conosco.<\/li>\n<\/ol>\n<p>Se houver qualquer defeito, n\u00f3s lhe enviaremos uma substitui\u00e7\u00e3o ap\u00f3s receber o pacote ou devolvemos seu dinheiro.<\/p>\n<p>Leia nossa\u00a0<a href=\"https:\/\/www.casadainjecao.com.br\/loja\/politica-de-devolucao\">pol\u00edtica de devolu\u00e7\u00e3o aqui<\/a><\/p>\n<p>\u2014\u2014\u2014\u2014\u2014\u2014\u2014\u2014\u2014\u2014\u2014\u2014\u2014\u2014\u2014\u2014\u2014\u2014\u2014\u2013<\/p>\n<h4>Tem alguma d\u00favida?<\/h4>\n<p>Entre em contato que podemos ajudar!<\/p>\n<p>Confira as informa\u00e7\u00f5es adicionais abaixo:<\/p>\n<ul>\n<li>Todos os nossos produtos s\u00e3o novos, semi-novos, originais e paralelos possuem garantia.<\/li>\n<li>Todos os produtos anunciados est\u00e3o dispon\u00edveis em estoque e s\u00e3o enviados com extrema rapidez.<\/li>\n<li>O frete pode ser simulado antes de efetuar a compra, basta clicar em \u201cver custos de envio\u201d.<\/li>\n<li>Verifique o endere\u00e7o de entrega cadastrado e atualize caso necess\u00e1rio.<\/li>\n<li>Confirme se a pe\u00e7a \u00e9 correta para o seu modelo de ve\u00edculo.<\/li>\n<li>Para pe\u00e7as automotivas, recomendamos a instala\u00e7\u00e3o por um profissional especializado.<\/li>\n<\/ul>\n<p>Caso possua outras d\u00favidas, entre em contato.<\/p>\n","protected":false},"excerpt":{"rendered":"<h2>Sensor De Rota\u00e7\u00e3o Renault Clio\u00a0 Logan Sandero<\/h2>\n<h2>COM SA\u00cdDA PARA O LADO ESQUERDO.<\/h2>\n","protected":false},"featured_media":34486,"template":"","meta":{"_seopress_robots_primary_cat":"none","_seopress_titles_title":"","_seopress_titles_desc":"","_seopress_robots_index":"","_seopress_analysis_target_kw":"","_kad_blocks_custom_css":"","_kad_blocks_head_custom_js":"","_kad_blocks_body_custom_js":"","_kad_blocks_footer_custom_js":"","_kadence_starter_templates_imported_post":false,"_joinchat":[]},"product_brand":[],"product_cat":[21,22,1322,241],"product_tag":[],"berocket_brand":[394],"class_list":{"0":"post-27940","1":"product","2":"type-product","3":"status-publish","4":"has-post-thumbnail","6":"product_cat-injecao-eletronica","7":"product_cat-motor","8":"product_cat-sensor-de-rotacao","9":"product_cat-sensores-motor","10":"berocket_brand-renault","11":"thunk-woo-product-list","12":"big-store-woo-hover-zoom","13":"open-single-product-tab-horizontal","14":"open-shadow-","15":"open-shadow-hover-","17":"first","18":"instock","19":"taxable","20":"shipping-taxable","21":"purchasable","22":"product-type-simple"},"taxonomy_info":{"product_cat":[{"value":21,"label":"Inje\u00e7\u00e3o Eletr\u00f4nica"},{"value":22,"label":"Motor"},{"value":1322,"label":"Sensor de Rota\u00e7\u00e3o"},{"value":241,"label":"Sensores"}],"berocket_brand":[{"value":394,"label":"Renault"}]},"featured_image_src_large":["https:\/\/www.casadainjecao.com.br\/loja\/wp-content\/uploads\/2023\/12\/Sensor-De-Rotacao-Renault-Clio-1.6-16v-2000-A-2008-\u2013-7700101970-920x920.jpg",640,640,true],"author_info":[],"comment_info":"","_links":{"self":[{"href":"https:\/\/www.casadainjecao.com.br\/loja\/wp-json\/wp\/v2\/product\/27940","targetHints":{"allow":["GET"]}}],"collection":[{"href":"https:\/\/www.casadainjecao.com.br\/loja\/wp-json\/wp\/v2\/product"}],"about":[{"href":"https:\/\/www.casadainjecao.com.br\/loja\/wp-json\/wp\/v2\/types\/product"}],"wp:featuredmedia":[{"embeddable":true,"href":"https:\/\/www.casadainjecao.com.br\/loja\/wp-json\/wp\/v2\/media\/34486"}],"wp:attachment":[{"href":"https:\/\/www.casadainjecao.com.br\/loja\/wp-json\/wp\/v2\/media?parent=27940"}],"wp:term":[{"taxonomy":"product_brand","embeddable":true,"href":"https:\/\/www.casadainjecao.com.br\/loja\/wp-json\/wp\/v2\/product_brand?post=27940"},{"taxonomy":"product_cat","embeddable":true,"href":"https:\/\/www.casadainjecao.com.br\/loja\/wp-json\/wp\/v2\/product_cat?post=27940"},{"taxonomy":"product_tag","embeddable":true,"href":"https:\/\/www.casadainjecao.com.br\/loja\/wp-json\/wp\/v2\/product_tag?post=27940"},{"taxonomy":"berocket_brand","embeddable":true,"href":"https:\/\/www.casadainjecao.com.br\/loja\/wp-json\/wp\/v2\/berocket_brand?post=27940"}],"curies":[{"name":"wp","href":"https:\/\/api.w.org\/{rel}","templated":true}]}}