{"id":27964,"date":"2023-12-15T16:11:15","date_gmt":"2023-12-15T19:11:15","guid":{"rendered":"https:\/\/www.casadainjecao.com.br\/loja\/?post_type=product&#038;p=27964"},"modified":"2026-04-10T14:30:49","modified_gmt":"2026-04-10T17:30:49","slug":"sonda-lambda-fiat-tempra-2-0-tipo-1-6-esl0088","status":"publish","type":"product","link":"https:\/\/www.casadainjecao.com.br\/loja\/autopecas\/injecao-eletronica\/sonda-lambda\/sonda-lambda-fiat-tempra-2-0-tipo-1-6-esl0088\/","title":{"rendered":"Sonda Lambda Fiat Tempra 2.0 Tipo 1.6 &#8211; ESL0088"},"content":{"rendered":"<h2>Sonda Lambda<\/h2>\n<p>&nbsp;<\/p>\n<p><strong>FIAT<\/strong><\/p>\n<p>Fiat Tempra<\/p>\n<p>2.0 8V MPI &#8211; 1992 993 1994 1995 1996 1997 1998 1999<\/p>\n<p>2.0 16V (Tempra Ouro) &#8211; 1994 1995 1996 1997 1998 1999<\/p>\n<p>Fiat Tempra SW<\/p>\n<p>2.0 8V MPI &#8211; 1994 1995 1996 1997<\/p>\n<p>Fiat Tipo<\/p>\n<p>1.6 8V &#8211; 1993 1994 1995 1996 1997<\/p>\n<p>2.0 8V \/ 2.0 16V MPI &#8211; 1993 1994 1995 1996 1997<\/p>\n<p>&nbsp;<\/p>\n<p>&nbsp;<\/p>\n<h4>C\u00f3digo de Refer\u00eancia:<\/h4>\n<p>ESL0088, 7668266, 7668286, 82840088, OZA 448-E4, 50203502, 0258003222, MRMK2923, ES20232<\/p>\n<p>C\u00f3digos equivalentes<\/p>\n<p>A mesma pe\u00e7a pode aparecer com outros<\/p>\n<p>c\u00f3digos: Fiat: 7668266 \/ 7668286<\/p>\n<p>Bosch: 0258003222<\/p>\n<p>NGK: OZA448-E4 \/ OZA527-E4<\/p>\n<p>MTE: 7828.40.088<\/p>\n<p>Delphi: ES20232<\/p>\n<p>&nbsp;<\/p>\n<p>&nbsp;<\/p>\n<p><strong>Condi\u00e7\u00f5es:<\/strong><\/p>\n<p>Novo Paralelo \/ Marca Torken<\/p>\n<h4>Especifica\u00e7\u00f5es:<\/h4>\n<p>Comprimento do cabo 75cm \u00a04 pinos 4 cabos 4 fios (2 brancos 1 preto 1 cinza)<\/p>\n<p>Conector: 1 Macho , 1 Femea<\/p>\n<h4><strong>Garantia:<\/strong><\/h4>\n<p>3 Meses<strong>\u00a0<\/strong><\/p>\n<h3>ATEN\u00c7\u00c3O: Antes de efetuar a compra verifique o c\u00f3digo da sua pe\u00e7a que est\u00e1 instalada no seu ve\u00edculo.<\/h3>\n<h3><strong>APLICA\u00c7\u00c3O:<\/strong><\/h3>\n<p>Linha Fiat<\/p>\n<h4><strong>\u00a0O que \u00e9 e para que serve a Sonda Lambda?<\/strong><\/h4>\n<p><span style=\"margin: 0px; padding: 0px; font-weight: inherit;\"><span style=\"color: #374151; font-family: S\u00f6hne, ui-sans-serif, system-ui, -apple-system, 'Segoe UI', Roboto, Ubuntu, Cantarell, 'Noto Sans', sans-serif, 'Helvetica Neue', Arial, 'Apple Color Emoji', 'Segoe UI Emoji', 'Segoe UI Symbol', 'Noto Color Emoji'; font-size: 16px;\">A Sonda Lambda \u00e9 um componente importante em sistemas de controle de emiss\u00f5es de ve\u00edculos a combust\u00e3o interna, como carros a gasolina e diesel. Seu principal objetivo \u00e9 medir a quantidade de oxig\u00eanio nos gases de escape do motor. Essa informa\u00e7\u00e3o \u00e9 crucial para otimizar a mistura ar\/combust\u00edvel, garantindo uma combust\u00e3o mais eficiente e reduzindo as emiss\u00f5es de poluentes.<\/span><\/span><\/p>\n<p>&nbsp;<\/p>\n<p>A Casa da Inje\u00e7\u00e3o oferece total garantia nos produtos comprados em nosso site.<\/p>\n<ol>\n<li>Cada item \u00e9 rigorosamente testado antes do envio<\/li>\n<li>Se os itens estiverem danificados ou parcialmente defeituosos, entre em contato conosco.<\/li>\n<\/ol>\n<p>Se houver qualquer defeito, n\u00f3s lhe enviaremos uma substitui\u00e7\u00e3o ap\u00f3s receber o pacote ou devolvemos seu dinheiro.<\/p>\n<p>Leia nossa<span style=\"color: #ff0000;\">\u00a0<a style=\"color: #ff0000;\" href=\"https:\/\/www.casadainjecao.com.br\/loja\/politica-de-devolucao\">pol\u00edtica de devolu\u00e7\u00e3o aqui<\/a><\/span><\/p>\n<p>\u2014\u2014\u2014\u2014\u2014\u2014\u2014\u2014\u2014\u2014\u2014\u2014\u2014\u2014\u2014\u2014\u2014\u2014\u2014\u2013<\/p>\n<p><strong>Tem alguma d\u00favida?<\/strong><\/p>\n<p>Entre em contato que podemos ajudar!<\/p>\n<p>Confira as informa\u00e7\u00f5es adicionais abaixo:<\/p>\n<ul>\n<li>Todos os nossos produtos s\u00e3o novos, semi-novos, originais e paralelos possuem garantia.<\/li>\n<li>Todos os produtos anunciados est\u00e3o dispon\u00edveis em estoque e s\u00e3o enviados com extrema rapidez.<\/li>\n<li>O frete pode ser simulado antes de efetuar a compra, basta clicar em \u201cver custos de envio\u201d.<\/li>\n<li>Verifique o endere\u00e7o de entrega cadastrado e atualize caso necess\u00e1rio.<\/li>\n<li>Confirme se a pe\u00e7a \u00e9 correta para o seu modelo de ve\u00edculo.<\/li>\n<li>Para pe\u00e7as automotivas, recomendamos a instala\u00e7\u00e3o por um profissional especializado.<\/li>\n<\/ul>\n<p>Caso possua outras d\u00favidas, entre em contato.<\/p>\n","protected":false},"excerpt":{"rendered":"<h2>Sonda Lambda Fiat Tempra 2.0 Tipo 1.6 &#8211; ESL0088<\/h2>\n","protected":false},"featured_media":27971,"template":"","meta":{"_seopress_robots_primary_cat":"none","_seopress_titles_title":"","_seopress_titles_desc":"","_seopress_robots_index":"","_joinchat":[]},"product_cat":[21,270],"product_tag":[1521,1193],"berocket_brand":[383],"_links":{"self":[{"href":"https:\/\/www.casadainjecao.com.br\/loja\/wp-json\/wp\/v2\/product\/27964"}],"collection":[{"href":"https:\/\/www.casadainjecao.com.br\/loja\/wp-json\/wp\/v2\/product"}],"about":[{"href":"https:\/\/www.casadainjecao.com.br\/loja\/wp-json\/wp\/v2\/types\/product"}],"wp:featuredmedia":[{"embeddable":true,"href":"https:\/\/www.casadainjecao.com.br\/loja\/wp-json\/wp\/v2\/media\/27971"}],"wp:attachment":[{"href":"https:\/\/www.casadainjecao.com.br\/loja\/wp-json\/wp\/v2\/media?parent=27964"}],"wp:term":[{"taxonomy":"product_cat","embeddable":true,"href":"https:\/\/www.casadainjecao.com.br\/loja\/wp-json\/wp\/v2\/product_cat?post=27964"},{"taxonomy":"product_tag","embeddable":true,"href":"https:\/\/www.casadainjecao.com.br\/loja\/wp-json\/wp\/v2\/product_tag?post=27964"},{"taxonomy":"berocket_brand","embeddable":true,"href":"https:\/\/www.casadainjecao.com.br\/loja\/wp-json\/wp\/v2\/berocket_brand?post=27964"}],"curies":[{"name":"wp","href":"https:\/\/api.w.org\/{rel}","templated":true}]}}