{"id":28005,"date":"2023-12-18T15:15:04","date_gmt":"2023-12-18T18:15:04","guid":{"rendered":"https:\/\/www.casadainjecao.com.br\/loja\/?post_type=product&#038;p=28005"},"modified":"2023-12-18T15:47:23","modified_gmt":"2023-12-18T18:47:23","slug":"sonda-lambda-pre-catalizador-cerato-2-0-16v-392102g170","status":"publish","type":"product","link":"https:\/\/www.casadainjecao.com.br\/loja\/autopecas\/injecao-eletronica\/sonda-lambda\/sonda-lambda-pre-catalizador-cerato-2-0-16v-392102g170\/","title":{"rendered":"Sonda Lambda Pr\u00e9 Catalizador Cerato 2.0 16v &#8211; 392102g"},"content":{"rendered":"<h2>Sonda Lambda Pr\u00e9 Catalizador<\/h2>\n<p><strong>KIA<\/strong><\/p>\n<p>Kia Cerato 2.0 16v (2011 a 2020)<\/p>\n<h4>C\u00f3digo de Refer\u00eancia:<\/h4>\n<p>ESL170, 39210-2G170, 392102G170<\/p>\n<h4>Especifica\u00e7\u00f5es:<\/h4>\n<p>Pr\u00e9 Catalisador\u00a0 Comprimento do cabo 46cm 4 Pinos 4 fios (<\/p>\n<h4>Condi\u00e7\u00f5es:<\/h4>\n<p>Novo Paralelo\/ Marca Torken<\/p>\n<h4><strong>Garantia:<\/strong><\/h4>\n<p>3 Meses<strong>\u00a0<\/strong><\/p>\n<h3>ATEN\u00c7\u00c3O: Antes de efetuar a compra verifique o c\u00f3digo da sua pe\u00e7a que est\u00e1 instalada no seu ve\u00edculo.<\/h3>\n<h3><strong>APLICA\u00c7\u00c3O:<\/strong><\/h3>\n<p>Linha Kia<\/p>\n<h4><strong>\u00a0O que \u00e9 e para que serve a Sonda Lambda?<\/strong><\/h4>\n<p>A Sonda Lambda \u00e9 um componente importante em sistemas de controle de emiss\u00f5es de ve\u00edculos a combust\u00e3o interna, como carros a gasolina e diesel. Seu principal objetivo \u00e9 medir a quantidade de oxig\u00eanio nos gases de escape do motor. Essa informa\u00e7\u00e3o \u00e9 crucial para otimizar a mistura ar\/combust\u00edvel, garantindo uma combust\u00e3o mais eficiente e reduzindo as emiss\u00f5es de poluentes.<\/p>\n<p>&nbsp;<\/p>\n<p>A Casa da Inje\u00e7\u00e3o oferece total garantia nos produtos comprados em nosso site.<\/p>\n<ol>\n<li>Cada item \u00e9 rigorosamente testado antes do envio<\/li>\n<li>Se os itens estiverem danificados ou parcialmente defeituosos, entre em contato conosco.<\/li>\n<\/ol>\n<p>Se houver qualquer defeito, n\u00f3s lhe enviaremos uma substitui\u00e7\u00e3o ap\u00f3s receber o pacote ou devolvemos seu dinheiro.<\/p>\n<p>Leia nossa\u00a0<span style=\"color: #ff0000;\"><a style=\"color: #ff0000;\" href=\"https:\/\/www.casadainjecao.com.br\/loja\/politica-de-devolucao\">pol\u00edtica de devolu\u00e7\u00e3o aqui<\/a><\/span><\/p>\n<p>\u2014\u2014\u2014\u2014\u2014\u2014\u2014\u2014\u2014\u2014\u2014\u2014\u2014\u2014\u2014\u2014\u2014\u2014\u2014\u2013<\/p>\n<p><strong>Tem alguma d\u00favida?<\/strong><\/p>\n<p>Entre em contato que podemos ajudar!<\/p>\n<p>Confira as informa\u00e7\u00f5es adicionais abaixo:<\/p>\n<ul>\n<li>Todos os nossos produtos s\u00e3o novos, semi-novos, originais e paralelos possuem garantia.<\/li>\n<li>Todos os produtos anunciados est\u00e3o dispon\u00edveis em estoque e s\u00e3o enviados com extrema rapidez.<\/li>\n<li>O frete pode ser simulado antes de efetuar a compra, basta clicar em \u201cver custos de envio\u201d.<\/li>\n<li>Verifique o endere\u00e7o de entrega cadastrado e atualize caso necess\u00e1rio.<\/li>\n<li>Confirme se a pe\u00e7a \u00e9 correta para o seu modelo de ve\u00edculo.<\/li>\n<li>Para pe\u00e7as automotivas, recomendamos a instala\u00e7\u00e3o por um profissional especializado.<\/li>\n<\/ul>\n<p>Caso possua outras d\u00favidas, entre em contato.<\/p>\n<p>&nbsp;<\/p>\n","protected":false},"excerpt":{"rendered":"<h2>Sonda Lambda Pr\u00e9 Catalizador Cerato 2.0 16v &#8211; 392102g170, ESL170, 39210-2G170<\/h2>\n","protected":false},"featured_media":28008,"template":"","meta":{"_seopress_robots_primary_cat":"none","_seopress_titles_title":"","_seopress_titles_desc":"","_seopress_robots_index":"","_joinchat":[]},"product_cat":[21,270],"product_tag":[758],"berocket_brand":[388],"_links":{"self":[{"href":"https:\/\/www.casadainjecao.com.br\/loja\/wp-json\/wp\/v2\/product\/28005"}],"collection":[{"href":"https:\/\/www.casadainjecao.com.br\/loja\/wp-json\/wp\/v2\/product"}],"about":[{"href":"https:\/\/www.casadainjecao.com.br\/loja\/wp-json\/wp\/v2\/types\/product"}],"wp:featuredmedia":[{"embeddable":true,"href":"https:\/\/www.casadainjecao.com.br\/loja\/wp-json\/wp\/v2\/media\/28008"}],"wp:attachment":[{"href":"https:\/\/www.casadainjecao.com.br\/loja\/wp-json\/wp\/v2\/media?parent=28005"}],"wp:term":[{"taxonomy":"product_cat","embeddable":true,"href":"https:\/\/www.casadainjecao.com.br\/loja\/wp-json\/wp\/v2\/product_cat?post=28005"},{"taxonomy":"product_tag","embeddable":true,"href":"https:\/\/www.casadainjecao.com.br\/loja\/wp-json\/wp\/v2\/product_tag?post=28005"},{"taxonomy":"berocket_brand","embeddable":true,"href":"https:\/\/www.casadainjecao.com.br\/loja\/wp-json\/wp\/v2\/berocket_brand?post=28005"}],"curies":[{"name":"wp","href":"https:\/\/api.w.org\/{rel}","templated":true}]}}