{"id":28019,"date":"2023-12-18T17:29:00","date_gmt":"2023-12-18T20:29:00","guid":{"rendered":"https:\/\/www.casadainjecao.com.br\/loja\/?post_type=product&#038;p=28019"},"modified":"2026-03-10T15:58:55","modified_gmt":"2026-03-10T18:58:55","slug":"sonda-lambda-bmw-320i-528i-x1-z4-pos-catalisador-11787589147","status":"publish","type":"product","link":"https:\/\/www.casadainjecao.com.br\/loja\/autopecas\/injecao-eletronica\/sonda-lambda\/sonda-lambda-bmw-320i-528i-x1-z4-pos-catalisador-11787589147\/","title":{"rendered":"Sonda Lambda Bmw 320i 528i X1 Z4 P\u00f3s Catalisador &#8211; 11"},"content":{"rendered":"<h2>Sonda Lambda P\u00f3s Catalisador<\/h2>\n<p>&nbsp;<\/p>\n<p>&nbsp;<\/p>\n<p><strong>BMW<\/strong><\/p>\n<p>Motor N53 N52N N20 N26<\/p>\n<p>125 F20 F21 &#8211; 2010 2011 2012 2013 2014 2015 2016<\/p>\n<p>220 F22 F23 &#8211; 2012 2013 2014 2015 2016<\/p>\n<p>228 F22 F23 &#8211; 2012 2013 2014 2015 2016<\/p>\n<p>320 F30 F31 F34 &#8211; 2011 2012 2013 2014 2015 2016 2017\u00a0 2018<\/p>\n<p>420 F32 F33 F36 &#8211; 2012 2013 2014 2015 2016\u00a0 2017<\/p>\n<p>428 F32 F33 F36 &#8211; 2012 2013 2014 2015 2016 2017<\/p>\n<p>523 F10 F11 &#8211; 2009 2010 2011 2012 2013<\/p>\n<p>528 F10 F11 &#8211; 2009 2010 2011 2012 2013<\/p>\n<p>530 F10 F11 &#8211; 2009 2010 2011 2012 2013<\/p>\n<p>730 F01 F02 &#8211; 2007 2008 2009 2010 2011 2012 2013<\/p>\n<p>X1 E84 &#8211; 2009 2010 2011 2012 2013 2014 2015<\/p>\n<p>X3 F25 &#8211; 2011 2012 2013 2014 2015 2016 2017<\/p>\n<p>X4 F26 &#8211; 2013 2014 2015 2016 2017 2018<\/p>\n<p>X5 F15 &#8211; 2013 2014 2015 2016 2017 2018<\/p>\n<p>X6 F16 &#8211; 2014 2015 2016 2017 2018<\/p>\n<p>Z4 E89 &#8211; 2011 2012 2013 2014 2015\u00a0 2016<\/p>\n<h4>C\u00f3digo de Refer\u00eancia:<\/h4>\n<p>11787589146, 11787589147, 11787589122, 11787596909, 25325359, 0258010010, MRMK2973<\/p>\n<p><strong>Condi\u00e7\u00f5es:<\/strong><\/p>\n<div class=\"thunk-single-product-summary-wrap\">\n<div class=\"summary entry-summary\">\n<div class=\"woocommerce-tabs wc-tabs-wrapper\">\n<div id=\"tab-description\" class=\"woocommerce-Tabs-panel woocommerce-Tabs-panel--description panel entry-content wc-tab\" role=\"tabpanel\" aria-labelledby=\"tab-title-description\">\n<p>Novo Paralelo \/ Marca Torken<\/p>\n<h4>Especifica\u00e7\u00f5es:<\/h4>\n<p>Comprimento do cabo 64cm \u00a04 pinos 4 cabos 4 fios (2 brancos 1 preto 1 cinza)<\/p>\n<h4><strong>Garantia:<\/strong><\/h4>\n<p>3 Meses<\/p>\n<h3>ATEN\u00c7\u00c3O: Antes de efetuar a compra verifique o c\u00f3digo da sua pe\u00e7a que est\u00e1 instalada no seu ve\u00edculo.<\/h3>\n<h3><strong>APLICA\u00c7\u00c3O:<\/strong><\/h3>\n<p>Linha BMW<\/p>\n<h4><strong>\u00a0O que \u00e9 e para que serve a Sonda Lambda?<\/strong><\/h4>\n<p>A Sonda Lambda \u00e9 um componente importante em sistemas de controle de emiss\u00f5es de ve\u00edculos a combust\u00e3o interna, como carros a gasolina e diesel. Seu principal objetivo \u00e9 medir a quantidade de oxig\u00eanio nos gases de escape do motor. Essa informa\u00e7\u00e3o \u00e9 crucial para otimizar a mistura ar\/combust\u00edvel, garantindo uma combust\u00e3o mais eficiente e reduzindo as emiss\u00f5es de poluentes.<\/p>\n<\/div>\n<p>&nbsp;<\/p>\n<div id=\"tab-description\" class=\"woocommerce-Tabs-panel woocommerce-Tabs-panel--description panel entry-content wc-tab\" role=\"tabpanel\" aria-labelledby=\"tab-title-description\">\n<p>A Casa da Inje\u00e7\u00e3o oferece total garantia nos produtos comprados em nosso site.<\/p>\n<ol>\n<li>Cada item \u00e9 rigorosamente testado antes do envio<\/li>\n<li>Se os itens estiverem danificados ou parcialmente defeituosos, entre em contato conosco.<\/li>\n<\/ol>\n<p>Se houver qualquer defeito, n\u00f3s lhe enviaremos uma substitui\u00e7\u00e3o ap\u00f3s receber o pacote ou devolvemos seu dinheiro.<\/p>\n<p>Leia nossa<span style=\"color: #ff0000;\"><a style=\"color: #ff0000;\" href=\"https:\/\/www.casadainjecao.com.br\/loja\/politica-de-devolucao\">pol\u00edtica de devolu\u00e7\u00e3o aqui<\/a><\/span><\/p>\n<p>\u2014\u2014\u2014\u2014\u2014\u2014\u2014\u2014\u2014\u2014\u2014\u2014\u2014\u2014\u2014\u2014\u2014\u2014\u2014\u2013<\/p>\n<p><strong>Tem alguma d\u00favida?<\/strong><\/p>\n<p>Entre em contato que podemos ajudar!<\/p>\n<p>Confira as informa\u00e7\u00f5es adicionais abaixo:<\/p>\n<ul>\n<li>Todos os nossos produtos s\u00e3o novos, semi-novos, originais e paralelos possuem garantia.<\/li>\n<li>Todos os produtos anunciados est\u00e3o dispon\u00edveis em estoque e s\u00e3o enviados com extrema rapidez.<\/li>\n<li>O frete pode ser simulado antes de efetuar a compra, basta clicar em \u201cver custos de envio\u201d.<\/li>\n<li>Verifique o endere\u00e7o de entrega cadastrado e atualize caso necess\u00e1rio.<\/li>\n<li>Confirme se a pe\u00e7a \u00e9 correta para o seu modelo de ve\u00edculo.<\/li>\n<li>Para pe\u00e7as automotivas, recomendamos a instala\u00e7\u00e3o por um profissional especializado.<\/li>\n<\/ul>\n<p>Caso possua outras d\u00favidas, entre em contato.<\/p>\n<\/div>\n<\/div>\n<\/div>\n<\/div>\n","protected":false},"excerpt":{"rendered":"<h2>Sonda Lambda Bmw 320i 528i X1 Z4 P\u00f3s Catalisador 11787589147<\/h2>\n","protected":false},"featured_media":28030,"template":"","meta":{"_seopress_robots_primary_cat":"none","_seopress_titles_title":"","_seopress_titles_desc":"","_seopress_robots_index":"","_joinchat":[]},"product_cat":[21,270],"product_tag":[196,202,203,204,205],"berocket_brand":[379],"_links":{"self":[{"href":"https:\/\/www.casadainjecao.com.br\/loja\/wp-json\/wp\/v2\/product\/28019"}],"collection":[{"href":"https:\/\/www.casadainjecao.com.br\/loja\/wp-json\/wp\/v2\/product"}],"about":[{"href":"https:\/\/www.casadainjecao.com.br\/loja\/wp-json\/wp\/v2\/types\/product"}],"wp:featuredmedia":[{"embeddable":true,"href":"https:\/\/www.casadainjecao.com.br\/loja\/wp-json\/wp\/v2\/media\/28030"}],"wp:attachment":[{"href":"https:\/\/www.casadainjecao.com.br\/loja\/wp-json\/wp\/v2\/media?parent=28019"}],"wp:term":[{"taxonomy":"product_cat","embeddable":true,"href":"https:\/\/www.casadainjecao.com.br\/loja\/wp-json\/wp\/v2\/product_cat?post=28019"},{"taxonomy":"product_tag","embeddable":true,"href":"https:\/\/www.casadainjecao.com.br\/loja\/wp-json\/wp\/v2\/product_tag?post=28019"},{"taxonomy":"berocket_brand","embeddable":true,"href":"https:\/\/www.casadainjecao.com.br\/loja\/wp-json\/wp\/v2\/berocket_brand?post=28019"}],"curies":[{"name":"wp","href":"https:\/\/api.w.org\/{rel}","templated":true}]}}