{"id":28066,"date":"2023-12-20T12:01:22","date_gmt":"2023-12-20T15:01:22","guid":{"rendered":"https:\/\/www.casadainjecao.com.br\/loja\/?post_type=product&#038;p=28066"},"modified":"2025-12-29T19:15:15","modified_gmt":"2025-12-29T22:15:15","slug":"sonda-lambda-audi-a3-vw-gol-parati-saveiro-0258003873","status":"publish","type":"product","link":"https:\/\/www.casadainjecao.com.br\/loja\/autopecas\/injecao-eletronica\/sonda-lambda\/sonda-lambda-audi-a3-vw-gol-parati-saveiro-0258003873\/","title":{"rendered":"Sonda Lambda Vw Gol Parati Saveiro &#8211; 0258003873"},"content":{"rendered":"<h2>Sonda Lambda\/Sensor de Oxig\u00eanio<\/h2>\n<h3><strong>AUDI<\/strong><\/h3>\n<h3>Audi A3 (ap\u00f3s 1999)<\/h3>\n<h3><strong>VOLKSWAGEN<\/strong><\/h3>\n<h3>Volkswagen Gol 1.0 1.8<\/h3>\n<h3>Volkswagen Gol Parati Saveiro 1.6 1.8 2.0 AP<\/h3>\n<h3>Volkswagen Gol Parati 1.0 8V 16V AT<\/h3>\n<h3>Volkswagen Gol Parati 1.0 16V Turbo AT<\/h3>\n<h3>Volkswagen Gol Parati 2.0 16V AP<\/h3>\n<h3>Volkswagen Gol Saveiro G.IV 1.6 1.8<\/h3>\n<h3>Volkswagen Polo Classic 1.6 16v 1.8<\/h3>\n<h3>Volkswagen Santana Quantum 1.8 2.0 AP<\/h3>\n<h3>Volkswagen Van 1.6 (1998 a 2003)<\/h3>\n<h3>&#8211; Marca: Torken<br \/>\n&#8211; Tipo de inje\u00e7\u00e3o: Eletr\u00f4nica<br \/>\n&#8211; Condi\u00e7\u00e3o do item: Nova<br \/>\n&#8211; Modelo: Sonda Lambda<br \/>\n&#8211; C\u00f3digo de Refer\u00eancia:- 377906265a, 0258003873, Esl2651, MRMK2929,\u00a0377906265b, OZA660EE27<\/h3>\n<div class=\"thunk-single-product-summary-wrap\">\n<div class=\"summary entry-summary\">\n<div class=\"woocommerce-tabs wc-tabs-wrapper\">\n<div id=\"tab-description\" class=\"woocommerce-Tabs-panel woocommerce-Tabs-panel--description panel entry-content wc-tab\" role=\"tabpanel\" aria-labelledby=\"tab-title-description\">\n<div class=\"thunk-single-product-summary-wrap\">\n<div class=\"summary entry-summary\">\n<div class=\"woocommerce-tabs wc-tabs-wrapper\">\n<div id=\"tab-description\" class=\"woocommerce-Tabs-panel woocommerce-Tabs-panel--description panel entry-content wc-tab\" role=\"tabpanel\" aria-labelledby=\"tab-title-description\">\n<h3>Especifica\u00e7\u00f5es:<\/h3>\n<h3>Comprimento do cabo 45cm \u00a04 pinos 4 fios (2 brancos 1 preto 1 cinza)<\/h3>\n<h3><strong>Garantia:<\/strong><\/h3>\n<h3>3 Meses<strong>\u00a0<\/strong><\/h3>\n<h3>ATEN\u00c7\u00c3O: Antes de efetuar a compra verifique o c\u00f3digo da sua pe\u00e7a que est\u00e1 instalada no seu ve\u00edculo.<\/h3>\n<p>A Casa da Inje\u00e7\u00e3o oferece total garantia nos produtos comprados em nosso site.<\/p>\n<ol>\n<li>Cada item \u00e9 rigorosamente testado antes do envio<\/li>\n<li>Se os itens estiverem danificados ou parcialmente defeituosos, entre em contato conosco.<\/li>\n<\/ol>\n<p>Se houver qualquer defeito, n\u00f3s lhe enviaremos uma substitui\u00e7\u00e3o ap\u00f3s receber o pacote ou devolvemos seu dinheiro.<\/p>\n<p>Leia nossa<span style=\"color: #ff0000;\">\u00a0<a style=\"color: #ff0000;\" href=\"https:\/\/www.casadainjecao.com.br\/loja\/politica-de-devolucao\">pol\u00edtica de devolu\u00e7\u00e3o aqui<\/a><\/span><\/p>\n<p>\u2014\u2014\u2014\u2014\u2014\u2014\u2014\u2014\u2014\u2014\u2014\u2014\u2014\u2014\u2014\u2014\u2014\u2014\u2014\u2013<\/p>\n<p><strong>Tem alguma d\u00favida?<\/strong><\/p>\n<p>Entre em contato que podemos ajudar!<\/p>\n<p>Confira as informa\u00e7\u00f5es adicionais abaixo:<\/p>\n<ul>\n<li>Todos os nossos produtos s\u00e3o novos, semi-novos, originais e paralelos possuem garantia.<\/li>\n<li>Todos os produtos anunciados est\u00e3o dispon\u00edveis em estoque e s\u00e3o enviados com extrema rapidez.<\/li>\n<li>O frete pode ser simulado antes de efetuar a compra, basta clicar em \u201cver custos de envio\u201d.<\/li>\n<li>Verifique o endere\u00e7o de entrega cadastrado e atualize caso necess\u00e1rio.<\/li>\n<li>Confirme se a pe\u00e7a \u00e9 correta para o seu modelo de ve\u00edculo.<\/li>\n<li>Para pe\u00e7as automotivas, recomendamos a instala\u00e7\u00e3o por um profissional especializado.<\/li>\n<\/ul>\n<p>Caso possua outras d\u00favidas, entre em contato.<\/p>\n<\/div>\n<\/div>\n<\/div>\n<\/div>\n<\/div>\n<\/div>\n<\/div>\n<\/div>\n<p><span class=\"onsale\">Oferta!<\/span><\/p>\n","protected":false},"excerpt":{"rendered":"<h1>Sonda Lambda Gol Parati Saveiro &#8211; 377906265b<\/h1>\n","protected":false},"featured_media":35140,"template":"","meta":{"_seopress_robots_primary_cat":"none","_seopress_titles_title":"","_seopress_titles_desc":"","_seopress_robots_index":"","_kad_blocks_custom_css":"","_kad_blocks_head_custom_js":"","_kad_blocks_body_custom_js":"","_kad_blocks_footer_custom_js":"","_joinchat":[]},"product_cat":[21,270],"product_tag":[1468,59,232,75,159,60,1932],"berocket_brand":[378,396],"taxonomy_info":{"product_cat":[{"value":21,"label":"Inje\u00e7\u00e3o Eletr\u00f4nica"},{"value":270,"label":"Sonda Lambda"}],"product_tag":[{"value":1468,"label":"Audi A3"},{"value":59,"label":"gol"},{"value":232,"label":"Parati"},{"value":75,"label":"polo"},{"value":159,"label":"Santana"},{"value":60,"label":"saveiro"},{"value":1932,"label":"Van"}],"berocket_brand":[{"value":378,"label":"Audi"},{"value":396,"label":"Volkswagen"}]},"featured_image_src_large":["https:\/\/www.casadainjecao.com.br\/loja\/wp-content\/uploads\/2023\/12\/Sonda-Lambda-Vw-Gol-Parati-0258003873-920x920.jpg",640,640,true],"author_info":[],"comment_info":"","_links":{"self":[{"href":"https:\/\/www.casadainjecao.com.br\/loja\/wp-json\/wp\/v2\/product\/28066"}],"collection":[{"href":"https:\/\/www.casadainjecao.com.br\/loja\/wp-json\/wp\/v2\/product"}],"about":[{"href":"https:\/\/www.casadainjecao.com.br\/loja\/wp-json\/wp\/v2\/types\/product"}],"wp:featuredmedia":[{"embeddable":true,"href":"https:\/\/www.casadainjecao.com.br\/loja\/wp-json\/wp\/v2\/media\/35140"}],"wp:attachment":[{"href":"https:\/\/www.casadainjecao.com.br\/loja\/wp-json\/wp\/v2\/media?parent=28066"}],"wp:term":[{"taxonomy":"product_cat","embeddable":true,"href":"https:\/\/www.casadainjecao.com.br\/loja\/wp-json\/wp\/v2\/product_cat?post=28066"},{"taxonomy":"product_tag","embeddable":true,"href":"https:\/\/www.casadainjecao.com.br\/loja\/wp-json\/wp\/v2\/product_tag?post=28066"},{"taxonomy":"berocket_brand","embeddable":true,"href":"https:\/\/www.casadainjecao.com.br\/loja\/wp-json\/wp\/v2\/berocket_brand?post=28066"}],"curies":[{"name":"wp","href":"https:\/\/api.w.org\/{rel}","templated":true}]}}