{"id":28132,"date":"2023-12-21T11:00:04","date_gmt":"2023-12-21T14:00:04","guid":{"rendered":"https:\/\/www.casadainjecao.com.br\/loja\/?post_type=product&#038;p=28132"},"modified":"2026-03-10T11:21:14","modified_gmt":"2026-03-10T14:21:14","slug":"sonda-lamba-nova-volkswagen-passati-polo-golf-06a906262ak","status":"publish","type":"product","link":"https:\/\/www.casadainjecao.com.br\/loja\/autopecas\/injecao-eletronica\/sonda-lambda\/sonda-lamba-nova-volkswagen-passati-polo-golf-06a906262ak\/","title":{"rendered":"Sonda Lamba Nova Volkswagen Passati Polo Golf &#8211; 06A906"},"content":{"rendered":"<h2>Sonda Lambda<\/h2>\n<p>&nbsp;<\/p>\n<p>&nbsp;<\/p>\n<p>VOLKSWAGEN Volkswagen Golf Sr 1.6 gasolina &#8211; 1999 2000 2001<\/p>\n<p>Volkswagen Golf 1.6 gasolina &#8211; 1999 2000 2001 2002 2003 2004 2005 2006<\/p>\n<p>Volkswagen Golf 1.8 gasolina &#8211; 2000 2001 2002 2003 2004 2005 2006<\/p>\n<p>Volkswagen Golf 2.0 gasolina &#8211; 2000 2001 2002 2003 2004 2005 2006 2007 2008<\/p>\n<p>Volkswagen Bora 2.0 8v gasolina &#8211; 2000 2001 2002 2003 2004 2005 2006<\/p>\n<p>Volkswagen Passat 1.8 gasolina &#8211; 1997 1998 1999 2000<\/p>\n<p>Volkswagen Passat 1.8 Turbo gasolina &#8211; 1997 1998 1999 2000<\/p>\n<p>Volkswagen Touareg 4.2 gasolina &#8211; 2003 2004 2005 2006<\/p>\n<p>Seat Cordobba 1.6 1.8 gasolina &#8211; 1994 1995 1996 1997 1998 1999 2000 2001 2002<\/p>\n<p>&nbsp;<\/p>\n<p>AUDI<\/p>\n<p>Audi A3 gasolina &#8211; 1996 1997 1998 1999 2000 2001 2002 2003<\/p>\n<p>Audi A4 gasolina &#8211; 2000 em diante<\/p>\n<p>Audi A6 gasolina &#8211; 1997 1998 1999 2000 2001 2002 2003 2004 2005<\/p>\n<p>Audi A8 gasolina &#8211; 1990 1991 1992 1993 1994 1995 1996 1997 1998 1999 2000<\/p>\n<p>Audi S4 &#8211; 1997 1998 1999 2000 2001 2002<\/p>\n<p>&nbsp;<\/p>\n<p>&nbsp;<\/p>\n<h4>C\u00f3digo de Refer\u00eancia:<\/h4>\n<p>06A906262AK, 787740158, 0258006163, ESL0158, Ymax 90626, 064906262<\/p>\n<p><strong>Condi\u00e7\u00f5es:<\/strong><\/p>\n<div class=\"thunk-single-product-summary-wrap\">\n<div class=\"summary entry-summary\">\n<div class=\"woocommerce-tabs wc-tabs-wrapper\">\n<div id=\"tab-description\" class=\"woocommerce-Tabs-panel woocommerce-Tabs-panel--description panel entry-content wc-tab\" role=\"tabpanel\" aria-labelledby=\"tab-title-description\">\n<p>Novo Paralelo \/ Marca Torken<\/p>\n<\/div>\n<\/div>\n<\/div>\n<\/div>\n<h4>Especifica\u00e7\u00f5es:<\/h4>\n<p>Comprimento total: 47\u00a0cm 4 cabos (2 brancos, 1 preto, 1 cinza)<\/p>\n<div class=\"thunk-single-product-summary-wrap\">\n<div class=\"summary entry-summary\">\n<div class=\"woocommerce-tabs wc-tabs-wrapper\">\n<div id=\"tab-description\" class=\"woocommerce-Tabs-panel woocommerce-Tabs-panel--description panel entry-content wc-tab\" role=\"tabpanel\" aria-labelledby=\"tab-title-description\">\n<p><strong>Garantia:<\/strong><\/p>\n<\/div>\n<\/div>\n<\/div>\n<\/div>\n<p>3 Meses<strong>\u00a0<\/strong><\/p>\n<h3>ATEN\u00c7\u00c3O: Antes de efetuar a compra verifique o c\u00f3digo da sua pe\u00e7a que est\u00e1 instalada no seu ve\u00edculo.<\/h3>\n<h3><strong>APLICA\u00c7\u00c3O:<\/strong><\/h3>\n<p>Linha Volkswagen\/ Audi<\/p>\n<h4><strong>\u00a0O que \u00e9 e para que serve a Sonda Lambda?<\/strong><\/h4>\n<p>A Sonda Lambda \u00e9 um componente importante em sistemas de controle de emiss\u00f5es de ve\u00edculos a combust\u00e3o interna, como carros a gasolina e diesel. Seu principal objetivo \u00e9 medir a quantidade de oxig\u00eanio nos gases de escape do motor. Essa informa\u00e7\u00e3o \u00e9 crucial para otimizar a mistura ar\/combust\u00edvel, garantindo uma combust\u00e3o mais eficiente e reduzindo as emiss\u00f5es de poluentes.<\/p>\n<p>&nbsp;<\/p>\n<p>A Casa da Inje\u00e7\u00e3o oferece total garantia nos produtos comprados em nosso site.<\/p>\n<ol>\n<li>Cada item \u00e9 rigorosamente testado antes do envio<\/li>\n<li>Se os itens estiverem danificados ou parcialmente defeituosos, entre em contato conosco.<\/li>\n<\/ol>\n<p>Se houver qualquer defeito, n\u00f3s lhe enviaremos uma substitui\u00e7\u00e3o ap\u00f3s receber o pacote ou devolvemos seu dinheiro.<\/p>\n<p>Leia nossa\u00a0<span style=\"color: #ff0000;\"><a style=\"color: #ff0000;\" href=\"https:\/\/www.casadainjecao.com.br\/loja\/politica-de-devolucao\">pol\u00edtica de devolu\u00e7\u00e3o aqui<\/a><\/span><\/p>\n<p>\u2014\u2014\u2014\u2014\u2014\u2014\u2014\u2014\u2014\u2014\u2014\u2014\u2014\u2014\u2014\u2014\u2014\u2014\u2014\u2013<\/p>\n<p><strong>Tem alguma d\u00favida?<\/strong><\/p>\n<p>Entre em contato que podemos ajudar!<\/p>\n<p>Confira as informa\u00e7\u00f5es adicionais abaixo:<\/p>\n<ul>\n<li>Todos os nossos produtos s\u00e3o novos, semi-novos, originais e paralelos possuem garantia.<\/li>\n<li>Todos os produtos anunciados est\u00e3o dispon\u00edveis em estoque e s\u00e3o enviados com extrema rapidez.<\/li>\n<li>O frete pode ser simulado antes de efetuar a compra, basta clicar em \u201cver custos de envio\u201d.<\/li>\n<li>Verifique o endere\u00e7o de entrega cadastrado e atualize caso necess\u00e1rio.<\/li>\n<li>Confirme se a pe\u00e7a \u00e9 correta para o seu modelo de ve\u00edculo.<\/li>\n<li>Para pe\u00e7as automotivas, recomendamos a instala\u00e7\u00e3o por um profissional especializado.<\/li>\n<\/ul>\n<p>Caso possua outras d\u00favidas, entre em contato.<\/p>\n<p>&nbsp;<\/p>\n","protected":false},"excerpt":{"rendered":"<h2>Sonda Lamba Nova Volkswagen Passati Polo Golf &#8211; 06A906262AK<\/h2>\n","protected":false},"featured_media":44686,"template":"","meta":{"_seopress_robots_primary_cat":"none","_seopress_titles_title":"","_seopress_titles_desc":"","_seopress_robots_index":"","_joinchat":[]},"product_cat":[21,270],"product_tag":[1934,1874,1877,1876,1474,698,1475,1417],"berocket_brand":[378,396],"_links":{"self":[{"href":"https:\/\/www.casadainjecao.com.br\/loja\/wp-json\/wp\/v2\/product\/28132"}],"collection":[{"href":"https:\/\/www.casadainjecao.com.br\/loja\/wp-json\/wp\/v2\/product"}],"about":[{"href":"https:\/\/www.casadainjecao.com.br\/loja\/wp-json\/wp\/v2\/types\/product"}],"wp:featuredmedia":[{"embeddable":true,"href":"https:\/\/www.casadainjecao.com.br\/loja\/wp-json\/wp\/v2\/media\/44686"}],"wp:attachment":[{"href":"https:\/\/www.casadainjecao.com.br\/loja\/wp-json\/wp\/v2\/media?parent=28132"}],"wp:term":[{"taxonomy":"product_cat","embeddable":true,"href":"https:\/\/www.casadainjecao.com.br\/loja\/wp-json\/wp\/v2\/product_cat?post=28132"},{"taxonomy":"product_tag","embeddable":true,"href":"https:\/\/www.casadainjecao.com.br\/loja\/wp-json\/wp\/v2\/product_tag?post=28132"},{"taxonomy":"berocket_brand","embeddable":true,"href":"https:\/\/www.casadainjecao.com.br\/loja\/wp-json\/wp\/v2\/berocket_brand?post=28132"}],"curies":[{"name":"wp","href":"https:\/\/api.w.org\/{rel}","templated":true}]}}