{"id":28160,"date":"2023-12-21T16:34:17","date_gmt":"2023-12-21T19:34:17","guid":{"rendered":"https:\/\/www.casadainjecao.com.br\/loja\/?post_type=product&#038;p=28160"},"modified":"2026-05-13T16:33:48","modified_gmt":"2026-05-13T19:33:48","slug":"sonda-lambda-pre-catalisador-jac-motors-j3-1-4-16v-28131513","status":"publish","type":"product","link":"https:\/\/www.casadainjecao.com.br\/loja\/autopecas\/injecao-eletronica\/sonda-lambda\/sonda-lambda-pre-catalisador-jac-motors-j3-1-4-16v-28131513\/","title":{"rendered":"Sonda Lambda Pr\u00e9 Catalisador Jac Motors J3 1.4 16v &#8211; "},"content":{"rendered":"<h2>SONDA LAMBDA PR\u00c9 CATALISADOR<\/h2>\n<h3><strong>JAC\u00a0<\/strong><\/h3>\n<h3>Jac J2 1.4 16V 2010 a 2019<\/h3>\n<h3>Jac J3 1.4 16V 2010 a 2019<\/h3>\n<h3>Jac J5 1.5 16V 2011 a 2019<\/h3>\n<h3>Jac J6 2.0 16V 2011 a 2019<\/h3>\n<h3><strong>CHERY<\/strong><\/h3>\n<h3>Chery QQ 1.1 16V 2011 a 2019<\/h3>\n<h3>C\u00f3digo de Refer\u00eancia:<\/h3>\n<h3>28131513, 35312200, 25325359, 025810010<\/h3>\n<p>Condi\u00e7\u00f5es:<br \/>\nProduto Novo \/ Marca Torken<br \/>\nEspecifica\u00e7\u00f5es:<br \/>\nPr\u00e9 Catalisador\u00a0 4 pinos 4 fios (2brancos 1 preto 1 roxo)<br \/>\nGarantia:<br \/>\n3 Meses<br \/>\nATEN\u00c7\u00c3O: Antes de efetuar a compra verifique o c\u00f3digo da sua pe\u00e7a que est\u00e1 instalado no seu ve\u00edculo.<br \/>\nA Casa da Inje\u00e7\u00e3o SP oferece total garantia nos produtos comprados em nosso site.<br \/>\nCada item \u00e9 rigorosamente inspecionado\u00a0antes do envio<br \/>\nSe os itens estiverem danificados ou parcialmente defeituosos, entre em contato conosco.<br \/>\nProcure um profissional devidamente licenciado para a instala\u00e7\u00e3o e fa\u00e7a revis\u00f5es periodicamente. A empresa n\u00e3o se responsabiliza por problemas oriundos da m\u00e1 instala\u00e7\u00e3o ou com a falta de cuidados peri\u00f3dicos dos componentes.<br \/>\nSe houver qualquer defeito, ficamos a disposi\u00e7\u00e3o para a substitui\u00e7\u00e3o ou devolvemos seu dinheiro.<br \/>\nTem alguma d\u00favida?<br \/>\nEntre em contato que podemos ajudar!<br \/>\nConfira as informa\u00e7\u00f5es adicionais abaixo:<br \/>\nTodos os produtos anunciados est\u00e3o dispon\u00edveis em estoque e s\u00e3o enviados com extrema rapidez .<br \/>\nO frete pode ser simulado antes de efetuar a compra, basta clicar em \u201cver custos de envio\u201d.<br \/>\nVerifique o endere\u00e7o de entrega cadastrado e atualize caso necess\u00e1rio.<br \/>\nConfirme se a pe\u00e7a \u00e9 correta para o seu modelo de ve\u00edculo.<br \/>\nPara pe\u00e7as automotivas, recomendamos a instala\u00e7\u00e3o por um profissional especializado.<br \/>\nCaso possua outras d\u00favidas, entre em contato.<\/p>\n","protected":false},"excerpt":{"rendered":"<h2>Sonda Lambda Pr\u00e9 Catalisador Jac Motors J3 1.4 16v &#8211; 28131513<\/h2>\n","protected":false},"featured_media":44621,"template":"","meta":{"_seopress_robots_primary_cat":"none","_seopress_titles_title":"","_seopress_titles_desc":"","_seopress_robots_index":"","_seopress_analysis_target_kw":"","_kad_blocks_custom_css":"","_kad_blocks_head_custom_js":"","_kad_blocks_body_custom_js":"","_kad_blocks_footer_custom_js":"","_kadence_starter_templates_imported_post":false,"_joinchat":[]},"product_brand":[],"product_cat":[21,270],"product_tag":[1936,1199,1935,1509,1127,293],"berocket_brand":[380,1134,1796],"class_list":{"0":"post-28160","1":"product","2":"type-product","3":"status-publish","4":"has-post-thumbnail","6":"product_cat-injecao-eletronica","7":"product_cat-sonda-lambda","8":"product_tag-chery-qq","9":"product_tag-jac-2","10":"product_tag-jac-5","11":"product_tag-jac-6","12":"product_tag-jac-j3","13":"product_tag-lifan","14":"berocket_brand-caoachery","15":"berocket_brand-jac","16":"berocket_brand-lifan","17":"thunk-woo-product-list","18":"big-store-woo-hover-zoom","19":"open-single-product-tab-horizontal","20":"open-shadow-","21":"open-shadow-hover-","23":"first","24":"instock","25":"sale","26":"taxable","27":"shipping-taxable","28":"purchasable","29":"product-type-simple"},"taxonomy_info":{"product_cat":[{"value":21,"label":"Inje\u00e7\u00e3o Eletr\u00f4nica"},{"value":270,"label":"Sonda Lambda"}],"product_tag":[{"value":1936,"label":"Chery QQ"},{"value":1199,"label":"Jac 2"},{"value":1935,"label":"Jac 5"},{"value":1509,"label":"Jac 6"},{"value":1127,"label":"Jac J3"},{"value":293,"label":"Lifan"}],"berocket_brand":[{"value":380,"label":"CaoaChery"},{"value":1134,"label":"Jac"},{"value":1796,"label":"Lifan"}]},"featured_image_src_large":["https:\/\/www.casadainjecao.com.br\/loja\/wp-content\/uploads\/2023\/12\/28131513-5-920x920.jpg",640,640,true],"author_info":[],"comment_info":"","_links":{"self":[{"href":"https:\/\/www.casadainjecao.com.br\/loja\/wp-json\/wp\/v2\/product\/28160","targetHints":{"allow":["GET"]}}],"collection":[{"href":"https:\/\/www.casadainjecao.com.br\/loja\/wp-json\/wp\/v2\/product"}],"about":[{"href":"https:\/\/www.casadainjecao.com.br\/loja\/wp-json\/wp\/v2\/types\/product"}],"wp:featuredmedia":[{"embeddable":true,"href":"https:\/\/www.casadainjecao.com.br\/loja\/wp-json\/wp\/v2\/media\/44621"}],"wp:attachment":[{"href":"https:\/\/www.casadainjecao.com.br\/loja\/wp-json\/wp\/v2\/media?parent=28160"}],"wp:term":[{"taxonomy":"product_brand","embeddable":true,"href":"https:\/\/www.casadainjecao.com.br\/loja\/wp-json\/wp\/v2\/product_brand?post=28160"},{"taxonomy":"product_cat","embeddable":true,"href":"https:\/\/www.casadainjecao.com.br\/loja\/wp-json\/wp\/v2\/product_cat?post=28160"},{"taxonomy":"product_tag","embeddable":true,"href":"https:\/\/www.casadainjecao.com.br\/loja\/wp-json\/wp\/v2\/product_tag?post=28160"},{"taxonomy":"berocket_brand","embeddable":true,"href":"https:\/\/www.casadainjecao.com.br\/loja\/wp-json\/wp\/v2\/berocket_brand?post=28160"}],"curies":[{"name":"wp","href":"https:\/\/api.w.org\/{rel}","templated":true}]}}