{"id":28218,"date":"2023-12-27T13:57:32","date_gmt":"2023-12-27T16:57:32","guid":{"rendered":"https:\/\/www.casadainjecao.com.br\/loja\/?post_type=product&#038;p=28218"},"modified":"2026-03-24T15:40:45","modified_gmt":"2026-03-24T18:40:45","slug":"sonda-lambda-pre-pos-catalisador-renault-sandero-logan-0258006990","status":"publish","type":"product","link":"https:\/\/www.casadainjecao.com.br\/loja\/autopecas\/injecao-eletronica\/sonda-lambda\/sonda-lambda-pre-pos-catalisador-renault-sandero-logan-0258006990\/","title":{"rendered":"Sonda Lambda Pr\u00e9 Catalisador Renault Sandero &#8211; 025800"},"content":{"rendered":"<h2 data-start=\"81\" data-end=\"136\"><strong data-start=\"81\" data-end=\"136\">Sonda Lambda Sensor de Oxig\u00eanio Pr\u00e9 e P\u00f3s Catalisador<\/strong><\/h2>\n<h3>Especifica\u00e7\u00f5es:<\/h3>\n<h4>RENAULT<\/h4>\n<h5>DUSTER 1.6 2.0 16V HI-FLEX &#8211; 2011 EM DIANTE PR\u00c9 CATALISADOR<\/h5>\n<h5>FLUENCE 2.0 16V FLEX &#8211;\u00a0 2011 EM DIANTE PR\u00c9 CATALISADOR<\/h5>\n<h5>LOGAN 1.0 16V HI-FLEX &#8211; 2007 2008 2009 2010 2011 2012 2013 PR\u00c9 E P\u00d3S CATALISADOR<\/h5>\n<h5>LOGAN 1.0 SCE FLEX &#8211; 2016 EM DIANTE PR\u00c9 CATALISADOR<\/h5>\n<h5>M\u00c9GANE GRANDTOUR 1.6 16V FLEX &#8211; 2006 2007 2008 2009 2010 2011 2012 PR\u00c9 P\u00d3S CATALISADOR<\/h5>\n<h5>MEGANE 1.6 COUPE &#8211; 2009 2010 2011 2012 2013 2014 2015 2016 PR\u00c9 E P\u00d3S CATALISADOR<\/h5>\n<h5>OROCH 2.0 FLEX &#8211; 2015 EM DIANTE PR\u00c9 CATALISADOR<\/h5>\n<h5>SANDERO 1.0 16V FLEX\u00a0 &#8211; 2007 2008\u00a0 2009 2010 2011 2012 2013\u00a0 2014 P\u00d3S CATALISADOR<\/h5>\n<h5>SANDERO 1.0 16V HI-FLEX &#8211; 2007 2008 2009 2010 2011 2012 2013 2014 PR\u00c9 CATALISADOR<\/h5>\n<h5>SANDERO RS 2.0 16V FLEX &#8211; 2015 PR\u00c9 CATALISADOR<\/h5>\n<h5 data-start=\"746\" data-end=\"757\"><strong data-start=\"746\" data-end=\"757\">NISSAN<\/strong><\/h5>\n<h5 data-start=\"760\" data-end=\"834\">LIVINA 1.6 16V FLEX &#8211; 2009 2010 2011 2012 2013 2014 PR\u00c9 CATALISADOR<\/h5>\n<h3 data-start=\"841\" data-end=\"867\"><strong data-start=\"841\" data-end=\"867\">C\u00f3digos de Refer\u00eancia:<\/strong><\/h3>\n<h3 data-start=\"870\" data-end=\"884\"><strong data-start=\"870\" data-end=\"884\">0258006990, <\/strong><strong data-start=\"887\" data-end=\"901\">226A0AZ70A, <\/strong><strong data-start=\"904\" data-end=\"918\">8200650085, <\/strong><strong data-start=\"921\" data-end=\"939\">LS6990 ESL0085, <\/strong><strong data-start=\"942\" data-end=\"954\">MRMK2941, <\/strong><strong data-start=\"974\" data-end=\"984\">711033<\/strong><\/h3>\n<h3 data-start=\"991\" data-end=\"1040\"><strong data-start=\"991\" data-end=\"1004\">Condi\u00e7\u00e3o:<\/strong><\/h3>\n<h5 data-start=\"991\" data-end=\"1040\">Novo Importado \/ <strong data-start=\"1023\" data-end=\"1033\">Marca <\/strong>Torken<\/h5>\n<h5 data-start=\"1047\" data-end=\"1066\"><strong data-start=\"1047\" data-end=\"1066\">Especifica\u00e7\u00f5es:<\/strong><\/h5>\n<h5 data-start=\"1069\" data-end=\"1099\"><strong data-start=\"1069\" data-end=\"1093\">Comprimento do cabo:<\/strong> 53 cm, <strong data-start=\"1102\" data-end=\"1117\">Conectores:<\/strong> 4 Pinos, <strong data-start=\"1128\" data-end=\"1137\">Fios:<\/strong> 4 cabos (2 brancos, 1 preto, 1 cinza)<\/h5>\n<h5 data-start=\"1334\" data-end=\"1355\"><strong data-start=\"1334\" data-end=\"1347\">Garantia: <\/strong>3 meses<\/h5>\n<h4 data-start=\"1182\" data-end=\"1327\"><strong data-start=\"1182\" data-end=\"1194\">Aten\u00e7\u00e3o: <\/strong>Antes de realizar a compra, <strong data-start=\"1225\" data-end=\"1280\">verifique o c\u00f3digo da pe\u00e7a instalada no seu ve\u00edculo<\/strong> para garantir a compatibilidade com o produto.<\/h4>\n<h3 data-start=\"1362\" data-end=\"1410\"><strong data-start=\"1366\" data-end=\"1410\">O que \u00e9 e para que serve a Sonda Lambda?<\/strong><\/h3>\n<h5 data-start=\"1412\" data-end=\"1885\">A <strong data-start=\"1414\" data-end=\"1430\">Sonda Lambda<\/strong> (ou <strong data-start=\"1435\" data-end=\"1457\">Sensor de Oxig\u00eanio<\/strong>) \u00e9 um componente essencial nos sistemas de controle de emiss\u00f5es de ve\u00edculos a combust\u00e3o interna, como carros a gasolina e diesel. Sua principal fun\u00e7\u00e3o \u00e9 medir a quantidade de oxig\u00eanio presente nos gases de escape do motor. Essas informa\u00e7\u00f5es ajudam a otimizar a mistura ar\/combust\u00edvel, permitindo uma combust\u00e3o mais eficiente, o que resulta em uma redu\u00e7\u00e3o significativa das emiss\u00f5es de poluentes e melhora o desempenho do motor.<\/h5>\n<h5 data-start=\"1892\" data-end=\"1933\"><strong data-start=\"1896\" data-end=\"1933\">Garantia e Pol\u00edtica de Devolu\u00e7\u00e3o<\/strong><\/h5>\n<h5 data-start=\"1935\" data-end=\"2295\">Na <strong data-start=\"1938\" data-end=\"1957\">Casa da Inje\u00e7\u00e3o<\/strong>, garantimos a total qualidade dos produtos comprados em nosso site. Todos os itens s\u00e3o rigorosamente testados antes do envio.<br data-start=\"2083\" data-end=\"2086\" \/>Caso os produtos estejam danificados ou parcialmente defeituosos, entre em contato conosco. Se houver qualquer defeito, enviaremos uma substitui\u00e7\u00e3o assim que recebermos o pacote ou devolveremos seu dinheiro.<\/h5>\n<h5 data-start=\"2297\" data-end=\"2344\"><strong data-start=\"2297\" data-end=\"2333\">Leia nossa pol\u00edtica de devolu\u00e7\u00e3o<\/strong> <a class=\"cursor-pointer\" rel=\"noopener\" data-start=\"2334\" data-end=\"2343\">aqui<\/a><\/h5>\n<h5 data-start=\"2351\" data-end=\"2367\"><strong data-start=\"2355\" data-end=\"2367\">D\u00favidas<\/strong><\/h5>\n<h5 data-start=\"2369\" data-end=\"2442\">Fique \u00e0 vontade para entrar em contato conosco. Estamos aqui para ajudar!<\/h5>\n<h5 data-start=\"2449\" data-end=\"2480\"><strong data-start=\"2453\" data-end=\"2480\">Informa\u00e7\u00f5es Adicionais:<\/strong><\/h5>\n<ul data-start=\"2482\" data-end=\"3016\">\n<li data-start=\"2482\" data-end=\"2574\">\n<h5 data-start=\"2484\" data-end=\"2574\">Todos os nossos produtos s\u00e3o novos, semi-novos, originais e paralelos, e possuem garantia.<\/h5>\n<\/li>\n<li data-start=\"2575\" data-end=\"2670\">\n<h5 data-start=\"2577\" data-end=\"2670\">Todos os produtos anunciados est\u00e3o dispon\u00edveis em estoque e s\u00e3o enviados com extrema rapidez.<\/h5>\n<\/li>\n<li data-start=\"2671\" data-end=\"2772\">\n<h5 data-start=\"2673\" data-end=\"2772\">O <strong data-start=\"2675\" data-end=\"2684\">frete<\/strong> pode ser simulado antes de efetuar a compra. Basta clicar em <strong data-start=\"2746\" data-end=\"2771\">&#8220;Ver custos de envio&#8221;<\/strong>.<\/h5>\n<\/li>\n<li data-start=\"2773\" data-end=\"2849\">\n<h5 data-start=\"2775\" data-end=\"2849\">Verifique o <strong data-start=\"2787\" data-end=\"2810\">endere\u00e7o de entrega<\/strong> cadastrado e atualize caso necess\u00e1rio.<\/h5>\n<\/li>\n<li data-start=\"2850\" data-end=\"2916\">\n<h5 data-start=\"2852\" data-end=\"2916\"><strong data-start=\"2852\" data-end=\"2916\">Confirme se a pe\u00e7a \u00e9 a correta para o seu modelo de ve\u00edculo.<\/strong><\/h5>\n<\/li>\n<li data-start=\"2917\" data-end=\"3016\">\n<h5 data-start=\"2919\" data-end=\"3016\">Recomendamos que a instala\u00e7\u00e3o das pe\u00e7as automotivas seja feita por um profissional especializado.<\/h5>\n<\/li>\n<\/ul>\n<h5 data-start=\"3018\" data-end=\"3073\">Caso tenha outras d\u00favidas, n\u00e3o hesite em nos contactar!<\/h5>\n","protected":false},"excerpt":{"rendered":"<h2>Sonda Lambda Pr\u00e9 Catalisador Renault Sandero Logan &#8211; <strong data-start=\"882\" data-end=\"896\">8200650085<\/strong><\/h2>\n","protected":false},"featured_media":44844,"template":"","meta":{"_seopress_robots_primary_cat":"none","_seopress_titles_title":"","_seopress_titles_desc":"","_seopress_robots_index":"","_joinchat":[]},"product_cat":[21,270],"product_tag":[52,139,243,66,147,1309,1203,91],"berocket_brand":[392,394],"_links":{"self":[{"href":"https:\/\/www.casadainjecao.com.br\/loja\/wp-json\/wp\/v2\/product\/28218"}],"collection":[{"href":"https:\/\/www.casadainjecao.com.br\/loja\/wp-json\/wp\/v2\/product"}],"about":[{"href":"https:\/\/www.casadainjecao.com.br\/loja\/wp-json\/wp\/v2\/types\/product"}],"wp:featuredmedia":[{"embeddable":true,"href":"https:\/\/www.casadainjecao.com.br\/loja\/wp-json\/wp\/v2\/media\/44844"}],"wp:attachment":[{"href":"https:\/\/www.casadainjecao.com.br\/loja\/wp-json\/wp\/v2\/media?parent=28218"}],"wp:term":[{"taxonomy":"product_cat","embeddable":true,"href":"https:\/\/www.casadainjecao.com.br\/loja\/wp-json\/wp\/v2\/product_cat?post=28218"},{"taxonomy":"product_tag","embeddable":true,"href":"https:\/\/www.casadainjecao.com.br\/loja\/wp-json\/wp\/v2\/product_tag?post=28218"},{"taxonomy":"berocket_brand","embeddable":true,"href":"https:\/\/www.casadainjecao.com.br\/loja\/wp-json\/wp\/v2\/berocket_brand?post=28218"}],"curies":[{"name":"wp","href":"https:\/\/api.w.org\/{rel}","templated":true}]}}