{"id":28292,"date":"2024-01-05T14:56:19","date_gmt":"2024-01-05T17:56:19","guid":{"rendered":"https:\/\/www.casadainjecao.com.br\/loja\/?post_type=product&#038;p=28292"},"modified":"2025-04-08T08:38:50","modified_gmt":"2025-04-08T11:38:50","slug":"sensor-rotacao-cambio-automatico-reanult-bmw-audi-vw-0501314432","status":"publish","type":"product","link":"https:\/\/www.casadainjecao.com.br\/loja\/autopecas\/transmissao\/cambio\/sensor-rotacao-cambio-automatico-reanult-bmw-audi-vw-0501314432\/","title":{"rendered":"Sensor Rota\u00e7\u00e3o C\u00e2mbio Autom\u00e1tico Reanult Bmw Audi Vw &#8"},"content":{"rendered":"<h2>Sensor Rota\u00e7\u00e3o C\u00e2mbio Autom\u00e1tico<\/h2>\n<p><strong>MERCEDES-BENZ<\/strong><\/p>\n<p>Mercedes-Benz O500 &#8211; ZF ECOMAT 6HP602<\/p>\n<p><strong> VOLVO<\/strong><\/p>\n<p>Volvo B7 B9<\/p>\n<p><strong>AUDI<\/strong><\/p>\n<p>Audi A4<\/p>\n<p>Audi A6<\/p>\n<p>Audi A8<\/p>\n<p><strong>VOLKSWAGEN<\/strong><\/p>\n<p>Passat<\/p>\n<p><strong>BMW<\/strong><\/p>\n<p class=\"ui-pdp-title\">Bmw 328i<\/p>\n<h4>C\u00f3digo de Refer\u00eancia:<\/h4>\n<p>0125428917, 0039905512 , 0501314432, 7701045247, ZF5HP19<\/p>\n<p><strong>Condi\u00e7\u00f5es:<\/strong><\/p>\n<p>Novo Original \/ Marca Renault<\/p>\n<h4>Especifica\u00e7\u00f5es:<\/h4>\n<p>G38 c\u00e2mbio autom\u00e1tico transmiss\u00e3o &#8211; ZF5HP19<\/p>\n<h4><strong>Garantia:<\/strong><\/h4>\n<p>3 Meses<strong>\u00a0<\/strong><\/p>\n<h3>ATEN\u00c7\u00c3O: Antes de efetuar a compra verifique o c\u00f3digo da sua pe\u00e7a que est\u00e1 instalada no seu ve\u00edculo.<\/h3>\n<h3><strong>APLICA\u00c7\u00c3O:<\/strong><\/h3>\n<p>Linha Mercedes \/ Volvo \/ Audi \/ Volkswagen \/ BMW<\/p>\n<h4><strong>O que \u00e9 e para que serve o Sensor Rota\u00e7\u00e3o C\u00e2mbio Autom\u00e1tico?<\/strong><\/h4>\n<p>O Sensor de Rota\u00e7\u00e3o do C\u00e2mbio Autom\u00e1tico, tamb\u00e9m conhecido como Sensor de Velocidade de Sa\u00edda do C\u00e2mbio, desempenha um papel crucial no funcionamento do sistema de transmiss\u00e3o autom\u00e1tica de um ve\u00edculo. Este sensor monitora a rota\u00e7\u00e3o ou velocidade de sa\u00edda do c\u00e2mbio, fornecendo informa\u00e7\u00f5es importantes para o controle do c\u00e2mbio autom\u00e1tico.<\/p>\n<p>&nbsp;<\/p>\n<p>A Casa da Inje\u00e7\u00e3o oferece total garantia nos produtos comprados em nosso site.<\/p>\n<ol>\n<li>Cada item \u00e9 rigorosamente testado antes do envio<\/li>\n<li>Se os itens estiverem danificados ou parcialmente defeituosos, entre em contato conosco.<\/li>\n<\/ol>\n<p>Se houver qualquer defeito, n\u00f3s lhe enviaremos uma substitui\u00e7\u00e3o ap\u00f3s receber o pacote ou devolvemos seu dinheiro.<\/p>\n<p>Leia nossa\u00a0<span style=\"color: #ff0000;\"><a style=\"color: #ff0000;\" href=\"https:\/\/www.casadainjecao.com.br\/loja\/politica-de-devolucao\">pol\u00edtica de devolu\u00e7\u00e3o aqui<\/a><\/span><\/p>\n<p>\u2014\u2014\u2014\u2014\u2014\u2014\u2014\u2014\u2014\u2014\u2014\u2014\u2014\u2014\u2014\u2014\u2014\u2014\u2014\u2013<\/p>\n<p><strong>Tem alguma d\u00favida?<\/strong><\/p>\n<p>Entre em contato que podemos ajudar!<\/p>\n<p>Confira as informa\u00e7\u00f5es adicionais abaixo:<\/p>\n<ul>\n<li>Todos os nossos produtos s\u00e3o novos, semi-novos, originais e paralelos possuem garantia.<\/li>\n<li>Todos os produtos anunciados est\u00e3o dispon\u00edveis em estoque e s\u00e3o enviados com extrema rapidez.<\/li>\n<li>O frete pode ser simulado antes de efetuar a compra, basta clicar em \u201cver custos de envio\u201d.<\/li>\n<li>Verifique o endere\u00e7o de entrega cadastrado e atualize caso necess\u00e1rio.<\/li>\n<li>Confirme se a pe\u00e7a \u00e9 correta para o seu modelo de ve\u00edculo.<\/li>\n<li>Para pe\u00e7as automotivas, recomendamos a instala\u00e7\u00e3o por um profissional especializado.<\/li>\n<\/ul>\n<p>Caso possua outras d\u00favidas, entre em contato.<\/p>\n<p>&nbsp;<\/p>\n","protected":false},"excerpt":{"rendered":"<h2>Sensor Rota\u00e7\u00e3o C\u00e2mbio Autom\u00e1tico Reanult Bmw Audi Vw &#8211; 0501314432, 0125428917, 0039905512 , 0501314432, 7701045247, ZF5HP19<\/h2>\n","protected":false},"featured_media":28295,"template":"","meta":{"_seopress_robots_primary_cat":"none","_seopress_titles_title":"","_seopress_titles_desc":"","_seopress_robots_index":"","_seopress_analysis_target_kw":"","_kad_blocks_custom_css":"","_kad_blocks_head_custom_js":"","_kad_blocks_body_custom_js":"","_kad_blocks_footer_custom_js":"","_kadence_starter_templates_imported_post":false,"_joinchat":[]},"product_brand":[],"product_cat":[320,21,1322,26],"product_tag":[1874,1877,1876,1948,1945,1475,1947,1946],"berocket_brand":[378,390,394,396,397],"class_list":{"0":"post-28292","1":"product","2":"type-product","3":"status-publish","4":"has-post-thumbnail","6":"product_cat-cambio","7":"product_cat-injecao-eletronica","8":"product_cat-sensor-de-rotacao","9":"product_cat-transmissao","10":"product_tag-a4","11":"product_tag-a6","12":"product_tag-a8","13":"product_tag-bmw-328i","14":"product_tag-mercedes-benz-0500","15":"product_tag-passat","16":"product_tag-volvo-b7","17":"product_tag-volvo-b9","18":"berocket_brand-audi","19":"berocket_brand-mercedes-benz","20":"berocket_brand-renault","21":"berocket_brand-volkswagen","22":"berocket_brand-volvo","23":"thunk-woo-product-list","24":"big-store-woo-hover-zoom","25":"open-single-product-tab-horizontal","26":"open-shadow-","27":"open-shadow-hover-","29":"first","30":"outofstock","31":"sale","32":"taxable","33":"shipping-taxable","34":"purchasable","35":"product-type-simple"},"taxonomy_info":{"product_cat":[{"value":320,"label":"Cambio"},{"value":21,"label":"Inje\u00e7\u00e3o Eletr\u00f4nica"},{"value":1322,"label":"Sensor de Rota\u00e7\u00e3o"},{"value":26,"label":"Transmiss\u00e3o"}],"product_tag":[{"value":1874,"label":"A4"},{"value":1877,"label":"A6"},{"value":1876,"label":"A8"},{"value":1948,"label":"Bmw 328i"},{"value":1945,"label":"Mercedes-Benz 0500"},{"value":1475,"label":"Passat"},{"value":1947,"label":"Volvo B7"},{"value":1946,"label":"Volvo B9"}],"berocket_brand":[{"value":378,"label":"Audi"},{"value":390,"label":"Mercedes-Benz"},{"value":394,"label":"Renault"},{"value":396,"label":"Volkswagen"},{"value":397,"label":"Volvo"}]},"featured_image_src_large":["https:\/\/www.casadainjecao.com.br\/loja\/wp-content\/uploads\/2024\/01\/7701045247-4-655x780.jpg",640,762,true],"author_info":[],"comment_info":"","_links":{"self":[{"href":"https:\/\/www.casadainjecao.com.br\/loja\/wp-json\/wp\/v2\/product\/28292","targetHints":{"allow":["GET"]}}],"collection":[{"href":"https:\/\/www.casadainjecao.com.br\/loja\/wp-json\/wp\/v2\/product"}],"about":[{"href":"https:\/\/www.casadainjecao.com.br\/loja\/wp-json\/wp\/v2\/types\/product"}],"wp:featuredmedia":[{"embeddable":true,"href":"https:\/\/www.casadainjecao.com.br\/loja\/wp-json\/wp\/v2\/media\/28295"}],"wp:attachment":[{"href":"https:\/\/www.casadainjecao.com.br\/loja\/wp-json\/wp\/v2\/media?parent=28292"}],"wp:term":[{"taxonomy":"product_brand","embeddable":true,"href":"https:\/\/www.casadainjecao.com.br\/loja\/wp-json\/wp\/v2\/product_brand?post=28292"},{"taxonomy":"product_cat","embeddable":true,"href":"https:\/\/www.casadainjecao.com.br\/loja\/wp-json\/wp\/v2\/product_cat?post=28292"},{"taxonomy":"product_tag","embeddable":true,"href":"https:\/\/www.casadainjecao.com.br\/loja\/wp-json\/wp\/v2\/product_tag?post=28292"},{"taxonomy":"berocket_brand","embeddable":true,"href":"https:\/\/www.casadainjecao.com.br\/loja\/wp-json\/wp\/v2\/berocket_brand?post=28292"}],"curies":[{"name":"wp","href":"https:\/\/api.w.org\/{rel}","templated":true}]}}