{"id":28300,"date":"2024-01-05T15:40:11","date_gmt":"2024-01-05T18:40:11","guid":{"rendered":"https:\/\/www.casadainjecao.com.br\/loja\/?post_type=product&#038;p=28300"},"modified":"2026-03-29T08:09:34","modified_gmt":"2026-03-29T11:09:34","slug":"sonda-lambda-renault-clio-megane-7700274189","status":"publish","type":"product","link":"https:\/\/www.casadainjecao.com.br\/loja\/autopecas\/injecao-eletronica\/sonda-lambda\/sonda-lambda-renault-clio-megane-7700274189\/","title":{"rendered":"Sonda Lambda Renault Clio M\u00e9gane &#8211; 7700274189"},"content":{"rendered":"<h2>Sonda Lambda<\/h2>\n<p><strong>RENAULT<\/strong><\/p>\n<p>Renault Clio 1.6 16V &#8211;\u00a0 2005 2006 2007 2008<\/p>\n<p>M\u00e9gane 1.6 16V &#8211; 2005\u00a0 2006<\/p>\n<p>Sc\u00e9nic 1.6 16V &#8211; 2005 2006 2007 2008 2009 2010<\/p>\n<h4>C\u00f3digo de Refer\u00eancia:<\/h4>\n<p>7700274189, B2939, 7700103504<\/p>\n<p><strong>Condi\u00e7\u00f5es:<\/strong><\/p>\n<p>Novo Importado \/ Marca Torken<\/p>\n<h4>Especifica\u00e7\u00f5es:<\/h4>\n<p>Comprimento do cabo:\u00a0 17cm conector 4 pinos 4 fios (2 brancos 1 preto 1 cinza)<\/p>\n<h4><strong>Garantia:<\/strong><\/h4>\n<p>3 Meses<strong>\u00a0<\/strong><\/p>\n<h3>ATEN\u00c7\u00c3O: Antes de efetuar a compra verifique o c\u00f3digo da sua pe\u00e7a que est\u00e1 instalada no seu ve\u00edculo.<\/h3>\n<h3><strong>APLICA\u00c7\u00c3O:<\/strong><\/h3>\n<p>Linha Renault<\/p>\n<h4><strong>O que \u00e9 e para que serve a Sonda Lambda?<\/strong><\/h4>\n<p>A Sonda Lambda \u00e9 um componente importante em sistemas de controle de emiss\u00f5es de ve\u00edculos a combust\u00e3o interna, como carros a gasolina e diesel. Seu principal objetivo \u00e9 medir a quantidade de oxig\u00eanio nos gases de escape do motor. Essa informa\u00e7\u00e3o \u00e9 crucial para otimizar a mistura ar\/combust\u00edvel, garantindo uma combust\u00e3o mais eficiente e reduzindo as emiss\u00f5es de poluentes.<\/p>\n<p>&nbsp;<\/p>\n<p>A Casa da Inje\u00e7\u00e3o oferece total garantia nos produtos comprados em nosso site.<\/p>\n<ol>\n<li>Cada item \u00e9 rigorosamente testado antes do envio<\/li>\n<li>Se os itens estiverem danificados ou parcialmente defeituosos, entre em contato conosco.<\/li>\n<\/ol>\n<p>Se houver qualquer defeito, n\u00f3s lhe enviaremos uma substitui\u00e7\u00e3o ap\u00f3s receber o pacote ou devolvemos seu dinheiro.<\/p>\n<p>Leia nossa\u00a0<span style=\"color: #ff0000;\"><a style=\"color: #ff0000;\" href=\"https:\/\/www.casadainjecao.com.br\/loja\/politica-de-devolucao\">pol\u00edtica de devolu\u00e7\u00e3o aqui<\/a><\/span><\/p>\n<p>\u2014\u2014\u2014\u2014\u2014\u2014\u2014\u2014\u2014\u2014\u2014\u2014\u2014\u2014\u2014\u2014\u2014\u2014\u2014\u2013<\/p>\n<p><strong>Tem alguma d\u00favida?<\/strong><\/p>\n<p>Entre em contato que podemos ajudar!<\/p>\n<p>Confira as informa\u00e7\u00f5es adicionais abaixo:<\/p>\n<ul>\n<li>Todos os nossos produtos s\u00e3o novos, semi-novos, originais e paralelos possuem garantia.<\/li>\n<li>Todos os produtos anunciados est\u00e3o dispon\u00edveis em estoque e s\u00e3o enviados com extrema rapidez.<\/li>\n<li>O frete pode ser simulado antes de efetuar a compra, basta clicar em \u201cver custos de envio\u201d.<\/li>\n<li>Verifique o endere\u00e7o de entrega cadastrado e atualize caso necess\u00e1rio.<\/li>\n<li>Confirme se a pe\u00e7a \u00e9 correta para o seu modelo de ve\u00edculo.<\/li>\n<li>Para pe\u00e7as automotivas, recomendamos a instala\u00e7\u00e3o por um profissional especializado.<\/li>\n<\/ul>\n<p>Caso possua outras d\u00favidas, entre em contato.<\/p>\n","protected":false},"excerpt":{"rendered":"<h2>Sonda Lambda Renault Clio M\u00e9gane &#8211; 7700274189<\/h2>\n","protected":false},"featured_media":37756,"template":"","meta":{"_seopress_robots_primary_cat":"none","_seopress_titles_title":"","_seopress_titles_desc":"","_seopress_robots_index":"","_joinchat":[]},"product_cat":[21,270],"product_tag":[49,50,51],"berocket_brand":[394],"_links":{"self":[{"href":"https:\/\/www.casadainjecao.com.br\/loja\/wp-json\/wp\/v2\/product\/28300"}],"collection":[{"href":"https:\/\/www.casadainjecao.com.br\/loja\/wp-json\/wp\/v2\/product"}],"about":[{"href":"https:\/\/www.casadainjecao.com.br\/loja\/wp-json\/wp\/v2\/types\/product"}],"wp:featuredmedia":[{"embeddable":true,"href":"https:\/\/www.casadainjecao.com.br\/loja\/wp-json\/wp\/v2\/media\/37756"}],"wp:attachment":[{"href":"https:\/\/www.casadainjecao.com.br\/loja\/wp-json\/wp\/v2\/media?parent=28300"}],"wp:term":[{"taxonomy":"product_cat","embeddable":true,"href":"https:\/\/www.casadainjecao.com.br\/loja\/wp-json\/wp\/v2\/product_cat?post=28300"},{"taxonomy":"product_tag","embeddable":true,"href":"https:\/\/www.casadainjecao.com.br\/loja\/wp-json\/wp\/v2\/product_tag?post=28300"},{"taxonomy":"berocket_brand","embeddable":true,"href":"https:\/\/www.casadainjecao.com.br\/loja\/wp-json\/wp\/v2\/berocket_brand?post=28300"}],"curies":[{"name":"wp","href":"https:\/\/api.w.org\/{rel}","templated":true}]}}