{"id":28333,"date":"2024-01-06T15:42:13","date_gmt":"2024-01-06T18:42:13","guid":{"rendered":"https:\/\/www.casadainjecao.com.br\/loja\/?post_type=product&#038;p=28333"},"modified":"2026-03-17T10:43:23","modified_gmt":"2026-03-17T13:43:23","slug":"jogo-sonda-lambda-cruze-sonic-pre-pos-0258010210-0258010065","status":"publish","type":"product","link":"https:\/\/www.casadainjecao.com.br\/loja\/autopecas\/injecao-eletronica\/sonda-lambda\/jogo-sonda-lambda-cruze-sonic-pre-pos-0258010210-0258010065\/","title":{"rendered":"Jogo Sonda Lambda Cruze Pr\u00e9 E P\u00f3s 0258010210\/0258010065"},"content":{"rendered":"<h2>Kit Sonda Lambda Cruze Sonic Pr\u00e9 e P\u00f3s 0258010210\/0258010065<\/h2>\n<p>Tipo de inje\u00e7\u00e3o: Eletr\u00f4nica<\/p>\n<p>Aplica\u00e7\u00e3o:<br \/>\nCRUZE 1.8 16V 2012 at\u00e9 2016<br \/>\nSONIC 1.6 16V 2012 at\u00e9 2014<br \/>\nTRACKER 1.8 16V 2014 at\u00e9 2016<\/p>\n<p>Especifica\u00e7\u00f5es T\u00e9cnicas:<br \/>\n&#8211; Marca: TORKEN<br \/>\n&#8211; Condi\u00e7\u00e3o do item: N O V O<br \/>\n&#8211; Modelo: SONDA LAMBDA<br \/>\n&#8211; OEM: 0258010065 \/ 0258010067 \/ 0258010210 \/ 0258986735<br \/>\n&#8211; N\u00famero de pe\u00e7a: 0258010065 \/ 0258010067 \/ 0258010210 \/ 0258986735<br \/>\n&#8211; Cont\u00e9m 1 sonda pr\u00e9 catalisador e 1 sonda p\u00f3s catalisador<br \/>\n&#8211; Comprimento totaol do cabo pr\u00e9 62cm\/ p\u00f3s 56cm<br \/>\n&#8211; 4 pinos<br \/>\n&#8211; 4 cabos<br \/>\n&#8211; 4 fios (2 brancos, 1 preto, 1 cinza)<\/p>\n<h3>C\u00f3digo de Refer\u00eancia: &#8211; 0258010065 , 0258010067 , 0258010210 , 0258986735, 55572215 , OZA659-EE70, 8879.45.057<\/h3>\n<h4>Confirme a numera\u00e7\u00e3o antes da compra. Se a numera\u00e7\u00e3o da pe\u00e7a do an\u00fancio for igual a da pe\u00e7a do seu ve\u00edculo, ser\u00e1 compat\u00edvel.<\/h4>\n<h4><strong>Garantia:<\/strong><\/h4>\n<p>3 Meses<strong>\u00a0<\/strong><\/p>\n<h3>ATEN\u00c7\u00c3O: Antes de efetuar a compra verifique o c\u00f3digo da sua pe\u00e7a que est\u00e1 instalada no seu ve\u00edculo.<\/h3>\n<p>A Casa da Inje\u00e7\u00e3o oferece total garantia nos produtos comprados em nosso site.<\/p>\n<ol>\n<li>Cada item \u00e9 rigorosamente testado antes do envio<\/li>\n<li>Se os itens estiverem danificados ou parcialmente defeituosos, entre em contato conosco.<\/li>\n<\/ol>\n<p>Se houver qualquer defeito, n\u00f3s lhe enviaremos uma substitui\u00e7\u00e3o ap\u00f3s receber o pacote ou devolvemos seu dinheiro.<\/p>\n<p>Leia nossa\u00a0<a href=\"https:\/\/www.casadainjecao.com.br\/loja\/politica-de-devolucao\">pol\u00edtica de devolu\u00e7\u00e3o aqui<\/a><\/p>\n<p>\u2014\u2014\u2014\u2014\u2014\u2014\u2014\u2014\u2014\u2014\u2014\u2014\u2014\u2014\u2014\u2014\u2014\u2014\u2014\u2013<\/p>\n<p><strong>Tem alguma d\u00favida?<\/strong><\/p>\n<p>Entre em contato que podemos ajudar!<\/p>\n<p>Confira as informa\u00e7\u00f5es adicionais abaixo:<\/p>\n<ul>\n<li>Todos os nossos produtos s\u00e3o novos, semi-novos, originais e paralelos possuem garantia.<\/li>\n<li>Todos os produtos anunciados est\u00e3o dispon\u00edveis em estoque e s\u00e3o enviados com extrema rapidez.<\/li>\n<li>O frete pode ser simulado antes de efetuar a compra, basta clicar em \u201cver custos de envio\u201d.<\/li>\n<li>Verifique o endere\u00e7o de entrega cadastrado e atualize caso necess\u00e1rio.<\/li>\n<li>Confirme se a pe\u00e7a \u00e9 correta para o seu modelo de ve\u00edculo.<\/li>\n<li>Para pe\u00e7as automotivas, recomendamos a instala\u00e7\u00e3o por um profissional especializado.<\/li>\n<\/ul>\n<p>Caso possua outras d\u00favidas, entre em contato.<\/p>\n","protected":false},"excerpt":{"rendered":"<h2>Jogo Sonda Lambda Cruze Pr\u00e9 E P\u00f3s 0258010210\/0258010065<\/h2>\n<p>&nbsp;<\/p>\n","protected":false},"featured_media":44831,"template":"","meta":{"_seopress_robots_primary_cat":"none","_seopress_titles_title":"","_seopress_titles_desc":"","_seopress_robots_index":"","_kad_blocks_custom_css":"","_kad_blocks_head_custom_js":"","_kad_blocks_body_custom_js":"","_kad_blocks_footer_custom_js":"","_joinchat":[]},"product_cat":[21,270],"product_tag":[847,110],"berocket_brand":[381],"taxonomy_info":{"product_cat":[{"value":21,"label":"Inje\u00e7\u00e3o Eletr\u00f4nica"},{"value":270,"label":"Sonda Lambda"}],"product_tag":[{"value":847,"label":"Cruze"},{"value":110,"label":"Sonic"}],"berocket_brand":[{"value":381,"label":"Chevrolet"}]},"featured_image_src_large":["https:\/\/www.casadainjecao.com.br\/loja\/wp-content\/uploads\/2024\/01\/0258010210_0258010065-920x920.jpg",640,640,true],"author_info":[],"comment_info":"","_links":{"self":[{"href":"https:\/\/www.casadainjecao.com.br\/loja\/wp-json\/wp\/v2\/product\/28333"}],"collection":[{"href":"https:\/\/www.casadainjecao.com.br\/loja\/wp-json\/wp\/v2\/product"}],"about":[{"href":"https:\/\/www.casadainjecao.com.br\/loja\/wp-json\/wp\/v2\/types\/product"}],"wp:featuredmedia":[{"embeddable":true,"href":"https:\/\/www.casadainjecao.com.br\/loja\/wp-json\/wp\/v2\/media\/44831"}],"wp:attachment":[{"href":"https:\/\/www.casadainjecao.com.br\/loja\/wp-json\/wp\/v2\/media?parent=28333"}],"wp:term":[{"taxonomy":"product_cat","embeddable":true,"href":"https:\/\/www.casadainjecao.com.br\/loja\/wp-json\/wp\/v2\/product_cat?post=28333"},{"taxonomy":"product_tag","embeddable":true,"href":"https:\/\/www.casadainjecao.com.br\/loja\/wp-json\/wp\/v2\/product_tag?post=28333"},{"taxonomy":"berocket_brand","embeddable":true,"href":"https:\/\/www.casadainjecao.com.br\/loja\/wp-json\/wp\/v2\/berocket_brand?post=28333"}],"curies":[{"name":"wp","href":"https:\/\/api.w.org\/{rel}","templated":true}]}}